{"id":8582,"date":"2024-07-10T19:03:39","date_gmt":"2024-07-10T19:03:39","guid":{"rendered":"https:\/\/frontdeskhelpers.com\/aviso-legal\/ayudantes-de-recepcion-pequena-empresa-propiedad-de-mujeres-certificada-wosb\/"},"modified":"2024-12-19T21:01:18","modified_gmt":"2024-12-19T21:01:18","slug":"ayudantes-de-recepcion-pequena-empresa-propiedad-de-mujeres-certificada-wosb","status":"publish","type":"page","link":"https:\/\/frontdeskhelpers.com\/es\/aviso-legal\/ayudantes-de-recepcion-pequena-empresa-propiedad-de-mujeres-certificada-wosb\/","title":{"rendered":"Ayudantes de recepci\u00f3n: Peque\u00f1a empresa propiedad de mujeres certificada (WOSB)"},"content":{"rendered":"\n<p>En 2020, Front Desk Helpers obtuvo con orgullo la certificaci\u00f3n de <strong>Peque\u00f1a Empresa Propiedad de Mujeres (WOSB)<\/strong>, lo que consolida a\u00fan m\u00e1s nuestro compromiso con la diversidad, la inclusi\u00f3n y el liderazgo en el panorama empresarial. Esta certificaci\u00f3n, otorgada por el Consejo Nacional de Empresas de Mujeres (WBENC) y reconocida por entidades estatales y federales, da fe de que Front Desk Helpers cumple las rigurosas normas establecidas para las empresas propiedad de mujeres. <\/p>\n\n<p><strong>\u00bfQu\u00e9 es una Peque\u00f1a Empresa Propiedad de una Mujer (WOSB)?<\/strong><\/p>\n\n<p>Una WOSB es una empresa cuya propiedad y control pertenecen en un 51% como m\u00ednimo a una mujer o a un grupo de mujeres. La Agencia Federal para el Desarrollo de la Peque\u00f1a Empresa (SBA) estableci\u00f3 la certificaci\u00f3n WOSB para apoyar a las mujeres empresarias y garantizar la igualdad de oportunidades en la contrataci\u00f3n federal. Ser una WOSB no s\u00f3lo demuestra un compromiso con el liderazgo femenino, sino que tambi\u00e9n abre v\u00edas para oportunidades de contrataci\u00f3n, especialmente en sectores en los que las mujeres han estado hist\u00f3ricamente infrarrepresentadas.  <\/p>\n\n<p><strong>Criterios de elegibilidad WOSB<\/strong><\/p>\n\n<p>Para ser consideradas <strong>peque\u00f1as empresas propiedad de mujeres<\/strong>, las empresas deben cumplir varios criterios que hacen hincapi\u00e9 en la propiedad, el control y la experiencia:<\/p>\n\n<ul class=\"wp-block-list\">\n<li><strong>Propiedad<\/strong>: Al menos el 51% de la empresa debe ser propiedad de una o m\u00e1s mujeres. Estas mujeres deben haber hecho una contribuci\u00f3n financiera significativa para adquirir la propiedad, garantizando que tienen un inter\u00e9s personal en el \u00e9xito de la empresa. <\/li>\n\n\n\n<li>El <strong>control<\/strong>: La empresa debe estar controlada por mujeres. Esto significa que las mujeres deben supervisar las operaciones cotidianas y las decisiones estrat\u00e9gicas, garantizando que la propiedad femenina refleje una influencia y una autoridad reales dentro de la organizaci\u00f3n. <\/li>\n\n\n\n<li><strong>Liderazgo ejecutivo<\/strong>: El m\u00e1ximo dirigente ejecutivo de la empresa, responsable de las operaciones diarias de la empresa, debe ser una mujer. Este l\u00edder debe tener los conocimientos t\u00e9cnicos y la experiencia necesarios para dirigir la empresa en sus actividades principales. <\/li>\n\n\n\n<li><strong>Ciudadan\u00eda estadounidense<\/strong>: Las empresarias deben ser ciudadanas estadounidenses o residentes legales, lo que garantiza el cumplimiento de los requisitos federales de contrataci\u00f3n y certificaci\u00f3n.<\/li>\n\n\n\n<li><strong>Estatus<\/strong> de entidad <strong>con \u00e1nimo de lucro<\/strong>: La empresa debe funcionar como una entidad con \u00e1nimo de lucro con sede en Estados Unidos, y debe cumplir las normas de tama\u00f1o de la SBA para ser considerada peque\u00f1a empresa.<\/li>\n<\/ul>\n\n<h3 class=\"wp-block-heading\"><strong>Ventajas de la certificaci\u00f3n WOSB<\/strong><\/h3>\n\n<p>La certificaci\u00f3n WOSB permite a Front Desk Helpers aprovechar las oportunidades de contrataci\u00f3n federal que se reservan para las empresas propiedad de mujeres, lo que nos ayuda a crecer y a servir a una gama m\u00e1s amplia de clientes.  <\/p>\n\n<p><strong>Las certificaciones WOSB<\/strong> no son s\u00f3lo insignias de honor; representan nuestro compromiso continuo con la igualdad de g\u00e9nero, la excelencia en el liderazgo y un servicio superior. Al formar parte de este programa, Front Desk Helpers puede proporcionar un valor \u00fanico a los clientes que buscan asociarse con empresas diversas y socialmente responsables. <\/p>\n\n<h3 class=\"wp-block-heading\"><strong>Por qu\u00e9 es importante la certificaci\u00f3n WOSB<\/strong><\/h3>\n\n<p>En Front Desk Helpers, nuestra <strong>certificaci\u00f3n WOSB<\/strong> refleja nuestra dedicaci\u00f3n a crear un entorno empresarial que fomente la diversidad, la innovaci\u00f3n y la excelencia. Proporciona una plataforma para mostrar el talento y la experiencia de las mujeres en puestos de liderazgo, al tiempo que demuestra nuestro cumplimiento de las normas nacionales de propiedad y gobernanza. <\/p>\n\n<p>Para nuestros clientes, trabajar con una <strong>WOSB<\/strong> certificada ofrece la oportunidad de colaborar con una empresa que valora la integridad, la calidad y el compromiso con la diversidad. Tambi\u00e9n les ayuda a cumplir los objetivos de diversidad de proveedores, cada vez m\u00e1s importantes tanto en el sector privado como en el p\u00fablico. <\/p>\n\n<h3 class=\"wp-block-heading\"><strong>Un socio de confianza para contratos federales y estatales<\/strong><\/h3>\n\n<p>Como empresa <strong>certificada WOSB<\/strong>, Front Desk Helpers puede participar en programas de contrataci\u00f3n federales y estatales. Nuestras certificaciones nos abren las puertas a contratos reservados y nos dan una ventaja competitiva a la hora de presentar ofertas en diversos sectores. Estamos bien posicionados para prestar servicios de valor a\u00f1adido a clientes que desean fomentar la diversidad y trabajar con empresas propiedad de mujeres.  <\/p>\n\n<p>Nuestro equipo de Front Desk Helpers no s\u00f3lo aporta una perspectiva diversa, sino tambi\u00e9n la <strong>experiencia y los conocimientos t\u00e9cnicos<\/strong> necesarios para ofrecer resultados excepcionales a nuestros clientes. Nos enorgullecemos de la confianza que se deriva de estas certificaciones y esperamos construir asociaciones duraderas basadas en nuestro compromiso con la excelencia y la diversidad. <\/p>\n","protected":false},"excerpt":{"rendered":"<p>En 2020, Front Desk Helpers obtuvo con orgullo la certificaci\u00f3n de Peque\u00f1a Empresa Propiedad de Mujeres (WOSB), lo que consolida a\u00fan m\u00e1s nuestro compromiso con la diversidad, la inclusi\u00f3n y el liderazgo en el panorama empresarial. Esta certificaci\u00f3n, otorgada por el Consejo Nacional de Empresas de Mujeres (WBENC) y reconocida por entidades estatales y federales, [&hellip;]<\/p>\n","protected":false},"author":2,"featured_media":0,"parent":8513,"menu_order":0,"comment_status":"closed","ping_status":"closed","template":"","meta":{"inline_featured_image":false,"footnotes":""},"class_list":["post-8582","page","type-page","status-publish"],"yoast_head":"<!-- This site is optimized with the Yoast SEO plugin v27.3 - https:\/\/yoast.com\/product\/yoast-seo-wordpress\/ -->\n<title>Empresa controlada y propiedad de mujeres | Legal | Ayudantes de recepci\u00f3n<\/title>\n<meta name=\"description\" content=\"Front Desk Helpers es una empresa controlada y propiedad de WBE (Woman Business Enterprise). \u00a1Ll\u00e1manos para obtener la mejor experiencia de subcontrataci\u00f3n en EE.UU. y Canad\u00e1!\" \/>\n<meta name=\"robots\" content=\"index, follow, max-snippet:-1, max-image-preview:large, max-video-preview:-1\" \/>\n<link rel=\"canonical\" href=\"https:\/\/frontdeskhelpers.com\/es\/aviso-legal\/ayudantes-de-recepcion-pequena-empresa-propiedad-de-mujeres-certificada-wosb\/\" \/>\n<meta property=\"og:locale\" content=\"es_ES\" \/>\n<meta property=\"og:type\" content=\"article\" \/>\n<meta property=\"og:title\" content=\"Empresa controlada y propiedad de mujeres | Legal | Ayudantes de recepci\u00f3n\" \/>\n<meta property=\"og:description\" content=\"Front Desk Helpers es una empresa controlada y propiedad de WBE (Woman Business Enterprise). \u00a1Ll\u00e1manos para obtener la mejor experiencia de subcontrataci\u00f3n en EE.UU. y Canad\u00e1!\" \/>\n<meta property=\"og:url\" content=\"https:\/\/frontdeskhelpers.com\/es\/aviso-legal\/ayudantes-de-recepcion-pequena-empresa-propiedad-de-mujeres-certificada-wosb\/\" \/>\n<meta property=\"og:site_name\" content=\"FDH\" \/>\n<meta property=\"article:modified_time\" content=\"2024-12-19T21:01:18+00:00\" \/>\n<meta name=\"twitter:card\" content=\"summary_large_image\" \/>\n<meta name=\"twitter:label1\" content=\"Tiempo de lectura\" \/>\n\t<meta name=\"twitter:data1\" content=\"4 minutos\" \/>\n<!-- \/ Yoast SEO plugin. -->","yoast_head_json":{"title":"Empresa controlada y propiedad de mujeres | Legal | Ayudantes de recepci\u00f3n","description":"Front Desk Helpers es una empresa controlada y propiedad de WBE (Woman Business Enterprise). \u00a1Ll\u00e1manos para obtener la mejor experiencia de subcontrataci\u00f3n en EE.UU. y Canad\u00e1!","robots":{"index":"index","follow":"follow","max-snippet":"max-snippet:-1","max-image-preview":"max-image-preview:large","max-video-preview":"max-video-preview:-1"},"canonical":"https:\/\/frontdeskhelpers.com\/es\/aviso-legal\/ayudantes-de-recepcion-pequena-empresa-propiedad-de-mujeres-certificada-wosb\/","og_locale":"es_ES","og_type":"article","og_title":"Empresa controlada y propiedad de mujeres | Legal | Ayudantes de recepci\u00f3n","og_description":"Front Desk Helpers es una empresa controlada y propiedad de WBE (Woman Business Enterprise). \u00a1Ll\u00e1manos para obtener la mejor experiencia de subcontrataci\u00f3n en EE.UU. y Canad\u00e1!","og_url":"https:\/\/frontdeskhelpers.com\/es\/aviso-legal\/ayudantes-de-recepcion-pequena-empresa-propiedad-de-mujeres-certificada-wosb\/","og_site_name":"FDH","article_modified_time":"2024-12-19T21:01:18+00:00","twitter_card":"summary_large_image","twitter_misc":{"Tiempo de lectura":"4 minutos"},"schema":{"@context":"https:\/\/schema.org","@graph":[{"@type":"WebPage","@id":"https:\/\/frontdeskhelpers.com\/es\/aviso-legal\/ayudantes-de-recepcion-pequena-empresa-propiedad-de-mujeres-certificada-wosb\/","url":"https:\/\/frontdeskhelpers.com\/es\/aviso-legal\/ayudantes-de-recepcion-pequena-empresa-propiedad-de-mujeres-certificada-wosb\/","name":"Empresa controlada y propiedad de mujeres | Legal | Ayudantes de recepci\u00f3n","isPartOf":{"@id":"https:\/\/frontdeskhelpers.com\/es\/#website"},"datePublished":"2024-07-10T19:03:39+00:00","dateModified":"2024-12-19T21:01:18+00:00","description":"Front Desk Helpers es una empresa controlada y propiedad de WBE (Woman Business Enterprise). \u00a1Ll\u00e1manos para obtener la mejor experiencia de subcontrataci\u00f3n en EE.UU. y Canad\u00e1!","breadcrumb":{"@id":"https:\/\/frontdeskhelpers.com\/es\/aviso-legal\/ayudantes-de-recepcion-pequena-empresa-propiedad-de-mujeres-certificada-wosb\/#breadcrumb"},"inLanguage":"es","potentialAction":[{"@type":"ReadAction","target":["https:\/\/frontdeskhelpers.com\/es\/aviso-legal\/ayudantes-de-recepcion-pequena-empresa-propiedad-de-mujeres-certificada-wosb\/"]}]},{"@type":"BreadcrumbList","@id":"https:\/\/frontdeskhelpers.com\/es\/aviso-legal\/ayudantes-de-recepcion-pequena-empresa-propiedad-de-mujeres-certificada-wosb\/#breadcrumb","itemListElement":[{"@type":"ListItem","position":1,"name":"Home","item":"https:\/\/frontdeskhelpers.com\/es\/"},{"@type":"ListItem","position":2,"name":"Aviso legal","item":"https:\/\/frontdeskhelpers.com\/es\/aviso-legal\/"},{"@type":"ListItem","position":3,"name":"Ayudantes de recepci\u00f3n: Peque\u00f1a empresa propiedad de mujeres certificada (WOSB)"}]},{"@type":"WebSite","@id":"https:\/\/frontdeskhelpers.com\/es\/#website","url":"https:\/\/frontdeskhelpers.com\/es\/","name":"FDH","description":"","potentialAction":[{"@type":"SearchAction","target":{"@type":"EntryPoint","urlTemplate":"https:\/\/frontdeskhelpers.com\/es\/?s={search_term_string}"},"query-input":{"@type":"PropertyValueSpecification","valueRequired":true,"valueName":"search_term_string"}}],"inLanguage":"es"}]}},"_links":{"self":[{"href":"https:\/\/frontdeskhelpers.com\/es\/wp-json\/wp\/v2\/pages\/8582","targetHints":{"allow":["GET"]}}],"collection":[{"href":"https:\/\/frontdeskhelpers.com\/es\/wp-json\/wp\/v2\/pages"}],"about":[{"href":"https:\/\/frontdeskhelpers.com\/es\/wp-json\/wp\/v2\/types\/page"}],"author":[{"embeddable":true,"href":"https:\/\/frontdeskhelpers.com\/es\/wp-json\/wp\/v2\/users\/2"}],"replies":[{"embeddable":true,"href":"https:\/\/frontdeskhelpers.com\/es\/wp-json\/wp\/v2\/comments?post=8582"}],"version-history":[{"count":1,"href":"https:\/\/frontdeskhelpers.com\/es\/wp-json\/wp\/v2\/pages\/8582\/revisions"}],"predecessor-version":[{"id":8583,"href":"https:\/\/frontdeskhelpers.com\/es\/wp-json\/wp\/v2\/pages\/8582\/revisions\/8583"}],"up":[{"embeddable":true,"href":"https:\/\/frontdeskhelpers.com\/es\/wp-json\/wp\/v2\/pages\/8513"}],"wp:attachment":[{"href":"https:\/\/frontdeskhelpers.com\/es\/wp-json\/wp\/v2\/media?parent=8582"}],"curies":[{"name":"wp","href":"https:\/\/api.w.org\/{rel}","templated":true}]}}