{"id":8575,"date":"2024-08-12T12:53:14","date_gmt":"2024-08-12T12:53:14","guid":{"rendered":"https:\/\/frontdeskhelpers.com\/gestion\/asistente-personal-en-clinica-de-nueva-york\/"},"modified":"2024-12-19T20:56:09","modified_gmt":"2024-12-19T20:56:09","slug":"asistente-personal-en-clinica-de-nueva-york","status":"publish","type":"page","link":"https:\/\/frontdeskhelpers.com\/es\/company\/%d1%81areers\/gestion\/asistente-personal-en-clinica-de-nueva-york\/","title":{"rendered":"Asistente personal en cl\u00ednica de Nueva York"},"content":{"rendered":"\n<div class=\"wp-block-columns is-layout-flex wp-container-core-columns-is-layout-9d6595d7 wp-block-columns-is-layout-flex\">\n<div class=\"wp-block-column is-layout-flow wp-block-column-is-layout-flow\"><div class=\"pvc_clear\"><\/div><p id=\"pvc_stats_8575\" class=\"pvc_stats total_only  pvc_load_by_ajax_update\" data-element-id=\"8575\" style=\"\"><i class=\"pvc-stats-icon medium\" aria-hidden=\"true\"><svg aria-hidden=\"true\" focusable=\"false\" data-prefix=\"far\" data-icon=\"chart-bar\" role=\"img\" xmlns=\"http:\/\/www.w3.org\/2000\/svg\" viewBox=\"0 0 512 512\" class=\"svg-inline--fa fa-chart-bar fa-w-16 fa-2x\"><path fill=\"currentColor\" d=\"M396.8 352h22.4c6.4 0 12.8-6.4 12.8-12.8V108.8c0-6.4-6.4-12.8-12.8-12.8h-22.4c-6.4 0-12.8 6.4-12.8 12.8v230.4c0 6.4 6.4 12.8 12.8 12.8zm-192 0h22.4c6.4 0 12.8-6.4 12.8-12.8V140.8c0-6.4-6.4-12.8-12.8-12.8h-22.4c-6.4 0-12.8 6.4-12.8 12.8v198.4c0 6.4 6.4 12.8 12.8 12.8zm96 0h22.4c6.4 0 12.8-6.4 12.8-12.8V204.8c0-6.4-6.4-12.8-12.8-12.8h-22.4c-6.4 0-12.8 6.4-12.8 12.8v134.4c0 6.4 6.4 12.8 12.8 12.8zM496 400H48V80c0-8.84-7.16-16-16-16H16C7.16 64 0 71.16 0 80v336c0 17.67 14.33 32 32 32h464c8.84 0 16-7.16 16-16v-16c0-8.84-7.16-16-16-16zm-387.2-48h22.4c6.4 0 12.8-6.4 12.8-12.8v-70.4c0-6.4-6.4-12.8-12.8-12.8h-22.4c-6.4 0-12.8 6.4-12.8 12.8v70.4c0 6.4 6.4 12.8 12.8 12.8z\" class=\"\"><\/path><\/svg><\/i> <img decoding=\"async\" width=\"16\" height=\"16\" alt=\"Loading\" src=\"https:\/\/frontdeskhelpers.com\/wp-content\/plugins\/page-views-count\/ajax-loader-2x.gif\" border=0 \/><\/p><div class=\"pvc_clear\"><\/div>\n<\/div>\n\n\n\n<div class=\"wp-block-column is-vertically-aligned-center is-layout-flow wp-block-column-is-layout-flow\">\n<p class=\"has-text-align-center closed-vacancy-info\">VACANTE CERRADA<\/p>\n<\/div>\n<\/div>\n\n<p>La empresa est\u00e1 creciendo, por lo que anunciamos un puesto vacante m\u00e1s. Actualmente, buscamos un <strong>Asistente Personal<\/strong> competente para apoyar a distancia al Director General de la cl\u00ednica de Nueva York. A continuaci\u00f3n, encontrar\u00e1s m\u00e1s detalles sobre las responsabilidades y nuestros requisitos deseados.  <\/p>\n\n<p><strong>Requisitos<\/strong>:<\/p>\n\n<ul class=\"wp-block-list\">\n<li>Lengua inglesa &#8211; Intermedio alto\/Avanzado, Ruso &#8211; Nativo<\/li>\n\n\n\n<li>Proactivo y entusiasta a la hora de ofrecer resultados positivos<\/li>\n\n\n\n<li>Se valorar\u00e1 la experiencia en RRHH<\/li>\n\n\n\n<li>Es obligatoria una experiencia m\u00ednima de 2 a\u00f1os como asistente personal o administrativo en una empresa extranjera\/en el extranjero<\/li>\n\n\n\n<li>Capacidad para resolver problemas y tomar decisiones<\/li>\n\n\n\n<li>Mantener fuertes normas \u00e9ticas y empresariales durante el proceso de trabajo<\/li>\n\n\n\n<li>Conexi\u00f3n Ethernet (LAN) y tu propio ordenador<\/li>\n\n\n\n<li>Persistencia y meticulosidad en cada tarea<\/li>\n\n\n\n<li>Escucha activa y buena capacidad de comunicaci\u00f3n<\/li>\n\n\n\n<li>Familiaridad con las tecnolog\u00edas actuales, como compartir escritorio, servicios en la nube y VoIP<\/li>\n\n\n\n<li>Experiencia con programas de tratamiento de textos y hojas de c\u00e1lculo (por ejemplo, MS Office)<\/li>\n\n\n\n<li>Conocimiento de calendarios y programaci\u00f3n en l\u00ednea (por ejemplo, Google Calendar\/Outlook)<\/li>\n\n\n\n<li>Excelentes habilidades de comunicaci\u00f3n por tel\u00e9fono, correo electr\u00f3nico y mensajer\u00eda instant\u00e1nea<\/li>\n<\/ul>\n\n<p><strong>Responsabilidades:<\/strong><\/p>\n\n<ul class=\"wp-block-list\">\n<li>Gestionar y mantener calendarios, contactos y organizaci\u00f3n de viajes<\/li>\n\n\n\n<li>Ayudar con los informes y la organizaci\u00f3n de la informaci\u00f3n<\/li>\n\n\n\n<li>Ayudar en la b\u00fasqueda de empleados potenciales para la empresa<\/li>\n\n\n\n<li>Gestionar el calendario y la programaci\u00f3n de citas<\/li>\n\n\n\n<li>Leer y escribir correspondencia<\/li>\n\n\n\n<li>Investigar, recopilar y organizar datos para su an\u00e1lisis<\/li>\n\n\n\n<li>Prepara las presentaciones seg\u00fan las instrucciones dadas<\/li>\n<\/ul>\n\n<p><strong>Cu\u00e1l es el horario de trabajo:<\/strong><\/p>\n\n<p>De lunes a viernes, de 9 a 17 h seg\u00fan el huso horario de Nueva York.<\/p>\n\n<p><strong>Qu\u00e9 ofrecemos:<\/strong><\/p>\n\n<ul class=\"wp-block-list\">\n<li>Proporcionamos 2-3 semanas de formaci\u00f3n que se pagan a 4 $ la hora, y la tarifa habitual es de 5 $ la hora (la tarifa puede ser negociable despu\u00e9s de la entrevista en funci\u00f3n de las aptitudes y la experiencia).<\/li>\n\n\n\n<li>Se proporcionar\u00e1 formaci\u00f3n sobre las normas y requisitos de la empresa<\/li>\n\n\n\n<li>Formaci\u00f3n sobre c\u00f3mo trabajar con programas inform\u00e1ticos espec\u00edficos<\/li>\n\n\n\n<li>Trabajar en un equipo experimentado bajo la supervisi\u00f3n de un directivo<\/li>\n\n\n\n<li>Capacidad para trabajar a distancia en horario de tarde<\/li>\n\n\n\n<li>Vacaciones pagadas tras un a\u00f1o de empleo.<\/li>\n\n\n\n<li>Proporcionamos a nuestros empleados un tel\u00e9fono IP como instrumento de conexi\u00f3n con los clientes de EE.UU., as\u00ed como todo el software necesario (CRM, fax virtual, servicio SMS, VPN).<\/li>\n\n\n\n<li>Una direcci\u00f3n abierta, con la que es f\u00e1cil ponerse en contacto<\/li>\n<\/ul>\n\n<p>\u00a1Date prisa para unirte a nuestro equipo de especialistas a distancia! Es una gran oportunidad para hacer una carrera de \u00e9xito mientras trabajas desde casa. <\/p>\n\n<p>Env\u00eda tu curr\u00edculum en ingl\u00e9s a nuestro correo electr\u00f3nico directo: <a href=\"mailto:career@frontdeskhelpers.com\">career@frontdeskhelpers.com<\/a><\/p>\n\n<p>\u00a1Estoy deseando conocerte en la entrevista!<\/p>\n\n<p>Gracias.<\/p>\n<div class=\"wp-block-image\">\n<figure class=\"aligncenter size-full\"><img fetchpriority=\"high\" decoding=\"async\" width=\"1024\" height=\"683\" src=\"https:\/\/frontdeskhelpers.com\/wp-content\/uploads\/2024\/08\/smiling-friendly-call-center-agent-with-headset-online-consulting-it-tech-agency-face-female-support.webp\" alt=\"\" class=\"wp-image-3412\" srcset=\"https:\/\/frontdeskhelpers.com\/wp-content\/uploads\/2024\/08\/smiling-friendly-call-center-agent-with-headset-online-consulting-it-tech-agency-face-female-support.webp 1024w, https:\/\/frontdeskhelpers.com\/wp-content\/uploads\/2024\/08\/smiling-friendly-call-center-agent-with-headset-online-consulting-it-tech-agency-face-female-support-300x200.webp 300w, https:\/\/frontdeskhelpers.com\/wp-content\/uploads\/2024\/08\/smiling-friendly-call-center-agent-with-headset-online-consulting-it-tech-agency-face-female-support-768x512.webp 768w, https:\/\/frontdeskhelpers.com\/wp-content\/uploads\/2024\/08\/smiling-friendly-call-center-agent-with-headset-online-consulting-it-tech-agency-face-female-support-450x300.webp 450w, https:\/\/frontdeskhelpers.com\/wp-content\/uploads\/2024\/08\/smiling-friendly-call-center-agent-with-headset-online-consulting-it-tech-agency-face-female-support-780x520.webp 780w\" sizes=\"(max-width: 1024px) 100vw, 1024px\" \/><figcaption class=\"wp-element-caption\">Asistente personal en el trabajo<\/figcaption><\/figure>\n<\/div>","protected":false},"excerpt":{"rendered":"<p>La empresa est\u00e1 creciendo, por lo que anunciamos un puesto vacante m\u00e1s. Actualmente, buscamos un Asistente Personal competente para apoyar a distancia al Director General de la cl\u00ednica de Nueva York. A continuaci\u00f3n, encontrar\u00e1s m\u00e1s detalles sobre las responsabilidades y nuestros requisitos deseados. Requisitos: Responsabilidades: Cu\u00e1l es el horario de trabajo: De lunes a viernes, [&hellip;]<\/p>\n","protected":false},"author":2,"featured_media":0,"parent":8544,"menu_order":0,"comment_status":"closed","ping_status":"closed","template":"","meta":{"inline_featured_image":false,"footnotes":""},"class_list":["post-8575","page","type-page","status-publish"],"yoast_head":"<!-- This site is optimized with the Yoast SEO plugin v27.3 - https:\/\/yoast.com\/product\/yoast-seo-wordpress\/ -->\n<title>Puesto de asistente personal | Vacantes de ayudante de recepci\u00f3n<\/title>\n<meta name=\"description\" content=\"Buscamos un asistente personal con experiencia para Cl\u00ednica en Nueva York. Presenta tu candidatura para unirte a nuestro equipo. Puesto de larga duraci\u00f3n\" \/>\n<meta name=\"robots\" content=\"index, follow, max-snippet:-1, max-image-preview:large, max-video-preview:-1\" \/>\n<link rel=\"canonical\" href=\"https:\/\/frontdeskhelpers.com\/es\/company\/%d1%81areers\/gestion\/asistente-personal-en-clinica-de-nueva-york\/\" \/>\n<meta property=\"og:locale\" content=\"es_ES\" \/>\n<meta property=\"og:type\" content=\"article\" \/>\n<meta property=\"og:title\" content=\"Puesto de asistente personal | Vacantes de ayudante de recepci\u00f3n\" \/>\n<meta property=\"og:description\" content=\"Buscamos un asistente personal con experiencia para Cl\u00ednica en Nueva York. Presenta tu candidatura para unirte a nuestro equipo. Puesto de larga duraci\u00f3n\" \/>\n<meta property=\"og:url\" content=\"https:\/\/frontdeskhelpers.com\/es\/company\/%d1%81areers\/gestion\/asistente-personal-en-clinica-de-nueva-york\/\" \/>\n<meta property=\"og:site_name\" content=\"FDH\" \/>\n<meta property=\"article:modified_time\" content=\"2024-12-19T20:56:09+00:00\" \/>\n<meta property=\"og:image\" content=\"https:\/\/frontdeskhelpers.com\/wp-content\/uploads\/2024\/08\/smiling-friendly-call-center-agent-with-headset-online-consulting-it-tech-agency-face-female-support.webp\" \/>\n<meta name=\"twitter:card\" content=\"summary_large_image\" \/>\n<meta name=\"twitter:label1\" content=\"Tiempo de lectura\" \/>\n\t<meta name=\"twitter:data1\" content=\"2 minutos\" \/>\n<!-- \/ Yoast SEO plugin. -->","yoast_head_json":{"title":"Puesto de asistente personal | Vacantes de ayudante de recepci\u00f3n","description":"Buscamos un asistente personal con experiencia para Cl\u00ednica en Nueva York. Presenta tu candidatura para unirte a nuestro equipo. Puesto de larga duraci\u00f3n","robots":{"index":"index","follow":"follow","max-snippet":"max-snippet:-1","max-image-preview":"max-image-preview:large","max-video-preview":"max-video-preview:-1"},"canonical":"https:\/\/frontdeskhelpers.com\/es\/company\/%d1%81areers\/gestion\/asistente-personal-en-clinica-de-nueva-york\/","og_locale":"es_ES","og_type":"article","og_title":"Puesto de asistente personal | Vacantes de ayudante de recepci\u00f3n","og_description":"Buscamos un asistente personal con experiencia para Cl\u00ednica en Nueva York. Presenta tu candidatura para unirte a nuestro equipo. Puesto de larga duraci\u00f3n","og_url":"https:\/\/frontdeskhelpers.com\/es\/company\/%d1%81areers\/gestion\/asistente-personal-en-clinica-de-nueva-york\/","og_site_name":"FDH","article_modified_time":"2024-12-19T20:56:09+00:00","og_image":[{"url":"https:\/\/frontdeskhelpers.com\/wp-content\/uploads\/2024\/08\/smiling-friendly-call-center-agent-with-headset-online-consulting-it-tech-agency-face-female-support.webp","type":"","width":"","height":""}],"twitter_card":"summary_large_image","twitter_misc":{"Tiempo de lectura":"2 minutos"},"schema":{"@context":"https:\/\/schema.org","@graph":[{"@type":"WebPage","@id":"https:\/\/frontdeskhelpers.com\/es\/company\/%d1%81areers\/gestion\/asistente-personal-en-clinica-de-nueva-york\/","url":"https:\/\/frontdeskhelpers.com\/es\/company\/%d1%81areers\/gestion\/asistente-personal-en-clinica-de-nueva-york\/","name":"Puesto de asistente personal | Vacantes de ayudante de recepci\u00f3n","isPartOf":{"@id":"https:\/\/frontdeskhelpers.com\/es\/#website"},"primaryImageOfPage":{"@id":"https:\/\/frontdeskhelpers.com\/es\/company\/%d1%81areers\/gestion\/asistente-personal-en-clinica-de-nueva-york\/#primaryimage"},"image":{"@id":"https:\/\/frontdeskhelpers.com\/es\/company\/%d1%81areers\/gestion\/asistente-personal-en-clinica-de-nueva-york\/#primaryimage"},"thumbnailUrl":"https:\/\/frontdeskhelpers.com\/wp-content\/uploads\/2024\/08\/smiling-friendly-call-center-agent-with-headset-online-consulting-it-tech-agency-face-female-support.webp","datePublished":"2024-08-12T12:53:14+00:00","dateModified":"2024-12-19T20:56:09+00:00","description":"Buscamos un asistente personal con experiencia para Cl\u00ednica en Nueva York. Presenta tu candidatura para unirte a nuestro equipo. Puesto de larga duraci\u00f3n","breadcrumb":{"@id":"https:\/\/frontdeskhelpers.com\/es\/company\/%d1%81areers\/gestion\/asistente-personal-en-clinica-de-nueva-york\/#breadcrumb"},"inLanguage":"es","potentialAction":[{"@type":"ReadAction","target":["https:\/\/frontdeskhelpers.com\/es\/company\/%d1%81areers\/gestion\/asistente-personal-en-clinica-de-nueva-york\/"]}]},{"@type":"ImageObject","inLanguage":"es","@id":"https:\/\/frontdeskhelpers.com\/es\/company\/%d1%81areers\/gestion\/asistente-personal-en-clinica-de-nueva-york\/#primaryimage","url":"https:\/\/frontdeskhelpers.com\/wp-content\/uploads\/2024\/08\/smiling-friendly-call-center-agent-with-headset-online-consulting-it-tech-agency-face-female-support.webp","contentUrl":"https:\/\/frontdeskhelpers.com\/wp-content\/uploads\/2024\/08\/smiling-friendly-call-center-agent-with-headset-online-consulting-it-tech-agency-face-female-support.webp"},{"@type":"BreadcrumbList","@id":"https:\/\/frontdeskhelpers.com\/es\/company\/%d1%81areers\/gestion\/asistente-personal-en-clinica-de-nueva-york\/#breadcrumb","itemListElement":[{"@type":"ListItem","position":1,"name":"Home","item":"https:\/\/frontdeskhelpers.com\/es\/"},{"@type":"ListItem","position":2,"name":"Company","item":"https:\/\/frontdeskhelpers.com\/es\/company\/"},{"@type":"ListItem","position":3,"name":"\u0421areers","item":"https:\/\/frontdeskhelpers.com\/es\/company\/careers-vacancies\/"},{"@type":"ListItem","position":4,"name":"Gesti\u00f3n","item":"https:\/\/frontdeskhelpers.com\/es\/company\/careers-vacancies\/management\/"},{"@type":"ListItem","position":5,"name":"Asistente personal en cl\u00ednica de Nueva York"}]},{"@type":"WebSite","@id":"https:\/\/frontdeskhelpers.com\/es\/#website","url":"https:\/\/frontdeskhelpers.com\/es\/","name":"FDH","description":"","potentialAction":[{"@type":"SearchAction","target":{"@type":"EntryPoint","urlTemplate":"https:\/\/frontdeskhelpers.com\/es\/?s={search_term_string}"},"query-input":{"@type":"PropertyValueSpecification","valueRequired":true,"valueName":"search_term_string"}}],"inLanguage":"es"}]}},"_links":{"self":[{"href":"https:\/\/frontdeskhelpers.com\/es\/wp-json\/wp\/v2\/pages\/8575","targetHints":{"allow":["GET"]}}],"collection":[{"href":"https:\/\/frontdeskhelpers.com\/es\/wp-json\/wp\/v2\/pages"}],"about":[{"href":"https:\/\/frontdeskhelpers.com\/es\/wp-json\/wp\/v2\/types\/page"}],"author":[{"embeddable":true,"href":"https:\/\/frontdeskhelpers.com\/es\/wp-json\/wp\/v2\/users\/2"}],"replies":[{"embeddable":true,"href":"https:\/\/frontdeskhelpers.com\/es\/wp-json\/wp\/v2\/comments?post=8575"}],"version-history":[{"count":1,"href":"https:\/\/frontdeskhelpers.com\/es\/wp-json\/wp\/v2\/pages\/8575\/revisions"}],"predecessor-version":[{"id":8578,"href":"https:\/\/frontdeskhelpers.com\/es\/wp-json\/wp\/v2\/pages\/8575\/revisions\/8578"}],"up":[{"embeddable":true,"href":"https:\/\/frontdeskhelpers.com\/es\/wp-json\/wp\/v2\/pages\/8544"}],"wp:attachment":[{"href":"https:\/\/frontdeskhelpers.com\/es\/wp-json\/wp\/v2\/media?parent=8575"}],"curies":[{"name":"wp","href":"https:\/\/api.w.org\/{rel}","templated":true}]}}