{"id":8566,"date":"2024-08-12T12:45:41","date_gmt":"2024-08-12T12:45:41","guid":{"rendered":"https:\/\/frontdeskhelpers.com\/gestion\/gestion-de-coordinadores-2\/"},"modified":"2024-12-19T20:56:09","modified_gmt":"2024-12-19T20:56:09","slug":"gestion-de-coordinadores-2","status":"publish","type":"page","link":"https:\/\/frontdeskhelpers.com\/es\/company\/%d1%81areers\/gestion\/gestion-de-coordinadores-2\/","title":{"rendered":"Gesti\u00f3n de coordinadores"},"content":{"rendered":"\n<div class=\"wp-block-columns is-layout-flex wp-container-core-columns-is-layout-9d6595d7 wp-block-columns-is-layout-flex\">\n<div class=\"wp-block-column is-layout-flow wp-block-column-is-layout-flow\"><div class=\"pvc_clear\"><\/div><p id=\"pvc_stats_8566\" class=\"pvc_stats total_only  pvc_load_by_ajax_update\" data-element-id=\"8566\" style=\"\"><i class=\"pvc-stats-icon medium\" aria-hidden=\"true\"><svg aria-hidden=\"true\" focusable=\"false\" data-prefix=\"far\" data-icon=\"chart-bar\" role=\"img\" xmlns=\"http:\/\/www.w3.org\/2000\/svg\" viewBox=\"0 0 512 512\" class=\"svg-inline--fa fa-chart-bar fa-w-16 fa-2x\"><path fill=\"currentColor\" d=\"M396.8 352h22.4c6.4 0 12.8-6.4 12.8-12.8V108.8c0-6.4-6.4-12.8-12.8-12.8h-22.4c-6.4 0-12.8 6.4-12.8 12.8v230.4c0 6.4 6.4 12.8 12.8 12.8zm-192 0h22.4c6.4 0 12.8-6.4 12.8-12.8V140.8c0-6.4-6.4-12.8-12.8-12.8h-22.4c-6.4 0-12.8 6.4-12.8 12.8v198.4c0 6.4 6.4 12.8 12.8 12.8zm96 0h22.4c6.4 0 12.8-6.4 12.8-12.8V204.8c0-6.4-6.4-12.8-12.8-12.8h-22.4c-6.4 0-12.8 6.4-12.8 12.8v134.4c0 6.4 6.4 12.8 12.8 12.8zM496 400H48V80c0-8.84-7.16-16-16-16H16C7.16 64 0 71.16 0 80v336c0 17.67 14.33 32 32 32h464c8.84 0 16-7.16 16-16v-16c0-8.84-7.16-16-16-16zm-387.2-48h22.4c6.4 0 12.8-6.4 12.8-12.8v-70.4c0-6.4-6.4-12.8-12.8-12.8h-22.4c-6.4 0-12.8 6.4-12.8 12.8v70.4c0 6.4 6.4 12.8 12.8 12.8z\" class=\"\"><\/path><\/svg><\/i> <img decoding=\"async\" width=\"16\" height=\"16\" alt=\"Loading\" src=\"https:\/\/frontdeskhelpers.com\/wp-content\/plugins\/page-views-count\/ajax-loader-2x.gif\" border=0 \/><\/p><div class=\"pvc_clear\"><\/div>\n<\/div>\n\n\n\n<div class=\"wp-block-column is-vertically-aligned-center is-layout-flow wp-block-column-is-layout-flow\">\n<p class=\"has-text-align-center closed-vacancy-info\">VACANTE CERRADA<\/p>\n<\/div>\n<\/div>\n\n<p>En estos momentos estamos buscando un <strong>Coordinador a distancia<\/strong> en una agencia de asistencia domiciliaria de Nueva York.<\/p>\n\n<p>Nuestros clientes son personas mayores que necesitan asistencia de auxiliares sanitarios a domicilio. Nuestra tarea consiste en organizar y controlar la calidad de los servicios de asistencia a domicilio para personas mayores. <\/p>\n\n<p>Si sabes trabajar con personas, escuchar sus necesidades, coordinar sus acciones y tienes capacidad de decisi\u00f3n y planificaci\u00f3n, disfrutar\u00e1s del puesto. Contamos con un s\u00f3lido equipo de apoyo, y con un supervisor que tiene fama de ser una persona exigente, pero ejecutiva. <\/p>\n\n<p><strong>Requisitos<\/strong>:<\/p>\n\n<ul class=\"wp-block-list\">\n<li>Habla y escribe los TRES idiomas: Ingl\u00e9s, ruso y espa\u00f1ol como m\u00ednimo a nivel intermedio-alto.<\/li>\n\n\n\n<li>Conocimientos inform\u00e1ticos (Gmail, Excel, CRM, trabajo con archivos en diferentes formatos).<\/li>\n\n\n\n<li>Tu propio ordenador y acceso a internet.<\/li>\n\n\n\n<li>Capacidad para realizar varias tareas a la vez y establecer prioridades.<\/li>\n\n\n\n<li>Se valorar\u00e1 la experiencia en el campo de la atenci\u00f3n al cliente.<\/li>\n\n\n\n<li>Alto nivel de resistencia al estr\u00e9s.<\/li>\n<\/ul>\n\n<p><strong>Responsabilidades:<\/strong><\/p>\n\n<ul class=\"wp-block-list\">\n<li>Controla a los auxiliares sanitarios a domicilio en sus visitas a pacientes en el sistema CRM.<\/li>\n\n\n\n<li>Habla por tel\u00e9fono con los pacientes y los asistentes domiciliarios para ayudarles a resolver cualquier duda que tengan.<\/li>\n\n\n\n<li>Comun\u00edcate con hospitales, centros de d\u00eda para adultos, centros de rehabilitaci\u00f3n y familiares de pacientes.<\/li>\n\n\n\n<li>Ponte en contacto con los planes de seguros para que aprueben las horas extraordinarias, prorroguen las autorizaciones y te asesoren en caso de diversas situaciones.<\/li>\n\n\n\n<li>Busca asistentes a domicilio en nuestra base de datos para sustituciones en caso de bajas por enfermedad, d\u00edas libres, vacaciones y negativas.<\/li>\n\n\n\n<li>Trabaja en el sistema CRM para configurar los horarios, las visitas, los nuevos asistentes domiciliarios y los cambios de turno.<\/li>\n\n\n\n<li>Prepara informes y notas de comunicaci\u00f3n sobre cualquier cambio en la agenda o las condiciones de salud del paciente.<\/li>\n<\/ul>\n\n<p><strong>Cu\u00e1l es el horario de trabajo:<\/strong><\/p>\n\n<p>De lunes a viernes, de 9:00 a 17:00, seg\u00fan la hora de Nueva York. A veces es posible hacer horas extras, que se pagan x1,5 de la tarifa horaria. <\/p>\n\n<p><strong>Qu\u00e9 ofrecemos:<\/strong><\/p>\n\n<ul class=\"wp-block-list\">\n<li>Las horas extraordinarias se pagan 1,5 veces la tarifa horaria habitual.<\/li>\n\n\n\n<li>Trabaja en un equipo experimentado, bajo la supervisi\u00f3n de un jefe.<\/li>\n\n\n\n<li>Capacidad para trabajar a distancia en horario de tarde.<\/li>\n\n\n\n<li>Vacaciones pagadas tras un a\u00f1o de empleo.<\/li>\n\n\n\n<li>Sistema de primas como forma de que los empleados se expresen mutuamente su agradecimiento.<\/li>\n\n\n\n<li>Proporcionamos a nuestros empleados tel\u00e9fonos IP, como instrumento de conexi\u00f3n con los clientes de EE.UU., as\u00ed como todo el software necesario (CRM, fax virtual, servicio SMS, VPN).<\/li>\n\n\n\n<li>Una direcci\u00f3n abierta, con la que es f\u00e1cil ponerse en contacto.<\/li>\n\n\n\n<li>Igualdad de oportunidades para personas de cualquier edad, sexo o nacionalidad.<\/li>\n\n\n\n<li>Oportunidad de aprender habilidades como adaptabilidad, resoluci\u00f3n de conflictos, priorizaci\u00f3n y gesti\u00f3n del tiempo, \u00e9tica del trabajo, comunicaci\u00f3n profesional por correo electr\u00f3nico, preparaci\u00f3n de informes, etc.<\/li>\n<\/ul>\n\n<p>El puesto encajar\u00e1 con personas a las que les gusten los retos, est\u00e9n dispuestas a aprender nuevas habilidades blandas mediante la resoluci\u00f3n de problemas dif\u00edciles, sean capaces de manejar una gran carga de trabajo y disfruten trabajando con personas mayores (incluidas personas con trastornos mentales y f\u00edsicos, y personas que viven en malas condiciones). El especialista debe estar preparado para complejidades y tareas nuevas o inesperadas durante los turnos. <\/p>\n\n<p>Env\u00eda tu curr\u00edculum en ingl\u00e9s a nuestro correo electr\u00f3nico directo: <a href=\"mailto:career@frontdeskhelpers.com\">career@frontdeskhelpers.com<\/a><\/p>\n\n<p>\u00a1Estoy deseando conocerte en la entrevista!<\/p>\n","protected":false},"excerpt":{"rendered":"<p>En estos momentos estamos buscando un Coordinador a distancia en una agencia de asistencia domiciliaria de Nueva York. Nuestros clientes son personas mayores que necesitan asistencia de auxiliares sanitarios a domicilio. Nuestra tarea consiste en organizar y controlar la calidad de los servicios de asistencia a domicilio para personas mayores. Si sabes trabajar con personas, [&hellip;]<\/p>\n","protected":false},"author":2,"featured_media":0,"parent":8544,"menu_order":0,"comment_status":"closed","ping_status":"closed","template":"","meta":{"inline_featured_image":false,"footnotes":""},"class_list":["post-8566","page","type-page","status-publish"],"yoast_head":"<!-- This site is optimized with the Yoast SEO plugin v27.3 - https:\/\/yoast.com\/product\/yoast-seo-wordpress\/ -->\n<title>Coordinador Remoto | Carrera | FDH<\/title>\n<meta name=\"description\" content=\"Oportunidades de trabajo a distancia. Puesto vacante de Coordinador a distancia. Estamos contratando coordinador multiling\u00fce con experiencia. \u00a1\u00danete al equipo de profesionales de la FDH!\" \/>\n<meta name=\"robots\" content=\"index, follow, max-snippet:-1, max-image-preview:large, max-video-preview:-1\" \/>\n<link rel=\"canonical\" href=\"https:\/\/frontdeskhelpers.com\/es\/company\/%d1%81areers\/gestion\/gestion-de-coordinadores-2\/\" \/>\n<meta property=\"og:locale\" content=\"es_ES\" \/>\n<meta property=\"og:type\" content=\"article\" \/>\n<meta property=\"og:title\" content=\"Coordinador Remoto | Carrera | FDH\" \/>\n<meta property=\"og:description\" content=\"Oportunidades de trabajo a distancia. Puesto vacante de Coordinador a distancia. Estamos contratando coordinador multiling\u00fce con experiencia. \u00a1\u00danete al equipo de profesionales de la FDH!\" \/>\n<meta property=\"og:url\" content=\"https:\/\/frontdeskhelpers.com\/es\/company\/%d1%81areers\/gestion\/gestion-de-coordinadores-2\/\" \/>\n<meta property=\"og:site_name\" content=\"FDH\" \/>\n<meta property=\"article:modified_time\" content=\"2024-12-19T20:56:09+00:00\" \/>\n<meta name=\"twitter:card\" content=\"summary_large_image\" \/>\n<meta name=\"twitter:label1\" content=\"Tiempo de lectura\" \/>\n\t<meta name=\"twitter:data1\" content=\"3 minutos\" \/>\n<!-- \/ Yoast SEO plugin. -->","yoast_head_json":{"title":"Coordinador Remoto | Carrera | FDH","description":"Oportunidades de trabajo a distancia. Puesto vacante de Coordinador a distancia. Estamos contratando coordinador multiling\u00fce con experiencia. \u00a1\u00danete al equipo de profesionales de la FDH!","robots":{"index":"index","follow":"follow","max-snippet":"max-snippet:-1","max-image-preview":"max-image-preview:large","max-video-preview":"max-video-preview:-1"},"canonical":"https:\/\/frontdeskhelpers.com\/es\/company\/%d1%81areers\/gestion\/gestion-de-coordinadores-2\/","og_locale":"es_ES","og_type":"article","og_title":"Coordinador Remoto | Carrera | FDH","og_description":"Oportunidades de trabajo a distancia. Puesto vacante de Coordinador a distancia. Estamos contratando coordinador multiling\u00fce con experiencia. \u00a1\u00danete al equipo de profesionales de la FDH!","og_url":"https:\/\/frontdeskhelpers.com\/es\/company\/%d1%81areers\/gestion\/gestion-de-coordinadores-2\/","og_site_name":"FDH","article_modified_time":"2024-12-19T20:56:09+00:00","twitter_card":"summary_large_image","twitter_misc":{"Tiempo de lectura":"3 minutos"},"schema":{"@context":"https:\/\/schema.org","@graph":[{"@type":"WebPage","@id":"https:\/\/frontdeskhelpers.com\/es\/company\/%d1%81areers\/gestion\/gestion-de-coordinadores-2\/","url":"https:\/\/frontdeskhelpers.com\/es\/company\/%d1%81areers\/gestion\/gestion-de-coordinadores-2\/","name":"Coordinador Remoto | Carrera | FDH","isPartOf":{"@id":"https:\/\/frontdeskhelpers.com\/es\/#website"},"datePublished":"2024-08-12T12:45:41+00:00","dateModified":"2024-12-19T20:56:09+00:00","description":"Oportunidades de trabajo a distancia. Puesto vacante de Coordinador a distancia. Estamos contratando coordinador multiling\u00fce con experiencia. \u00a1\u00danete al equipo de profesionales de la FDH!","breadcrumb":{"@id":"https:\/\/frontdeskhelpers.com\/es\/company\/%d1%81areers\/gestion\/gestion-de-coordinadores-2\/#breadcrumb"},"inLanguage":"es","potentialAction":[{"@type":"ReadAction","target":["https:\/\/frontdeskhelpers.com\/es\/company\/%d1%81areers\/gestion\/gestion-de-coordinadores-2\/"]}]},{"@type":"BreadcrumbList","@id":"https:\/\/frontdeskhelpers.com\/es\/company\/%d1%81areers\/gestion\/gestion-de-coordinadores-2\/#breadcrumb","itemListElement":[{"@type":"ListItem","position":1,"name":"Home","item":"https:\/\/frontdeskhelpers.com\/es\/"},{"@type":"ListItem","position":2,"name":"Company","item":"https:\/\/frontdeskhelpers.com\/es\/company\/"},{"@type":"ListItem","position":3,"name":"\u0421areers","item":"https:\/\/frontdeskhelpers.com\/es\/company\/careers-vacancies\/"},{"@type":"ListItem","position":4,"name":"Gesti\u00f3n","item":"https:\/\/frontdeskhelpers.com\/es\/company\/careers-vacancies\/management\/"},{"@type":"ListItem","position":5,"name":"Gesti\u00f3n de coordinadores"}]},{"@type":"WebSite","@id":"https:\/\/frontdeskhelpers.com\/es\/#website","url":"https:\/\/frontdeskhelpers.com\/es\/","name":"FDH","description":"","potentialAction":[{"@type":"SearchAction","target":{"@type":"EntryPoint","urlTemplate":"https:\/\/frontdeskhelpers.com\/es\/?s={search_term_string}"},"query-input":{"@type":"PropertyValueSpecification","valueRequired":true,"valueName":"search_term_string"}}],"inLanguage":"es"}]}},"_links":{"self":[{"href":"https:\/\/frontdeskhelpers.com\/es\/wp-json\/wp\/v2\/pages\/8566","targetHints":{"allow":["GET"]}}],"collection":[{"href":"https:\/\/frontdeskhelpers.com\/es\/wp-json\/wp\/v2\/pages"}],"about":[{"href":"https:\/\/frontdeskhelpers.com\/es\/wp-json\/wp\/v2\/types\/page"}],"author":[{"embeddable":true,"href":"https:\/\/frontdeskhelpers.com\/es\/wp-json\/wp\/v2\/users\/2"}],"replies":[{"embeddable":true,"href":"https:\/\/frontdeskhelpers.com\/es\/wp-json\/wp\/v2\/comments?post=8566"}],"version-history":[{"count":1,"href":"https:\/\/frontdeskhelpers.com\/es\/wp-json\/wp\/v2\/pages\/8566\/revisions"}],"predecessor-version":[{"id":8568,"href":"https:\/\/frontdeskhelpers.com\/es\/wp-json\/wp\/v2\/pages\/8566\/revisions\/8568"}],"up":[{"embeddable":true,"href":"https:\/\/frontdeskhelpers.com\/es\/wp-json\/wp\/v2\/pages\/8544"}],"wp:attachment":[{"href":"https:\/\/frontdeskhelpers.com\/es\/wp-json\/wp\/v2\/media?parent=8566"}],"curies":[{"name":"wp","href":"https:\/\/api.w.org\/{rel}","templated":true}]}}