{"id":8563,"date":"2024-08-12T12:32:20","date_gmt":"2024-08-12T12:32:20","guid":{"rendered":"https:\/\/frontdeskhelpers.com\/gestion\/especialista-en-admision\/"},"modified":"2024-12-19T20:56:09","modified_gmt":"2024-12-19T20:56:09","slug":"especialista-en-admision","status":"publish","type":"page","link":"https:\/\/frontdeskhelpers.com\/es\/company\/%d1%81areers\/gestion\/especialista-en-admision\/","title":{"rendered":"Especialista en admisi\u00f3n"},"content":{"rendered":"\n<div class=\"wp-block-columns is-layout-flex wp-container-core-columns-is-layout-9d6595d7 wp-block-columns-is-layout-flex\">\n<div class=\"wp-block-column is-layout-flow wp-block-column-is-layout-flow\"><div class=\"pvc_clear\"><\/div><p id=\"pvc_stats_8563\" class=\"pvc_stats total_only  pvc_load_by_ajax_update\" data-element-id=\"8563\" style=\"\"><i class=\"pvc-stats-icon medium\" aria-hidden=\"true\"><svg aria-hidden=\"true\" focusable=\"false\" data-prefix=\"far\" data-icon=\"chart-bar\" role=\"img\" xmlns=\"http:\/\/www.w3.org\/2000\/svg\" viewBox=\"0 0 512 512\" class=\"svg-inline--fa fa-chart-bar fa-w-16 fa-2x\"><path fill=\"currentColor\" d=\"M396.8 352h22.4c6.4 0 12.8-6.4 12.8-12.8V108.8c0-6.4-6.4-12.8-12.8-12.8h-22.4c-6.4 0-12.8 6.4-12.8 12.8v230.4c0 6.4 6.4 12.8 12.8 12.8zm-192 0h22.4c6.4 0 12.8-6.4 12.8-12.8V140.8c0-6.4-6.4-12.8-12.8-12.8h-22.4c-6.4 0-12.8 6.4-12.8 12.8v198.4c0 6.4 6.4 12.8 12.8 12.8zm96 0h22.4c6.4 0 12.8-6.4 12.8-12.8V204.8c0-6.4-6.4-12.8-12.8-12.8h-22.4c-6.4 0-12.8 6.4-12.8 12.8v134.4c0 6.4 6.4 12.8 12.8 12.8zM496 400H48V80c0-8.84-7.16-16-16-16H16C7.16 64 0 71.16 0 80v336c0 17.67 14.33 32 32 32h464c8.84 0 16-7.16 16-16v-16c0-8.84-7.16-16-16-16zm-387.2-48h22.4c6.4 0 12.8-6.4 12.8-12.8v-70.4c0-6.4-6.4-12.8-12.8-12.8h-22.4c-6.4 0-12.8 6.4-12.8 12.8v70.4c0 6.4 6.4 12.8 12.8 12.8z\" class=\"\"><\/path><\/svg><\/i> <img decoding=\"async\" width=\"16\" height=\"16\" alt=\"Loading\" src=\"https:\/\/frontdeskhelpers.com\/wp-content\/plugins\/page-views-count\/ajax-loader-2x.gif\" border=0 \/><\/p><div class=\"pvc_clear\"><\/div>\n<\/div>\n\n\n\n<div class=\"wp-block-column is-vertically-aligned-center is-layout-flow wp-block-column-is-layout-flow\">\n<p class=\"has-text-align-center closed-vacancy-info\">VACANTE CERRADA<\/p>\n<\/div>\n<\/div>\n\n<p>Actualmente buscamos un <strong>Especialista en Admisi\u00f3n a distancia<\/strong> para uno de nuestros proyectos: una agencia de asistencia domiciliaria de Nueva York.<\/p>\n\n<p>Nuestros clientes son personas mayores que necesitan asistencia de auxiliares sanitarios a domicilio. Nuestra tarea consiste en obtener el permiso para prestar servicios de asistencia domiciliaria de calidad a las personas mayores. Si sabes trabajar con personas, escuchar sus necesidades, coordinar sus acciones y tienes capacidad para tomar decisiones y planificar, disfrutar\u00e1s del puesto. Contamos con un s\u00f3lido equipo de apoyo y un supervisor que tiene fama de ser una persona exigente, pero ejecutiva.   <\/p>\n\n<p>Si sabes trabajar con personas, escuchar sus necesidades, coordinar sus acciones y tienes capacidad de decisi\u00f3n y planificaci\u00f3n, disfrutar\u00e1s del puesto. Contamos con un s\u00f3lido equipo de apoyo, y con un supervisor que tiene fama de ser una persona exigente, pero ejecutiva. <\/p>\n\n<p><strong>Requisitos<\/strong>:<\/p>\n\n<ul class=\"wp-block-list\">\n<li>Dominio de los idiomas ingl\u00e9s y ruso hablado y escrito.<\/li>\n\n\n\n<li>Conocimientos inform\u00e1ticos (Gmail, Excel, CRM, Calendarios, trabajo con archivos en diferentes formatos).<\/li>\n\n\n\n<li>Capacidad para realizar varias tareas a la vez y establecer prioridades.<\/li>\n\n\n\n<li>Fuertes habilidades interpersonales y de comunicaci\u00f3n.<\/li>\n\n\n\n<li>S\u00f3lidas dotes organizativas.<\/li>\n\n\n\n<li>Capacidad eficaz para resolver problemas.<\/li>\n\n\n\n<li>Alto nivel de resistencia al estr\u00e9s.<\/li>\n\n\n\n<li>Personalidad orientada al detalle.<\/li>\n\n\n\n<li>Tu propio ordenador y acceso a internet.<\/li>\n<\/ul>\n\n<p><strong>Responsabilidades:<\/strong><\/p>\n\n<ul class=\"wp-block-list\">\n<li>Comunicarse con los pacientes y sus representantes designados.<\/li>\n\n\n\n<li>Educar a los clientes y a sus familias sobre los programas de exenci\u00f3n disponibles, sus ventajas y el proceso de solicitud.<\/li>\n\n\n\n<li>Recopila la documentaci\u00f3n de los servicios sanitarios a domicilio.  <\/li>\n\n\n\n<li>Aseg\u00farate de que toda la documentaci\u00f3n necesaria se cumplimenta con precisi\u00f3n y se presenta dentro de los plazos especificados.<\/li>\n\n\n\n<li>Seguimiento del estado de la documentaci\u00f3n.<\/li>\n\n\n\n<li>Revisiones con los pacientes despu\u00e9s de que hayan recibido los servicios sanitarios a domicilio.<\/li>\n\n\n\n<li>Realizar llamadas telef\u00f3nicas salientes a establecimientos m\u00e9dicos para representar los servicios de la empresa con el fin de obtener nuevos pacientes.<\/li>\n\n\n\n<li>Recibir llamadas telef\u00f3nicas entrantes.<\/li>\n\n\n\n<li>Ayudar a los clientes a cumplimentar los formularios de solicitud, garantizando su exactitud e integridad.<\/li>\n\n\n\n<li>Atiende cualquier pregunta o duda que puedan tener los clientes sobre el proceso de solicitud.<\/li>\n\n\n\n<li>Mantente al d\u00eda de los cambios en las normativas, pol\u00edticas y criterios de elegibilidad de los programas de Exenci\u00f3n NHTD, Exenci\u00f3n LCT y Coordinaci\u00f3n de la Asistencia Privada.<\/li>\n\n\n\n<li>Realiza otras tareas que se te asignen.<\/li>\n<\/ul>\n\n<p><strong>Cu\u00e1l es el horario de trabajo:<\/strong><\/p>\n\n<p>De lunes a viernes, de 9:00 a 17:00, seg\u00fan la hora de Nueva York (UTC-5).<\/p>\n\n<p><strong>Qu\u00e9 ofrecemos:<\/strong><\/p>\n\n<ul class=\"wp-block-list\">\n<li>Trabaja en un equipo experimentado, bajo la supervisi\u00f3n de un jefe.<\/li>\n\n\n\n<li>Capacidad para trabajar a distancia en horario de tarde.<\/li>\n\n\n\n<li>Vacaciones pagadas tras un a\u00f1o de empleo.<\/li>\n\n\n\n<li>Proporcionamos a nuestros empleados tel\u00e9fonos IP de hardware, como instrumento de conexi\u00f3n con los clientes de EE.UU., as\u00ed como todo el software necesario (CRM, fax virtual, servicio SMS, VPN).<\/li>\n\n\n\n<li>Clases de ingl\u00e9s y espa\u00f1ol para empleados.<\/li>\n\n\n\n<li>Cursos de autodesarrollo impulsados por famosas plataformas.<\/li>\n<\/ul>\n\n<p>El puesto encajar\u00e1 con personas a las que les gusten los retos, est\u00e9n dispuestas a aprender nuevas habilidades blandas mediante la resoluci\u00f3n de problemas dif\u00edciles, sean capaces de manejar una gran carga de trabajo y disfruten trabajando con personas mayores (incluidas personas con trastornos mentales y f\u00edsicos, y personas que viven en malas condiciones). El especialista debe estar preparado para complejidades y tareas nuevas o inesperadas durante los turnos. <\/p>\n\n<p>Env\u00eda tu curr\u00edculum en ingl\u00e9s a nuestro correo electr\u00f3nico directo: <a href=\"mailto:career@frontdeskhelpers.com\">career@frontdeskhelpers.com<\/a><\/p>\n\n<p>\u00a1Estoy deseando conocerte en la entrevista!<\/p>\n\n<figure class=\"wp-block-image size-large\"><img fetchpriority=\"high\" decoding=\"async\" width=\"1024\" height=\"465\" src=\"https:\/\/frontdeskhelpers.com\/wp-content\/uploads\/2024\/08\/intake-agent-work-1024x465.webp\" alt=\"\" class=\"wp-image-3369\" srcset=\"https:\/\/frontdeskhelpers.com\/wp-content\/uploads\/2024\/08\/intake-agent-work-1024x465.webp 1024w, https:\/\/frontdeskhelpers.com\/wp-content\/uploads\/2024\/08\/intake-agent-work-300x136.webp 300w, https:\/\/frontdeskhelpers.com\/wp-content\/uploads\/2024\/08\/intake-agent-work-768x349.webp 768w, https:\/\/frontdeskhelpers.com\/wp-content\/uploads\/2024\/08\/intake-agent-work-450x205.webp 450w, https:\/\/frontdeskhelpers.com\/wp-content\/uploads\/2024\/08\/intake-agent-work-780x355.webp 780w, https:\/\/frontdeskhelpers.com\/wp-content\/uploads\/2024\/08\/intake-agent-work.webp 1100w\" sizes=\"(max-width: 1024px) 100vw, 1024px\" \/><figcaption class=\"wp-element-caption\">Especialista en admisi\u00f3n en el trabajo<\/figcaption><\/figure>\n","protected":false},"excerpt":{"rendered":"<p>Actualmente buscamos un Especialista en Admisi\u00f3n a distancia para uno de nuestros proyectos: una agencia de asistencia domiciliaria de Nueva York. Nuestros clientes son personas mayores que necesitan asistencia de auxiliares sanitarios a domicilio. Nuestra tarea consiste en obtener el permiso para prestar servicios de asistencia domiciliaria de calidad a las personas mayores. Si sabes [&hellip;]<\/p>\n","protected":false},"author":2,"featured_media":0,"parent":8544,"menu_order":0,"comment_status":"closed","ping_status":"closed","template":"","meta":{"inline_featured_image":false,"footnotes":""},"class_list":["post-8563","page","type-page","status-publish"],"yoast_head":"<!-- This site is optimized with the Yoast SEO plugin v27.3 - https:\/\/yoast.com\/product\/yoast-seo-wordpress\/ -->\n<title>Especialista en admisi\u00f3n remota | Carrera | FDH<\/title>\n<meta name=\"description\" content=\"Oportunidades de trabajo a distancia. Puesto vacante de Especialista en admisi\u00f3n remota. Estamos contratando especialistas en admisi\u00f3n con experiencia. \u00a1\u00danete al equipo de profesionales de la FDH!\" \/>\n<meta name=\"robots\" content=\"index, follow, max-snippet:-1, max-image-preview:large, max-video-preview:-1\" \/>\n<link rel=\"canonical\" href=\"https:\/\/frontdeskhelpers.com\/es\/company\/%d1%81areers\/gestion\/especialista-en-admision\/\" \/>\n<meta property=\"og:locale\" content=\"es_ES\" \/>\n<meta property=\"og:type\" content=\"article\" \/>\n<meta property=\"og:title\" content=\"Especialista en admisi\u00f3n remota | Carrera | FDH\" \/>\n<meta property=\"og:description\" content=\"Oportunidades de trabajo a distancia. Puesto vacante de Especialista en admisi\u00f3n remota. Estamos contratando especialistas en admisi\u00f3n con experiencia. \u00a1\u00danete al equipo de profesionales de la FDH!\" \/>\n<meta property=\"og:url\" content=\"https:\/\/frontdeskhelpers.com\/es\/company\/%d1%81areers\/gestion\/especialista-en-admision\/\" \/>\n<meta property=\"og:site_name\" content=\"FDH\" \/>\n<meta property=\"article:modified_time\" content=\"2024-12-19T20:56:09+00:00\" \/>\n<meta property=\"og:image\" content=\"https:\/\/frontdeskhelpers.com\/wp-content\/uploads\/2024\/08\/intake-agent-work-1024x465.webp\" \/>\n<meta name=\"twitter:card\" content=\"summary_large_image\" \/>\n<meta name=\"twitter:label1\" content=\"Tiempo de lectura\" \/>\n\t<meta name=\"twitter:data1\" content=\"3 minutos\" \/>\n<!-- \/ Yoast SEO plugin. -->","yoast_head_json":{"title":"Especialista en admisi\u00f3n remota | Carrera | FDH","description":"Oportunidades de trabajo a distancia. Puesto vacante de Especialista en admisi\u00f3n remota. Estamos contratando especialistas en admisi\u00f3n con experiencia. \u00a1\u00danete al equipo de profesionales de la FDH!","robots":{"index":"index","follow":"follow","max-snippet":"max-snippet:-1","max-image-preview":"max-image-preview:large","max-video-preview":"max-video-preview:-1"},"canonical":"https:\/\/frontdeskhelpers.com\/es\/company\/%d1%81areers\/gestion\/especialista-en-admision\/","og_locale":"es_ES","og_type":"article","og_title":"Especialista en admisi\u00f3n remota | Carrera | FDH","og_description":"Oportunidades de trabajo a distancia. Puesto vacante de Especialista en admisi\u00f3n remota. Estamos contratando especialistas en admisi\u00f3n con experiencia. \u00a1\u00danete al equipo de profesionales de la FDH!","og_url":"https:\/\/frontdeskhelpers.com\/es\/company\/%d1%81areers\/gestion\/especialista-en-admision\/","og_site_name":"FDH","article_modified_time":"2024-12-19T20:56:09+00:00","og_image":[{"url":"https:\/\/frontdeskhelpers.com\/wp-content\/uploads\/2024\/08\/intake-agent-work-1024x465.webp","type":"","width":"","height":""}],"twitter_card":"summary_large_image","twitter_misc":{"Tiempo de lectura":"3 minutos"},"schema":{"@context":"https:\/\/schema.org","@graph":[{"@type":"WebPage","@id":"https:\/\/frontdeskhelpers.com\/es\/company\/%d1%81areers\/gestion\/especialista-en-admision\/","url":"https:\/\/frontdeskhelpers.com\/es\/company\/%d1%81areers\/gestion\/especialista-en-admision\/","name":"Especialista en admisi\u00f3n remota | Carrera | FDH","isPartOf":{"@id":"https:\/\/frontdeskhelpers.com\/es\/#website"},"primaryImageOfPage":{"@id":"https:\/\/frontdeskhelpers.com\/es\/company\/%d1%81areers\/gestion\/especialista-en-admision\/#primaryimage"},"image":{"@id":"https:\/\/frontdeskhelpers.com\/es\/company\/%d1%81areers\/gestion\/especialista-en-admision\/#primaryimage"},"thumbnailUrl":"https:\/\/frontdeskhelpers.com\/wp-content\/uploads\/2024\/08\/intake-agent-work-1024x465.webp","datePublished":"2024-08-12T12:32:20+00:00","dateModified":"2024-12-19T20:56:09+00:00","description":"Oportunidades de trabajo a distancia. Puesto vacante de Especialista en admisi\u00f3n remota. Estamos contratando especialistas en admisi\u00f3n con experiencia. \u00a1\u00danete al equipo de profesionales de la FDH!","breadcrumb":{"@id":"https:\/\/frontdeskhelpers.com\/es\/company\/%d1%81areers\/gestion\/especialista-en-admision\/#breadcrumb"},"inLanguage":"es","potentialAction":[{"@type":"ReadAction","target":["https:\/\/frontdeskhelpers.com\/es\/company\/%d1%81areers\/gestion\/especialista-en-admision\/"]}]},{"@type":"ImageObject","inLanguage":"es","@id":"https:\/\/frontdeskhelpers.com\/es\/company\/%d1%81areers\/gestion\/especialista-en-admision\/#primaryimage","url":"https:\/\/frontdeskhelpers.com\/wp-content\/uploads\/2024\/08\/intake-agent-work-1024x465.webp","contentUrl":"https:\/\/frontdeskhelpers.com\/wp-content\/uploads\/2024\/08\/intake-agent-work-1024x465.webp"},{"@type":"BreadcrumbList","@id":"https:\/\/frontdeskhelpers.com\/es\/company\/%d1%81areers\/gestion\/especialista-en-admision\/#breadcrumb","itemListElement":[{"@type":"ListItem","position":1,"name":"Home","item":"https:\/\/frontdeskhelpers.com\/es\/"},{"@type":"ListItem","position":2,"name":"Company","item":"https:\/\/frontdeskhelpers.com\/es\/company\/"},{"@type":"ListItem","position":3,"name":"\u0421areers","item":"https:\/\/frontdeskhelpers.com\/es\/company\/careers-vacancies\/"},{"@type":"ListItem","position":4,"name":"Gesti\u00f3n","item":"https:\/\/frontdeskhelpers.com\/es\/company\/careers-vacancies\/management\/"},{"@type":"ListItem","position":5,"name":"Especialista en admisi\u00f3n"}]},{"@type":"WebSite","@id":"https:\/\/frontdeskhelpers.com\/es\/#website","url":"https:\/\/frontdeskhelpers.com\/es\/","name":"FDH","description":"","potentialAction":[{"@type":"SearchAction","target":{"@type":"EntryPoint","urlTemplate":"https:\/\/frontdeskhelpers.com\/es\/?s={search_term_string}"},"query-input":{"@type":"PropertyValueSpecification","valueRequired":true,"valueName":"search_term_string"}}],"inLanguage":"es"}]}},"_links":{"self":[{"href":"https:\/\/frontdeskhelpers.com\/es\/wp-json\/wp\/v2\/pages\/8563","targetHints":{"allow":["GET"]}}],"collection":[{"href":"https:\/\/frontdeskhelpers.com\/es\/wp-json\/wp\/v2\/pages"}],"about":[{"href":"https:\/\/frontdeskhelpers.com\/es\/wp-json\/wp\/v2\/types\/page"}],"author":[{"embeddable":true,"href":"https:\/\/frontdeskhelpers.com\/es\/wp-json\/wp\/v2\/users\/2"}],"replies":[{"embeddable":true,"href":"https:\/\/frontdeskhelpers.com\/es\/wp-json\/wp\/v2\/comments?post=8563"}],"version-history":[{"count":1,"href":"https:\/\/frontdeskhelpers.com\/es\/wp-json\/wp\/v2\/pages\/8563\/revisions"}],"predecessor-version":[{"id":8564,"href":"https:\/\/frontdeskhelpers.com\/es\/wp-json\/wp\/v2\/pages\/8563\/revisions\/8564"}],"up":[{"embeddable":true,"href":"https:\/\/frontdeskhelpers.com\/es\/wp-json\/wp\/v2\/pages\/8544"}],"wp:attachment":[{"href":"https:\/\/frontdeskhelpers.com\/es\/wp-json\/wp\/v2\/media?parent=8563"}],"curies":[{"name":"wp","href":"https:\/\/api.w.org\/{rel}","templated":true}]}}