{"id":8562,"date":"2024-08-12T13:10:29","date_gmt":"2024-08-12T13:10:29","guid":{"rendered":"https:\/\/frontdeskhelpers.com\/marketing\/experto-en-seo\/"},"modified":"2024-12-19T20:56:09","modified_gmt":"2024-12-19T20:56:09","slug":"experto-en-seo","status":"publish","type":"page","link":"https:\/\/frontdeskhelpers.com\/es\/company\/%d1%81areers\/marketing\/experto-en-seo\/","title":{"rendered":"Experto en SEO"},"content":{"rendered":"\n<div class=\"wp-block-columns is-layout-flex wp-container-core-columns-is-layout-9d6595d7 wp-block-columns-is-layout-flex\">\n<div class=\"wp-block-column is-layout-flow wp-block-column-is-layout-flow\"><div class=\"pvc_clear\"><\/div><p id=\"pvc_stats_8562\" class=\"pvc_stats total_only  pvc_load_by_ajax_update\" data-element-id=\"8562\" style=\"\"><i class=\"pvc-stats-icon medium\" aria-hidden=\"true\"><svg aria-hidden=\"true\" focusable=\"false\" data-prefix=\"far\" data-icon=\"chart-bar\" role=\"img\" xmlns=\"http:\/\/www.w3.org\/2000\/svg\" viewBox=\"0 0 512 512\" class=\"svg-inline--fa fa-chart-bar fa-w-16 fa-2x\"><path fill=\"currentColor\" d=\"M396.8 352h22.4c6.4 0 12.8-6.4 12.8-12.8V108.8c0-6.4-6.4-12.8-12.8-12.8h-22.4c-6.4 0-12.8 6.4-12.8 12.8v230.4c0 6.4 6.4 12.8 12.8 12.8zm-192 0h22.4c6.4 0 12.8-6.4 12.8-12.8V140.8c0-6.4-6.4-12.8-12.8-12.8h-22.4c-6.4 0-12.8 6.4-12.8 12.8v198.4c0 6.4 6.4 12.8 12.8 12.8zm96 0h22.4c6.4 0 12.8-6.4 12.8-12.8V204.8c0-6.4-6.4-12.8-12.8-12.8h-22.4c-6.4 0-12.8 6.4-12.8 12.8v134.4c0 6.4 6.4 12.8 12.8 12.8zM496 400H48V80c0-8.84-7.16-16-16-16H16C7.16 64 0 71.16 0 80v336c0 17.67 14.33 32 32 32h464c8.84 0 16-7.16 16-16v-16c0-8.84-7.16-16-16-16zm-387.2-48h22.4c6.4 0 12.8-6.4 12.8-12.8v-70.4c0-6.4-6.4-12.8-12.8-12.8h-22.4c-6.4 0-12.8 6.4-12.8 12.8v70.4c0 6.4 6.4 12.8 12.8 12.8z\" class=\"\"><\/path><\/svg><\/i> <img decoding=\"async\" width=\"16\" height=\"16\" alt=\"Loading\" src=\"https:\/\/frontdeskhelpers.com\/wp-content\/plugins\/page-views-count\/ajax-loader-2x.gif\" border=0 \/><\/p><div class=\"pvc_clear\"><\/div>\n<\/div>\n\n\n\n<div class=\"wp-block-column is-vertically-aligned-center is-layout-flow wp-block-column-is-layout-flow\">\n<p class=\"has-text-align-center closed-vacancy-info\">VACANTE CERRADA<\/p>\n<\/div>\n<\/div>\n\n<p>Abrimos un nuevo puesto de especialista en SEO #remotely para trabajar en un proyecto relacionado con la odontolog\u00eda. A continuaci\u00f3n encontrar\u00e1s las responsabilidades y los requisitos. <\/p>\n\n<p><strong>Requisitos:<\/strong><\/p>\n\n<ul class=\"wp-block-list\">\n<li>Ingl\u00e9s (intermedio-alto-avanzado).<\/li>\n\n\n\n<li>Experiencia probada en SEO.<\/li>\n\n\n\n<li>S\u00f3lidos conocimientos de marketing de resultados, conversi\u00f3n y captaci\u00f3n de clientes online.<\/li>\n\n\n\n<li>Amplia experiencia con herramientas de an\u00e1lisis de sitios web.<\/li>\n\n\n\n<li>Conocimiento de los factores de clasificaci\u00f3n y los algoritmos de los motores de b\u00fasqueda.<\/li>\n\n\n\n<li>Conocimiento de herramientas de investigaci\u00f3n de palabras clave y miner\u00eda de datos.<\/li>\n\n\n\n<li>Te sientes c\u00f3modo analizando diariamente grandes vol\u00famenes de datos.<\/li>\n<\/ul>\n\n<p><strong>Horario:<\/strong><\/p>\n\n<p>De lunes a viernes, de 9 a 15 h, seg\u00fan la hora de Nueva York (UTC-5).<\/p>\n\n<p><strong>Qu\u00e9 ofrecemos:<\/strong><\/p>\n\n<ul class=\"wp-block-list\">\n<li>Utilizamos la tarifa por hora, depende de la experiencia y las aptitudes del candidato y se discutir\u00e1 durante la entrevista.<\/li>\n\n\n\n<li>Pagamos en USD dos veces al mes.<\/li>\n\n\n\n<li>Trabaja en un equipo experimentado (redactor, SMM, jefe de equipo, desarrolladores)<\/li>\n\n\n\n<li>Capacidad para trabajar a distancia en horario de tarde.<\/li>\n\n\n\n<li>Vacaciones pagadas tras un a\u00f1o de empleo.<\/li>\n<\/ul>\n\n<p><strong>Responsabilidades:<\/strong><\/p>\n\n<ul class=\"wp-block-list\">\n<li>Ejecuta pruebas, recopila y analiza datos y resultados, e identifica tendencias y perspectivas para conseguir el m\u00e1ximo ROI en las campa\u00f1as de b\u00fasqueda de pago.<\/li>\n\n\n\n<li>Realiza el seguimiento, elabora informes y analiza los an\u00e1lisis y las campa\u00f1as del sitio web.<\/li>\n\n\n\n<li>Gestiona los gastos de Google Ads, mantente dentro del presupuesto, calcula los costes mensuales y concilia las discrepancias.<\/li>\n\n\n\n<li>Optimiza el sitio web y las p\u00e1ginas de destino para el marketing en buscadores.<\/li>\n\n\n\n<li>Desarrolla un plan de contenidos para que el redactor se dirija a las palabras clave cr\u00edticas.<\/li>\n\n\n\n<li>Aseg\u00farate de que todos los art\u00edculos publicados en el sitio web est\u00e1n optimizados para SEO.<\/li>\n\n\n\n<li>Desarrolla, ejecuta y gestiona campa\u00f1as de backlinks.<\/li>\n\n\n\n<li>Realiza el descubrimiento, ampliaci\u00f3n y optimizaci\u00f3n continuos de palabras clave.<\/li>\n\n\n\n<li>Investiga y aplica las recomendaciones de optimizaci\u00f3n de los motores de b\u00fasqueda para mejorar la clasificaci\u00f3n.<\/li>\n\n\n\n<li>Configura campa\u00f1as de Google Ads, haz un seguimiento de las conversiones, supervisa y edita las campa\u00f1as.<\/li>\n\n\n\n<li>Investiga, vigila y analiza a los competidores y toma de ellos buenas estrategias, publicidad, palabras clave, etc.<\/li>\n\n\n\n<li>Desarrollar y aplicar la estrategia de construcci\u00f3n de enlaces.<\/li>\n\n\n\n<li>Actualiza el contenido y los enlaces del sitio web para conseguir la m\u00e1xima optimizaci\u00f3n y posicionamiento en los motores de b\u00fasqueda.<\/li>\n\n\n\n<li>Desarrollar estrategias de optimizaci\u00f3n que aumenten la posici\u00f3n de la empresa en los resultados de los motores de b\u00fasqueda.<\/li>\n\n\n\n<li>Investiga palabras clave SEO para utilizarlas en el sitio web de la empresa y en las campa\u00f1as de Google Ads (Identifica palabras clave potentes para atraer el tr\u00e1fico m\u00e1s valioso).<\/li>\n\n\n\n<li>Investiga y aplica recomendaciones de contenido para el \u00e9xito del SEO org\u00e1nico.<\/li>\n\n\n\n<li>Supervisa las m\u00e9tricas de rendimiento diarias para comprender el rendimiento de la estrategia SEO.<\/li>\n\n\n\n<li>Prepara informes estrat\u00e9gicos detallados.<\/li>\n\n\n\n<li>Recomienda cambios en la arquitectura del sitio web, el contenido, los enlaces y otros factores para mejorar las posiciones SEO para las palabras clave objetivo.<\/li>\n\n\n\n<li>Gestiona la p\u00e1gina Google My Business: crea entradas, publica actualizaciones, responde a los comentarios y a las rese\u00f1as.<\/li>\n\n\n\n<li>Aseg\u00farate de que los enlaces del sitio web funcionan y conducen a las p\u00e1ginas correctas.<\/li>\n\n\n\n<li>Prepara informes semanales sobre lo que se ha hecho y lo que ha sido eficaz.<\/li>\n\n\n\n<li>Prepara informes mensuales sobre las posiciones de las palabras clave en la b\u00fasqueda org\u00e1nica y en las campa\u00f1as de Google Ads.<\/li>\n<\/ul>\n\n<p>Por favor,<strong>ponte en contacto con<\/strong> uno de nuestros responsables de RRHH en <strong>Telegram<\/strong> para solicitar el puesto<\/p>\n\n<p><a href=\"https:\/\/t.me\/Victori8aHR\">@Victori8aHR<\/a><\/p>\n\n<p><a href=\"https:\/\/t.me\/HR_FDH\">@HR_FDH<\/a><\/p>\n\n<p>o env\u00eda tu curr\u00edculum en ingl\u00e9s a nuestro correo electr\u00f3nico directo: <a href=\"mailto:career@frontdeskhelpers.com\">career@frontdeskhelpers.com<\/a><\/p>\n\n<p>\u00a1Estoy deseando conocerte en la entrevista!<\/p>\n\n<p>Gracias.<\/p>\n","protected":false},"excerpt":{"rendered":"<p>Abrimos un nuevo puesto de especialista en SEO #remotely para trabajar en un proyecto relacionado con la odontolog\u00eda. A continuaci\u00f3n encontrar\u00e1s las responsabilidades y los requisitos. Requisitos: Horario: De lunes a viernes, de 9 a 15 h, seg\u00fan la hora de Nueva York (UTC-5). Qu\u00e9 ofrecemos: Responsabilidades: Por favor,ponte en contacto con uno de nuestros [&hellip;]<\/p>\n","protected":false},"author":2,"featured_media":0,"parent":8553,"menu_order":0,"comment_status":"closed","ping_status":"closed","template":"","meta":{"inline_featured_image":false,"footnotes":""},"class_list":["post-8562","page","type-page","status-publish"],"yoast_head":"<!-- This site is optimized with the Yoast SEO plugin v27.3 - https:\/\/yoast.com\/product\/yoast-seo-wordpress\/ -->\n<title>Experto en SEO - FDH<\/title>\n<meta name=\"description\" content=\"Buscamos un experto en SEO para nuestro equipo remoto con el fin de crear un innovador.\" \/>\n<meta name=\"robots\" content=\"index, follow, max-snippet:-1, max-image-preview:large, max-video-preview:-1\" \/>\n<link rel=\"canonical\" href=\"https:\/\/frontdeskhelpers.com\/es\/company\/%d1%81areers\/marketing\/experto-en-seo\/\" \/>\n<meta property=\"og:locale\" content=\"es_ES\" \/>\n<meta property=\"og:type\" content=\"article\" \/>\n<meta property=\"og:title\" content=\"Experto en SEO - FDH\" \/>\n<meta property=\"og:description\" content=\"Buscamos un experto en SEO para nuestro equipo remoto con el fin de crear un innovador.\" \/>\n<meta property=\"og:url\" content=\"https:\/\/frontdeskhelpers.com\/es\/company\/%d1%81areers\/marketing\/experto-en-seo\/\" \/>\n<meta property=\"og:site_name\" content=\"FDH\" \/>\n<meta property=\"article:modified_time\" content=\"2024-12-19T20:56:09+00:00\" \/>\n<meta name=\"twitter:card\" content=\"summary_large_image\" \/>\n<meta name=\"twitter:label1\" content=\"Tiempo de lectura\" \/>\n\t<meta name=\"twitter:data1\" content=\"3 minutos\" \/>\n<!-- \/ Yoast SEO plugin. -->","yoast_head_json":{"title":"Experto en SEO - FDH","description":"Buscamos un experto en SEO para nuestro equipo remoto con el fin de crear un innovador.","robots":{"index":"index","follow":"follow","max-snippet":"max-snippet:-1","max-image-preview":"max-image-preview:large","max-video-preview":"max-video-preview:-1"},"canonical":"https:\/\/frontdeskhelpers.com\/es\/company\/%d1%81areers\/marketing\/experto-en-seo\/","og_locale":"es_ES","og_type":"article","og_title":"Experto en SEO - FDH","og_description":"Buscamos un experto en SEO para nuestro equipo remoto con el fin de crear un innovador.","og_url":"https:\/\/frontdeskhelpers.com\/es\/company\/%d1%81areers\/marketing\/experto-en-seo\/","og_site_name":"FDH","article_modified_time":"2024-12-19T20:56:09+00:00","twitter_card":"summary_large_image","twitter_misc":{"Tiempo de lectura":"3 minutos"},"schema":{"@context":"https:\/\/schema.org","@graph":[{"@type":"WebPage","@id":"https:\/\/frontdeskhelpers.com\/es\/company\/%d1%81areers\/marketing\/experto-en-seo\/","url":"https:\/\/frontdeskhelpers.com\/es\/company\/%d1%81areers\/marketing\/experto-en-seo\/","name":"Experto en SEO - FDH","isPartOf":{"@id":"https:\/\/frontdeskhelpers.com\/es\/#website"},"datePublished":"2024-08-12T13:10:29+00:00","dateModified":"2024-12-19T20:56:09+00:00","description":"Buscamos un experto en SEO para nuestro equipo remoto con el fin de crear un innovador.","breadcrumb":{"@id":"https:\/\/frontdeskhelpers.com\/es\/company\/%d1%81areers\/marketing\/experto-en-seo\/#breadcrumb"},"inLanguage":"es","potentialAction":[{"@type":"ReadAction","target":["https:\/\/frontdeskhelpers.com\/es\/company\/%d1%81areers\/marketing\/experto-en-seo\/"]}]},{"@type":"BreadcrumbList","@id":"https:\/\/frontdeskhelpers.com\/es\/company\/%d1%81areers\/marketing\/experto-en-seo\/#breadcrumb","itemListElement":[{"@type":"ListItem","position":1,"name":"Home","item":"https:\/\/frontdeskhelpers.com\/es\/"},{"@type":"ListItem","position":2,"name":"Company","item":"https:\/\/frontdeskhelpers.com\/es\/company\/"},{"@type":"ListItem","position":3,"name":"\u0421areers","item":"https:\/\/frontdeskhelpers.com\/es\/company\/careers-vacancies\/"},{"@type":"ListItem","position":4,"name":"Marketing","item":"https:\/\/frontdeskhelpers.com\/es\/company\/careers-vacancies\/marketing\/"},{"@type":"ListItem","position":5,"name":"Experto en SEO"}]},{"@type":"WebSite","@id":"https:\/\/frontdeskhelpers.com\/es\/#website","url":"https:\/\/frontdeskhelpers.com\/es\/","name":"FDH","description":"","potentialAction":[{"@type":"SearchAction","target":{"@type":"EntryPoint","urlTemplate":"https:\/\/frontdeskhelpers.com\/es\/?s={search_term_string}"},"query-input":{"@type":"PropertyValueSpecification","valueRequired":true,"valueName":"search_term_string"}}],"inLanguage":"es"}]}},"_links":{"self":[{"href":"https:\/\/frontdeskhelpers.com\/es\/wp-json\/wp\/v2\/pages\/8562","targetHints":{"allow":["GET"]}}],"collection":[{"href":"https:\/\/frontdeskhelpers.com\/es\/wp-json\/wp\/v2\/pages"}],"about":[{"href":"https:\/\/frontdeskhelpers.com\/es\/wp-json\/wp\/v2\/types\/page"}],"author":[{"embeddable":true,"href":"https:\/\/frontdeskhelpers.com\/es\/wp-json\/wp\/v2\/users\/2"}],"replies":[{"embeddable":true,"href":"https:\/\/frontdeskhelpers.com\/es\/wp-json\/wp\/v2\/comments?post=8562"}],"version-history":[{"count":1,"href":"https:\/\/frontdeskhelpers.com\/es\/wp-json\/wp\/v2\/pages\/8562\/revisions"}],"predecessor-version":[{"id":8565,"href":"https:\/\/frontdeskhelpers.com\/es\/wp-json\/wp\/v2\/pages\/8562\/revisions\/8565"}],"up":[{"embeddable":true,"href":"https:\/\/frontdeskhelpers.com\/es\/wp-json\/wp\/v2\/pages\/8553"}],"wp:attachment":[{"href":"https:\/\/frontdeskhelpers.com\/es\/wp-json\/wp\/v2\/media?parent=8562"}],"curies":[{"name":"wp","href":"https:\/\/api.w.org\/{rel}","templated":true}]}}