{"id":8557,"date":"2024-08-10T18:39:01","date_gmt":"2024-08-10T18:39:01","guid":{"rendered":"https:\/\/frontdeskhelpers.com\/agente-de-la-propiedad-inmobiliaria\/"},"modified":"2024-12-19T21:01:38","modified_gmt":"2024-12-19T21:01:38","slug":"agente-de-la-propiedad-inmobiliaria","status":"publish","type":"page","link":"https:\/\/frontdeskhelpers.com\/es\/company\/%d1%81areers\/agente-de-la-propiedad-inmobiliaria\/","title":{"rendered":"Agente de la propiedad inmobiliaria"},"content":{"rendered":"\t\t<div data-elementor-type=\"wp-page\" data-elementor-id=\"8557\" class=\"elementor elementor-8557 elementor-3667\">\n\t\t\t\t<div class=\"elementor-element elementor-element-1f3f95a2 e-flex e-con-boxed e-con e-parent\" data-id=\"1f3f95a2\" data-element_type=\"container\" data-e-type=\"container\">\n\t\t\t\t\t<div class=\"e-con-inner\">\n\t\t\t\t<div class=\"elementor-element elementor-element-178ee829 elementor-widget elementor-widget-heading\" data-id=\"178ee829\" data-element_type=\"widget\" data-e-type=\"widget\" data-widget_type=\"heading.default\">\n\t\t\t\t<div class=\"elementor-widget-container\">\n\t\t\t\t\t<h2 class=\"elementor-heading-title elementor-size-default\">CONTRATAMOS EMPLEADOS A DISTANCIA<\/h2>\t\t\t\t<\/div>\n\t\t\t\t<\/div>\n\t\t\t\t<div class=\"elementor-element elementor-element-3aec121d elementor-widget elementor-widget-heading\" data-id=\"3aec121d\" data-element_type=\"widget\" data-e-type=\"widget\" data-widget_type=\"heading.default\">\n\t\t\t\t<div class=\"elementor-widget-container\">\n\t\t\t\t\t<h3 class=\"elementor-heading-title elementor-size-default\">Forma parte de nuestra familia de Ayudantes de Recepci\u00f3n  <\/h3>\t\t\t\t<\/div>\n\t\t\t\t<\/div>\n\t\t\t\t\t<\/div>\n\t\t\t\t<\/div>\n\t\t<div class=\"elementor-element elementor-element-192cc5cd e-flex e-con-boxed e-con e-parent\" data-id=\"192cc5cd\" data-element_type=\"container\" data-e-type=\"container\">\n\t\t\t\t\t<div class=\"e-con-inner\">\n\t\t\t\t<div class=\"elementor-element elementor-element-6b6c4607 elementor-widget elementor-widget-heading\" data-id=\"6b6c4607\" data-element_type=\"widget\" data-e-type=\"widget\" data-widget_type=\"heading.default\">\n\t\t\t\t<div class=\"elementor-widget-container\">\n\t\t\t\t\t<h3 class=\"elementor-heading-title elementor-size-default\">Gracias por tu inter\u00e9s en nuestras oportunidades profesionales. En estos momentos, no tenemos vacantes en la categor\u00eda por la que preguntas. Sin embargo, te invitamos a que revises los puestos que hemos cerrado recientemente y que se enumeran a continuaci\u00f3n. Esto te dar\u00e1 una idea de los tipos de puestos que hemos ofrecido en el pasado. \n\n <\/h3>\t\t\t\t<\/div>\n\t\t\t\t<\/div>\n\t\t<div class=\"elementor-element elementor-element-679fd660 e-con-full e-flex e-con e-child\" data-id=\"679fd660\" data-element_type=\"container\" data-e-type=\"container\">\n\t\t<div class=\"elementor-element elementor-element-7cac76f2 e-con-full e-flex e-con e-child\" data-id=\"7cac76f2\" data-element_type=\"container\" data-e-type=\"container\" data-settings=\"{&quot;background_background&quot;:&quot;classic&quot;}\">\n\t\t\t\t<div class=\"elementor-element elementor-element-268e3daa elementor-align-center elementor-widget elementor-widget-button\" data-id=\"268e3daa\" data-element_type=\"widget\" data-e-type=\"widget\" data-widget_type=\"button.default\">\n\t\t\t\t<div class=\"elementor-widget-container\">\n\t\t\t\t\t\t\t\t\t<div class=\"elementor-button-wrapper\">\n\t\t\t\t\t<a class=\"elementor-button elementor-button-link elementor-size-sm\" href=\"#closed-vacancies-anchor\">\n\t\t\t\t\t\t<span class=\"elementor-button-content-wrapper\">\n\t\t\t\t\t\t<span class=\"elementor-button-icon\">\n\t\t\t\t<svg aria-hidden=\"true\" class=\"e-font-icon-svg e-fas-long-arrow-alt-down\" viewBox=\"0 0 256 512\" xmlns=\"http:\/\/www.w3.org\/2000\/svg\"><path d=\"M168 345.941V44c0-6.627-5.373-12-12-12h-56c-6.627 0-12 5.373-12 12v301.941H41.941c-21.382 0-32.09 25.851-16.971 40.971l86.059 86.059c9.373 9.373 24.569 9.373 33.941 0l86.059-86.059c15.119-15.119 4.411-40.971-16.971-40.971H168z\"><\/path><\/svg>\t\t\t<\/span>\n\t\t\t\t\t\t\t\t\t<span class=\"elementor-button-text\">Ver nuestras vacantes recientes<\/span>\n\t\t\t\t\t<\/span>\n\t\t\t\t\t<\/a>\n\t\t\t\t<\/div>\n\t\t\t\t\t\t\t\t<\/div>\n\t\t\t\t<\/div>\n\t\t\t\t<\/div>\n\t\t\t\t<\/div>\n\t\t\t\t\t<\/div>\n\t\t\t\t<\/div>\n\t\t<div class=\"elementor-element elementor-element-15ceb963 e-flex e-con-boxed e-con e-parent\" data-id=\"15ceb963\" data-element_type=\"container\" data-e-type=\"container\">\n\t\t\t\t\t<div class=\"e-con-inner\">\n\t\t\t\t<div class=\"elementor-element elementor-element-35ba9c7 elementor-widget elementor-widget-heading\" data-id=\"35ba9c7\" data-element_type=\"widget\" data-e-type=\"widget\" data-widget_type=\"heading.default\">\n\t\t\t\t<div class=\"elementor-widget-container\">\n\t\t\t\t\t<h2 class=\"elementor-heading-title elementor-size-default\">\u00bfTe apuntas al reto? \u00a1Adelante! <\/h2>\t\t\t\t<\/div>\n\t\t\t\t<\/div>\n\t\t\t\t<div class=\"elementor-element elementor-element-3cd39d69 elementor-widget elementor-widget-heading\" data-id=\"3cd39d69\" data-element_type=\"widget\" data-e-type=\"widget\" data-widget_type=\"heading.default\">\n\t\t\t\t<div class=\"elementor-widget-container\">\n\t\t\t\t\t<h3 class=\"elementor-heading-title elementor-size-default\">Solicita una vacante  <\/h3>\t\t\t\t<\/div>\n\t\t\t\t<\/div>\n\t\t\t\t<div class=\"elementor-element elementor-element-63c17899 elementor-widget__width-initial elementor-widget elementor-widget-text-editor\" data-id=\"63c17899\" data-element_type=\"widget\" data-e-type=\"widget\" data-widget_type=\"text-editor.default\">\n\t\t\t\t<div class=\"elementor-widget-container\">\n\t\t\t\t\t\t\t\t\t<p>\u00bfNo encuentras ning\u00fan puesto adecuado pero a\u00fan as\u00ed quieres unirte a nosotros? Env\u00edanos tu CV. Seguro que encontraremos la forma de aplicar tu talento.  <\/p>\n\t\t\t\t\t\t\t\t<\/div>\n\t\t\t\t<\/div>\n\t\t\t\t\t<\/div>\n\t\t\t\t<\/div>\n\t\t<div class=\"elementor-element elementor-element-5ee86267 e-flex e-con-boxed e-con e-parent\" data-id=\"5ee86267\" data-element_type=\"container\" data-e-type=\"container\">\n\t\t\t\t\t<div class=\"e-con-inner\">\n\t\t\t\t<div class=\"elementor-element elementor-element-314c3bd elementor-widget elementor-widget-html\" data-id=\"314c3bd\" data-element_type=\"widget\" data-e-type=\"widget\" data-widget_type=\"html.default\">\n\t\t\t\t<div class=\"elementor-widget-container\">\n\t\t\t\t\t<script data-b24-form=\"inline\/21\/eh3qjs\" data-skip-moving=\"true\">(function(w,d,u){var s=d.createElement('script');s.async=true;s.src=u+'?'+(Date.now()\/180000|0);var h=d.getElementsByTagName('script')[0];h.parentNode.insertBefore(s,h);})(window,document,'https:\/\/cdn.bitrix24.com\/b19450961\/crm\/form\/loader_21.js');<\/script>\t\t\t\t<\/div>\n\t\t\t\t<\/div>\n\t\t\t\t\t<\/div>\n\t\t\t\t<\/div>\n\t\t<div class=\"elementor-element elementor-element-2fa886c9 e-flex e-con-boxed e-con e-parent\" data-id=\"2fa886c9\" data-element_type=\"container\" data-e-type=\"container\">\n\t\t\t\t\t<div class=\"e-con-inner\">\n\t\t<div class=\"elementor-element elementor-element-37f6fb5d e-con-full e-flex e-con e-child\" data-id=\"37f6fb5d\" data-element_type=\"container\" data-e-type=\"container\">\n\t\t\t\t<div class=\"elementor-element elementor-element-7c8f259d elementor-widget elementor-widget-text-editor\" data-id=\"7c8f259d\" data-element_type=\"widget\" data-e-type=\"widget\" data-widget_type=\"text-editor.default\">\n\t\t\t\t<div class=\"elementor-widget-container\">\n\t\t\t\t\t\t\t\t\t<p>Creemos en el ma\u00f1ana, y la pasi\u00f3n es contagiosa. \u00a1Apuntamos alto!   <\/p>\n<p><strong>Desde 2015 construimos una empresa en la que cada uno de los miembros de nuestro equipo se preocupa por los dem\u00e1s, por nuestros productos y por nuestros clientes. En Front Desk Helpers trabajar\u00e1s en un entorno orientado al trabajo en equipo, positivo y din\u00e1mico, que te ayudar\u00e1 a descubrir tu vocaci\u00f3n y a seguir creciendo profesionalmente. <\/strong><\/p>\n<p>\u00a1Ven y \u00fanete a nosotros para encontrar oportunidades profesionales a distancia y mejorar tus habilidades!<\/p>\n\t\t\t\t\t\t\t\t<\/div>\n\t\t\t\t<\/div>\n\t\t\t\t<\/div>\n\t\t\t\t\t<\/div>\n\t\t\t\t<\/div>\n\t\t<div class=\"elementor-element elementor-element-35e264b1 e-flex e-con-boxed e-con e-parent\" data-id=\"35e264b1\" data-element_type=\"container\" data-e-type=\"container\" id=\"closed-vacancies-anchor\">\n\t\t\t\t\t<div class=\"e-con-inner\">\n\t\t\t\t<div class=\"elementor-element elementor-element-2c15f6bd elementor-widget elementor-widget-heading\" data-id=\"2c15f6bd\" data-element_type=\"widget\" data-e-type=\"widget\" data-widget_type=\"heading.default\">\n\t\t\t\t<div class=\"elementor-widget-container\">\n\t\t\t\t\t<h2 class=\"elementor-heading-title elementor-size-default\">Vacantes cerradas<\/h2>\t\t\t\t<\/div>\n\t\t\t\t<\/div>\n\t\t\t\t\t<\/div>\n\t\t\t\t<\/div>\n\t\t<div class=\"elementor-element elementor-element-7e15a6b0 e-flex e-con-boxed e-con e-parent\" data-id=\"7e15a6b0\" data-element_type=\"container\" data-e-type=\"container\" id=\"careers-page-vacancy-row\">\n\t\t\t\t\t<div class=\"e-con-inner\">\n\t\t<div class=\"elementor-element elementor-element-1ddd857a e-con-full e-flex e-con e-child\" data-id=\"1ddd857a\" data-element_type=\"container\" data-e-type=\"container\" data-settings=\"{&quot;background_background&quot;:&quot;classic&quot;}\">\n\t\t\t\t<div class=\"elementor-element elementor-element-a615dd4 elementor-view-default elementor-widget elementor-widget-icon\" data-id=\"a615dd4\" data-element_type=\"widget\" data-e-type=\"widget\" data-widget_type=\"icon.default\">\n\t\t\t\t<div class=\"elementor-widget-container\">\n\t\t\t\t\t\t\t<div class=\"elementor-icon-wrapper\">\n\t\t\t<div class=\"elementor-icon\">\n\t\t\t<svg aria-hidden=\"true\" class=\"e-font-icon-svg e-fas-check\" viewBox=\"0 0 512 512\" xmlns=\"http:\/\/www.w3.org\/2000\/svg\"><path d=\"M173.898 439.404l-166.4-166.4c-9.997-9.997-9.997-26.206 0-36.204l36.203-36.204c9.997-9.998 26.207-9.998 36.204 0L192 312.69 432.095 72.596c9.997-9.997 26.207-9.997 36.204 0l36.203 36.204c9.997 9.997 9.997 26.206 0 36.204l-294.4 294.401c-9.998 9.997-26.207 9.997-36.204-.001z\"><\/path><\/svg>\t\t\t<\/div>\n\t\t<\/div>\n\t\t\t\t\t\t<\/div>\n\t\t\t\t<\/div>\n\t\t\t\t<div class=\"elementor-element elementor-element-6a9b1f31 elementor-widget elementor-widget-heading\" data-id=\"6a9b1f31\" data-element_type=\"widget\" data-e-type=\"widget\" data-widget_type=\"heading.default\">\n\t\t\t\t<div class=\"elementor-widget-container\">\n\t\t\t\t\t<h2 class=\"elementor-heading-title elementor-size-default\">Agente inmobiliario  <\/h2>\t\t\t\t<\/div>\n\t\t\t\t<\/div>\n\t\t\t\t<div class=\"elementor-element elementor-element-5138f50c careers-page-vacancy-description elementor-widget elementor-widget-text-editor\" data-id=\"5138f50c\" data-element_type=\"widget\" data-e-type=\"widget\" data-widget_type=\"text-editor.default\">\n\t\t\t\t<div class=\"elementor-widget-container\">\n\t\t\t\t\t\t\t\t\t<p>Hola, \u00a1querido futuro empleado! Si eres responsable, atento a los detalles, un especialista bien organizado, capaz de realizar m\u00faltiples tareas y&#8230; <\/p>\n\t\t\t\t\t\t\t\t<\/div>\n\t\t\t\t<\/div>\n\t\t<div class=\"elementor-element elementor-element-6aa526a8 e-con-full careers-page-vacancy-buttons-section e-flex e-con e-child\" data-id=\"6aa526a8\" data-element_type=\"container\" data-e-type=\"container\">\n\t\t<div class=\"elementor-element elementor-element-2c3b2a33 e-con-full e-flex e-con e-child\" data-id=\"2c3b2a33\" data-element_type=\"container\" data-e-type=\"container\">\n\t\t\t\t<div class=\"elementor-element elementor-element-424d9cee elementor-widget elementor-widget-button\" data-id=\"424d9cee\" data-element_type=\"widget\" data-e-type=\"widget\" data-widget_type=\"button.default\">\n\t\t\t\t<div class=\"elementor-widget-container\">\n\t\t\t\t\t\t\t\t\t<div class=\"elementor-button-wrapper\">\n\t\t\t\t\t<a class=\"elementor-button elementor-button-link elementor-size-sm\" href=\"\/company\/careers\/real-state-agent\/\">\n\t\t\t\t\t\t<span class=\"elementor-button-content-wrapper\">\n\t\t\t\t\t\t\t\t\t<span class=\"elementor-button-text\">Inmobiliaria<\/span>\n\t\t\t\t\t<\/span>\n\t\t\t\t\t<\/a>\n\t\t\t\t<\/div>\n\t\t\t\t\t\t\t\t<\/div>\n\t\t\t\t<\/div>\n\t\t\t\t<\/div>\n\t\t<div class=\"elementor-element elementor-element-16f06671 e-con-full e-flex e-con e-child\" data-id=\"16f06671\" data-element_type=\"container\" data-e-type=\"container\" data-settings=\"{&quot;background_background&quot;:&quot;classic&quot;}\">\n\t\t\t\t<div class=\"elementor-element elementor-element-69001d29 elementor-widget elementor-widget-button\" data-id=\"69001d29\" data-element_type=\"widget\" data-e-type=\"widget\" data-widget_type=\"button.default\">\n\t\t\t\t<div class=\"elementor-widget-container\">\n\t\t\t\t\t\t\t\t\t<div class=\"elementor-button-wrapper\">\n\t\t\t\t\t<a class=\"elementor-button elementor-button-link elementor-size-sm\" href=\"\/company\/careers\/real-state-agent\/real-estate-agent\/\">\n\t\t\t\t\t\t<span class=\"elementor-button-content-wrapper\">\n\t\t\t\t\t\t\t\t\t<span class=\"elementor-button-text\">Ver detalles<\/span>\n\t\t\t\t\t<\/span>\n\t\t\t\t\t<\/a>\n\t\t\t\t<\/div>\n\t\t\t\t\t\t\t\t<\/div>\n\t\t\t\t<\/div>\n\t\t\t\t<\/div>\n\t\t\t\t<\/div>\n\t\t\t\t<\/div>\n\t\t<div class=\"elementor-element elementor-element-1ccdc9f2 e-con-full elementor-hidden-mobile e-flex e-con e-child\" data-id=\"1ccdc9f2\" data-element_type=\"container\" data-e-type=\"container\" data-settings=\"{&quot;background_background&quot;:&quot;classic&quot;}\">\n\t\t\t\t<\/div>\n\t\t<div class=\"elementor-element elementor-element-59fde9a7 e-con-full elementor-hidden-mobile e-flex e-con e-child\" data-id=\"59fde9a7\" data-element_type=\"container\" data-e-type=\"container\" data-settings=\"{&quot;background_background&quot;:&quot;classic&quot;}\">\n\t\t\t\t<\/div>\n\t\t\t\t\t<\/div>\n\t\t\t\t<\/div>\n\t\t\t\t<\/div>\n\t\t","protected":false},"excerpt":{"rendered":"<p>CONTRATAMOS EMPLEADOS A DISTANCIA Forma parte de nuestra familia de Ayudantes de Recepci\u00f3n Gracias por tu inter\u00e9s en nuestras oportunidades profesionales. En estos momentos, no tenemos vacantes en la categor\u00eda por la que preguntas. Sin embargo, te invitamos a que revises los puestos que hemos cerrado recientemente y que se enumeran a continuaci\u00f3n. Esto te [&hellip;]<\/p>\n","protected":false},"author":2,"featured_media":0,"parent":8593,"menu_order":0,"comment_status":"closed","ping_status":"closed","template":"","meta":{"inline_featured_image":false,"footnotes":""},"class_list":["post-8557","page","type-page","status-publish"],"yoast_head":"<!-- This site is optimized with the Yoast SEO plugin v27.3 - https:\/\/yoast.com\/product\/yoast-seo-wordpress\/ -->\n<title>Agente de la propiedad inmobiliaria - FDH<\/title>\n<meta name=\"robots\" content=\"index, follow, max-snippet:-1, max-image-preview:large, max-video-preview:-1\" \/>\n<link rel=\"canonical\" href=\"https:\/\/frontdeskhelpers.com\/es\/company\/%d1%81areers\/agente-de-la-propiedad-inmobiliaria\/\" \/>\n<meta property=\"og:locale\" content=\"es_ES\" \/>\n<meta property=\"og:type\" content=\"article\" \/>\n<meta property=\"og:title\" content=\"Agente de la propiedad inmobiliaria - FDH\" \/>\n<meta property=\"og:description\" content=\"CONTRATAMOS EMPLEADOS A DISTANCIA Forma parte de nuestra familia de Ayudantes de Recepci\u00f3n Gracias por tu inter\u00e9s en nuestras oportunidades profesionales. En estos momentos, no tenemos vacantes en la categor\u00eda por la que preguntas. Sin embargo, te invitamos a que revises los puestos que hemos cerrado recientemente y que se enumeran a continuaci\u00f3n. Esto te [&hellip;]\" \/>\n<meta property=\"og:url\" content=\"https:\/\/frontdeskhelpers.com\/es\/company\/%d1%81areers\/agente-de-la-propiedad-inmobiliaria\/\" \/>\n<meta property=\"og:site_name\" content=\"FDH\" \/>\n<meta property=\"article:modified_time\" content=\"2024-12-19T21:01:38+00:00\" \/>\n<meta name=\"twitter:card\" content=\"summary_large_image\" \/>\n<meta name=\"twitter:label1\" content=\"Tiempo de lectura\" \/>\n\t<meta name=\"twitter:data1\" content=\"1 minuto\" \/>\n<!-- \/ Yoast SEO plugin. -->","yoast_head_json":{"title":"Agente de la propiedad inmobiliaria - FDH","robots":{"index":"index","follow":"follow","max-snippet":"max-snippet:-1","max-image-preview":"max-image-preview:large","max-video-preview":"max-video-preview:-1"},"canonical":"https:\/\/frontdeskhelpers.com\/es\/company\/%d1%81areers\/agente-de-la-propiedad-inmobiliaria\/","og_locale":"es_ES","og_type":"article","og_title":"Agente de la propiedad inmobiliaria - FDH","og_description":"CONTRATAMOS EMPLEADOS A DISTANCIA Forma parte de nuestra familia de Ayudantes de Recepci\u00f3n Gracias por tu inter\u00e9s en nuestras oportunidades profesionales. En estos momentos, no tenemos vacantes en la categor\u00eda por la que preguntas. Sin embargo, te invitamos a que revises los puestos que hemos cerrado recientemente y que se enumeran a continuaci\u00f3n. Esto te [&hellip;]","og_url":"https:\/\/frontdeskhelpers.com\/es\/company\/%d1%81areers\/agente-de-la-propiedad-inmobiliaria\/","og_site_name":"FDH","article_modified_time":"2024-12-19T21:01:38+00:00","twitter_card":"summary_large_image","twitter_misc":{"Tiempo de lectura":"1 minuto"},"schema":{"@context":"https:\/\/schema.org","@graph":[{"@type":"WebPage","@id":"https:\/\/frontdeskhelpers.com\/es\/company\/%d1%81areers\/agente-de-la-propiedad-inmobiliaria\/","url":"https:\/\/frontdeskhelpers.com\/es\/company\/%d1%81areers\/agente-de-la-propiedad-inmobiliaria\/","name":"Agente de la propiedad inmobiliaria - FDH","isPartOf":{"@id":"https:\/\/frontdeskhelpers.com\/es\/#website"},"datePublished":"2024-08-10T18:39:01+00:00","dateModified":"2024-12-19T21:01:38+00:00","breadcrumb":{"@id":"https:\/\/frontdeskhelpers.com\/es\/company\/%d1%81areers\/agente-de-la-propiedad-inmobiliaria\/#breadcrumb"},"inLanguage":"es","potentialAction":[{"@type":"ReadAction","target":["https:\/\/frontdeskhelpers.com\/es\/company\/%d1%81areers\/agente-de-la-propiedad-inmobiliaria\/"]}]},{"@type":"BreadcrumbList","@id":"https:\/\/frontdeskhelpers.com\/es\/company\/%d1%81areers\/agente-de-la-propiedad-inmobiliaria\/#breadcrumb","itemListElement":[{"@type":"ListItem","position":1,"name":"Home","item":"https:\/\/frontdeskhelpers.com\/es\/"},{"@type":"ListItem","position":2,"name":"Company","item":"https:\/\/frontdeskhelpers.com\/es\/company\/"},{"@type":"ListItem","position":3,"name":"\u0421areers","item":"https:\/\/frontdeskhelpers.com\/es\/company\/careers-vacancies\/"},{"@type":"ListItem","position":4,"name":"Agente de la propiedad inmobiliaria"}]},{"@type":"WebSite","@id":"https:\/\/frontdeskhelpers.com\/es\/#website","url":"https:\/\/frontdeskhelpers.com\/es\/","name":"FDH","description":"","potentialAction":[{"@type":"SearchAction","target":{"@type":"EntryPoint","urlTemplate":"https:\/\/frontdeskhelpers.com\/es\/?s={search_term_string}"},"query-input":{"@type":"PropertyValueSpecification","valueRequired":true,"valueName":"search_term_string"}}],"inLanguage":"es"}]}},"_links":{"self":[{"href":"https:\/\/frontdeskhelpers.com\/es\/wp-json\/wp\/v2\/pages\/8557","targetHints":{"allow":["GET"]}}],"collection":[{"href":"https:\/\/frontdeskhelpers.com\/es\/wp-json\/wp\/v2\/pages"}],"about":[{"href":"https:\/\/frontdeskhelpers.com\/es\/wp-json\/wp\/v2\/types\/page"}],"author":[{"embeddable":true,"href":"https:\/\/frontdeskhelpers.com\/es\/wp-json\/wp\/v2\/users\/2"}],"replies":[{"embeddable":true,"href":"https:\/\/frontdeskhelpers.com\/es\/wp-json\/wp\/v2\/comments?post=8557"}],"version-history":[{"count":1,"href":"https:\/\/frontdeskhelpers.com\/es\/wp-json\/wp\/v2\/pages\/8557\/revisions"}],"predecessor-version":[{"id":8559,"href":"https:\/\/frontdeskhelpers.com\/es\/wp-json\/wp\/v2\/pages\/8557\/revisions\/8559"}],"up":[{"embeddable":true,"href":"https:\/\/frontdeskhelpers.com\/es\/wp-json\/wp\/v2\/pages\/8593"}],"wp:attachment":[{"href":"https:\/\/frontdeskhelpers.com\/es\/wp-json\/wp\/v2\/media?parent=8557"}],"curies":[{"name":"wp","href":"https:\/\/api.w.org\/{rel}","templated":true}]}}