{"id":8552,"date":"2024-08-12T12:27:33","date_gmt":"2024-08-12T12:27:33","guid":{"rendered":"https:\/\/frontdeskhelpers.com\/gestion\/agente-de-arrendamiento-de-coches\/"},"modified":"2024-12-19T20:55:52","modified_gmt":"2024-12-19T20:55:52","slug":"agente-de-arrendamiento-de-coches","status":"publish","type":"page","link":"https:\/\/frontdeskhelpers.com\/es\/company\/%d1%81areers\/gestion\/agente-de-arrendamiento-de-coches\/","title":{"rendered":"Agente de arrendamiento de coches"},"content":{"rendered":"\n<div class=\"wp-block-columns is-layout-flex wp-container-core-columns-is-layout-9d6595d7 wp-block-columns-is-layout-flex\">\n<div class=\"wp-block-column is-layout-flow wp-block-column-is-layout-flow\"><div class=\"pvc_clear\"><\/div><p id=\"pvc_stats_8552\" class=\"pvc_stats total_only  pvc_load_by_ajax_update\" data-element-id=\"8552\" style=\"\"><i class=\"pvc-stats-icon medium\" aria-hidden=\"true\"><svg aria-hidden=\"true\" focusable=\"false\" data-prefix=\"far\" data-icon=\"chart-bar\" role=\"img\" xmlns=\"http:\/\/www.w3.org\/2000\/svg\" viewBox=\"0 0 512 512\" class=\"svg-inline--fa fa-chart-bar fa-w-16 fa-2x\"><path fill=\"currentColor\" d=\"M396.8 352h22.4c6.4 0 12.8-6.4 12.8-12.8V108.8c0-6.4-6.4-12.8-12.8-12.8h-22.4c-6.4 0-12.8 6.4-12.8 12.8v230.4c0 6.4 6.4 12.8 12.8 12.8zm-192 0h22.4c6.4 0 12.8-6.4 12.8-12.8V140.8c0-6.4-6.4-12.8-12.8-12.8h-22.4c-6.4 0-12.8 6.4-12.8 12.8v198.4c0 6.4 6.4 12.8 12.8 12.8zm96 0h22.4c6.4 0 12.8-6.4 12.8-12.8V204.8c0-6.4-6.4-12.8-12.8-12.8h-22.4c-6.4 0-12.8 6.4-12.8 12.8v134.4c0 6.4 6.4 12.8 12.8 12.8zM496 400H48V80c0-8.84-7.16-16-16-16H16C7.16 64 0 71.16 0 80v336c0 17.67 14.33 32 32 32h464c8.84 0 16-7.16 16-16v-16c0-8.84-7.16-16-16-16zm-387.2-48h22.4c6.4 0 12.8-6.4 12.8-12.8v-70.4c0-6.4-6.4-12.8-12.8-12.8h-22.4c-6.4 0-12.8 6.4-12.8 12.8v70.4c0 6.4 6.4 12.8 12.8 12.8z\" class=\"\"><\/path><\/svg><\/i> <img decoding=\"async\" width=\"16\" height=\"16\" alt=\"Loading\" src=\"https:\/\/frontdeskhelpers.com\/wp-content\/plugins\/page-views-count\/ajax-loader-2x.gif\" border=0 \/><\/p><div class=\"pvc_clear\"><\/div>\n<\/div>\n\n\n\n<div class=\"wp-block-column is-vertically-aligned-center is-layout-flow wp-block-column-is-layout-flow\">\n<p class=\"has-text-align-center closed-vacancy-info\">VACANTE CERRADA<\/p>\n<\/div>\n<\/div>\n\n<p>Actualmente estamos buscando <strong>un agente de leasing de coches a distancia <\/strong>para uno de nuestros proyectos, una empresa de leasing de coches de Nueva York. Como primer punto de contacto para los clientes potenciales, ser\u00e1s crucial para representar a nuestra empresa y ayudar en las consultas. <\/p>\n\n<p><strong>Requisitos<\/strong>:<\/p>\n\n<ul class=\"wp-block-list\">\n<li>Dominio del ingl\u00e9s (avanzado) y del ruso (nativo)<\/li>\n\n\n\n<li>S\u00f3lidos conocimientos inform\u00e1ticos<\/li>\n\n\n\n<li>Excelentes habilidades de atenci\u00f3n al cliente para proporcionar un apoyo excepcional<\/li>\n\n\n\n<li>Puntualidad<\/li>\n\n\n\n<li>Conexi\u00f3n a Internet de alta velocidad<\/li>\n\n\n\n<li>Ordenador personal o port\u00e1til<\/li>\n<\/ul>\n\n<p><strong>Responsabilidades:<\/strong><\/p>\n\n<ul class=\"wp-block-list\">\n<li>Atender diversas llamadas telef\u00f3nicas de clientes potenciales, principalmente relacionadas con coches disponibles para arrendar (aproximadamente de 2 a 6 llamadas por turno).<\/li>\n\n\n\n<li>Recopilar informaci\u00f3n sobre los clientes y transmitirla a Asana para los gestores de ventas<\/li>\n\n\n\n<li>Realizar llamadas salientes a los departamentos financieros para obtener los importes de pago de los concesionarios en nombre de los clientes.<\/li>\n\n\n\n<li>Comunicarse con las compa\u00f1\u00edas de seguros para a\u00f1adir o sustituir veh\u00edculos<\/li>\n\n\n\n<li>Crea breves posts en las redes sociales dos veces por semana sobre los \u00faltimos coches disponibles (con la ayuda de ChatGPT)<\/li>\n\n\n\n<li>Ayudar en diversas tareas delegadas por los directivos<\/li>\n<\/ul>\n\n<p><strong>Cu\u00e1l es el horario de trabajo:<\/strong><\/p>\n\n<p>De lunes a viernes, de 9 a 13 h (hora de Nueva York, UTC-5), con un total de 20 horas semanales. Capacidad para<br\/>cubrir urgencias de 13.00 a 19.00 horas. <\/p>\n\n<p><strong>Qu\u00e9 ofrecemos:<\/strong><\/p>\n\n<ul class=\"wp-block-list\">\n<li>Formaci\u00f3n completa para los nuevos empleados con un salario inicial de 4 $\/hora, que aumenta a 5 $\/hora despu\u00e9s de la formaci\u00f3n<\/li>\n\n\n\n<li>Pagos quincenales en USD<\/li>\n\n\n\n<li>Flexibilidad de trabajo a distancia por la tarde<\/li>\n\n\n\n<li>Vacaciones pagadas tras un a\u00f1o de empleo<\/li>\n\n\n\n<li>Suministro de tel\u00e9fonos IP de hardware y software necesario (correo electr\u00f3nico, CRM, fax virtual, servicio SMS, VPN)<\/li>\n\n\n\n<li>Cursos en espa\u00f1ol y de autodesarrollo a trav\u00e9s de plataformas populares<\/li>\n<\/ul>\n\n<p>Env\u00eda tu curr\u00edculum en ingl\u00e9s a nuestro correo electr\u00f3nico directo: <a href=\"mailto:career@frontdeskhelpers.com\">career@frontdeskhelpers.com<\/a><\/p>\n\n<p>\u00a1Estoy deseando conocerte en la entrevista!<\/p>\n\n<figure class=\"wp-block-image size-large\"><img fetchpriority=\"high\" decoding=\"async\" width=\"1024\" height=\"490\" src=\"https:\/\/frontdeskhelpers.com\/wp-content\/uploads\/2024\/08\/remote_agent-1024x490.webp\" alt=\"\" class=\"wp-image-3352\" srcset=\"https:\/\/frontdeskhelpers.com\/wp-content\/uploads\/2024\/08\/remote_agent-1024x490.webp 1024w, https:\/\/frontdeskhelpers.com\/wp-content\/uploads\/2024\/08\/remote_agent-300x144.webp 300w, https:\/\/frontdeskhelpers.com\/wp-content\/uploads\/2024\/08\/remote_agent-768x367.webp 768w, https:\/\/frontdeskhelpers.com\/wp-content\/uploads\/2024\/08\/remote_agent-450x215.webp 450w, https:\/\/frontdeskhelpers.com\/wp-content\/uploads\/2024\/08\/remote_agent-780x373.webp 780w, https:\/\/frontdeskhelpers.com\/wp-content\/uploads\/2024\/08\/remote_agent.webp 1200w\" sizes=\"(max-width: 1024px) 100vw, 1024px\" \/><figcaption class=\"wp-element-caption\">Agente de arrendamiento de coches en el trabajo<\/figcaption><\/figure>\n","protected":false},"excerpt":{"rendered":"<p>Actualmente estamos buscando un agente de leasing de coches a distancia para uno de nuestros proyectos, una empresa de leasing de coches de Nueva York. Como primer punto de contacto para los clientes potenciales, ser\u00e1s crucial para representar a nuestra empresa y ayudar en las consultas. Requisitos: Responsabilidades: Cu\u00e1l es el horario de trabajo: De [&hellip;]<\/p>\n","protected":false},"author":2,"featured_media":0,"parent":8544,"menu_order":0,"comment_status":"closed","ping_status":"closed","template":"","meta":{"inline_featured_image":false,"footnotes":""},"class_list":["post-8552","page","type-page","status-publish"],"yoast_head":"<!-- This site is optimized with the Yoast SEO plugin v27.3 - https:\/\/yoast.com\/product\/yoast-seo-wordpress\/ -->\n<title>Carrera de Agente de Arrendamiento de Veh\u00edculos a Distancia | FDH<\/title>\n<meta name=\"description\" content=\"Oportunidades de trabajo a distancia. Puesto vacante de Agente de Arrendamiento de Veh\u00edculos a Distancia. Estamos contratando agente con experiencia. \u00a1\u00danete al equipo de profesionales de FDH!\" \/>\n<meta name=\"robots\" content=\"index, follow, max-snippet:-1, max-image-preview:large, max-video-preview:-1\" \/>\n<link rel=\"canonical\" href=\"https:\/\/frontdeskhelpers.com\/es\/company\/%d1%81areers\/gestion\/agente-de-arrendamiento-de-coches\/\" \/>\n<meta property=\"og:locale\" content=\"es_ES\" \/>\n<meta property=\"og:type\" content=\"article\" \/>\n<meta property=\"og:title\" content=\"Carrera de Agente de Arrendamiento de Veh\u00edculos a Distancia | FDH\" \/>\n<meta property=\"og:description\" content=\"Oportunidades de trabajo a distancia. Puesto vacante de Agente de Arrendamiento de Veh\u00edculos a Distancia. Estamos contratando agente con experiencia. \u00a1\u00danete al equipo de profesionales de FDH!\" \/>\n<meta property=\"og:url\" content=\"https:\/\/frontdeskhelpers.com\/es\/company\/%d1%81areers\/gestion\/agente-de-arrendamiento-de-coches\/\" \/>\n<meta property=\"og:site_name\" content=\"FDH\" \/>\n<meta property=\"article:modified_time\" content=\"2024-12-19T20:55:52+00:00\" \/>\n<meta property=\"og:image\" content=\"https:\/\/frontdeskhelpers.com\/wp-content\/uploads\/2024\/08\/remote_agent-1024x490.webp\" \/>\n<meta name=\"twitter:card\" content=\"summary_large_image\" \/>\n<meta name=\"twitter:label1\" content=\"Tiempo de lectura\" \/>\n\t<meta name=\"twitter:data1\" content=\"2 minutos\" \/>\n<!-- \/ Yoast SEO plugin. -->","yoast_head_json":{"title":"Carrera de Agente de Arrendamiento de Veh\u00edculos a Distancia | FDH","description":"Oportunidades de trabajo a distancia. Puesto vacante de Agente de Arrendamiento de Veh\u00edculos a Distancia. Estamos contratando agente con experiencia. \u00a1\u00danete al equipo de profesionales de FDH!","robots":{"index":"index","follow":"follow","max-snippet":"max-snippet:-1","max-image-preview":"max-image-preview:large","max-video-preview":"max-video-preview:-1"},"canonical":"https:\/\/frontdeskhelpers.com\/es\/company\/%d1%81areers\/gestion\/agente-de-arrendamiento-de-coches\/","og_locale":"es_ES","og_type":"article","og_title":"Carrera de Agente de Arrendamiento de Veh\u00edculos a Distancia | FDH","og_description":"Oportunidades de trabajo a distancia. Puesto vacante de Agente de Arrendamiento de Veh\u00edculos a Distancia. Estamos contratando agente con experiencia. \u00a1\u00danete al equipo de profesionales de FDH!","og_url":"https:\/\/frontdeskhelpers.com\/es\/company\/%d1%81areers\/gestion\/agente-de-arrendamiento-de-coches\/","og_site_name":"FDH","article_modified_time":"2024-12-19T20:55:52+00:00","og_image":[{"url":"https:\/\/frontdeskhelpers.com\/wp-content\/uploads\/2024\/08\/remote_agent-1024x490.webp","type":"","width":"","height":""}],"twitter_card":"summary_large_image","twitter_misc":{"Tiempo de lectura":"2 minutos"},"schema":{"@context":"https:\/\/schema.org","@graph":[{"@type":"WebPage","@id":"https:\/\/frontdeskhelpers.com\/es\/company\/%d1%81areers\/gestion\/agente-de-arrendamiento-de-coches\/","url":"https:\/\/frontdeskhelpers.com\/es\/company\/%d1%81areers\/gestion\/agente-de-arrendamiento-de-coches\/","name":"Carrera de Agente de Arrendamiento de Veh\u00edculos a Distancia | FDH","isPartOf":{"@id":"https:\/\/frontdeskhelpers.com\/es\/#website"},"primaryImageOfPage":{"@id":"https:\/\/frontdeskhelpers.com\/es\/company\/%d1%81areers\/gestion\/agente-de-arrendamiento-de-coches\/#primaryimage"},"image":{"@id":"https:\/\/frontdeskhelpers.com\/es\/company\/%d1%81areers\/gestion\/agente-de-arrendamiento-de-coches\/#primaryimage"},"thumbnailUrl":"https:\/\/frontdeskhelpers.com\/wp-content\/uploads\/2024\/08\/remote_agent-1024x490.webp","datePublished":"2024-08-12T12:27:33+00:00","dateModified":"2024-12-19T20:55:52+00:00","description":"Oportunidades de trabajo a distancia. Puesto vacante de Agente de Arrendamiento de Veh\u00edculos a Distancia. Estamos contratando agente con experiencia. \u00a1\u00danete al equipo de profesionales de FDH!","breadcrumb":{"@id":"https:\/\/frontdeskhelpers.com\/es\/company\/%d1%81areers\/gestion\/agente-de-arrendamiento-de-coches\/#breadcrumb"},"inLanguage":"es","potentialAction":[{"@type":"ReadAction","target":["https:\/\/frontdeskhelpers.com\/es\/company\/%d1%81areers\/gestion\/agente-de-arrendamiento-de-coches\/"]}]},{"@type":"ImageObject","inLanguage":"es","@id":"https:\/\/frontdeskhelpers.com\/es\/company\/%d1%81areers\/gestion\/agente-de-arrendamiento-de-coches\/#primaryimage","url":"https:\/\/frontdeskhelpers.com\/wp-content\/uploads\/2024\/08\/remote_agent-1024x490.webp","contentUrl":"https:\/\/frontdeskhelpers.com\/wp-content\/uploads\/2024\/08\/remote_agent-1024x490.webp"},{"@type":"BreadcrumbList","@id":"https:\/\/frontdeskhelpers.com\/es\/company\/%d1%81areers\/gestion\/agente-de-arrendamiento-de-coches\/#breadcrumb","itemListElement":[{"@type":"ListItem","position":1,"name":"Home","item":"https:\/\/frontdeskhelpers.com\/es\/"},{"@type":"ListItem","position":2,"name":"Company","item":"https:\/\/frontdeskhelpers.com\/es\/company\/"},{"@type":"ListItem","position":3,"name":"\u0421areers","item":"https:\/\/frontdeskhelpers.com\/es\/company\/careers-vacancies\/"},{"@type":"ListItem","position":4,"name":"Gesti\u00f3n","item":"https:\/\/frontdeskhelpers.com\/es\/company\/careers-vacancies\/management\/"},{"@type":"ListItem","position":5,"name":"Agente de arrendamiento de coches"}]},{"@type":"WebSite","@id":"https:\/\/frontdeskhelpers.com\/es\/#website","url":"https:\/\/frontdeskhelpers.com\/es\/","name":"FDH","description":"","potentialAction":[{"@type":"SearchAction","target":{"@type":"EntryPoint","urlTemplate":"https:\/\/frontdeskhelpers.com\/es\/?s={search_term_string}"},"query-input":{"@type":"PropertyValueSpecification","valueRequired":true,"valueName":"search_term_string"}}],"inLanguage":"es"}]}},"_links":{"self":[{"href":"https:\/\/frontdeskhelpers.com\/es\/wp-json\/wp\/v2\/pages\/8552","targetHints":{"allow":["GET"]}}],"collection":[{"href":"https:\/\/frontdeskhelpers.com\/es\/wp-json\/wp\/v2\/pages"}],"about":[{"href":"https:\/\/frontdeskhelpers.com\/es\/wp-json\/wp\/v2\/types\/page"}],"author":[{"embeddable":true,"href":"https:\/\/frontdeskhelpers.com\/es\/wp-json\/wp\/v2\/users\/2"}],"replies":[{"embeddable":true,"href":"https:\/\/frontdeskhelpers.com\/es\/wp-json\/wp\/v2\/comments?post=8552"}],"version-history":[{"count":1,"href":"https:\/\/frontdeskhelpers.com\/es\/wp-json\/wp\/v2\/pages\/8552\/revisions"}],"predecessor-version":[{"id":8554,"href":"https:\/\/frontdeskhelpers.com\/es\/wp-json\/wp\/v2\/pages\/8552\/revisions\/8554"}],"up":[{"embeddable":true,"href":"https:\/\/frontdeskhelpers.com\/es\/wp-json\/wp\/v2\/pages\/8544"}],"wp:attachment":[{"href":"https:\/\/frontdeskhelpers.com\/es\/wp-json\/wp\/v2\/media?parent=8552"}],"curies":[{"name":"wp","href":"https:\/\/api.w.org\/{rel}","templated":true}]}}