{"id":8546,"date":"2024-08-12T11:45:55","date_gmt":"2024-08-12T11:45:55","guid":{"rendered":"https:\/\/frontdeskhelpers.com\/contabilidad\/oferta-de-empleo-de-especialista-en-facturacion-medica-y-cobros\/"},"modified":"2025-01-21T16:41:55","modified_gmt":"2025-01-21T16:41:55","slug":"oferta-de-empleo-de-especialista-en-facturacion-medica-y-cobros","status":"publish","type":"page","link":"https:\/\/frontdeskhelpers.com\/es\/company\/%d1%81areers\/contabilidad\/oferta-de-empleo-de-especialista-en-facturacion-medica-y-cobros\/","title":{"rendered":"Oferta de empleo de Especialista en Facturaci\u00f3n M\u00e9dica y Cobros"},"content":{"rendered":"\n<div class=\"wp-block-columns is-layout-flex wp-container-core-columns-is-layout-9d6595d7 wp-block-columns-is-layout-flex\">\n<div class=\"wp-block-column is-layout-flow wp-block-column-is-layout-flow\"><div class=\"pvc_clear\"><\/div><p id=\"pvc_stats_8546\" class=\"pvc_stats total_only  pvc_load_by_ajax_update\" data-element-id=\"8546\" style=\"\"><i class=\"pvc-stats-icon medium\" aria-hidden=\"true\"><svg aria-hidden=\"true\" focusable=\"false\" data-prefix=\"far\" data-icon=\"chart-bar\" role=\"img\" xmlns=\"http:\/\/www.w3.org\/2000\/svg\" viewBox=\"0 0 512 512\" class=\"svg-inline--fa fa-chart-bar fa-w-16 fa-2x\"><path fill=\"currentColor\" d=\"M396.8 352h22.4c6.4 0 12.8-6.4 12.8-12.8V108.8c0-6.4-6.4-12.8-12.8-12.8h-22.4c-6.4 0-12.8 6.4-12.8 12.8v230.4c0 6.4 6.4 12.8 12.8 12.8zm-192 0h22.4c6.4 0 12.8-6.4 12.8-12.8V140.8c0-6.4-6.4-12.8-12.8-12.8h-22.4c-6.4 0-12.8 6.4-12.8 12.8v198.4c0 6.4 6.4 12.8 12.8 12.8zm96 0h22.4c6.4 0 12.8-6.4 12.8-12.8V204.8c0-6.4-6.4-12.8-12.8-12.8h-22.4c-6.4 0-12.8 6.4-12.8 12.8v134.4c0 6.4 6.4 12.8 12.8 12.8zM496 400H48V80c0-8.84-7.16-16-16-16H16C7.16 64 0 71.16 0 80v336c0 17.67 14.33 32 32 32h464c8.84 0 16-7.16 16-16v-16c0-8.84-7.16-16-16-16zm-387.2-48h22.4c6.4 0 12.8-6.4 12.8-12.8v-70.4c0-6.4-6.4-12.8-12.8-12.8h-22.4c-6.4 0-12.8 6.4-12.8 12.8v70.4c0 6.4 6.4 12.8 12.8 12.8z\" class=\"\"><\/path><\/svg><\/i> <img decoding=\"async\" width=\"16\" height=\"16\" alt=\"Loading\" src=\"https:\/\/frontdeskhelpers.com\/wp-content\/plugins\/page-views-count\/ajax-loader-2x.gif\" border=0 \/><\/p><div class=\"pvc_clear\"><\/div>\n<\/div>\n\n\n\n<div class=\"wp-block-column is-vertically-aligned-center is-layout-flow wp-block-column-is-layout-flow\">\n<p class=\"has-text-align-center closed-vacancy-info\">VACANTE CERRADA<\/p>\n<\/div>\n<\/div>\n\n<p>\u00bfTe desenvuelves bien en un entorno acelerado en el que puedes utilizar tus habilidades de comunicaci\u00f3n y negociaci\u00f3n para garantizar pagos puntuales? \u00bfTe apasionan las pr\u00e1cticas de facturaci\u00f3n precisas y los cobros \u00e9ticos? Si es as\u00ed, \u00a1queremos saber de ti!  <\/p>\n\n<p>Front Desk Helpers<a href=\"https:\/\/frontdeskhelpers.com\/es\/\">(frontdeskhelpers.com<\/a>), es una empresa fundada y dirigida por mujeres con sede en Nueva Jersey, EE.UU., establecida en 2015. Ofrecemos diversos servicios, como inform\u00e1tica, telecomunicaciones, atenci\u00f3n al cliente y RRHH. Actualmente, buscamos un <strong>Especialista en Facturaci\u00f3n M\u00e9dica y Cobros a distancia<\/strong> para una empresa de facturaci\u00f3n\/cobro de ciclos de ingresos en Nueva York. El especialista en este puesto ser\u00e1 responsable de perseguir de forma eficaz y agresiva las cuentas pendientes y generar ingresos de forma constante mediante pr\u00e1cticas de facturaci\u00f3n profesionales y esfuerzos de cobro adecuados y \u00e9ticos. Se trata de un puesto a tiempo completo totalmente remoto.      <\/p>\n\n<p><strong>Qu\u00e9 competencias buscamos:<\/strong><\/p>\n\n<ul class=\"wp-block-list\">\n<li>Ingl\u00e9s (Avanzado)  <\/li>\n\n\n\n<li>Excelentes conocimientos inform\u00e1ticos (capacidad para trabajar con aplicaciones, CRM, correos electr\u00f3nicos, etc.)  <\/li>\n\n\n\n<li>Alto nivel de atenci\u00f3n al cliente<\/li>\n\n\n\n<li>Aprendes r\u00e1pido  <\/li>\n\n\n\n<li>Orientaci\u00f3n al detalle, ya que trabajamos con p\u00f3lizas de seguros<\/li>\n\n\n\n<li>Puntualidad<\/li>\n\n\n\n<li>Conexi\u00f3n a Internet de alta velocidad<\/li>\n\n\n\n<li>Tu propio ordenador o un port\u00e1til<\/li>\n<\/ul>\n\n<p><strong>Qu\u00e9 ofrecemos:<\/strong><\/p>\n\n<ul class=\"wp-block-list\">\n<li>Proporcionamos 2 semanas de formaci\u00f3n remunerada a los nuevos empleados.<\/li>\n\n\n\n<li>Salario competitivo pagado en USD dos veces al mes.<\/li>\n\n\n\n<li>Trabaja en un equipo experimentado bajo la supervisi\u00f3n de un directivo.<\/li>\n\n\n\n<li>Capacidad para trabajar a distancia.<\/li>\n\n\n\n<li>7 d\u00edas de vacaciones pagadas al a\u00f1o tras un a\u00f1o de empleo.<\/li>\n\n\n\n<li>Proporcionamos a nuestros empleados tel\u00e9fonos IP de hardware como instrumento de conexi\u00f3n con los clientes de EE.UU., as\u00ed como todo el software necesario (CRM, fax virtual, servicio SMS, VPN).<\/li>\n\n\n\n<li>Una direcci\u00f3n abierta, con la que es f\u00e1cil ponerse en contacto.<\/li>\n\n\n\n<li>Igualdad de oportunidades para personas de cualquier edad, sexo o nacionalidad.<\/li>\n\n\n\n<li>Cursos de autodesarrollo impulsados por plataformas populares.<\/li>\n\n\n\n<li>Asistencia t\u00e9cnica constante.<\/li>\n<\/ul>\n\n<p><strong>Horario<\/strong>:<\/p>\n\n<p>De lunes a jueves de 9:00 a 17:30 (30 minutos de pausa para comer incluidos) y viernes de 9:00 a 15:00 (30 minutos de pausa para comer incluidos).  <strong>Todos los turnos son seg\u00fan la zona horaria de Nueva York.<\/strong><\/p>\n\n<p><strong>Responsabilidades:<\/strong><\/p>\n\n<ul class=\"wp-block-list\">\n<li>Seguimiento puntual de todas las facturas y cobros de Indemnizaci\u00f3n por Accidentes Laborales y Sin Culpa, denegaciones de siniestros y apelaciones de siniestros.<\/li>\n\n\n\n<li>Revisi\u00f3n minuciosa de los historiales y la correspondencia para determinar el fondo del asunto.<\/li>\n\n\n\n<li>Redactar respuestas por escrito para abordar cualquier problema de cobro Negociar asertivamente acuerdos por tel\u00e9fono y habilidades de negociaci\u00f3n inteligente.<\/li>\n\n\n\n<li>Experiencia en la Junta de Apelaciones de Compensaci\u00f3n Laboral.<\/li>\n\n\n\n<li>Obtener autorizaciones\/remisiones de las compa\u00f1\u00edas de seguros.<\/li>\n\n\n\n<li>Gestiona TODOS los aspectos de la facturaci\u00f3n: entrada de cargos, pagos, gesti\u00f3n de deudores.<\/li>\n\n\n\n<li>Apoyo a todas las ubicaciones de personal y proveedores seg\u00fan sea necesario, trabajando como intermediario entre nuestros pacientes y sus compa\u00f1\u00edas de compensaci\u00f3n laboral.<\/li>\n\n\n\n<li>Prioriza las tareas diarias mientras trabajas de forma independiente en un entorno de ritmo r\u00e1pido.<\/li>\n\n\n\n<li>Realiza las tareas adicionales que te solicite el equipo de supervisi\u00f3n o direcci\u00f3n.  <\/li>\n<\/ul>\n\n<p><strong>Cualificaciones:<\/strong><\/p>\n\n<ul class=\"wp-block-list\">\n<li>Experiencia demostrada en NYS Workers Comp \/ No-Fault AR.<\/li>\n\n\n\n<li>Se prefiere el conocimiento de las normas de codificaci\u00f3n y agrupaci\u00f3n de la ortopedia y el tratamiento del dolor, y se valorar\u00e1 la facturaci\u00f3n y codificaci\u00f3n m\u00e9dicas b\u00e1sicas.<\/li>\n\n\n\n<li>Experiencia con CPT, CIE10, modificadores y ediciones CCI<\/li>\n\n\n\n<li>Trabajar en equipo, aceptar bien las instrucciones y, al mismo tiempo, ser capaz de funcionar de forma independiente y priorizar la carga de trabajo.<\/li>\n\n\n\n<li>Busca proactivamente trabajo para completar y mantente agresivo en el cumplimiento de las expectativas de la empresa.<\/li>\n\n\n\n<li>Gran experiencia con las principales compa\u00f1\u00edas de seguros, incluidos los servicios dentro y fuera de la red.<\/li>\n\n\n\n<li>Habilidades detallistas y precisas para la introducci\u00f3n de datos.<\/li>\n\n\n\n<li>Excelentes habilidades telef\u00f3nicas y de comunicaci\u00f3n.<\/li>\n\n\n\n<li>Debe demostrar habilidades interpersonales con todos los niveles del equipo de facturaci\u00f3n y gesti\u00f3n.<\/li>\n\n\n\n<li>Conocimientos b\u00e1sicos de inform\u00e1tica, incluida la capacidad de utilizar hojas de c\u00e1lculo Excel.<\/li>\n\n\n\n<li>Conocimiento de los sistemas inform\u00e1ticos de programaci\u00f3n EHR.<\/li>\n\n\n\n<li>Conocimiento de las normas y reglamentos de la HIPAA.<\/li>\n\n\n\n<li>Conocimiento de las consideraciones legales y \u00e9ticas relacionadas con la informaci\u00f3n confidencial de los pacientes.<\/li>\n\n\n\n<li>Conocimiento de los principios y t\u00e9cnicas de atenci\u00f3n al cliente.<\/li>\n\n\n\n<li>Habilidad para comunicarse eficazmente con m\u00e9dicos\/cl\u00ednicos, personal y pacientes.<\/li>\n\n\n\n<li>Destreza para introducir informaci\u00f3n en el sistema de historiales m\u00e9dicos preferido, cumpliendo las normas cl\u00ednicas.<\/li>\n\n\n\n<li>Habilidad para manejar masas de informaci\u00f3n de forma organizada.<\/li>\n\n\n\n<li>Tu propio ordenador\/PC y una conexi\u00f3n fiable a Internet.<\/li>\n<\/ul>\n\n<p><strong>Remuneraci\u00f3n y beneficios:<\/strong><\/p>\n\n<p>Ofrecemos un salario competitivo y un paquete de prestaciones acorde con la experiencia.<\/p>\n\n<p><strong>Por favor, incluye tus expectativas salariales junto con el CV en ingl\u00e9s envi\u00e1ndolo a <\/strong><a href=\"mailto:career@fontdeskhelpers.com\"><strong>career@fontdeskhelpers.com<\/strong><\/a><\/p>\n\n<p><strong>\u00a1Esperamos tener noticias tuyas!<\/strong><\/p>\n\n<figure class=\"wp-block-image size-large\"><img fetchpriority=\"high\" decoding=\"async\" width=\"1024\" height=\"683\" src=\"https:\/\/frontdeskhelpers.com\/wp-content\/uploads\/2024\/08\/medical-billing-and-collections-specialist-job-offer-1024x683.webp\" alt=\"\" class=\"wp-image-3299\" srcset=\"https:\/\/frontdeskhelpers.com\/wp-content\/uploads\/2024\/08\/medical-billing-and-collections-specialist-job-offer-1024x683.webp 1024w, https:\/\/frontdeskhelpers.com\/wp-content\/uploads\/2024\/08\/medical-billing-and-collections-specialist-job-offer-300x200.webp 300w, https:\/\/frontdeskhelpers.com\/wp-content\/uploads\/2024\/08\/medical-billing-and-collections-specialist-job-offer-768x512.webp 768w, https:\/\/frontdeskhelpers.com\/wp-content\/uploads\/2024\/08\/medical-billing-and-collections-specialist-job-offer-1536x1024.webp 1536w, https:\/\/frontdeskhelpers.com\/wp-content\/uploads\/2024\/08\/medical-billing-and-collections-specialist-job-offer-450x300.webp 450w, https:\/\/frontdeskhelpers.com\/wp-content\/uploads\/2024\/08\/medical-billing-and-collections-specialist-job-offer-780x520.webp 780w, https:\/\/frontdeskhelpers.com\/wp-content\/uploads\/2024\/08\/medical-billing-and-collections-specialist-job-offer-1600x1067.webp 1600w, https:\/\/frontdeskhelpers.com\/wp-content\/uploads\/2024\/08\/medical-billing-and-collections-specialist-job-offer.webp 1920w\" sizes=\"(max-width: 1024px) 100vw, 1024px\" \/><figcaption class=\"wp-element-caption\">Trabajo de Especialista en Facturaci\u00f3n M\u00e9dica y Cobros<\/figcaption><\/figure>\n","protected":false},"excerpt":{"rendered":"<p>\u00bfTe desenvuelves bien en un entorno acelerado en el que puedes utilizar tus habilidades de comunicaci\u00f3n y negociaci\u00f3n para garantizar pagos puntuales? \u00bfTe apasionan las pr\u00e1cticas de facturaci\u00f3n precisas y los cobros \u00e9ticos? Si es as\u00ed, \u00a1queremos saber de ti! Front Desk Helpers(frontdeskhelpers.com), es una empresa fundada y dirigida por mujeres con sede en Nueva [&hellip;]<\/p>\n","protected":false},"author":2,"featured_media":0,"parent":8514,"menu_order":0,"comment_status":"closed","ping_status":"closed","template":"","meta":{"inline_featured_image":false,"footnotes":""},"class_list":["post-8546","page","type-page","status-publish"],"yoast_head":"<!-- This site is optimized with the Yoast SEO plugin v27.3 - https:\/\/yoast.com\/product\/yoast-seo-wordpress\/ -->\n<title>Especialista en Facturaci\u00f3n M\u00e9dica y Cobros | FDH<\/title>\n<meta name=\"description\" content=\"Oportunidades de trabajo a distancia. Puesto vacante de Especialista en Facturaci\u00f3n M\u00e9dica y Cobros. Estamos contratando agente con experiencia. \u00a1\u00danete al equipo de profesionales de FDH!\" \/>\n<meta name=\"robots\" content=\"index, follow, max-snippet:-1, max-image-preview:large, max-video-preview:-1\" \/>\n<link rel=\"canonical\" href=\"https:\/\/frontdeskhelpers.com\/es\/company\/%d1%81areers\/contabilidad\/oferta-de-empleo-de-especialista-en-facturacion-medica-y-cobros\/\" \/>\n<meta property=\"og:locale\" content=\"es_ES\" \/>\n<meta property=\"og:type\" content=\"article\" \/>\n<meta property=\"og:title\" content=\"Especialista en Facturaci\u00f3n M\u00e9dica y Cobros | FDH\" \/>\n<meta property=\"og:description\" content=\"Oportunidades de trabajo a distancia. Puesto vacante de Especialista en Facturaci\u00f3n M\u00e9dica y Cobros. Estamos contratando agente con experiencia. \u00a1\u00danete al equipo de profesionales de FDH!\" \/>\n<meta property=\"og:url\" content=\"https:\/\/frontdeskhelpers.com\/es\/company\/%d1%81areers\/contabilidad\/oferta-de-empleo-de-especialista-en-facturacion-medica-y-cobros\/\" \/>\n<meta property=\"og:site_name\" content=\"FDH\" \/>\n<meta property=\"article:modified_time\" content=\"2025-01-21T16:41:55+00:00\" \/>\n<meta property=\"og:image\" content=\"https:\/\/frontdeskhelpers.com\/wp-content\/uploads\/2024\/08\/medical-billing-and-collections-specialist-job-offer.webp\" \/>\n\t<meta property=\"og:image:width\" content=\"1920\" \/>\n\t<meta property=\"og:image:height\" content=\"1280\" \/>\n\t<meta property=\"og:image:type\" content=\"image\/webp\" \/>\n<meta name=\"twitter:card\" content=\"summary_large_image\" \/>\n<meta name=\"twitter:label1\" content=\"Tiempo de lectura\" \/>\n\t<meta name=\"twitter:data1\" content=\"4 minutos\" \/>\n<!-- \/ Yoast SEO plugin. -->","yoast_head_json":{"title":"Especialista en Facturaci\u00f3n M\u00e9dica y Cobros | FDH","description":"Oportunidades de trabajo a distancia. Puesto vacante de Especialista en Facturaci\u00f3n M\u00e9dica y Cobros. Estamos contratando agente con experiencia. \u00a1\u00danete al equipo de profesionales de FDH!","robots":{"index":"index","follow":"follow","max-snippet":"max-snippet:-1","max-image-preview":"max-image-preview:large","max-video-preview":"max-video-preview:-1"},"canonical":"https:\/\/frontdeskhelpers.com\/es\/company\/%d1%81areers\/contabilidad\/oferta-de-empleo-de-especialista-en-facturacion-medica-y-cobros\/","og_locale":"es_ES","og_type":"article","og_title":"Especialista en Facturaci\u00f3n M\u00e9dica y Cobros | FDH","og_description":"Oportunidades de trabajo a distancia. Puesto vacante de Especialista en Facturaci\u00f3n M\u00e9dica y Cobros. Estamos contratando agente con experiencia. \u00a1\u00danete al equipo de profesionales de FDH!","og_url":"https:\/\/frontdeskhelpers.com\/es\/company\/%d1%81areers\/contabilidad\/oferta-de-empleo-de-especialista-en-facturacion-medica-y-cobros\/","og_site_name":"FDH","article_modified_time":"2025-01-21T16:41:55+00:00","og_image":[{"width":1920,"height":1280,"url":"https:\/\/frontdeskhelpers.com\/wp-content\/uploads\/2024\/08\/medical-billing-and-collections-specialist-job-offer.webp","type":"image\/webp"}],"twitter_card":"summary_large_image","twitter_misc":{"Tiempo de lectura":"4 minutos"},"schema":{"@context":"https:\/\/schema.org","@graph":[{"@type":"WebPage","@id":"https:\/\/frontdeskhelpers.com\/es\/company\/%d1%81areers\/contabilidad\/oferta-de-empleo-de-especialista-en-facturacion-medica-y-cobros\/","url":"https:\/\/frontdeskhelpers.com\/es\/company\/%d1%81areers\/contabilidad\/oferta-de-empleo-de-especialista-en-facturacion-medica-y-cobros\/","name":"Especialista en Facturaci\u00f3n M\u00e9dica y Cobros | FDH","isPartOf":{"@id":"https:\/\/frontdeskhelpers.com\/es\/#website"},"primaryImageOfPage":{"@id":"https:\/\/frontdeskhelpers.com\/es\/company\/%d1%81areers\/contabilidad\/oferta-de-empleo-de-especialista-en-facturacion-medica-y-cobros\/#primaryimage"},"image":{"@id":"https:\/\/frontdeskhelpers.com\/es\/company\/%d1%81areers\/contabilidad\/oferta-de-empleo-de-especialista-en-facturacion-medica-y-cobros\/#primaryimage"},"thumbnailUrl":"https:\/\/frontdeskhelpers.com\/wp-content\/uploads\/2024\/08\/medical-billing-and-collections-specialist-job-offer-1024x683.webp","datePublished":"2024-08-12T11:45:55+00:00","dateModified":"2025-01-21T16:41:55+00:00","description":"Oportunidades de trabajo a distancia. Puesto vacante de Especialista en Facturaci\u00f3n M\u00e9dica y Cobros. Estamos contratando agente con experiencia. \u00a1\u00danete al equipo de profesionales de FDH!","breadcrumb":{"@id":"https:\/\/frontdeskhelpers.com\/es\/company\/%d1%81areers\/contabilidad\/oferta-de-empleo-de-especialista-en-facturacion-medica-y-cobros\/#breadcrumb"},"inLanguage":"es","potentialAction":[{"@type":"ReadAction","target":["https:\/\/frontdeskhelpers.com\/es\/company\/%d1%81areers\/contabilidad\/oferta-de-empleo-de-especialista-en-facturacion-medica-y-cobros\/"]}]},{"@type":"ImageObject","inLanguage":"es","@id":"https:\/\/frontdeskhelpers.com\/es\/company\/%d1%81areers\/contabilidad\/oferta-de-empleo-de-especialista-en-facturacion-medica-y-cobros\/#primaryimage","url":"https:\/\/frontdeskhelpers.com\/wp-content\/uploads\/2024\/08\/medical-billing-and-collections-specialist-job-offer-1024x683.webp","contentUrl":"https:\/\/frontdeskhelpers.com\/wp-content\/uploads\/2024\/08\/medical-billing-and-collections-specialist-job-offer-1024x683.webp"},{"@type":"BreadcrumbList","@id":"https:\/\/frontdeskhelpers.com\/es\/company\/%d1%81areers\/contabilidad\/oferta-de-empleo-de-especialista-en-facturacion-medica-y-cobros\/#breadcrumb","itemListElement":[{"@type":"ListItem","position":1,"name":"Home","item":"https:\/\/frontdeskhelpers.com\/es\/"},{"@type":"ListItem","position":2,"name":"Company","item":"https:\/\/frontdeskhelpers.com\/es\/company\/"},{"@type":"ListItem","position":3,"name":"\u0421areers","item":"https:\/\/frontdeskhelpers.com\/es\/company\/careers-vacancies\/"},{"@type":"ListItem","position":4,"name":"Contabilidad","item":"https:\/\/frontdeskhelpers.com\/es\/company\/careers-vacancies\/accounting\/"},{"@type":"ListItem","position":5,"name":"Oferta de empleo de Especialista en Facturaci\u00f3n M\u00e9dica y Cobros"}]},{"@type":"WebSite","@id":"https:\/\/frontdeskhelpers.com\/es\/#website","url":"https:\/\/frontdeskhelpers.com\/es\/","name":"FDH","description":"","potentialAction":[{"@type":"SearchAction","target":{"@type":"EntryPoint","urlTemplate":"https:\/\/frontdeskhelpers.com\/es\/?s={search_term_string}"},"query-input":{"@type":"PropertyValueSpecification","valueRequired":true,"valueName":"search_term_string"}}],"inLanguage":"es"}]}},"_links":{"self":[{"href":"https:\/\/frontdeskhelpers.com\/es\/wp-json\/wp\/v2\/pages\/8546","targetHints":{"allow":["GET"]}}],"collection":[{"href":"https:\/\/frontdeskhelpers.com\/es\/wp-json\/wp\/v2\/pages"}],"about":[{"href":"https:\/\/frontdeskhelpers.com\/es\/wp-json\/wp\/v2\/types\/page"}],"author":[{"embeddable":true,"href":"https:\/\/frontdeskhelpers.com\/es\/wp-json\/wp\/v2\/users\/2"}],"replies":[{"embeddable":true,"href":"https:\/\/frontdeskhelpers.com\/es\/wp-json\/wp\/v2\/comments?post=8546"}],"version-history":[{"count":2,"href":"https:\/\/frontdeskhelpers.com\/es\/wp-json\/wp\/v2\/pages\/8546\/revisions"}],"predecessor-version":[{"id":9401,"href":"https:\/\/frontdeskhelpers.com\/es\/wp-json\/wp\/v2\/pages\/8546\/revisions\/9401"}],"up":[{"embeddable":true,"href":"https:\/\/frontdeskhelpers.com\/es\/wp-json\/wp\/v2\/pages\/8514"}],"wp:attachment":[{"href":"https:\/\/frontdeskhelpers.com\/es\/wp-json\/wp\/v2\/media?parent=8546"}],"curies":[{"name":"wp","href":"https:\/\/api.w.org\/{rel}","templated":true}]}}