{"id":8542,"date":"2024-08-10T18:53:25","date_gmt":"2024-08-10T18:53:25","guid":{"rendered":"https:\/\/frontdeskhelpers.com\/especialista-en-marketing-oferta-de-empleo\/"},"modified":"2024-12-19T20:55:52","modified_gmt":"2024-12-19T20:55:52","slug":"especialista-en-marketing-oferta-de-empleo","status":"publish","type":"page","link":"https:\/\/frontdeskhelpers.com\/es\/company\/%d1%81areers\/marketing\/especialista-en-marketing-oferta-de-empleo\/","title":{"rendered":"Especialista en marketing Oferta de empleo"},"content":{"rendered":"\n<div class=\"wp-block-columns is-layout-flex wp-container-core-columns-is-layout-9d6595d7 wp-block-columns-is-layout-flex\">\n<div class=\"wp-block-column is-layout-flow wp-block-column-is-layout-flow\"><div class=\"pvc_clear\"><\/div><p id=\"pvc_stats_8542\" class=\"pvc_stats total_only  pvc_load_by_ajax_update\" data-element-id=\"8542\" style=\"\"><i class=\"pvc-stats-icon medium\" aria-hidden=\"true\"><svg aria-hidden=\"true\" focusable=\"false\" data-prefix=\"far\" data-icon=\"chart-bar\" role=\"img\" xmlns=\"http:\/\/www.w3.org\/2000\/svg\" viewBox=\"0 0 512 512\" class=\"svg-inline--fa fa-chart-bar fa-w-16 fa-2x\"><path fill=\"currentColor\" d=\"M396.8 352h22.4c6.4 0 12.8-6.4 12.8-12.8V108.8c0-6.4-6.4-12.8-12.8-12.8h-22.4c-6.4 0-12.8 6.4-12.8 12.8v230.4c0 6.4 6.4 12.8 12.8 12.8zm-192 0h22.4c6.4 0 12.8-6.4 12.8-12.8V140.8c0-6.4-6.4-12.8-12.8-12.8h-22.4c-6.4 0-12.8 6.4-12.8 12.8v198.4c0 6.4 6.4 12.8 12.8 12.8zm96 0h22.4c6.4 0 12.8-6.4 12.8-12.8V204.8c0-6.4-6.4-12.8-12.8-12.8h-22.4c-6.4 0-12.8 6.4-12.8 12.8v134.4c0 6.4 6.4 12.8 12.8 12.8zM496 400H48V80c0-8.84-7.16-16-16-16H16C7.16 64 0 71.16 0 80v336c0 17.67 14.33 32 32 32h464c8.84 0 16-7.16 16-16v-16c0-8.84-7.16-16-16-16zm-387.2-48h22.4c6.4 0 12.8-6.4 12.8-12.8v-70.4c0-6.4-6.4-12.8-12.8-12.8h-22.4c-6.4 0-12.8 6.4-12.8 12.8v70.4c0 6.4 6.4 12.8 12.8 12.8z\" class=\"\"><\/path><\/svg><\/i> <img decoding=\"async\" width=\"16\" height=\"16\" alt=\"Loading\" src=\"https:\/\/frontdeskhelpers.com\/wp-content\/plugins\/page-views-count\/ajax-loader-2x.gif\" border=0 \/><\/p><div class=\"pvc_clear\"><\/div>\n<\/div>\n\n\n\n<div class=\"wp-block-column is-vertically-aligned-center is-layout-flow wp-block-column-is-layout-flow\">\n<p class=\"has-text-align-center closed-vacancy-info\">VACANTE CERRADA<\/p>\n<\/div>\n<\/div>\n\n<p>\u00a1Hola y gracias por tu inter\u00e9s en el puesto!  <\/p>\n\n<p>La empresa Front Desk Helpers lleva prestando servicios de subcontrataci\u00f3n a empresas de EE.UU. desde 2015. La empresa trabaja con m\u00e1s de 14 clientes de sectores como la sanidad, la arquitectura, el sector inmobiliario, el marketing y el desarrollo inform\u00e1tico, entre otros.   <\/p>\n\n<p>En estos momentos estamos buscando un <strong>especialista en Marketing remoto<\/strong> para una agencia de asistencia sanitaria a domicilio en Nueva York. Los clientes de la agencia son personas mayores que pueden acogerse a un programa m\u00e9dico gubernamental. Como miembro de nuestro equipo de marketing, desempe\u00f1ar\u00e1s un papel crucial en el desarrollo, ejecuci\u00f3n y optimizaci\u00f3n de campa\u00f1as integrales de marketing destinadas a impulsar el crecimiento de la empresa y alcanzar sus objetivos mediante estrategias de marketing tanto tradicionales como digitales. Si eres un pensador estrat\u00e9gico con aptitudes demostradas para dirigir campa\u00f1as publicitarias, te invitamos a unirte a nosotros para influir positivamente en el sector de la asistencia domiciliaria.   <\/p>\n\n<p><strong>Qu\u00e9 competencias buscamos:<\/strong><\/p>\n\n<ul class=\"wp-block-list\">\n<li>S\u00f3lidos conocimientos de campa\u00f1as PPC, incluidos Google Ads y publicidad en redes sociales.<\/li>\n\n\n\n<li>Competencia en la creaci\u00f3n de p\u00e1ginas de destino eficaces y optimizaci\u00f3n para la conversi\u00f3n.<\/li>\n\n\n\n<li>Experiencia en creaci\u00f3n de contenidos y producci\u00f3n de materiales de marketing.<\/li>\n\n\n\n<li>S\u00f3lidos conocimientos de pr\u00e1cticas SEO y herramientas de an\u00e1lisis de sitios web (por ejemplo, Google Analytics).<\/li>\n\n\n\n<li>Excelentes aptitudes anal\u00edticas con capacidad para interpretar datos y proporcionar perspectivas procesables.<\/li>\n\n\n\n<li>Gran capacidad de comunicaci\u00f3n y presentaci\u00f3n, capaz de transmitir informaci\u00f3n compleja de forma clara y persuasiva.<\/li>\n\n\n\n<li>Mentalidad creativa con buen ojo para el dise\u00f1o y la marca.<\/li>\n\n\n\n<li>Ingl\u00e9s avanzado (tanto verbal como escrito).<\/li>\n<\/ul>\n\n<p><strong>Cu\u00e1l es el horario de trabajo:<\/strong><\/p>\n\n<p>De lunes a viernes, de 9 a 17 h seg\u00fan el huso horario de Nueva York.<\/p>\n\n<p><strong>Qu\u00e9 ofrecemos:<\/strong><\/p>\n\n<ul class=\"wp-block-list\">\n<li>Trabaja en un equipo experimentado.<\/li>\n\n\n\n<li>Capacidad para trabajar a distancia en horario de tarde.<\/li>\n\n\n\n<li>7 d\u00edas de vacaciones pagadas al a\u00f1o tras un a\u00f1o de empleo.<\/li>\n\n\n\n<li>Sistema de primas como forma de que los empleados se expresen mutuamente su agradecimiento.<\/li>\n\n\n\n<li>Proporcionamos a nuestros empleados tel\u00e9fonos IP de hardware, como instrumento de conexi\u00f3n con los clientes de EE.UU., as\u00ed como todo el software necesario (CRM, fax virtual, escritorio remoto, servicio SMS, VPN).<\/li>\n\n\n\n<li>Una direcci\u00f3n abierta, con la que es f\u00e1cil ponerse en contacto.<\/li>\n\n\n\n<li>Oportunidad de aprender nuevas habilidades y adquirir experiencia en una empresa de Nueva York.<\/li>\n\n\n\n<li>Cursos de autodesarrollo impulsados por plataformas populares.<\/li>\n\n\n\n<li>Salario pagado en USD dos veces al mes.<\/li>\n<\/ul>\n\n<p><strong>Cu\u00e1les ser\u00edan tus responsabilidades:<\/strong><\/p>\n\n<ul class=\"wp-block-list\">\n<li>Dise\u00f1a, aplica y gestiona campa\u00f1as de marketing innovadoras que se ajusten a los objetivos de la empresa, incluidos anuncios en peri\u00f3dicos y folletos.<\/li>\n\n\n\n<li>Produce materiales de marketing de alta calidad, como folletos, volantes y recuerdos de marca.<\/li>\n\n\n\n<li>Realiza estudios de mercado para comprender las estrategias de la competencia y las preferencias del p\u00fablico objetivo.<\/li>\n\n\n\n<li>Desarrolla y gestiona campa\u00f1as PPC en Google Ads y plataformas de medios sociales para maximizar el retorno de la inversi\u00f3n (ROI).<\/li>\n\n\n\n<li>Supervisa el rendimiento del sitio web de la empresa, aplicando las mejores pr\u00e1cticas de SEO y realizando los ajustes necesarios para mejorar la presencia online.<\/li>\n\n\n\n<li>Realiza an\u00e1lisis exhaustivos de los resultados de las campa\u00f1as, el tr\u00e1fico del sitio web y la eficacia general del marketing.<\/li>\n\n\n\n<li>Genera informes exhaustivos que detallen las m\u00e9tricas de marketing, las perspectivas y el rendimiento de la inversi\u00f3n, y presenta estos resultados a la alta direcci\u00f3n con recomendaciones para realizar ajustes estrat\u00e9gicos.<\/li>\n\n\n\n<li>Colabora estrechamente con otros departamentos para garantizar que las iniciativas de marketing est\u00e9n integradas y alineadas con los objetivos generales de la empresa.<\/li>\n\n\n\n<li>Coordina con proveedores externos y agencias seg\u00fan sea necesario para facilitar la ejecuci\u00f3n de las actividades de marketing.<\/li>\n<\/ul>\n\n<p>Para solicitar el puesto env\u00eda tu curr\u00edculum con la carta de presentaci\u00f3n en ingl\u00e9s a nuestro correo electr\u00f3nico <a href=\"mailto:career@frontdeskhelpers.com\">career@frontdeskhelpers.com<\/a><\/p>\n\n<p><strong>Espero tener noticias tuyas<\/strong><\/p>\n<div class=\"wp-block-image\">\n<figure class=\"aligncenter size-large\"><img fetchpriority=\"high\" decoding=\"async\" width=\"1024\" height=\"683\" src=\"https:\/\/frontdeskhelpers.com\/wp-content\/uploads\/2024\/08\/marketing-specialist-job-offer-1024x683.webp\" alt=\"\" class=\"wp-image-3341\" srcset=\"https:\/\/frontdeskhelpers.com\/wp-content\/uploads\/2024\/08\/marketing-specialist-job-offer-1024x683.webp 1024w, https:\/\/frontdeskhelpers.com\/wp-content\/uploads\/2024\/08\/marketing-specialist-job-offer-300x200.webp 300w, https:\/\/frontdeskhelpers.com\/wp-content\/uploads\/2024\/08\/marketing-specialist-job-offer-768x512.webp 768w, https:\/\/frontdeskhelpers.com\/wp-content\/uploads\/2024\/08\/marketing-specialist-job-offer-1536x1024.webp 1536w, https:\/\/frontdeskhelpers.com\/wp-content\/uploads\/2024\/08\/marketing-specialist-job-offer-450x300.webp 450w, https:\/\/frontdeskhelpers.com\/wp-content\/uploads\/2024\/08\/marketing-specialist-job-offer-780x520.webp 780w, https:\/\/frontdeskhelpers.com\/wp-content\/uploads\/2024\/08\/marketing-specialist-job-offer-1600x1067.webp 1600w, https:\/\/frontdeskhelpers.com\/wp-content\/uploads\/2024\/08\/marketing-specialist-job-offer.webp 1920w\" sizes=\"(max-width: 1024px) 100vw, 1024px\" \/><figcaption class=\"wp-element-caption\">Especialista en marketing en el trabajo<\/figcaption><\/figure>\n<\/div>","protected":false},"excerpt":{"rendered":"<p>\u00a1Hola y gracias por tu inter\u00e9s en el puesto! La empresa Front Desk Helpers lleva prestando servicios de subcontrataci\u00f3n a empresas de EE.UU. desde 2015. La empresa trabaja con m\u00e1s de 14 clientes de sectores como la sanidad, la arquitectura, el sector inmobiliario, el marketing y el desarrollo inform\u00e1tico, entre otros. En estos momentos estamos [&hellip;]<\/p>\n","protected":false},"author":2,"featured_media":0,"parent":8553,"menu_order":0,"comment_status":"closed","ping_status":"closed","template":"","meta":{"inline_featured_image":false,"footnotes":""},"class_list":["post-8542","page","type-page","status-publish"],"yoast_head":"<!-- This site is optimized with the Yoast SEO plugin v27.3 - https:\/\/yoast.com\/product\/yoast-seo-wordpress\/ -->\n<title>Especialista en marketing Oferta de empleo | FDH<\/title>\n<meta name=\"description\" content=\"Oportunidades de trabajo a distancia. Especialista en marketing Oferta de empleo Puesto vacante. Contratamos agente con experiencia. \u00a1\u00danete al equipo de profesionales de FDH!\" \/>\n<meta name=\"robots\" content=\"index, follow, max-snippet:-1, max-image-preview:large, max-video-preview:-1\" \/>\n<link rel=\"canonical\" href=\"https:\/\/frontdeskhelpers.com\/es\/company\/%d1%81areers\/marketing\/especialista-en-marketing-oferta-de-empleo\/\" \/>\n<meta property=\"og:locale\" content=\"es_ES\" \/>\n<meta property=\"og:type\" content=\"article\" \/>\n<meta property=\"og:title\" content=\"Especialista en marketing Oferta de empleo | FDH\" \/>\n<meta property=\"og:description\" content=\"Oportunidades de trabajo a distancia. Especialista en marketing Oferta de empleo Puesto vacante. Contratamos agente con experiencia. \u00a1\u00danete al equipo de profesionales de FDH!\" \/>\n<meta property=\"og:url\" content=\"https:\/\/frontdeskhelpers.com\/es\/company\/%d1%81areers\/marketing\/especialista-en-marketing-oferta-de-empleo\/\" \/>\n<meta property=\"og:site_name\" content=\"FDH\" \/>\n<meta property=\"article:modified_time\" content=\"2024-12-19T20:55:52+00:00\" \/>\n<meta property=\"og:image\" content=\"https:\/\/frontdeskhelpers.com\/wp-content\/uploads\/2024\/08\/marketing-specialist-job-offer-1024x683.webp\" \/>\n<meta name=\"twitter:card\" content=\"summary_large_image\" \/>\n<meta name=\"twitter:label1\" content=\"Tiempo de lectura\" \/>\n\t<meta name=\"twitter:data1\" content=\"3 minutos\" \/>\n<!-- \/ Yoast SEO plugin. -->","yoast_head_json":{"title":"Especialista en marketing Oferta de empleo | FDH","description":"Oportunidades de trabajo a distancia. Especialista en marketing Oferta de empleo Puesto vacante. Contratamos agente con experiencia. \u00a1\u00danete al equipo de profesionales de FDH!","robots":{"index":"index","follow":"follow","max-snippet":"max-snippet:-1","max-image-preview":"max-image-preview:large","max-video-preview":"max-video-preview:-1"},"canonical":"https:\/\/frontdeskhelpers.com\/es\/company\/%d1%81areers\/marketing\/especialista-en-marketing-oferta-de-empleo\/","og_locale":"es_ES","og_type":"article","og_title":"Especialista en marketing Oferta de empleo | FDH","og_description":"Oportunidades de trabajo a distancia. Especialista en marketing Oferta de empleo Puesto vacante. Contratamos agente con experiencia. \u00a1\u00danete al equipo de profesionales de FDH!","og_url":"https:\/\/frontdeskhelpers.com\/es\/company\/%d1%81areers\/marketing\/especialista-en-marketing-oferta-de-empleo\/","og_site_name":"FDH","article_modified_time":"2024-12-19T20:55:52+00:00","og_image":[{"url":"https:\/\/frontdeskhelpers.com\/wp-content\/uploads\/2024\/08\/marketing-specialist-job-offer-1024x683.webp","type":"","width":"","height":""}],"twitter_card":"summary_large_image","twitter_misc":{"Tiempo de lectura":"3 minutos"},"schema":{"@context":"https:\/\/schema.org","@graph":[{"@type":"WebPage","@id":"https:\/\/frontdeskhelpers.com\/es\/company\/%d1%81areers\/marketing\/especialista-en-marketing-oferta-de-empleo\/","url":"https:\/\/frontdeskhelpers.com\/es\/company\/%d1%81areers\/marketing\/especialista-en-marketing-oferta-de-empleo\/","name":"Especialista en marketing Oferta de empleo | FDH","isPartOf":{"@id":"https:\/\/frontdeskhelpers.com\/es\/#website"},"primaryImageOfPage":{"@id":"https:\/\/frontdeskhelpers.com\/es\/company\/%d1%81areers\/marketing\/especialista-en-marketing-oferta-de-empleo\/#primaryimage"},"image":{"@id":"https:\/\/frontdeskhelpers.com\/es\/company\/%d1%81areers\/marketing\/especialista-en-marketing-oferta-de-empleo\/#primaryimage"},"thumbnailUrl":"https:\/\/frontdeskhelpers.com\/wp-content\/uploads\/2024\/08\/marketing-specialist-job-offer-1024x683.webp","datePublished":"2024-08-10T18:53:25+00:00","dateModified":"2024-12-19T20:55:52+00:00","description":"Oportunidades de trabajo a distancia. Especialista en marketing Oferta de empleo Puesto vacante. Contratamos agente con experiencia. \u00a1\u00danete al equipo de profesionales de FDH!","breadcrumb":{"@id":"https:\/\/frontdeskhelpers.com\/es\/company\/%d1%81areers\/marketing\/especialista-en-marketing-oferta-de-empleo\/#breadcrumb"},"inLanguage":"es","potentialAction":[{"@type":"ReadAction","target":["https:\/\/frontdeskhelpers.com\/es\/company\/%d1%81areers\/marketing\/especialista-en-marketing-oferta-de-empleo\/"]}]},{"@type":"ImageObject","inLanguage":"es","@id":"https:\/\/frontdeskhelpers.com\/es\/company\/%d1%81areers\/marketing\/especialista-en-marketing-oferta-de-empleo\/#primaryimage","url":"https:\/\/frontdeskhelpers.com\/wp-content\/uploads\/2024\/08\/marketing-specialist-job-offer-1024x683.webp","contentUrl":"https:\/\/frontdeskhelpers.com\/wp-content\/uploads\/2024\/08\/marketing-specialist-job-offer-1024x683.webp"},{"@type":"BreadcrumbList","@id":"https:\/\/frontdeskhelpers.com\/es\/company\/%d1%81areers\/marketing\/especialista-en-marketing-oferta-de-empleo\/#breadcrumb","itemListElement":[{"@type":"ListItem","position":1,"name":"Home","item":"https:\/\/frontdeskhelpers.com\/es\/"},{"@type":"ListItem","position":2,"name":"Company","item":"https:\/\/frontdeskhelpers.com\/es\/company\/"},{"@type":"ListItem","position":3,"name":"\u0421areers","item":"https:\/\/frontdeskhelpers.com\/es\/company\/careers-vacancies\/"},{"@type":"ListItem","position":4,"name":"Marketing","item":"https:\/\/frontdeskhelpers.com\/es\/company\/careers-vacancies\/marketing\/"},{"@type":"ListItem","position":5,"name":"Especialista en marketing Oferta de empleo"}]},{"@type":"WebSite","@id":"https:\/\/frontdeskhelpers.com\/es\/#website","url":"https:\/\/frontdeskhelpers.com\/es\/","name":"FDH","description":"","potentialAction":[{"@type":"SearchAction","target":{"@type":"EntryPoint","urlTemplate":"https:\/\/frontdeskhelpers.com\/es\/?s={search_term_string}"},"query-input":{"@type":"PropertyValueSpecification","valueRequired":true,"valueName":"search_term_string"}}],"inLanguage":"es"}]}},"_links":{"self":[{"href":"https:\/\/frontdeskhelpers.com\/es\/wp-json\/wp\/v2\/pages\/8542","targetHints":{"allow":["GET"]}}],"collection":[{"href":"https:\/\/frontdeskhelpers.com\/es\/wp-json\/wp\/v2\/pages"}],"about":[{"href":"https:\/\/frontdeskhelpers.com\/es\/wp-json\/wp\/v2\/types\/page"}],"author":[{"embeddable":true,"href":"https:\/\/frontdeskhelpers.com\/es\/wp-json\/wp\/v2\/users\/2"}],"replies":[{"embeddable":true,"href":"https:\/\/frontdeskhelpers.com\/es\/wp-json\/wp\/v2\/comments?post=8542"}],"version-history":[{"count":1,"href":"https:\/\/frontdeskhelpers.com\/es\/wp-json\/wp\/v2\/pages\/8542\/revisions"}],"predecessor-version":[{"id":8545,"href":"https:\/\/frontdeskhelpers.com\/es\/wp-json\/wp\/v2\/pages\/8542\/revisions\/8545"}],"up":[{"embeddable":true,"href":"https:\/\/frontdeskhelpers.com\/es\/wp-json\/wp\/v2\/pages\/8553"}],"wp:attachment":[{"href":"https:\/\/frontdeskhelpers.com\/es\/wp-json\/wp\/v2\/media?parent=8542"}],"curies":[{"name":"wp","href":"https:\/\/api.w.org\/{rel}","templated":true}]}}