{"id":8516,"date":"2024-07-10T19:04:45","date_gmt":"2024-07-10T19:04:45","guid":{"rendered":"https:\/\/frontdeskhelpers.com\/aviso-legal\/ayudantes-de-recepcion-socio-que-cumple-la-hipaa-para-una-externalizacion-segura\/"},"modified":"2024-12-19T20:55:41","modified_gmt":"2024-12-19T20:55:41","slug":"ayudantes-de-recepcion-socio-que-cumple-la-hipaa-para-una-externalizacion-segura","status":"publish","type":"page","link":"https:\/\/frontdeskhelpers.com\/es\/aviso-legal\/ayudantes-de-recepcion-socio-que-cumple-la-hipaa-para-una-externalizacion-segura\/","title":{"rendered":"Ayudantes de recepci\u00f3n: Socio que cumple la HIPAA para una externalizaci\u00f3n segura"},"content":{"rendered":"\n<p>En <strong>Front Desk Helpers<\/strong>, comprendemos la importancia de salvaguardar la informaci\u00f3n sensible, sobre todo los datos relacionados con la salud. Por eso <strong>cumplimos<\/strong> plenamente <strong>la HIPAA<\/strong>, garantizando que cumplimos todos los requisitos establecidos por la Ley de Portabilidad y Responsabilidad del Seguro M\u00e9dico (HIPAA) para proteger la privacidad y seguridad de la Informaci\u00f3n Sanitaria Protegida (PHI). <\/p>\n\n<p>Como socio de confianza de las empresas del sector sanitario y de otros sectores que manejan datos confidenciales, hemos implantado procesos y tecnolog\u00eda s\u00f3lidos para garantizar que toda la informaci\u00f3n de los clientes se almacena, gestiona y transmite de forma segura, cumpliendo plenamente la normativa HIPAA.<\/p>\n\n<h3 class=\"wp-block-heading\"><strong>\u00bfQu\u00e9 es el cumplimiento de la HIPAA?<\/strong><\/h3>\n\n<p>La HIPAA es una ley estadounidense dise\u00f1ada para proteger la privacidad de la informaci\u00f3n sanitaria de los pacientes y garantizar el tratamiento seguro de la PHI por parte de los proveedores de asistencia sanitaria, las aseguradoras y sus socios comerciales. El cumplimiento de la HIPAA exige que las organizaciones sigan salvaguardias espec\u00edficas para proteger la PHI contra el acceso no autorizado, las infracciones y el uso indebido. <\/p>\n\n<p>Para las empresas que se asocian con proveedores de servicios externos, como empresas de subcontrataci\u00f3n, es crucial que sus socios tambi\u00e9n cumplan la HIPAA. En Front Desk Helpers nos tomamos muy en serio esta responsabilidad, cumpliendo los estrictos requisitos de la HIPAA en todos los aspectos de nuestras operaciones. <\/p>\n\n<h3 class=\"wp-block-heading\"><strong>Elementos clave de nuestro cumplimiento de la HIPAA<\/strong><\/h3>\n\n<ol class=\"wp-block-list\">\n<li><strong>Medidas de seguridad de los datos<\/strong><strong><br\/><\/strong>Utilizamos pr\u00e1cticas de encriptaci\u00f3n y almacenamiento seguro de datos est\u00e1ndar del sector para proteger la PHI de accesos no autorizados. Nuestros sistemas est\u00e1n dise\u00f1ados para garantizar que la informaci\u00f3n sensible est\u00e9 encriptada tanto en reposo como en tr\u00e1nsito, impidiendo brechas o filtraciones de datos confidenciales. Esto incluye el uso de tecnolog\u00eda de capa de conexi\u00f3n segura (SSL) para cualquier transferencia de datos.  <\/li>\n\n\n\n<li><strong>Controles de acceso<\/strong><strong><br\/><\/strong>En Front Desk Helpers, aplicamos controles de acceso basados en funciones para garantizar que s\u00f3lo el personal autorizado pueda acceder a la informaci\u00f3n confidencial. Cada miembro de nuestro equipo es investigado cuidadosamente, y s\u00f3lo se concede permiso a aquellos que necesitan acceder a la PHI para sus responsabilidades laborales. Supervisamos y auditamos continuamente el acceso a la PHI, garantizando el cumplimiento en todo momento.  <\/li>\n\n\n\n<li><strong>Formaci\u00f3n del personal<\/strong><strong><br\/><\/strong>Todos nuestros empleados reciben formaci\u00f3n exhaustiva sobre la HIPAA para garantizar que comprenden plenamente la importancia de mantener la confidencialidad y los procesos necesarios para proteger la PHI. Se realizan actualizaciones peri\u00f3dicas de la formaci\u00f3n para mantener informado a nuestro equipo sobre cualquier cambio en la normativa HIPAA y las mejores pr\u00e1cticas. <\/li>\n\n\n\n<li><strong>Acuerdo de servicio como asociado comercial<\/strong><strong><br\/><\/strong>Como exige la HIPAA, firmamos un Acuerdo de Servicio con todos nuestros clientes y socios sanitarios. Estos acuerdos documentan formalmente nuestro compromiso de mantener la privacidad y seguridad de la PHI, describiendo las salvaguardias espec\u00edficas que aplicamos de acuerdo con los requisitos de la HIPAA. <\/li>\n\n\n\n<li><strong>Protocolo de respuesta a la violaci\u00f3n de datos<\/strong><strong><br\/><\/strong>A pesar de todas las medidas preventivas, en el improbable caso de que se produzca una violaci\u00f3n de datos, disponemos de un completo plan de respuesta a la violaci\u00f3n. Esto incluye una investigaci\u00f3n inmediata, la notificaci\u00f3n a las partes afectadas y medidas de mitigaci\u00f3n para evitar nuevos problemas. Nuestro protocolo de respuesta garantiza el cumplimiento de la Norma de Notificaci\u00f3n de Infracciones de la HIPAA, que exige la notificaci\u00f3n inmediata de cualquier infracci\u00f3n que afecte a la PHI.  <\/li>\n<\/ol>\n\n<h3 class=\"wp-block-heading\"><strong>Por qu\u00e9 es importante el cumplimiento de la HIPAA<\/strong><\/h3>\n\n<p>Para las organizaciones que manejan PHI, trabajar con un socio de externalizaci\u00f3n que cumpla la HIPAA, como Front Desk Helpers, es fundamental para mantener la confianza y el cumplimiento de la normativa. El incumplimiento de la HIPAA puede acarrear graves sanciones econ\u00f3micas, responsabilidades legales y da\u00f1os a la reputaci\u00f3n de una empresa. <\/p>\n\n<p>Al elegir a Front Desk Helpers como tu socio de externalizaci\u00f3n, puedes estar seguro de que tus datos se manejan con los m\u00e1s altos est\u00e1ndares de privacidad y seguridad. Trabajamos con diligencia para asegurarnos de que tu organizaci\u00f3n sigue cumpliendo la normativa HIPAA, ayud\u00e1ndote a evitar posibles riesgos a la vez que proporcionamos un servicio de primer nivel. <\/p>\n","protected":false},"excerpt":{"rendered":"<p>En Front Desk Helpers, comprendemos la importancia de salvaguardar la informaci\u00f3n sensible, sobre todo los datos relacionados con la salud. Por eso cumplimos plenamente la HIPAA, garantizando que cumplimos todos los requisitos establecidos por la Ley de Portabilidad y Responsabilidad del Seguro M\u00e9dico (HIPAA) para proteger la privacidad y seguridad de la Informaci\u00f3n Sanitaria Protegida [&hellip;]<\/p>\n","protected":false},"author":2,"featured_media":0,"parent":8513,"menu_order":0,"comment_status":"closed","ping_status":"closed","template":"","meta":{"inline_featured_image":false,"footnotes":""},"class_list":["post-8516","page","type-page","status-publish"],"yoast_head":"<!-- This site is optimized with the Yoast SEO plugin v27.3 - https:\/\/yoast.com\/product\/yoast-seo-wordpress\/ -->\n<title>Normas y derechos de cumplimiento de la HIPAA | Ayudantes de recepci\u00f3n<\/title>\n<meta name=\"description\" content=\"Front Desk Helpers es una empresa estadounidense que cumple la HIPAA. Inf\u00f3rmate sobre las normas, condiciones y tus derechos seg\u00fan la HIPAA, sobre c\u00f3mo se puede utilizar o compartir la informaci\u00f3n personal.\" \/>\n<meta name=\"robots\" content=\"index, follow, max-snippet:-1, max-image-preview:large, max-video-preview:-1\" \/>\n<link rel=\"canonical\" href=\"https:\/\/frontdeskhelpers.com\/es\/aviso-legal\/ayudantes-de-recepcion-socio-que-cumple-la-hipaa-para-una-externalizacion-segura\/\" \/>\n<meta property=\"og:locale\" content=\"es_ES\" \/>\n<meta property=\"og:type\" content=\"article\" \/>\n<meta property=\"og:title\" content=\"Normas y derechos de cumplimiento de la HIPAA | Ayudantes de recepci\u00f3n\" \/>\n<meta property=\"og:description\" content=\"Front Desk Helpers es una empresa estadounidense que cumple la HIPAA. Inf\u00f3rmate sobre las normas, condiciones y tus derechos seg\u00fan la HIPAA, sobre c\u00f3mo se puede utilizar o compartir la informaci\u00f3n personal.\" \/>\n<meta property=\"og:url\" content=\"https:\/\/frontdeskhelpers.com\/es\/aviso-legal\/ayudantes-de-recepcion-socio-que-cumple-la-hipaa-para-una-externalizacion-segura\/\" \/>\n<meta property=\"og:site_name\" content=\"FDH\" \/>\n<meta property=\"article:modified_time\" content=\"2024-12-19T20:55:41+00:00\" \/>\n<meta name=\"twitter:card\" content=\"summary_large_image\" \/>\n<meta name=\"twitter:label1\" content=\"Tiempo de lectura\" \/>\n\t<meta name=\"twitter:data1\" content=\"4 minutos\" \/>\n<!-- \/ Yoast SEO plugin. -->","yoast_head_json":{"title":"Normas y derechos de cumplimiento de la HIPAA | Ayudantes de recepci\u00f3n","description":"Front Desk Helpers es una empresa estadounidense que cumple la HIPAA. Inf\u00f3rmate sobre las normas, condiciones y tus derechos seg\u00fan la HIPAA, sobre c\u00f3mo se puede utilizar o compartir la informaci\u00f3n personal.","robots":{"index":"index","follow":"follow","max-snippet":"max-snippet:-1","max-image-preview":"max-image-preview:large","max-video-preview":"max-video-preview:-1"},"canonical":"https:\/\/frontdeskhelpers.com\/es\/aviso-legal\/ayudantes-de-recepcion-socio-que-cumple-la-hipaa-para-una-externalizacion-segura\/","og_locale":"es_ES","og_type":"article","og_title":"Normas y derechos de cumplimiento de la HIPAA | Ayudantes de recepci\u00f3n","og_description":"Front Desk Helpers es una empresa estadounidense que cumple la HIPAA. Inf\u00f3rmate sobre las normas, condiciones y tus derechos seg\u00fan la HIPAA, sobre c\u00f3mo se puede utilizar o compartir la informaci\u00f3n personal.","og_url":"https:\/\/frontdeskhelpers.com\/es\/aviso-legal\/ayudantes-de-recepcion-socio-que-cumple-la-hipaa-para-una-externalizacion-segura\/","og_site_name":"FDH","article_modified_time":"2024-12-19T20:55:41+00:00","twitter_card":"summary_large_image","twitter_misc":{"Tiempo de lectura":"4 minutos"},"schema":{"@context":"https:\/\/schema.org","@graph":[{"@type":"WebPage","@id":"https:\/\/frontdeskhelpers.com\/es\/aviso-legal\/ayudantes-de-recepcion-socio-que-cumple-la-hipaa-para-una-externalizacion-segura\/","url":"https:\/\/frontdeskhelpers.com\/es\/aviso-legal\/ayudantes-de-recepcion-socio-que-cumple-la-hipaa-para-una-externalizacion-segura\/","name":"Normas y derechos de cumplimiento de la HIPAA | Ayudantes de recepci\u00f3n","isPartOf":{"@id":"https:\/\/frontdeskhelpers.com\/es\/#website"},"datePublished":"2024-07-10T19:04:45+00:00","dateModified":"2024-12-19T20:55:41+00:00","description":"Front Desk Helpers es una empresa estadounidense que cumple la HIPAA. Inf\u00f3rmate sobre las normas, condiciones y tus derechos seg\u00fan la HIPAA, sobre c\u00f3mo se puede utilizar o compartir la informaci\u00f3n personal.","breadcrumb":{"@id":"https:\/\/frontdeskhelpers.com\/es\/aviso-legal\/ayudantes-de-recepcion-socio-que-cumple-la-hipaa-para-una-externalizacion-segura\/#breadcrumb"},"inLanguage":"es","potentialAction":[{"@type":"ReadAction","target":["https:\/\/frontdeskhelpers.com\/es\/aviso-legal\/ayudantes-de-recepcion-socio-que-cumple-la-hipaa-para-una-externalizacion-segura\/"]}]},{"@type":"BreadcrumbList","@id":"https:\/\/frontdeskhelpers.com\/es\/aviso-legal\/ayudantes-de-recepcion-socio-que-cumple-la-hipaa-para-una-externalizacion-segura\/#breadcrumb","itemListElement":[{"@type":"ListItem","position":1,"name":"Home","item":"https:\/\/frontdeskhelpers.com\/es\/"},{"@type":"ListItem","position":2,"name":"Aviso legal","item":"https:\/\/frontdeskhelpers.com\/es\/aviso-legal\/"},{"@type":"ListItem","position":3,"name":"Ayudantes de recepci\u00f3n: Socio que cumple la HIPAA para una externalizaci\u00f3n segura"}]},{"@type":"WebSite","@id":"https:\/\/frontdeskhelpers.com\/es\/#website","url":"https:\/\/frontdeskhelpers.com\/es\/","name":"FDH","description":"","potentialAction":[{"@type":"SearchAction","target":{"@type":"EntryPoint","urlTemplate":"https:\/\/frontdeskhelpers.com\/es\/?s={search_term_string}"},"query-input":{"@type":"PropertyValueSpecification","valueRequired":true,"valueName":"search_term_string"}}],"inLanguage":"es"}]}},"_links":{"self":[{"href":"https:\/\/frontdeskhelpers.com\/es\/wp-json\/wp\/v2\/pages\/8516","targetHints":{"allow":["GET"]}}],"collection":[{"href":"https:\/\/frontdeskhelpers.com\/es\/wp-json\/wp\/v2\/pages"}],"about":[{"href":"https:\/\/frontdeskhelpers.com\/es\/wp-json\/wp\/v2\/types\/page"}],"author":[{"embeddable":true,"href":"https:\/\/frontdeskhelpers.com\/es\/wp-json\/wp\/v2\/users\/2"}],"replies":[{"embeddable":true,"href":"https:\/\/frontdeskhelpers.com\/es\/wp-json\/wp\/v2\/comments?post=8516"}],"version-history":[{"count":1,"href":"https:\/\/frontdeskhelpers.com\/es\/wp-json\/wp\/v2\/pages\/8516\/revisions"}],"predecessor-version":[{"id":8518,"href":"https:\/\/frontdeskhelpers.com\/es\/wp-json\/wp\/v2\/pages\/8516\/revisions\/8518"}],"up":[{"embeddable":true,"href":"https:\/\/frontdeskhelpers.com\/es\/wp-json\/wp\/v2\/pages\/8513"}],"wp:attachment":[{"href":"https:\/\/frontdeskhelpers.com\/es\/wp-json\/wp\/v2\/media?parent=8516"}],"curies":[{"name":"wp","href":"https:\/\/api.w.org\/{rel}","templated":true}]}}