{"id":8513,"date":"2024-07-10T19:03:21","date_gmt":"2024-07-10T19:03:21","guid":{"rendered":"https:\/\/frontdeskhelpers.com\/aviso-legal\/"},"modified":"2024-12-19T21:27:20","modified_gmt":"2024-12-19T21:27:20","slug":"aviso-legal","status":"publish","type":"page","link":"https:\/\/frontdeskhelpers.com\/es\/aviso-legal\/","title":{"rendered":"Aviso legal"},"content":{"rendered":"\n<p>Front Desk Helpers CO es una empresa de subcontrataci\u00f3n y tecnolog\u00eda de la informaci\u00f3n fundada en 2015 y con sede en Estados Unidos.<\/p>\n\n<p>Somos un proveedor de mano de obra a distancia para empresas de cualquier tama\u00f1o. Contratar empleados a tiempo completo con nosotros permite a nuestros clientes incorporar a los mejores talentos para un empleo a largo plazo sin preocuparse por el cumplimiento, las n\u00f3minas, los seguros, la administraci\u00f3n de RRHH o la jubilaci\u00f3n.   <\/p>\n\n<p>Lee nuestros t\u00e9rminos y condiciones de servicio descritos en las p\u00e1ginas siguientes. Front Desk Helpers CO se reserva el derecho a modificar la Pol\u00edtica de Privacidad y las Condiciones de Servicio en funci\u00f3n de los requisitos legales de EE.UU. y del estado de Nueva Jersey y de la idoneidad de las condiciones de servicio. <\/p>\n\n<p><strong><a href=\"https:\/\/frontdeskhelpers.com\/legal\/privacy-policy\/\">Pol\u00edtica de privacidad<\/a><\/strong><\/p>\n\n<p><strong><a href=\"https:\/\/frontdeskhelpers.com\/es\/aviso-legal\/condiciones-de-uso\/\">Condiciones de uso<\/a><\/strong><\/p>\n\n<p><strong><a href=\"https:\/\/frontdeskhelpers.com\/es\/aviso-legal\/politica-de-cookies\/\">Pol\u00edtica de cookies<\/a><\/strong><\/p>\n\n<p><strong><a href=\"https:\/\/frontdeskhelpers.com\/es\/aviso-legal\/ayudantes-de-recepcion-socio-que-cumple-la-hipaa-para-una-externalizacion-segura\/\">Cumplimiento de la HIPAA<\/a><\/strong><\/p>\n\n<p><strong><a href=\"https:\/\/frontdeskhelpers.com\/es\/aviso-legal\/ayudantes-de-recepcion-pequena-empresa-propiedad-de-mujeres-certificada-wosb\/\">Peque\u00f1a empresa propiedad de mujeres (WOSB)<\/a><\/strong><\/p>\n\n<p>Front Desk Helpers CO es una peque\u00f1a empresa propiedad de mujeres certificada, lo que demuestra nuestro compromiso con las minor\u00edas, la diversidad y la inclusi\u00f3n.<\/p>\n\n<p><strong>Seguridad y transparencia<\/strong><\/p>\n\n<p>Front Desk Helpers CO toma medidas razonables para proteger los Datos Personales de nuestros clientes y socios enviados a trav\u00e9s de formularios de contacto y correos electr\u00f3nicos, para evitar su p\u00e9rdida, uso indebido, acceso no autorizado, divulgaci\u00f3n, alteraci\u00f3n o destrucci\u00f3n. Sin embargo, ten en cuenta que ning\u00fan m\u00e9todo de transmisi\u00f3n por Internet o correo electr\u00f3nico puede garantizar la seguridad total de la transferencia de datos personales. El env\u00edo de informaci\u00f3n por correo electr\u00f3nico, especialmente a trav\u00e9s de aplicaciones o servicios en l\u00ednea de terceros, puede plantear riesgos de seguridad. Ten cuidado al decidir qu\u00e9 informaci\u00f3n nos env\u00edas por correo electr\u00f3nico. Por favor, ten esto en cuenta cuando reveles cualquier dato personal a Front Desk Helpers a trav\u00e9s de Internet.    <\/p>\n\n<p><strong>Enlaces a otros sitios web<\/strong><\/p>\n\n<p>Esta Pol\u00edtica de Privacidad s\u00f3lo es aplicable a nuestros servicios y sitio web. Nuestro sitio Web puede contener enlaces a otros sitios Web que no est\u00e1n gestionados ni controlados por Front Desk Helpers (&#8220;Sitios de terceros&#8221;). Las pol\u00edticas y condiciones aqu\u00ed descritas no se aplican a los sitios de terceros que no controlamos. Los enlaces a otros sitios no implican que Front Desk Helpers CO apruebe, fomente o est\u00e9 de acuerdo con el contenido de las p\u00e1ginas y servicios de los Sitios de terceros. Te recomendamos que te pongas en contacto directamente con estos sitios para conocer sus respectivas pol\u00edticas de privacidad.    <\/p>\n","protected":false},"excerpt":{"rendered":"<p>Front Desk Helpers CO es una empresa de subcontrataci\u00f3n y tecnolog\u00eda de la informaci\u00f3n fundada en 2015 y con sede en Estados Unidos. Somos un proveedor de mano de obra a distancia para empresas de cualquier tama\u00f1o. Contratar empleados a tiempo completo con nosotros permite a nuestros clientes incorporar a los mejores talentos para un [&hellip;]<\/p>\n","protected":false},"author":2,"featured_media":0,"parent":0,"menu_order":0,"comment_status":"closed","ping_status":"closed","template":"","meta":{"inline_featured_image":false,"footnotes":""},"class_list":["post-8513","page","type-page","status-publish"],"yoast_head":"<!-- This site is optimized with the Yoast SEO plugin v27.3 - https:\/\/yoast.com\/product\/yoast-seo-wordpress\/ -->\n<title>Aviso legal - FDH<\/title>\n<meta name=\"robots\" content=\"index, follow, max-snippet:-1, max-image-preview:large, max-video-preview:-1\" \/>\n<link rel=\"canonical\" href=\"https:\/\/frontdeskhelpers.com\/es\/aviso-legal\/\" \/>\n<meta property=\"og:locale\" content=\"es_ES\" \/>\n<meta property=\"og:type\" content=\"article\" \/>\n<meta property=\"og:title\" content=\"Aviso legal - FDH\" \/>\n<meta property=\"og:description\" content=\"Front Desk Helpers CO es una empresa de subcontrataci\u00f3n y tecnolog\u00eda de la informaci\u00f3n fundada en 2015 y con sede en Estados Unidos. Somos un proveedor de mano de obra a distancia para empresas de cualquier tama\u00f1o. Contratar empleados a tiempo completo con nosotros permite a nuestros clientes incorporar a los mejores talentos para un [&hellip;]\" \/>\n<meta property=\"og:url\" content=\"https:\/\/frontdeskhelpers.com\/es\/aviso-legal\/\" \/>\n<meta property=\"og:site_name\" content=\"FDH\" \/>\n<meta property=\"article:modified_time\" content=\"2024-12-19T21:27:20+00:00\" \/>\n<meta name=\"twitter:card\" content=\"summary_large_image\" \/>\n<meta name=\"twitter:label1\" content=\"Tiempo de lectura\" \/>\n\t<meta name=\"twitter:data1\" content=\"2 minutos\" \/>\n<!-- \/ Yoast SEO plugin. -->","yoast_head_json":{"title":"Aviso legal - FDH","robots":{"index":"index","follow":"follow","max-snippet":"max-snippet:-1","max-image-preview":"max-image-preview:large","max-video-preview":"max-video-preview:-1"},"canonical":"https:\/\/frontdeskhelpers.com\/es\/aviso-legal\/","og_locale":"es_ES","og_type":"article","og_title":"Aviso legal - FDH","og_description":"Front Desk Helpers CO es una empresa de subcontrataci\u00f3n y tecnolog\u00eda de la informaci\u00f3n fundada en 2015 y con sede en Estados Unidos. Somos un proveedor de mano de obra a distancia para empresas de cualquier tama\u00f1o. Contratar empleados a tiempo completo con nosotros permite a nuestros clientes incorporar a los mejores talentos para un [&hellip;]","og_url":"https:\/\/frontdeskhelpers.com\/es\/aviso-legal\/","og_site_name":"FDH","article_modified_time":"2024-12-19T21:27:20+00:00","twitter_card":"summary_large_image","twitter_misc":{"Tiempo de lectura":"2 minutos"},"schema":{"@context":"https:\/\/schema.org","@graph":[{"@type":"WebPage","@id":"https:\/\/frontdeskhelpers.com\/es\/aviso-legal\/","url":"https:\/\/frontdeskhelpers.com\/es\/aviso-legal\/","name":"Aviso legal - FDH","isPartOf":{"@id":"https:\/\/frontdeskhelpers.com\/es\/#website"},"datePublished":"2024-07-10T19:03:21+00:00","dateModified":"2024-12-19T21:27:20+00:00","breadcrumb":{"@id":"https:\/\/frontdeskhelpers.com\/es\/aviso-legal\/#breadcrumb"},"inLanguage":"es","potentialAction":[{"@type":"ReadAction","target":["https:\/\/frontdeskhelpers.com\/es\/aviso-legal\/"]}]},{"@type":"BreadcrumbList","@id":"https:\/\/frontdeskhelpers.com\/es\/aviso-legal\/#breadcrumb","itemListElement":[{"@type":"ListItem","position":1,"name":"Home","item":"https:\/\/frontdeskhelpers.com\/es\/"},{"@type":"ListItem","position":2,"name":"Aviso legal"}]},{"@type":"WebSite","@id":"https:\/\/frontdeskhelpers.com\/es\/#website","url":"https:\/\/frontdeskhelpers.com\/es\/","name":"FDH","description":"","potentialAction":[{"@type":"SearchAction","target":{"@type":"EntryPoint","urlTemplate":"https:\/\/frontdeskhelpers.com\/es\/?s={search_term_string}"},"query-input":{"@type":"PropertyValueSpecification","valueRequired":true,"valueName":"search_term_string"}}],"inLanguage":"es"}]}},"_links":{"self":[{"href":"https:\/\/frontdeskhelpers.com\/es\/wp-json\/wp\/v2\/pages\/8513","targetHints":{"allow":["GET"]}}],"collection":[{"href":"https:\/\/frontdeskhelpers.com\/es\/wp-json\/wp\/v2\/pages"}],"about":[{"href":"https:\/\/frontdeskhelpers.com\/es\/wp-json\/wp\/v2\/types\/page"}],"author":[{"embeddable":true,"href":"https:\/\/frontdeskhelpers.com\/es\/wp-json\/wp\/v2\/users\/2"}],"replies":[{"embeddable":true,"href":"https:\/\/frontdeskhelpers.com\/es\/wp-json\/wp\/v2\/comments?post=8513"}],"version-history":[{"count":3,"href":"https:\/\/frontdeskhelpers.com\/es\/wp-json\/wp\/v2\/pages\/8513\/revisions"}],"predecessor-version":[{"id":8621,"href":"https:\/\/frontdeskhelpers.com\/es\/wp-json\/wp\/v2\/pages\/8513\/revisions\/8621"}],"wp:attachment":[{"href":"https:\/\/frontdeskhelpers.com\/es\/wp-json\/wp\/v2\/media?parent=8513"}],"curies":[{"name":"wp","href":"https:\/\/api.w.org\/{rel}","templated":true}]}}