{"id":8511,"date":"2024-12-06T18:50:56","date_gmt":"2024-12-06T18:50:56","guid":{"rendered":"https:\/\/frontdeskhelpers.com\/desarrollador-php-bitrix\/"},"modified":"2024-12-19T20:55:40","modified_gmt":"2024-12-19T20:55:40","slug":"desarrollador-php-bitrix","status":"publish","type":"page","link":"https:\/\/frontdeskhelpers.com\/es\/company\/%d1%81areers\/desarrollo\/desarrollador-php-bitrix\/","title":{"rendered":"Desarrollador PHP (Bitrix)"},"content":{"rendered":"\n<div class=\"wp-block-columns is-layout-flex wp-container-core-columns-is-layout-9d6595d7 wp-block-columns-is-layout-flex\">\n<div class=\"wp-block-column is-layout-flow wp-block-column-is-layout-flow\"><div class=\"pvc_clear\"><\/div><p id=\"pvc_stats_8511\" class=\"pvc_stats total_only  pvc_load_by_ajax_update\" data-element-id=\"8511\" style=\"\"><i class=\"pvc-stats-icon medium\" aria-hidden=\"true\"><svg aria-hidden=\"true\" focusable=\"false\" data-prefix=\"far\" data-icon=\"chart-bar\" role=\"img\" xmlns=\"http:\/\/www.w3.org\/2000\/svg\" viewBox=\"0 0 512 512\" class=\"svg-inline--fa fa-chart-bar fa-w-16 fa-2x\"><path fill=\"currentColor\" d=\"M396.8 352h22.4c6.4 0 12.8-6.4 12.8-12.8V108.8c0-6.4-6.4-12.8-12.8-12.8h-22.4c-6.4 0-12.8 6.4-12.8 12.8v230.4c0 6.4 6.4 12.8 12.8 12.8zm-192 0h22.4c6.4 0 12.8-6.4 12.8-12.8V140.8c0-6.4-6.4-12.8-12.8-12.8h-22.4c-6.4 0-12.8 6.4-12.8 12.8v198.4c0 6.4 6.4 12.8 12.8 12.8zm96 0h22.4c6.4 0 12.8-6.4 12.8-12.8V204.8c0-6.4-6.4-12.8-12.8-12.8h-22.4c-6.4 0-12.8 6.4-12.8 12.8v134.4c0 6.4 6.4 12.8 12.8 12.8zM496 400H48V80c0-8.84-7.16-16-16-16H16C7.16 64 0 71.16 0 80v336c0 17.67 14.33 32 32 32h464c8.84 0 16-7.16 16-16v-16c0-8.84-7.16-16-16-16zm-387.2-48h22.4c6.4 0 12.8-6.4 12.8-12.8v-70.4c0-6.4-6.4-12.8-12.8-12.8h-22.4c-6.4 0-12.8 6.4-12.8 12.8v70.4c0 6.4 6.4 12.8 12.8 12.8z\" class=\"\"><\/path><\/svg><\/i> <img decoding=\"async\" width=\"16\" height=\"16\" alt=\"Loading\" src=\"https:\/\/frontdeskhelpers.com\/wp-content\/plugins\/page-views-count\/ajax-loader-2x.gif\" border=0 \/><\/p><div class=\"pvc_clear\"><\/div>\n<\/div>\n\n\n\n<div class=\"wp-block-column is-vertically-aligned-center is-layout-flow wp-block-column-is-layout-flow\">\n<p class=\"has-text-align-center active-vacancy-info\">VACANTE ACTIVA<\/p>\n<\/div>\n<\/div>\n\n<p>Hola, \u00a1y gracias por tu inter\u00e9s en el puesto!  <\/p>\n\n<p>Front Desk Helpers es una empresa de subcontrataci\u00f3n fundada por mujeres con sede en Nueva Jersey (EE.UU.), que se cre\u00f3 en 2015. Nuestras \u00e1reas de especializaci\u00f3n son las soluciones de talento para sanidad, TI, telecomunicaciones, transporte, arquitectura, gesti\u00f3n de RRHH y otros campos. Nuestra empresa opera y hace negocios con los clientes bas\u00e1ndose en la transparencia, el respeto mutuo y la comunicaci\u00f3n abierta.  <\/p>\n\n<p>Actualmente estamos buscando un <strong>Desarrollador Bitrix24<\/strong> para unirse a nuestro equipo. Este puesto es ideal para desarrolladores PHP con experiencia en Bitrix24 y pasi\u00f3n por desarrollar y mantener sistemas robustos y escalables. <\/p>\n\n<p><strong>Qu\u00e9 ofrecemos:<\/strong><\/p>\n\n<ul class=\"wp-block-list\">\n<li>Salario competitivo pagado quincenalmente en USD.<\/li>\n\n\n\n<li>Trabaja en un equipo experimentado bajo la supervisi\u00f3n de un directivo.<\/li>\n\n\n\n<li>Capacidad para trabajar a distancia en horario de tarde.<\/li>\n\n\n\n<li>7 d\u00edas de vacaciones anuales pagadas tras un a\u00f1o de empleo.<\/li>\n\n\n\n<li>Sistema de primas como forma de que los empleados se expresen mutuamente su agradecimiento.<\/li>\n\n\n\n<li>Cursos de autodesarrollo impulsados por plataformas populares.<\/li>\n\n\n\n<li>Proporcionamos a nuestros empleados tel\u00e9fonos IP como instrumentos de conexi\u00f3n con los clientes estadounidenses y todo el software necesario (CRM, fax virtual, servicio SMS, VPN).<\/li>\n\n\n\n<li>Una direcci\u00f3n abierta, con la que es f\u00e1cil ponerse en contacto.<\/li>\n\n\n\n<li>Igualdad de oportunidades para personas de cualquier edad, sexo o nacionalidad.<\/li>\n\n\n\n<li>Oportunidad de aprender habilidades como adaptabilidad, resoluci\u00f3n de conflictos, priorizaci\u00f3n y gesti\u00f3n del tiempo, \u00e9tica del trabajo, comunicaci\u00f3n profesional por correo electr\u00f3nico, preparaci\u00f3n de informes, etc.<\/li>\n<\/ul>\n\n<h3 class=\"wp-block-heading\"><strong>Habilidades esenciales:<\/strong><\/h3>\n\n<ul class=\"wp-block-list\">\n<li>PHP con experiencia en plataformas Bitrix24 1C-Bitrix (basadas en PHP).<\/li>\n\n\n\n<li>Experiencia en desarrollo web con Joomla, VirtueMart, programaci\u00f3n orientada a objetos y Ajax.<\/li>\n\n\n\n<li>Competencia para trabajar con sistemas muy cargados.<\/li>\n\n\n\n<li>Experiencia con MySQL, PostgreSQL y MongoDB.<\/li>\n<\/ul>\n\n<ul class=\"wp-block-list\">\n<li>Conocimientos de administraci\u00f3n de sistemas Linux, Nginx y secuencias de comandos Bash.<\/li>\n\n\n\n<li>Familiaridad con JQuery, Sass y Gulp para tareas de desarrollo front-end.<\/li>\n<\/ul>\n\n<h3 class=\"wp-block-heading\"><strong>Responsabilidades clave:<\/strong><\/h3>\n\n<ul class=\"wp-block-list\">\n<li>Mantener y mejorar las soluciones de software Bitrix24 existentes.<\/li>\n\n\n\n<li>Desarrolla nuevas funciones y m\u00f3dulos para satisfacer las necesidades de la empresa.<\/li>\n\n\n\n<li>Trabaja en estrecha colaboraci\u00f3n con otros desarrolladores para abordar tareas y resolver problemas t\u00e9cnicos menores de forma eficaz.<\/li>\n\n\n\n<li>Garantiza un rendimiento \u00f3ptimo del sistema y resuelve errores y problemas complejos.<\/li>\n\n\n\n<li>Mantente al d\u00eda de las tendencias y mejores pr\u00e1cticas del sector<\/li>\n\n\n\n<li>Solucionar problemas, depurar y actualizar el software existente<\/li>\n\n\n\n<li>Ayudar con las consultas de desarrollo de los miembros del equipo y proporcionar apoyo  <\/li>\n\n\n\n<li>Garantizar la entrega puntual de los proyectos y el cumplimiento de los plazos de los mismos<\/li>\n<\/ul>\n\n<p><strong>Nivel de experiencia<\/strong>: Desarrollador de nivel medio\/superior<\/p>\n\n<p><strong>Competencia ling\u00fc\u00edstica<\/strong>: Ingl\u00e9s (intermedio alto) y ruso hablado<\/p>\n\n<p><strong>Horario:<\/strong><\/p>\n\n<p>De lunes a viernes, de 9:00 a 17:00 (hora de inicio flexible, la primera a las 8:00). Los turnos se ajustan a la zona horaria de Nueva York. <\/p>\n\n<p>Por favor, incluye tus expectativas salariales junto con el CV en ingl\u00e9s envi\u00e1ndolo a <a href=\"mailto:career@fontdeskhelpers.com\">career@frontdeskhelpers.com<br\/><\/a><\/p>\n\n<p>Si eres un desarrollador motivado con pasi\u00f3n por el desarrollo web y un don para la resoluci\u00f3n de problemas, nos encantar\u00eda saber de ti. \u00a1Presenta tu candidatura hoy mismo para unirte a nuestro equipo y llevar tu carrera al siguiente nivel! <\/p>\n\n<p>\u00a1Esperamos tener noticias tuyas!<\/p>\n\n<div class=\"wp-block-columns vacancy-apply-bitrix-form is-layout-flex wp-container-core-columns-is-layout-9d6595d7 wp-block-columns-is-layout-flex\">\n<div class=\"wp-block-column is-layout-flow wp-block-column-is-layout-flow\">\n<h2 class=\"wp-block-heading has-text-align-center\">Solicitar un puesto disponible<\/h2>\n\n\n\n<p class=\"has-text-align-center\">Creemos en el Ma\u00f1ana, y la pasi\u00f3n es contagiosa. \u00a1Apuntamos alto! Construimos una empresa en la que cada uno de los miembros de nuestro equipo se preocupa por los dem\u00e1s, por nuestros productos y por nuestros clientes.  <\/p>\n\n\n\n<script data-b24-form=\"inline\/21\/eh3qjs\" data-skip-moving=\"true\">(function(w,d,u){var s=d.createElement('script');s.async=true;s.src=u+'?'+(Date.now()\/180000|0);var h=d.getElementsByTagName('script')[0];h.parentNode.insertBefore(s,h);})(window,document,'https:\/\/cdn.bitrix24.com\/b19450961\/crm\/form\/loader_21.js');<\/script>\n<\/div>\n<\/div>\n","protected":false},"excerpt":{"rendered":"<p>Hola, \u00a1y gracias por tu inter\u00e9s en el puesto! Front Desk Helpers es una empresa de subcontrataci\u00f3n fundada por mujeres con sede en Nueva Jersey (EE.UU.), que se cre\u00f3 en 2015. Nuestras \u00e1reas de especializaci\u00f3n son las soluciones de talento para sanidad, TI, telecomunicaciones, transporte, arquitectura, gesti\u00f3n de RRHH y otros campos. Nuestra empresa opera [&hellip;]<\/p>\n","protected":false},"author":2,"featured_media":0,"parent":8531,"menu_order":0,"comment_status":"closed","ping_status":"closed","template":"","meta":{"inline_featured_image":false,"footnotes":""},"class_list":["post-8511","page","type-page","status-publish"],"yoast_head":"<!-- This site is optimized with the Yoast SEO plugin v27.3 - https:\/\/yoast.com\/product\/yoast-seo-wordpress\/ -->\n<title>Desarrollador PHP(Bitrix)- FDH<\/title>\n<meta name=\"description\" content=\"Oportunidades de trabajo a distancia. Desarrollador PHP remoto (Bitrix). Estamos contratando Desarrolladores PHP(Bitrix) con experiencia. \u00a1\u00danete al equipo de profesionales de FDH!\" \/>\n<meta name=\"robots\" content=\"index, follow, max-snippet:-1, max-image-preview:large, max-video-preview:-1\" \/>\n<link rel=\"canonical\" href=\"https:\/\/frontdeskhelpers.com\/es\/company\/%d1%81areers\/desarrollo\/desarrollador-php-bitrix\/\" \/>\n<meta property=\"og:locale\" content=\"es_ES\" \/>\n<meta property=\"og:type\" content=\"article\" \/>\n<meta property=\"og:title\" content=\"Desarrollador PHP(Bitrix)- FDH\" \/>\n<meta property=\"og:description\" content=\"Oportunidades de trabajo a distancia. Desarrollador PHP remoto (Bitrix). Estamos contratando Desarrolladores PHP(Bitrix) con experiencia. \u00a1\u00danete al equipo de profesionales de FDH!\" \/>\n<meta property=\"og:url\" content=\"https:\/\/frontdeskhelpers.com\/es\/company\/%d1%81areers\/desarrollo\/desarrollador-php-bitrix\/\" \/>\n<meta property=\"og:site_name\" content=\"FDH\" \/>\n<meta property=\"article:modified_time\" content=\"2024-12-19T20:55:40+00:00\" \/>\n<meta name=\"twitter:card\" content=\"summary_large_image\" \/>\n<meta name=\"twitter:label1\" content=\"Tiempo de lectura\" \/>\n\t<meta name=\"twitter:data1\" content=\"3 minutos\" \/>\n<!-- \/ Yoast SEO plugin. -->","yoast_head_json":{"title":"Desarrollador PHP(Bitrix)- FDH","description":"Oportunidades de trabajo a distancia. Desarrollador PHP remoto (Bitrix). Estamos contratando Desarrolladores PHP(Bitrix) con experiencia. \u00a1\u00danete al equipo de profesionales de FDH!","robots":{"index":"index","follow":"follow","max-snippet":"max-snippet:-1","max-image-preview":"max-image-preview:large","max-video-preview":"max-video-preview:-1"},"canonical":"https:\/\/frontdeskhelpers.com\/es\/company\/%d1%81areers\/desarrollo\/desarrollador-php-bitrix\/","og_locale":"es_ES","og_type":"article","og_title":"Desarrollador PHP(Bitrix)- FDH","og_description":"Oportunidades de trabajo a distancia. Desarrollador PHP remoto (Bitrix). Estamos contratando Desarrolladores PHP(Bitrix) con experiencia. \u00a1\u00danete al equipo de profesionales de FDH!","og_url":"https:\/\/frontdeskhelpers.com\/es\/company\/%d1%81areers\/desarrollo\/desarrollador-php-bitrix\/","og_site_name":"FDH","article_modified_time":"2024-12-19T20:55:40+00:00","twitter_card":"summary_large_image","twitter_misc":{"Tiempo de lectura":"3 minutos"},"schema":{"@context":"https:\/\/schema.org","@graph":[{"@type":"WebPage","@id":"https:\/\/frontdeskhelpers.com\/es\/company\/%d1%81areers\/desarrollo\/desarrollador-php-bitrix\/","url":"https:\/\/frontdeskhelpers.com\/es\/company\/%d1%81areers\/desarrollo\/desarrollador-php-bitrix\/","name":"Desarrollador PHP(Bitrix)- FDH","isPartOf":{"@id":"https:\/\/frontdeskhelpers.com\/es\/#website"},"datePublished":"2024-12-06T18:50:56+00:00","dateModified":"2024-12-19T20:55:40+00:00","description":"Oportunidades de trabajo a distancia. Desarrollador PHP remoto (Bitrix). Estamos contratando Desarrolladores PHP(Bitrix) con experiencia. \u00a1\u00danete al equipo de profesionales de FDH!","breadcrumb":{"@id":"https:\/\/frontdeskhelpers.com\/es\/company\/%d1%81areers\/desarrollo\/desarrollador-php-bitrix\/#breadcrumb"},"inLanguage":"es","potentialAction":[{"@type":"ReadAction","target":["https:\/\/frontdeskhelpers.com\/es\/company\/%d1%81areers\/desarrollo\/desarrollador-php-bitrix\/"]}]},{"@type":"BreadcrumbList","@id":"https:\/\/frontdeskhelpers.com\/es\/company\/%d1%81areers\/desarrollo\/desarrollador-php-bitrix\/#breadcrumb","itemListElement":[{"@type":"ListItem","position":1,"name":"Home","item":"https:\/\/frontdeskhelpers.com\/es\/"},{"@type":"ListItem","position":2,"name":"Company","item":"https:\/\/frontdeskhelpers.com\/es\/company\/"},{"@type":"ListItem","position":3,"name":"\u0421areers","item":"https:\/\/frontdeskhelpers.com\/es\/company\/careers-vacancies\/"},{"@type":"ListItem","position":4,"name":"Desarrollo","item":"https:\/\/frontdeskhelpers.com\/es\/company\/careers-vacancies\/development\/"},{"@type":"ListItem","position":5,"name":"Desarrollador PHP (Bitrix)"}]},{"@type":"WebSite","@id":"https:\/\/frontdeskhelpers.com\/es\/#website","url":"https:\/\/frontdeskhelpers.com\/es\/","name":"FDH","description":"","potentialAction":[{"@type":"SearchAction","target":{"@type":"EntryPoint","urlTemplate":"https:\/\/frontdeskhelpers.com\/es\/?s={search_term_string}"},"query-input":{"@type":"PropertyValueSpecification","valueRequired":true,"valueName":"search_term_string"}}],"inLanguage":"es"}]}},"_links":{"self":[{"href":"https:\/\/frontdeskhelpers.com\/es\/wp-json\/wp\/v2\/pages\/8511","targetHints":{"allow":["GET"]}}],"collection":[{"href":"https:\/\/frontdeskhelpers.com\/es\/wp-json\/wp\/v2\/pages"}],"about":[{"href":"https:\/\/frontdeskhelpers.com\/es\/wp-json\/wp\/v2\/types\/page"}],"author":[{"embeddable":true,"href":"https:\/\/frontdeskhelpers.com\/es\/wp-json\/wp\/v2\/users\/2"}],"replies":[{"embeddable":true,"href":"https:\/\/frontdeskhelpers.com\/es\/wp-json\/wp\/v2\/comments?post=8511"}],"version-history":[{"count":1,"href":"https:\/\/frontdeskhelpers.com\/es\/wp-json\/wp\/v2\/pages\/8511\/revisions"}],"predecessor-version":[{"id":8512,"href":"https:\/\/frontdeskhelpers.com\/es\/wp-json\/wp\/v2\/pages\/8511\/revisions\/8512"}],"up":[{"embeddable":true,"href":"https:\/\/frontdeskhelpers.com\/es\/wp-json\/wp\/v2\/pages\/8531"}],"wp:attachment":[{"href":"https:\/\/frontdeskhelpers.com\/es\/wp-json\/wp\/v2\/media?parent=8511"}],"curies":[{"name":"wp","href":"https:\/\/api.w.org\/{rel}","templated":true}]}}