{"id":8506,"date":"2024-11-20T20:36:33","date_gmt":"2024-11-20T20:36:33","guid":{"rendered":"https:\/\/frontdeskhelpers.com\/asistente-contable\/"},"modified":"2024-12-19T20:55:35","modified_gmt":"2024-12-19T20:55:35","slug":"asistente-contable","status":"publish","type":"page","link":"https:\/\/frontdeskhelpers.com\/es\/company\/%d1%81areers\/contabilidad\/asistente-contable\/","title":{"rendered":"Asistente contable"},"content":{"rendered":"\n<div class=\"wp-block-columns is-layout-flex wp-container-core-columns-is-layout-9d6595d7 wp-block-columns-is-layout-flex\">\n<div class=\"wp-block-column is-layout-flow wp-block-column-is-layout-flow\"><div class=\"pvc_clear\"><\/div><p id=\"pvc_stats_8506\" class=\"pvc_stats total_only  pvc_load_by_ajax_update\" data-element-id=\"8506\" style=\"\"><i class=\"pvc-stats-icon medium\" aria-hidden=\"true\"><svg aria-hidden=\"true\" focusable=\"false\" data-prefix=\"far\" data-icon=\"chart-bar\" role=\"img\" xmlns=\"http:\/\/www.w3.org\/2000\/svg\" viewBox=\"0 0 512 512\" class=\"svg-inline--fa fa-chart-bar fa-w-16 fa-2x\"><path fill=\"currentColor\" d=\"M396.8 352h22.4c6.4 0 12.8-6.4 12.8-12.8V108.8c0-6.4-6.4-12.8-12.8-12.8h-22.4c-6.4 0-12.8 6.4-12.8 12.8v230.4c0 6.4 6.4 12.8 12.8 12.8zm-192 0h22.4c6.4 0 12.8-6.4 12.8-12.8V140.8c0-6.4-6.4-12.8-12.8-12.8h-22.4c-6.4 0-12.8 6.4-12.8 12.8v198.4c0 6.4 6.4 12.8 12.8 12.8zm96 0h22.4c6.4 0 12.8-6.4 12.8-12.8V204.8c0-6.4-6.4-12.8-12.8-12.8h-22.4c-6.4 0-12.8 6.4-12.8 12.8v134.4c0 6.4 6.4 12.8 12.8 12.8zM496 400H48V80c0-8.84-7.16-16-16-16H16C7.16 64 0 71.16 0 80v336c0 17.67 14.33 32 32 32h464c8.84 0 16-7.16 16-16v-16c0-8.84-7.16-16-16-16zm-387.2-48h22.4c6.4 0 12.8-6.4 12.8-12.8v-70.4c0-6.4-6.4-12.8-12.8-12.8h-22.4c-6.4 0-12.8 6.4-12.8 12.8v70.4c0 6.4 6.4 12.8 12.8 12.8z\" class=\"\"><\/path><\/svg><\/i> <img decoding=\"async\" width=\"16\" height=\"16\" alt=\"Loading\" src=\"https:\/\/frontdeskhelpers.com\/wp-content\/plugins\/page-views-count\/ajax-loader-2x.gif\" border=0 \/><\/p><div class=\"pvc_clear\"><\/div>\n<\/div>\n\n\n\n<div class=\"wp-block-column is-vertically-aligned-center is-layout-flow wp-block-column-is-layout-flow\">\n<p class=\"has-text-align-center active-vacancy-info\">VACANTE ACTIVA<\/p>\n<\/div>\n<\/div>\n\n<p>\u00a1Hola y gracias por tu inter\u00e9s en el puesto!  <\/p>\n\n<p>La empresa Front Desk Helpers presta servicios de subcontrataci\u00f3n a empresas estadounidenses desde 2015. La empresa trabaja con m\u00e1s de 15 clientes estadounidenses de sectores como la sanidad, la arquitectura, el sector inmobiliario, el marketing y el desarrollo inform\u00e1tico, entre otros.   <\/p>\n\n<p>Buscamos un <strong>Asistente Contable<\/strong> orientado al detalle para unirse a nuestro equipo. El candidato ideal ser\u00e1 responsable de mantener los registros financieros, procesar los pagos, gestionar las n\u00f3minas, gestionar las consultas relacionadas con las n\u00f3minas, as\u00ed como cualquier tarea Ad-Hoc.   <\/p>\n\n<p><strong>Responsabilidades:<\/strong><\/p>\n\n<ul class=\"wp-block-list\">\n<li>Registrar y hacer un seguimiento de todas las transacciones financieras utilizando un programa de contabilidad<\/li>\n\n\n\n<li>Gestionar las cuentas por pagar y las cuentas por cobrar  <\/li>\n\n\n\n<li>Procesar las n\u00f3minas y gestionar cualquier consulta relacionada con las n\u00f3minas  <\/li>\n\n\n\n<li>Preparar estados financieros e informes  <\/li>\n\n\n\n<li>Realizar conciliaciones bancarias para las cuentas del libro mayor<\/li>\n\n\n\n<li>Realizar conciliaciones de pagos  <\/li>\n\n\n\n<li>Mantener los documentos para garantizar su exactitud  <\/li>\n\n\n\n<li>Ayudar con las llamadas relacionadas con las finanzas -Tareas ad hoc seg\u00fan sea necesario<\/li>\n<\/ul>\n\n<p><strong>Habilidades y experiencia deseadas:<\/strong><\/p>\n\n<ul class=\"wp-block-list\">\n<li>Nivel intermedio-alto de ingl\u00e9s y ruso (el conocimiento del espa\u00f1ol es una gran ventaja)<\/li>\n\n\n\n<li>Experiencia laboral en QuickBooks Online, Microsoft Office y Google Sheets<\/li>\n\n\n\n<li>Experiencia en conciliaci\u00f3n de cuentas del libro mayor<\/li>\n\n\n\n<li>Gran atenci\u00f3n a los detalles y capacidad de organizaci\u00f3n<\/li>\n\n\n\n<li>Gran capacidad anal\u00edtica y de resoluci\u00f3n de problemas<\/li>\n\n\n\n<li>Capacidad para trabajar de forma independiente y como parte del equipo<\/li>\n\n\n\n<li>Destreza en la gesti\u00f3n del tiempo y capacidad para priorizar tareas<\/li>\n<\/ul>\n\n<p><strong>Experiencia: Contabilidad: 1 a\u00f1o (Preferido); N\u00f3minas y AP 1 a\u00f1o (Preferido);<\/strong><\/p>\n\n<p><strong>Horario:<\/strong><\/p>\n\n<p><strong>De 9:00 a 17:00 de lunes a viernes <\/strong><strong>seg\u00fan la hora de Nueva York<\/strong>. <strong> 40 horas semanales. <\/strong> <\/p>\n\n<p><strong>A tiempo completo, totalmente a distancia<\/strong><\/p>\n\n<p><strong>Te lo ofrecemos:<\/strong><\/p>\n\n<ul class=\"wp-block-list\">\n<li>Salario competitivo pagado en USD dos veces al mes.<\/li>\n\n\n\n<li>Trabaja en un equipo experimentado bajo la supervisi\u00f3n de un directivo.<\/li>\n\n\n\n<li>Capacidad para trabajar a distancia.<\/li>\n\n\n\n<li>7 d\u00edas de vacaciones pagadas al a\u00f1o tras un a\u00f1o de empleo.<\/li>\n\n\n\n<li>Proporcionamos a nuestros empleados tel\u00e9fonos IP de hardware como instrumento de conexi\u00f3n con los clientes de EE.UU., as\u00ed como todo el software necesario (CRM, fax virtual, servicio SMS, VPN).<\/li>\n\n\n\n<li>Una direcci\u00f3n abierta, con la que es f\u00e1cil ponerse en contacto.<\/li>\n\n\n\n<li>Igualdad de oportunidades para personas de cualquier edad, sexo o nacionalidad.<\/li>\n\n\n\n<li>Cursos de autodesarrollo impulsados por plataformas populares.<\/li>\n\n\n\n<li>Asistencia t\u00e9cnica constante.<\/li>\n<\/ul>\n\n<p><strong>Por favor, env\u00eda tu CV a <\/strong><a href=\"mailto:career@frontdeskhelpers.com\"><strong>career@frontdeskhelpers.com<\/strong><\/a><strong> en ingl\u00e9s junto con tus expectativas salariales. <\/strong> <\/p>\n\n<div class=\"wp-block-columns vacancy-apply-bitrix-form is-layout-flex wp-container-core-columns-is-layout-9d6595d7 wp-block-columns-is-layout-flex\">\n<div class=\"wp-block-column is-layout-flow wp-block-column-is-layout-flow\">\n<h2 class=\"wp-block-heading has-text-align-center\">Solicitar un puesto disponible<\/h2>\n\n\n\n<p class=\"has-text-align-center\">Creemos en el Ma\u00f1ana, y la pasi\u00f3n es contagiosa. \u00a1Apuntamos alto! Construimos una empresa en la que cada uno de los miembros de nuestro equipo se preocupa por los dem\u00e1s, por nuestros productos y por nuestros clientes.  <\/p>\n\n\n\n<script data-b24-form=\"inline\/21\/eh3qjs\" data-skip-moving=\"true\">(function(w,d,u){var s=d.createElement('script');s.async=true;s.src=u+'?'+(Date.now()\/180000|0);var h=d.getElementsByTagName('script')[0];h.parentNode.insertBefore(s,h);})(window,document,'https:\/\/cdn.bitrix24.com\/b19450961\/crm\/form\/loader_21.js');<\/script>\n<\/div>\n<\/div>\n","protected":false},"excerpt":{"rendered":"<p>\u00a1Hola y gracias por tu inter\u00e9s en el puesto! La empresa Front Desk Helpers presta servicios de subcontrataci\u00f3n a empresas estadounidenses desde 2015. La empresa trabaja con m\u00e1s de 15 clientes estadounidenses de sectores como la sanidad, la arquitectura, el sector inmobiliario, el marketing y el desarrollo inform\u00e1tico, entre otros. Buscamos un Asistente Contable orientado [&hellip;]<\/p>\n","protected":false},"author":2,"featured_media":0,"parent":8514,"menu_order":0,"comment_status":"closed","ping_status":"closed","template":"","meta":{"inline_featured_image":false,"footnotes":""},"class_list":["post-8506","page","type-page","status-publish"],"yoast_head":"<!-- This site is optimized with the Yoast SEO plugin v27.3 - https:\/\/yoast.com\/product\/yoast-seo-wordpress\/ -->\n<title>Asistente contable - FDH<\/title>\n<meta name=\"robots\" content=\"index, follow, max-snippet:-1, max-image-preview:large, max-video-preview:-1\" \/>\n<link rel=\"canonical\" href=\"https:\/\/frontdeskhelpers.com\/es\/company\/%d1%81areers\/contabilidad\/asistente-contable\/\" \/>\n<meta property=\"og:locale\" content=\"es_ES\" \/>\n<meta property=\"og:type\" content=\"article\" \/>\n<meta property=\"og:title\" content=\"Asistente contable - FDH\" \/>\n<meta property=\"og:description\" content=\"\u00a1Hola y gracias por tu inter\u00e9s en el puesto! La empresa Front Desk Helpers presta servicios de subcontrataci\u00f3n a empresas estadounidenses desde 2015. La empresa trabaja con m\u00e1s de 15 clientes estadounidenses de sectores como la sanidad, la arquitectura, el sector inmobiliario, el marketing y el desarrollo inform\u00e1tico, entre otros. Buscamos un Asistente Contable orientado [&hellip;]\" \/>\n<meta property=\"og:url\" content=\"https:\/\/frontdeskhelpers.com\/es\/company\/%d1%81areers\/contabilidad\/asistente-contable\/\" \/>\n<meta property=\"og:site_name\" content=\"FDH\" \/>\n<meta property=\"article:modified_time\" content=\"2024-12-19T20:55:35+00:00\" \/>\n<meta name=\"twitter:card\" content=\"summary_large_image\" \/>\n<meta name=\"twitter:label1\" content=\"Tiempo de lectura\" \/>\n\t<meta name=\"twitter:data1\" content=\"2 minutos\" \/>\n<!-- \/ Yoast SEO plugin. -->","yoast_head_json":{"title":"Asistente contable - FDH","robots":{"index":"index","follow":"follow","max-snippet":"max-snippet:-1","max-image-preview":"max-image-preview:large","max-video-preview":"max-video-preview:-1"},"canonical":"https:\/\/frontdeskhelpers.com\/es\/company\/%d1%81areers\/contabilidad\/asistente-contable\/","og_locale":"es_ES","og_type":"article","og_title":"Asistente contable - FDH","og_description":"\u00a1Hola y gracias por tu inter\u00e9s en el puesto! La empresa Front Desk Helpers presta servicios de subcontrataci\u00f3n a empresas estadounidenses desde 2015. La empresa trabaja con m\u00e1s de 15 clientes estadounidenses de sectores como la sanidad, la arquitectura, el sector inmobiliario, el marketing y el desarrollo inform\u00e1tico, entre otros. Buscamos un Asistente Contable orientado [&hellip;]","og_url":"https:\/\/frontdeskhelpers.com\/es\/company\/%d1%81areers\/contabilidad\/asistente-contable\/","og_site_name":"FDH","article_modified_time":"2024-12-19T20:55:35+00:00","twitter_card":"summary_large_image","twitter_misc":{"Tiempo de lectura":"2 minutos"},"schema":{"@context":"https:\/\/schema.org","@graph":[{"@type":"WebPage","@id":"https:\/\/frontdeskhelpers.com\/es\/company\/%d1%81areers\/contabilidad\/asistente-contable\/","url":"https:\/\/frontdeskhelpers.com\/es\/company\/%d1%81areers\/contabilidad\/asistente-contable\/","name":"Asistente contable - FDH","isPartOf":{"@id":"https:\/\/frontdeskhelpers.com\/es\/#website"},"datePublished":"2024-11-20T20:36:33+00:00","dateModified":"2024-12-19T20:55:35+00:00","breadcrumb":{"@id":"https:\/\/frontdeskhelpers.com\/es\/company\/%d1%81areers\/contabilidad\/asistente-contable\/#breadcrumb"},"inLanguage":"es","potentialAction":[{"@type":"ReadAction","target":["https:\/\/frontdeskhelpers.com\/es\/company\/%d1%81areers\/contabilidad\/asistente-contable\/"]}]},{"@type":"BreadcrumbList","@id":"https:\/\/frontdeskhelpers.com\/es\/company\/%d1%81areers\/contabilidad\/asistente-contable\/#breadcrumb","itemListElement":[{"@type":"ListItem","position":1,"name":"Home","item":"https:\/\/frontdeskhelpers.com\/es\/"},{"@type":"ListItem","position":2,"name":"Company","item":"https:\/\/frontdeskhelpers.com\/es\/company\/"},{"@type":"ListItem","position":3,"name":"\u0421areers","item":"https:\/\/frontdeskhelpers.com\/es\/company\/careers-vacancies\/"},{"@type":"ListItem","position":4,"name":"Contabilidad","item":"https:\/\/frontdeskhelpers.com\/es\/company\/careers-vacancies\/accounting\/"},{"@type":"ListItem","position":5,"name":"Asistente contable"}]},{"@type":"WebSite","@id":"https:\/\/frontdeskhelpers.com\/es\/#website","url":"https:\/\/frontdeskhelpers.com\/es\/","name":"FDH","description":"","potentialAction":[{"@type":"SearchAction","target":{"@type":"EntryPoint","urlTemplate":"https:\/\/frontdeskhelpers.com\/es\/?s={search_term_string}"},"query-input":{"@type":"PropertyValueSpecification","valueRequired":true,"valueName":"search_term_string"}}],"inLanguage":"es"}]}},"_links":{"self":[{"href":"https:\/\/frontdeskhelpers.com\/es\/wp-json\/wp\/v2\/pages\/8506","targetHints":{"allow":["GET"]}}],"collection":[{"href":"https:\/\/frontdeskhelpers.com\/es\/wp-json\/wp\/v2\/pages"}],"about":[{"href":"https:\/\/frontdeskhelpers.com\/es\/wp-json\/wp\/v2\/types\/page"}],"author":[{"embeddable":true,"href":"https:\/\/frontdeskhelpers.com\/es\/wp-json\/wp\/v2\/users\/2"}],"replies":[{"embeddable":true,"href":"https:\/\/frontdeskhelpers.com\/es\/wp-json\/wp\/v2\/comments?post=8506"}],"version-history":[{"count":1,"href":"https:\/\/frontdeskhelpers.com\/es\/wp-json\/wp\/v2\/pages\/8506\/revisions"}],"predecessor-version":[{"id":8508,"href":"https:\/\/frontdeskhelpers.com\/es\/wp-json\/wp\/v2\/pages\/8506\/revisions\/8508"}],"up":[{"embeddable":true,"href":"https:\/\/frontdeskhelpers.com\/es\/wp-json\/wp\/v2\/pages\/8514"}],"wp:attachment":[{"href":"https:\/\/frontdeskhelpers.com\/es\/wp-json\/wp\/v2\/media?parent=8506"}],"curies":[{"name":"wp","href":"https:\/\/api.w.org\/{rel}","templated":true}]}}