{"id":8504,"date":"2024-11-20T20:27:41","date_gmt":"2024-11-20T20:27:41","guid":{"rendered":"https:\/\/frontdeskhelpers.com\/recepcionista-en-clinica-medica\/"},"modified":"2024-12-19T20:56:01","modified_gmt":"2024-12-19T20:56:01","slug":"recepcionista-en-clinica-medica","status":"publish","type":"page","link":"https:\/\/frontdeskhelpers.com\/es\/company\/%d1%81areers\/recepcionista\/recepcionista-en-clinica-medica\/","title":{"rendered":"Recepcionista en Cl\u00ednica M\u00e9dica"},"content":{"rendered":"\n<div class=\"wp-block-columns is-layout-flex wp-container-core-columns-is-layout-9d6595d7 wp-block-columns-is-layout-flex\">\n<div class=\"wp-block-column is-layout-flow wp-block-column-is-layout-flow\"><div class=\"pvc_clear\"><\/div><p id=\"pvc_stats_8504\" class=\"pvc_stats total_only  pvc_load_by_ajax_update\" data-element-id=\"8504\" style=\"\"><i class=\"pvc-stats-icon medium\" aria-hidden=\"true\"><svg aria-hidden=\"true\" focusable=\"false\" data-prefix=\"far\" data-icon=\"chart-bar\" role=\"img\" xmlns=\"http:\/\/www.w3.org\/2000\/svg\" viewBox=\"0 0 512 512\" class=\"svg-inline--fa fa-chart-bar fa-w-16 fa-2x\"><path fill=\"currentColor\" d=\"M396.8 352h22.4c6.4 0 12.8-6.4 12.8-12.8V108.8c0-6.4-6.4-12.8-12.8-12.8h-22.4c-6.4 0-12.8 6.4-12.8 12.8v230.4c0 6.4 6.4 12.8 12.8 12.8zm-192 0h22.4c6.4 0 12.8-6.4 12.8-12.8V140.8c0-6.4-6.4-12.8-12.8-12.8h-22.4c-6.4 0-12.8 6.4-12.8 12.8v198.4c0 6.4 6.4 12.8 12.8 12.8zm96 0h22.4c6.4 0 12.8-6.4 12.8-12.8V204.8c0-6.4-6.4-12.8-12.8-12.8h-22.4c-6.4 0-12.8 6.4-12.8 12.8v134.4c0 6.4 6.4 12.8 12.8 12.8zM496 400H48V80c0-8.84-7.16-16-16-16H16C7.16 64 0 71.16 0 80v336c0 17.67 14.33 32 32 32h464c8.84 0 16-7.16 16-16v-16c0-8.84-7.16-16-16-16zm-387.2-48h22.4c6.4 0 12.8-6.4 12.8-12.8v-70.4c0-6.4-6.4-12.8-12.8-12.8h-22.4c-6.4 0-12.8 6.4-12.8 12.8v70.4c0 6.4 6.4 12.8 12.8 12.8z\" class=\"\"><\/path><\/svg><\/i> <img decoding=\"async\" width=\"16\" height=\"16\" alt=\"Loading\" src=\"https:\/\/frontdeskhelpers.com\/wp-content\/plugins\/page-views-count\/ajax-loader-2x.gif\" border=0 \/><\/p><div class=\"pvc_clear\"><\/div>\n<\/div>\n\n\n\n<div class=\"wp-block-column is-vertically-aligned-center is-layout-flow wp-block-column-is-layout-flow\">\n<p class=\"has-text-align-center active-vacancy-info\">VACANTE ACTIVA<\/p>\n<\/div>\n<\/div>\n\n<p><strong>Recepci\u00f3n (operadora)<\/strong><\/p>\n\n<p>Actualmente, estamos buscando una Recepcionista remota para una cl\u00ednica m\u00e9dica en Nueva York. Se trata de un puesto totalmente remoto, a tiempo parcial. <\/p>\n\n<p><strong>Cu\u00e1les son los requisitos:<\/strong><\/p>\n\n<ul class=\"wp-block-list\">\n<li>Ingl\u00e9s (intermedio-alto), espa\u00f1ol (intermedio-alto) y ruso (nativo-fluido)<\/li>\n\n\n\n<li>Excelentes conocimientos inform\u00e1ticos (capacidad para trabajar con aplicaciones, CRM, correos electr\u00f3nicos, etc.)  <\/li>\n\n\n\n<li>Experiencia previa en un centro de llamadas (estar preparado para 50 llamadas entrantes) es una ventaja<\/li>\n\n\n\n<li>Alto nivel de atenci\u00f3n al cliente para proporcionar el apoyo adecuado a los pacientes<\/li>\n\n\n\n<li>Aprendes r\u00e1pido (para aprender informaci\u00f3n m\u00e9dica)<\/li>\n\n\n\n<li>Orientaci\u00f3n al detalle, ya que trabajamos con p\u00f3lizas de seguros<\/li>\n\n\n\n<li>Puntualidad<\/li>\n\n\n\n<li>Conexi\u00f3n a Internet de alta velocidad<\/li>\n\n\n\n<li>Tu propio ordenador o un port\u00e1til<\/li>\n<\/ul>\n\n<p><strong>Horario:<\/strong><\/p>\n\n<p>De lunes a viernes de 10 a 15 h, turnos seg\u00fan la hora de Nueva York (UTC-5).Hay opciones de trabajar horas adicionales.<\/p>\n\n<p><strong>Qu\u00e9 ofrecemos:<\/strong><\/p>\n\n<ul class=\"wp-block-list\">\n<li>Proporcionamos 2 semanas de formaci\u00f3n a los nuevos empleados, que cobran 4 $ por hora.  <\/li>\n\n\n\n<li>Trabaja en un equipo experimentado bajo la supervisi\u00f3n de un directivo.<\/li>\n\n\n\n<li>Capacidad para trabajar a distancia en horario de tarde.<\/li>\n\n\n\n<li>Vacaciones pagadas tras un a\u00f1o de empleo.<\/li>\n\n\n\n<li>Proporcionamos a nuestros empleados tel\u00e9fonos IP de hardware como instrumento de conexi\u00f3n con los clientes de EE.UU., as\u00ed como todo el software necesario (CRM, fax virtual, servicio SMS, VPN).<\/li>\n\n\n\n<li>Una direcci\u00f3n abierta, con la que es f\u00e1cil ponerse en contacto.<\/li>\n\n\n\n<li>Igualdad de oportunidades para personas de cualquier edad, sexo o nacionalidad.<\/li>\n<\/ul>\n\n<p><strong>Responsabilidades:<\/strong><\/p>\n\n<ul class=\"wp-block-list\">\n<li>Recibir distintas llamadas telef\u00f3nicas de clientes<\/li>\n\n\n\n<li>Programar citas con m\u00e9dicos, as\u00ed como reprogramar citas<\/li>\n\n\n\n<li>Registro de nuevos clientes en un sistema inform\u00e1tico<\/li>\n\n\n\n<li>Dirigir los mensajes\/solicitudes\/preguntas del cliente al equipo m\u00e9dico<\/li>\n\n\n\n<li>Algunas otras tareas relacionadas con la recepci\u00f3n<\/li>\n<\/ul>\n\n<p>Por favor, ten en cuenta que tendr\u00e1s que ver v\u00eddeos de formaci\u00f3n, leer manuales y aprobar la formaci\u00f3n con el l\u00edder del equipo. La formaci\u00f3n contiene un gran volumen de informaci\u00f3n m\u00e9dica, datos sobre la disponibilidad de los m\u00e9dicos, detalles del seguro, un memor\u00e1ndum sobre la especializaci\u00f3n de la cl\u00ednica, y muchos otros. Despu\u00e9s de la formaci\u00f3n, pasar\u00e1s la prueba  <\/p>\n\n<p><strong>Por favor, env\u00eda tu CV a <\/strong><a href=\"mailto:stymchenko@frontdeskhelpers.com\"><strong>stymchenko@frontdeskhelpers.com<\/strong><\/a><strong>.<\/strong><\/p>\n\n<div class=\"wp-block-columns vacancy-apply-bitrix-form is-layout-flex wp-container-core-columns-is-layout-9d6595d7 wp-block-columns-is-layout-flex\">\n<div class=\"wp-block-column is-layout-flow wp-block-column-is-layout-flow\">\n<h2 class=\"wp-block-heading has-text-align-center\">Solicitar un puesto disponible<\/h2>\n\n\n\n<p class=\"has-text-align-center\">Creemos en el Ma\u00f1ana, y la pasi\u00f3n es contagiosa. \u00a1Apuntamos alto! Construimos una empresa en la que cada uno de los miembros de nuestro equipo se preocupa por los dem\u00e1s, por nuestros productos y por nuestros clientes.  <\/p>\n\n\n\n<script data-b24-form=\"inline\/21\/eh3qjs\" data-skip-moving=\"true\">(function(w,d,u){var s=d.createElement('script');s.async=true;s.src=u+'?'+(Date.now()\/180000|0);var h=d.getElementsByTagName('script')[0];h.parentNode.insertBefore(s,h);})(window,document,'https:\/\/cdn.bitrix24.com\/b19450961\/crm\/form\/loader_21.js');<\/script>\n<\/div>\n<\/div>\n","protected":false},"excerpt":{"rendered":"<p>Recepci\u00f3n (operadora) Actualmente, estamos buscando una Recepcionista remota para una cl\u00ednica m\u00e9dica en Nueva York. Se trata de un puesto totalmente remoto, a tiempo parcial. Cu\u00e1les son los requisitos: Horario: De lunes a viernes de 10 a 15 h, turnos seg\u00fan la hora de Nueva York (UTC-5).Hay opciones de trabajar horas adicionales. Qu\u00e9 ofrecemos: Responsabilidades: [&hellip;]<\/p>\n","protected":false},"author":2,"featured_media":0,"parent":8560,"menu_order":0,"comment_status":"closed","ping_status":"closed","template":"","meta":{"inline_featured_image":false,"footnotes":""},"class_list":["post-8504","page","type-page","status-publish"],"yoast_head":"<!-- This site is optimized with the Yoast SEO plugin v27.3 - https:\/\/yoast.com\/product\/yoast-seo-wordpress\/ -->\n<title>Recepcionista en Cl\u00ednica M\u00e9dica - FDH<\/title>\n<meta name=\"robots\" content=\"noindex, nofollow\" \/>\n<meta property=\"og:locale\" content=\"es_ES\" \/>\n<meta property=\"og:type\" content=\"article\" \/>\n<meta property=\"og:title\" content=\"Recepcionista en Cl\u00ednica M\u00e9dica - FDH\" \/>\n<meta property=\"og:description\" content=\"Recepci\u00f3n (operadora) Actualmente, estamos buscando una Recepcionista remota para una cl\u00ednica m\u00e9dica en Nueva York. Se trata de un puesto totalmente remoto, a tiempo parcial. Cu\u00e1les son los requisitos: Horario: De lunes a viernes de 10 a 15 h, turnos seg\u00fan la hora de Nueva York (UTC-5).Hay opciones de trabajar horas adicionales. Qu\u00e9 ofrecemos: Responsabilidades: [&hellip;]\" \/>\n<meta property=\"og:url\" content=\"https:\/\/frontdeskhelpers.com\/es\/company\/%d1%81areers\/recepcionista\/recepcionista-en-clinica-medica\/\" \/>\n<meta property=\"og:site_name\" content=\"FDH\" \/>\n<meta property=\"article:modified_time\" content=\"2024-12-19T20:56:01+00:00\" \/>\n<meta name=\"twitter:card\" content=\"summary_large_image\" \/>\n<meta name=\"twitter:label1\" content=\"Tiempo de lectura\" \/>\n\t<meta name=\"twitter:data1\" content=\"2 minutos\" \/>\n<!-- \/ Yoast SEO plugin. -->","yoast_head_json":{"title":"Recepcionista en Cl\u00ednica M\u00e9dica - FDH","robots":{"index":"noindex","follow":"nofollow"},"og_locale":"es_ES","og_type":"article","og_title":"Recepcionista en Cl\u00ednica M\u00e9dica - FDH","og_description":"Recepci\u00f3n (operadora) Actualmente, estamos buscando una Recepcionista remota para una cl\u00ednica m\u00e9dica en Nueva York. Se trata de un puesto totalmente remoto, a tiempo parcial. Cu\u00e1les son los requisitos: Horario: De lunes a viernes de 10 a 15 h, turnos seg\u00fan la hora de Nueva York (UTC-5).Hay opciones de trabajar horas adicionales. Qu\u00e9 ofrecemos: Responsabilidades: [&hellip;]","og_url":"https:\/\/frontdeskhelpers.com\/es\/company\/%d1%81areers\/recepcionista\/recepcionista-en-clinica-medica\/","og_site_name":"FDH","article_modified_time":"2024-12-19T20:56:01+00:00","twitter_card":"summary_large_image","twitter_misc":{"Tiempo de lectura":"2 minutos"},"schema":{"@context":"https:\/\/schema.org","@graph":[{"@type":"WebPage","@id":"https:\/\/frontdeskhelpers.com\/es\/company\/%d1%81areers\/recepcionista\/recepcionista-en-clinica-medica\/","url":"https:\/\/frontdeskhelpers.com\/es\/company\/%d1%81areers\/recepcionista\/recepcionista-en-clinica-medica\/","name":"Recepcionista en Cl\u00ednica M\u00e9dica - FDH","isPartOf":{"@id":"https:\/\/frontdeskhelpers.com\/es\/#website"},"datePublished":"2024-11-20T20:27:41+00:00","dateModified":"2024-12-19T20:56:01+00:00","breadcrumb":{"@id":"https:\/\/frontdeskhelpers.com\/es\/company\/%d1%81areers\/recepcionista\/recepcionista-en-clinica-medica\/#breadcrumb"},"inLanguage":"es","potentialAction":[{"@type":"ReadAction","target":["https:\/\/frontdeskhelpers.com\/es\/company\/%d1%81areers\/recepcionista\/recepcionista-en-clinica-medica\/"]}]},{"@type":"BreadcrumbList","@id":"https:\/\/frontdeskhelpers.com\/es\/company\/%d1%81areers\/recepcionista\/recepcionista-en-clinica-medica\/#breadcrumb","itemListElement":[{"@type":"ListItem","position":1,"name":"Home","item":"https:\/\/frontdeskhelpers.com\/es\/"},{"@type":"ListItem","position":2,"name":"Company","item":"https:\/\/frontdeskhelpers.com\/es\/company\/"},{"@type":"ListItem","position":3,"name":"\u0421areers","item":"https:\/\/frontdeskhelpers.com\/es\/company\/careers-vacancies\/"},{"@type":"ListItem","position":4,"name":"Recepcionista","item":"https:\/\/frontdeskhelpers.com\/es\/company\/careers-vacancies\/receptionist\/"},{"@type":"ListItem","position":5,"name":"Recepcionista en Cl\u00ednica M\u00e9dica"}]},{"@type":"WebSite","@id":"https:\/\/frontdeskhelpers.com\/es\/#website","url":"https:\/\/frontdeskhelpers.com\/es\/","name":"FDH","description":"","potentialAction":[{"@type":"SearchAction","target":{"@type":"EntryPoint","urlTemplate":"https:\/\/frontdeskhelpers.com\/es\/?s={search_term_string}"},"query-input":{"@type":"PropertyValueSpecification","valueRequired":true,"valueName":"search_term_string"}}],"inLanguage":"es"}]}},"_links":{"self":[{"href":"https:\/\/frontdeskhelpers.com\/es\/wp-json\/wp\/v2\/pages\/8504","targetHints":{"allow":["GET"]}}],"collection":[{"href":"https:\/\/frontdeskhelpers.com\/es\/wp-json\/wp\/v2\/pages"}],"about":[{"href":"https:\/\/frontdeskhelpers.com\/es\/wp-json\/wp\/v2\/types\/page"}],"author":[{"embeddable":true,"href":"https:\/\/frontdeskhelpers.com\/es\/wp-json\/wp\/v2\/users\/2"}],"replies":[{"embeddable":true,"href":"https:\/\/frontdeskhelpers.com\/es\/wp-json\/wp\/v2\/comments?post=8504"}],"version-history":[{"count":1,"href":"https:\/\/frontdeskhelpers.com\/es\/wp-json\/wp\/v2\/pages\/8504\/revisions"}],"predecessor-version":[{"id":8505,"href":"https:\/\/frontdeskhelpers.com\/es\/wp-json\/wp\/v2\/pages\/8504\/revisions\/8505"}],"up":[{"embeddable":true,"href":"https:\/\/frontdeskhelpers.com\/es\/wp-json\/wp\/v2\/pages\/8560"}],"wp:attachment":[{"href":"https:\/\/frontdeskhelpers.com\/es\/wp-json\/wp\/v2\/media?parent=8504"}],"curies":[{"name":"wp","href":"https:\/\/api.w.org\/{rel}","templated":true}]}}