{"id":8499,"date":"2024-08-14T13:36:51","date_gmt":"2024-08-14T13:36:51","guid":{"rendered":"https:\/\/frontdeskhelpers.com\/responsable-de-ventas-multilingue-a-distancia-engesprus\/"},"modified":"2024-12-19T20:55:52","modified_gmt":"2024-12-19T20:55:52","slug":"responsable-de-ventas-multilingue-a-distancia-engesprus","status":"publish","type":"page","link":"https:\/\/frontdeskhelpers.com\/es\/company\/%d1%81areers\/marketing\/responsable-de-ventas-multilingue-a-distancia-engesprus\/","title":{"rendered":"Responsable de ventas multiling\u00fce a distancia (ENG+ESP+RUS)"},"content":{"rendered":"\n<div class=\"wp-block-columns is-layout-flex wp-container-core-columns-is-layout-9d6595d7 wp-block-columns-is-layout-flex\">\n<div class=\"wp-block-column is-layout-flow wp-block-column-is-layout-flow\"><div class=\"pvc_clear\"><\/div><p id=\"pvc_stats_8499\" class=\"pvc_stats total_only  pvc_load_by_ajax_update\" data-element-id=\"8499\" style=\"\"><i class=\"pvc-stats-icon medium\" aria-hidden=\"true\"><svg aria-hidden=\"true\" focusable=\"false\" data-prefix=\"far\" data-icon=\"chart-bar\" role=\"img\" xmlns=\"http:\/\/www.w3.org\/2000\/svg\" viewBox=\"0 0 512 512\" class=\"svg-inline--fa fa-chart-bar fa-w-16 fa-2x\"><path fill=\"currentColor\" d=\"M396.8 352h22.4c6.4 0 12.8-6.4 12.8-12.8V108.8c0-6.4-6.4-12.8-12.8-12.8h-22.4c-6.4 0-12.8 6.4-12.8 12.8v230.4c0 6.4 6.4 12.8 12.8 12.8zm-192 0h22.4c6.4 0 12.8-6.4 12.8-12.8V140.8c0-6.4-6.4-12.8-12.8-12.8h-22.4c-6.4 0-12.8 6.4-12.8 12.8v198.4c0 6.4 6.4 12.8 12.8 12.8zm96 0h22.4c6.4 0 12.8-6.4 12.8-12.8V204.8c0-6.4-6.4-12.8-12.8-12.8h-22.4c-6.4 0-12.8 6.4-12.8 12.8v134.4c0 6.4 6.4 12.8 12.8 12.8zM496 400H48V80c0-8.84-7.16-16-16-16H16C7.16 64 0 71.16 0 80v336c0 17.67 14.33 32 32 32h464c8.84 0 16-7.16 16-16v-16c0-8.84-7.16-16-16-16zm-387.2-48h22.4c6.4 0 12.8-6.4 12.8-12.8v-70.4c0-6.4-6.4-12.8-12.8-12.8h-22.4c-6.4 0-12.8 6.4-12.8 12.8v70.4c0 6.4 6.4 12.8 12.8 12.8z\" class=\"\"><\/path><\/svg><\/i> <img decoding=\"async\" width=\"16\" height=\"16\" alt=\"Loading\" src=\"https:\/\/frontdeskhelpers.com\/wp-content\/plugins\/page-views-count\/ajax-loader-2x.gif\" border=0 \/><\/p><div class=\"pvc_clear\"><\/div>\n<\/div>\n\n\n\n<div class=\"wp-block-column is-vertically-aligned-center is-layout-flow wp-block-column-is-layout-flow\">\n<p class=\"has-text-align-center closed-vacancy-info\">VACANTE CERRADA<\/p>\n<\/div>\n<\/div>\n\n<p><strong>Hola, \u00a1querido futuro empleado! Si eres una persona segura de s\u00ed misma, que aprende r\u00e1pido y es aplicada, y buscas el equipo perfecto al que unirte, \u00a1est\u00e1s en el lugar adecuado! <\/strong><\/p>\n\n<p>Front Desk Helpers es una empresa con sede en Nueva Jersey, Estados Unidos. Busca un candidato para el puesto remoto de Responsable de Ventas para una empresa que presta Servicios de Atenci\u00f3n Domiciliaria. <\/p>\n\n<p>Este puesto requiere un enfoque espec\u00edfico, ya que no vendemos ninguna mercanc\u00eda, \u00a1sino servicios! Nuestros clientes &#8211; son personas mayores que necesitan la asistencia de auxiliares sanitarios. El objetivo del Gestor de Ventas es proporcionar al paciente informaci\u00f3n sobre los servicios de la empresa, ventajas, apoyo profesional, bonificaciones y asegurarse de que el paciente tiene derecho a recibirlos seg\u00fan su plan de seguro.  <\/p>\n\n<p><strong>Nuestros requisitos:<\/strong><\/p>\n\n<ul class=\"wp-block-list\">\n<li>El conocimiento de los tres idiomas es imprescindible Ingl\u00e9s (Intermedio-Avanzado) \/\/ Ruso (Nativo-Fluente) \/\/ Espa\u00f1ol (Intermedio-Avanzado)<\/li>\n\n\n\n<li>Tambi\u00e9n es imprescindible tener experiencia en ventas. Preferiblemente experiencia trabajando en el mercado estadounidense o vendiendo servicios <\/li>\n\n\n\n<li>Excelentes conocimientos inform\u00e1ticos<\/li>\n\n\n\n<li>Etiqueta telef\u00f3nica profesional<\/li>\n\n\n\n<li>Capacidad para realizar m\u00faltiples tareas y establecer prioridades<\/li>\n\n\n\n<li>Conexi\u00f3n a Internet por cable sostenible, as\u00ed como un entorno tranquilo y un ordenador<\/li>\n\n\n\n<li>Utilizamos tel\u00e9fonos IP para nuestro trabajo y se te proporcionar\u00e1 uno de este tipo;<\/li>\n<\/ul>\n\n<p><strong>Horario:<\/strong><\/p>\n\n<p>De lunes a viernes, de 9 de la ma\u00f1ana a 5 de la tarde, hora de Nueva York. El total es de 40 horas semanales. <\/p>\n\n<p><strong>Responsabilidades:<\/strong><\/p>\n\n<ol class=\"wp-block-list\">\n<li>Trabajar en pistas<\/li>\n\n\n\n<li>Llamadas entrantes y salientes con posibles clientes o sus representantes<\/li>\n\n\n\n<li>Garantizar el aumento del nivel de ventas<\/li>\n\n\n\n<li>Trabajo con el sistema CRM Bitrix24 y la base de datos interna, Gmail, documentos de Microsoft office<\/li>\n\n\n\n<li>Preparar informes<\/li>\n<\/ol>\n\n<p><strong>Buscamos a una persona concentrada en un resultado, proactiva, que nunca se olvide de hacer un seguimiento de los clientes potenciales y que disfrute trabajando en equipo.<\/strong><\/p>\n\n<p>Proporcionamos 1 mes de formaci\u00f3n a los nuevos empleados.<\/p>\n\n<p>Si tienes m\u00e1s preguntas, llama al y env\u00eda tu curr\u00edculum a carrera@.<\/p>\n\n<p><strong>\u00a1Esperamos tener noticias tuyas!<\/strong><\/p>\n","protected":false},"excerpt":{"rendered":"<p>Hola, \u00a1querido futuro empleado! Si eres una persona segura de s\u00ed misma, que aprende r\u00e1pido y es aplicada, y buscas el equipo perfecto al que unirte, \u00a1est\u00e1s en el lugar adecuado! Front Desk Helpers es una empresa con sede en Nueva Jersey, Estados Unidos. Busca un candidato para el puesto remoto de Responsable de Ventas [&hellip;]<\/p>\n","protected":false},"author":2,"featured_media":0,"parent":8553,"menu_order":0,"comment_status":"closed","ping_status":"closed","template":"","meta":{"inline_featured_image":false,"footnotes":""},"class_list":["post-8499","page","type-page","status-publish"],"yoast_head":"<!-- This site is optimized with the Yoast SEO plugin v27.3 - https:\/\/yoast.com\/product\/yoast-seo-wordpress\/ -->\n<title>Responsable de Ventas Multiling\u00fce a Distancia | Vacantes | FDH<\/title>\n<meta name=\"description\" content=\"Buscamos un candidato para el puesto remoto de Responsable de Ventas para una empresa de Servicios de Atenci\u00f3n Domiciliaria (ENG+ESP+RUS).\" \/>\n<meta name=\"robots\" content=\"index, follow, max-snippet:-1, max-image-preview:large, max-video-preview:-1\" \/>\n<link rel=\"canonical\" href=\"https:\/\/frontdeskhelpers.com\/es\/company\/%d1%81areers\/marketing\/responsable-de-ventas-multilingue-a-distancia-engesprus\/\" \/>\n<meta property=\"og:locale\" content=\"es_ES\" \/>\n<meta property=\"og:type\" content=\"article\" \/>\n<meta property=\"og:title\" content=\"Responsable de Ventas Multiling\u00fce a Distancia | Vacantes | FDH\" \/>\n<meta property=\"og:description\" content=\"Buscamos un candidato para el puesto remoto de Responsable de Ventas para una empresa de Servicios de Atenci\u00f3n Domiciliaria (ENG+ESP+RUS).\" \/>\n<meta property=\"og:url\" content=\"https:\/\/frontdeskhelpers.com\/es\/company\/%d1%81areers\/marketing\/responsable-de-ventas-multilingue-a-distancia-engesprus\/\" \/>\n<meta property=\"og:site_name\" content=\"FDH\" \/>\n<meta property=\"article:modified_time\" content=\"2024-12-19T20:55:52+00:00\" \/>\n<meta name=\"twitter:card\" content=\"summary_large_image\" \/>\n<meta name=\"twitter:label1\" content=\"Tiempo de lectura\" \/>\n\t<meta name=\"twitter:data1\" content=\"2 minutos\" \/>\n<!-- \/ Yoast SEO plugin. -->","yoast_head_json":{"title":"Responsable de Ventas Multiling\u00fce a Distancia | Vacantes | FDH","description":"Buscamos un candidato para el puesto remoto de Responsable de Ventas para una empresa de Servicios de Atenci\u00f3n Domiciliaria (ENG+ESP+RUS).","robots":{"index":"index","follow":"follow","max-snippet":"max-snippet:-1","max-image-preview":"max-image-preview:large","max-video-preview":"max-video-preview:-1"},"canonical":"https:\/\/frontdeskhelpers.com\/es\/company\/%d1%81areers\/marketing\/responsable-de-ventas-multilingue-a-distancia-engesprus\/","og_locale":"es_ES","og_type":"article","og_title":"Responsable de Ventas Multiling\u00fce a Distancia | Vacantes | FDH","og_description":"Buscamos un candidato para el puesto remoto de Responsable de Ventas para una empresa de Servicios de Atenci\u00f3n Domiciliaria (ENG+ESP+RUS).","og_url":"https:\/\/frontdeskhelpers.com\/es\/company\/%d1%81areers\/marketing\/responsable-de-ventas-multilingue-a-distancia-engesprus\/","og_site_name":"FDH","article_modified_time":"2024-12-19T20:55:52+00:00","twitter_card":"summary_large_image","twitter_misc":{"Tiempo de lectura":"2 minutos"},"schema":{"@context":"https:\/\/schema.org","@graph":[{"@type":"WebPage","@id":"https:\/\/frontdeskhelpers.com\/es\/company\/%d1%81areers\/marketing\/responsable-de-ventas-multilingue-a-distancia-engesprus\/","url":"https:\/\/frontdeskhelpers.com\/es\/company\/%d1%81areers\/marketing\/responsable-de-ventas-multilingue-a-distancia-engesprus\/","name":"Responsable de Ventas Multiling\u00fce a Distancia | Vacantes | FDH","isPartOf":{"@id":"https:\/\/frontdeskhelpers.com\/es\/#website"},"datePublished":"2024-08-14T13:36:51+00:00","dateModified":"2024-12-19T20:55:52+00:00","description":"Buscamos un candidato para el puesto remoto de Responsable de Ventas para una empresa de Servicios de Atenci\u00f3n Domiciliaria (ENG+ESP+RUS).","breadcrumb":{"@id":"https:\/\/frontdeskhelpers.com\/es\/company\/%d1%81areers\/marketing\/responsable-de-ventas-multilingue-a-distancia-engesprus\/#breadcrumb"},"inLanguage":"es","potentialAction":[{"@type":"ReadAction","target":["https:\/\/frontdeskhelpers.com\/es\/company\/%d1%81areers\/marketing\/responsable-de-ventas-multilingue-a-distancia-engesprus\/"]}]},{"@type":"BreadcrumbList","@id":"https:\/\/frontdeskhelpers.com\/es\/company\/%d1%81areers\/marketing\/responsable-de-ventas-multilingue-a-distancia-engesprus\/#breadcrumb","itemListElement":[{"@type":"ListItem","position":1,"name":"Home","item":"https:\/\/frontdeskhelpers.com\/es\/"},{"@type":"ListItem","position":2,"name":"Company","item":"https:\/\/frontdeskhelpers.com\/es\/company\/"},{"@type":"ListItem","position":3,"name":"\u0421areers","item":"https:\/\/frontdeskhelpers.com\/es\/company\/careers-vacancies\/"},{"@type":"ListItem","position":4,"name":"Marketing","item":"https:\/\/frontdeskhelpers.com\/es\/company\/careers-vacancies\/marketing\/"},{"@type":"ListItem","position":5,"name":"Responsable de ventas multiling\u00fce a distancia (ENG+ESP+RUS)"}]},{"@type":"WebSite","@id":"https:\/\/frontdeskhelpers.com\/es\/#website","url":"https:\/\/frontdeskhelpers.com\/es\/","name":"FDH","description":"","potentialAction":[{"@type":"SearchAction","target":{"@type":"EntryPoint","urlTemplate":"https:\/\/frontdeskhelpers.com\/es\/?s={search_term_string}"},"query-input":{"@type":"PropertyValueSpecification","valueRequired":true,"valueName":"search_term_string"}}],"inLanguage":"es"}]}},"_links":{"self":[{"href":"https:\/\/frontdeskhelpers.com\/es\/wp-json\/wp\/v2\/pages\/8499","targetHints":{"allow":["GET"]}}],"collection":[{"href":"https:\/\/frontdeskhelpers.com\/es\/wp-json\/wp\/v2\/pages"}],"about":[{"href":"https:\/\/frontdeskhelpers.com\/es\/wp-json\/wp\/v2\/types\/page"}],"author":[{"embeddable":true,"href":"https:\/\/frontdeskhelpers.com\/es\/wp-json\/wp\/v2\/users\/2"}],"replies":[{"embeddable":true,"href":"https:\/\/frontdeskhelpers.com\/es\/wp-json\/wp\/v2\/comments?post=8499"}],"version-history":[{"count":1,"href":"https:\/\/frontdeskhelpers.com\/es\/wp-json\/wp\/v2\/pages\/8499\/revisions"}],"predecessor-version":[{"id":8501,"href":"https:\/\/frontdeskhelpers.com\/es\/wp-json\/wp\/v2\/pages\/8499\/revisions\/8501"}],"up":[{"embeddable":true,"href":"https:\/\/frontdeskhelpers.com\/es\/wp-json\/wp\/v2\/pages\/8553"}],"wp:attachment":[{"href":"https:\/\/frontdeskhelpers.com\/es\/wp-json\/wp\/v2\/media?parent=8499"}],"curies":[{"name":"wp","href":"https:\/\/api.w.org\/{rel}","templated":true}]}}