{"id":8495,"date":"2024-08-14T13:34:32","date_gmt":"2024-08-14T13:34:32","guid":{"rendered":"https:\/\/frontdeskhelpers.com\/agente-de-ventas-para-el-sector-sanitario\/"},"modified":"2024-12-19T20:55:52","modified_gmt":"2024-12-19T20:55:52","slug":"agente-de-ventas-para-el-sector-sanitario","status":"publish","type":"page","link":"https:\/\/frontdeskhelpers.com\/es\/company\/%d1%81areers\/marketing\/agente-de-ventas-para-el-sector-sanitario\/","title":{"rendered":"Agente de ventas para el sector sanitario"},"content":{"rendered":"\n<div class=\"wp-block-columns is-layout-flex wp-container-core-columns-is-layout-9d6595d7 wp-block-columns-is-layout-flex\">\n<div class=\"wp-block-column is-layout-flow wp-block-column-is-layout-flow\"><div class=\"pvc_clear\"><\/div><p id=\"pvc_stats_8495\" class=\"pvc_stats total_only  pvc_load_by_ajax_update\" data-element-id=\"8495\" style=\"\"><i class=\"pvc-stats-icon medium\" aria-hidden=\"true\"><svg aria-hidden=\"true\" focusable=\"false\" data-prefix=\"far\" data-icon=\"chart-bar\" role=\"img\" xmlns=\"http:\/\/www.w3.org\/2000\/svg\" viewBox=\"0 0 512 512\" class=\"svg-inline--fa fa-chart-bar fa-w-16 fa-2x\"><path fill=\"currentColor\" d=\"M396.8 352h22.4c6.4 0 12.8-6.4 12.8-12.8V108.8c0-6.4-6.4-12.8-12.8-12.8h-22.4c-6.4 0-12.8 6.4-12.8 12.8v230.4c0 6.4 6.4 12.8 12.8 12.8zm-192 0h22.4c6.4 0 12.8-6.4 12.8-12.8V140.8c0-6.4-6.4-12.8-12.8-12.8h-22.4c-6.4 0-12.8 6.4-12.8 12.8v198.4c0 6.4 6.4 12.8 12.8 12.8zm96 0h22.4c6.4 0 12.8-6.4 12.8-12.8V204.8c0-6.4-6.4-12.8-12.8-12.8h-22.4c-6.4 0-12.8 6.4-12.8 12.8v134.4c0 6.4 6.4 12.8 12.8 12.8zM496 400H48V80c0-8.84-7.16-16-16-16H16C7.16 64 0 71.16 0 80v336c0 17.67 14.33 32 32 32h464c8.84 0 16-7.16 16-16v-16c0-8.84-7.16-16-16-16zm-387.2-48h22.4c6.4 0 12.8-6.4 12.8-12.8v-70.4c0-6.4-6.4-12.8-12.8-12.8h-22.4c-6.4 0-12.8 6.4-12.8 12.8v70.4c0 6.4 6.4 12.8 12.8 12.8z\" class=\"\"><\/path><\/svg><\/i> <img decoding=\"async\" width=\"16\" height=\"16\" alt=\"Loading\" src=\"https:\/\/frontdeskhelpers.com\/wp-content\/plugins\/page-views-count\/ajax-loader-2x.gif\" border=0 \/><\/p><div class=\"pvc_clear\"><\/div>\n<\/div>\n\n\n\n<div class=\"wp-block-column is-vertically-aligned-center is-layout-flow wp-block-column-is-layout-flow\">\n<p class=\"has-text-align-center closed-vacancy-info\">VACANTE CERRADA<\/p>\n<\/div>\n<\/div>\n\n<p>Hola, \u00a1querido futuro empleado! Si eres una persona segura de s\u00ed misma, que aprende r\u00e1pido y es aplicada, y buscas el equipo perfecto al que unirte, \u00a1est\u00e1s en el lugar adecuado! <\/p>\n\n<p>Somos una empresa con sede en EE.UU. Buscamos un candidato para coordinador de guardia en agencia americana de atenci\u00f3n domiciliaria. Sin ventas.  <\/p>\n\n<p><strong>Nuestros requisitos:<\/strong><\/p>\n\n<ul class=\"wp-block-list\">\n<li>Ingl\u00e9s (intermedio-avanzado) \/\/ Ruso (nativo-fluido)<\/li>\n\n\n\n<li>Excelentes conocimientos de inform\u00e1tica y conexi\u00f3n Ethernet (para tel\u00e9fono IP)<\/li>\n\n\n\n<li>Etiqueta telef\u00f3nica profesional<\/li>\n\n\n\n<li>Capacidad para realizar m\u00faltiples tareas y establecer prioridades<\/li>\n<\/ul>\n\n<p><strong>Horario:<\/strong><\/p>\n\n<p>S\u00e1b-Dom 09.00 h &#8211; 16.00 h EST (hora de Nueva York)<\/p>\n\n<p><strong>Responsabilidades:<\/strong><\/p>\n\n<ul class=\"wp-block-list\">\n<li>Controlar a las ni\u00f1eras en sus visitas a los pacientes en el sistema CRM<\/li>\n\n\n\n<li>Habla con los pacientes y ay\u00fadales a resolver cualquier duda que tengan<\/li>\n\n\n\n<li>Llama a hospitales y seguros por si acaso<\/li>\n\n\n\n<li>Enviar mensaje por correo electr\u00f3nico a los departamentos de la empresa<\/li>\n\n\n\n<li>Busca un sustituto de ni\u00f1era en caso de necesidad<\/li>\n<\/ul>\n\n<p>Proporcionamos 1 mes de formaci\u00f3n a los nuevos empleados.<\/p>\n\n<p>Para m\u00e1s preguntas, visita <a href=\"https:\/\/frontdeskhelpers.com\/careers\/\">https:\/\/frontdeskhelpers.com\/careers\/<\/a> o env\u00edanos un correo electr\u00f3nico a <a href=\"mailto:career@frontdeskhelpers.com\">career@frontdeskhelpers.com<\/a>.<\/p>\n\n<p><strong>\u00a1Esperamos tener noticias tuyas!<\/strong><\/p>\n","protected":false},"excerpt":{"rendered":"<p>Hola, \u00a1querido futuro empleado! Si eres una persona segura de s\u00ed misma, que aprende r\u00e1pido y es aplicada, y buscas el equipo perfecto al que unirte, \u00a1est\u00e1s en el lugar adecuado! Somos una empresa con sede en EE.UU. Buscamos un candidato para coordinador de guardia en agencia americana de atenci\u00f3n domiciliaria. Sin ventas. Nuestros requisitos: [&hellip;]<\/p>\n","protected":false},"author":2,"featured_media":0,"parent":8553,"menu_order":0,"comment_status":"closed","ping_status":"closed","template":"","meta":{"inline_featured_image":false,"footnotes":""},"class_list":["post-8495","page","type-page","status-publish"],"yoast_head":"<!-- This site is optimized with the Yoast SEO plugin v27.3 - https:\/\/yoast.com\/product\/yoast-seo-wordpress\/ -->\n<title>Coordinador de Guardia (Agente) Para Sanidad | Vacantes | FDH<\/title>\n<meta name=\"description\" content=\"Se busca candidato para coordinador de guardia (agente de call center) en agencia americana de asistencia domiciliaria. Sin ventas.\" \/>\n<meta name=\"robots\" content=\"index, follow, max-snippet:-1, max-image-preview:large, max-video-preview:-1\" \/>\n<link rel=\"canonical\" href=\"https:\/\/frontdeskhelpers.com\/es\/company\/%d1%81areers\/marketing\/agente-de-ventas-para-el-sector-sanitario\/\" \/>\n<meta property=\"og:locale\" content=\"es_ES\" \/>\n<meta property=\"og:type\" content=\"article\" \/>\n<meta property=\"og:title\" content=\"Coordinador de Guardia (Agente) Para Sanidad | Vacantes | FDH\" \/>\n<meta property=\"og:description\" content=\"Se busca candidato para coordinador de guardia (agente de call center) en agencia americana de asistencia domiciliaria. Sin ventas.\" \/>\n<meta property=\"og:url\" content=\"https:\/\/frontdeskhelpers.com\/es\/company\/%d1%81areers\/marketing\/agente-de-ventas-para-el-sector-sanitario\/\" \/>\n<meta property=\"og:site_name\" content=\"FDH\" \/>\n<meta property=\"article:modified_time\" content=\"2024-12-19T20:55:52+00:00\" \/>\n<meta name=\"twitter:card\" content=\"summary_large_image\" \/>\n<meta name=\"twitter:label1\" content=\"Tiempo de lectura\" \/>\n\t<meta name=\"twitter:data1\" content=\"1 minuto\" \/>\n<!-- \/ Yoast SEO plugin. -->","yoast_head_json":{"title":"Coordinador de Guardia (Agente) Para Sanidad | Vacantes | FDH","description":"Se busca candidato para coordinador de guardia (agente de call center) en agencia americana de asistencia domiciliaria. Sin ventas.","robots":{"index":"index","follow":"follow","max-snippet":"max-snippet:-1","max-image-preview":"max-image-preview:large","max-video-preview":"max-video-preview:-1"},"canonical":"https:\/\/frontdeskhelpers.com\/es\/company\/%d1%81areers\/marketing\/agente-de-ventas-para-el-sector-sanitario\/","og_locale":"es_ES","og_type":"article","og_title":"Coordinador de Guardia (Agente) Para Sanidad | Vacantes | FDH","og_description":"Se busca candidato para coordinador de guardia (agente de call center) en agencia americana de asistencia domiciliaria. Sin ventas.","og_url":"https:\/\/frontdeskhelpers.com\/es\/company\/%d1%81areers\/marketing\/agente-de-ventas-para-el-sector-sanitario\/","og_site_name":"FDH","article_modified_time":"2024-12-19T20:55:52+00:00","twitter_card":"summary_large_image","twitter_misc":{"Tiempo de lectura":"1 minuto"},"schema":{"@context":"https:\/\/schema.org","@graph":[{"@type":"WebPage","@id":"https:\/\/frontdeskhelpers.com\/es\/company\/%d1%81areers\/marketing\/agente-de-ventas-para-el-sector-sanitario\/","url":"https:\/\/frontdeskhelpers.com\/es\/company\/%d1%81areers\/marketing\/agente-de-ventas-para-el-sector-sanitario\/","name":"Coordinador de Guardia (Agente) Para Sanidad | Vacantes | FDH","isPartOf":{"@id":"https:\/\/frontdeskhelpers.com\/es\/#website"},"datePublished":"2024-08-14T13:34:32+00:00","dateModified":"2024-12-19T20:55:52+00:00","description":"Se busca candidato para coordinador de guardia (agente de call center) en agencia americana de asistencia domiciliaria. Sin ventas.","breadcrumb":{"@id":"https:\/\/frontdeskhelpers.com\/es\/company\/%d1%81areers\/marketing\/agente-de-ventas-para-el-sector-sanitario\/#breadcrumb"},"inLanguage":"es","potentialAction":[{"@type":"ReadAction","target":["https:\/\/frontdeskhelpers.com\/es\/company\/%d1%81areers\/marketing\/agente-de-ventas-para-el-sector-sanitario\/"]}]},{"@type":"BreadcrumbList","@id":"https:\/\/frontdeskhelpers.com\/es\/company\/%d1%81areers\/marketing\/agente-de-ventas-para-el-sector-sanitario\/#breadcrumb","itemListElement":[{"@type":"ListItem","position":1,"name":"Home","item":"https:\/\/frontdeskhelpers.com\/es\/"},{"@type":"ListItem","position":2,"name":"Company","item":"https:\/\/frontdeskhelpers.com\/es\/company\/"},{"@type":"ListItem","position":3,"name":"\u0421areers","item":"https:\/\/frontdeskhelpers.com\/es\/company\/careers-vacancies\/"},{"@type":"ListItem","position":4,"name":"Marketing","item":"https:\/\/frontdeskhelpers.com\/es\/company\/careers-vacancies\/marketing\/"},{"@type":"ListItem","position":5,"name":"Agente de ventas para el sector sanitario"}]},{"@type":"WebSite","@id":"https:\/\/frontdeskhelpers.com\/es\/#website","url":"https:\/\/frontdeskhelpers.com\/es\/","name":"FDH","description":"","potentialAction":[{"@type":"SearchAction","target":{"@type":"EntryPoint","urlTemplate":"https:\/\/frontdeskhelpers.com\/es\/?s={search_term_string}"},"query-input":{"@type":"PropertyValueSpecification","valueRequired":true,"valueName":"search_term_string"}}],"inLanguage":"es"}]}},"_links":{"self":[{"href":"https:\/\/frontdeskhelpers.com\/es\/wp-json\/wp\/v2\/pages\/8495","targetHints":{"allow":["GET"]}}],"collection":[{"href":"https:\/\/frontdeskhelpers.com\/es\/wp-json\/wp\/v2\/pages"}],"about":[{"href":"https:\/\/frontdeskhelpers.com\/es\/wp-json\/wp\/v2\/types\/page"}],"author":[{"embeddable":true,"href":"https:\/\/frontdeskhelpers.com\/es\/wp-json\/wp\/v2\/users\/2"}],"replies":[{"embeddable":true,"href":"https:\/\/frontdeskhelpers.com\/es\/wp-json\/wp\/v2\/comments?post=8495"}],"version-history":[{"count":1,"href":"https:\/\/frontdeskhelpers.com\/es\/wp-json\/wp\/v2\/pages\/8495\/revisions"}],"predecessor-version":[{"id":8497,"href":"https:\/\/frontdeskhelpers.com\/es\/wp-json\/wp\/v2\/pages\/8495\/revisions\/8497"}],"up":[{"embeddable":true,"href":"https:\/\/frontdeskhelpers.com\/es\/wp-json\/wp\/v2\/pages\/8553"}],"wp:attachment":[{"href":"https:\/\/frontdeskhelpers.com\/es\/wp-json\/wp\/v2\/media?parent=8495"}],"curies":[{"name":"wp","href":"https:\/\/api.w.org\/{rel}","templated":true}]}}