{"id":8490,"date":"2024-10-02T19:46:50","date_gmt":"2024-10-02T19:46:50","guid":{"rendered":"https:\/\/frontdeskhelpers.com\/politica-de-cookies\/"},"modified":"2024-12-19T20:55:35","modified_gmt":"2024-12-19T20:55:35","slug":"politica-de-cookies","status":"publish","type":"page","link":"https:\/\/frontdeskhelpers.com\/es\/aviso-legal\/politica-de-cookies\/","title":{"rendered":"Pol\u00edtica de cookies"},"content":{"rendered":"\n<p>\u00daltima actualizaci\u00f3n: 02 de octubre de 2024<\/p>\n\n<p>Esta Pol\u00edtica de Cookies explica qu\u00e9 son las Cookies y c\u00f3mo las utilizamos. Debes leer esta pol\u00edtica para que puedas entender qu\u00e9 tipo de cookies utilizamos, o la informaci\u00f3n que recopilamos utilizando Cookies y c\u00f3mo se utiliza esa informaci\u00f3n.   <\/p>\n\n<p>Las Cookies no suelen contener informaci\u00f3n que identifique personalmente a un usuario, pero la informaci\u00f3n personal que almacenamos sobre Ti puede estar vinculada a la informaci\u00f3n almacenada y obtenida de las Cookies. Para m\u00e1s informaci\u00f3n sobre c\u00f3mo utilizamos, almacenamos y mantenemos seguros tus datos personales, consulta nuestra Pol\u00edtica de Privacidad. <\/p>\n\n<p>No almacenamos informaci\u00f3n personal sensible, como direcciones de correo, contrase\u00f1as de cuentas, etc. en las Cookies que utilizamos.<\/p>\n\n<h2 class=\"wp-block-heading\">Interpretaci\u00f3n y definiciones<\/h2>\n\n<h3 class=\"wp-block-heading\">Interpretaci\u00f3n<\/h3>\n\n<p>Las palabras cuya letra inicial va en may\u00fascula tienen significados definidos en las siguientes condiciones. Las siguientes definiciones tendr\u00e1n el mismo significado independientemente de que aparezcan en singular o en plural. <\/p>\n\n<h3 class=\"wp-block-heading\">Definiciones<\/h3>\n\n<p>A efectos de la presente Pol\u00edtica de Cookies:<\/p>\n\n<ul class=\"wp-block-list\">\n<li><strong>Empresa<\/strong> (denominada &#8220;la Empresa&#8221;, &#8220;Nosotros&#8221;, &#8220;Nos&#8221; o &#8220;Nuestro&#8221; en esta Pol\u00edtica de Cookies) se refiere a Front Desk Helpers CO, Avery Drive, NJ 08857.<\/li>\n\n\n\n<li><strong>Las cookies<\/strong> son peque\u00f1os archivos que un sitio web coloca en tu ordenador, dispositivo m\u00f3vil o cualquier otro dispositivo, y que contienen detalles de tu historial de navegaci\u00f3n en ese sitio web, entre otros muchos usos.<\/li>\n\n\n\n<li><strong>El sitio web<\/strong> se refiere a Front Desk Helpers CO, accesible desde <a href=\"https:\/\/www.termsfeed.com\/live\/frontdeskhelpers.com\" target=\"_blank\" rel=\"noreferrer noopener\">frontdeskhelpers.com<\/a><\/li>\n\n\n\n<li><strong>T\u00fa<\/strong> significa la persona f\u00edsica que accede o utiliza el Sitio Web, o una empresa, o cualquier entidad jur\u00eddica en nombre de la cual dicha persona f\u00edsica accede o utiliza el Sitio Web, seg\u00fan corresponda.<\/li>\n<\/ul>\n\n<h2 class=\"wp-block-heading\">El uso de las Cookies<\/h2>\n\n<h3 class=\"wp-block-heading\">Tipo de cookies que utilizamos<\/h3>\n\n<p>Las Cookies pueden ser &#8220;Persistentes&#8221; o de &#8220;Sesi\u00f3n&#8221;. Las Cookies persistentes permanecen en tu ordenador personal o dispositivo m\u00f3vil cuando te desconectas, mientras que las Cookies de sesi\u00f3n se eliminan en cuanto cierras el navegador web. <\/p>\n\n<p>Utilizamos tanto Cookies de sesi\u00f3n como persistentes para los fines que se indican a continuaci\u00f3n:<\/p>\n\n<ul class=\"wp-block-list\">\n<li><strong>Cookies Necesarias \/ Esenciales<\/strong> Tipo: Cookies de Sesi\u00f3n Administradas por: Nosotros Finalidad: Estas Cookies son esenciales para prestarte los servicios disponibles a trav\u00e9s del Sitio Web y permitirte utilizar algunas de sus funciones. Ayudan a autenticar a los usuarios y a evitar el uso fraudulento de las cuentas de usuario. Sin estas Cookies, los servicios que has solicitado no pueden prestarse, y s\u00f3lo utilizamos estas Cookies para prestarte dichos servicios.  <\/li>\n\n\n\n<li><strong>Funcionalidad<\/strong> Tipo de <strong>Cookies<\/strong>: Cookies persistentes Administradas por: Nosotros Finalidad: Estas Cookies nos permiten recordar las elecciones que haces cuando utilizas el Sitio Web, como recordar tus datos de acceso o tu preferencia de idioma. El objetivo de estas Cookies es proporcionarte una experiencia m\u00e1s personal y evitar que tengas que volver a introducir tus preferencias cada vez que utilices el Sitio Web. <\/li>\n<\/ul>\n\n<h3 class=\"wp-block-heading\">Tus opciones respecto a las cookies<\/h3>\n\n<p>Si prefieres evitar el uso de Cookies en el Sitio Web, primero debes desactivar el uso de Cookies en tu navegador y despu\u00e9s eliminar las Cookies guardadas en tu navegador asociadas a este Sitio Web. Puedes utilizar esta opci\u00f3n para impedir el uso de Cookies en cualquier momento. <\/p>\n\n<p>Si no aceptas Nuestras Cookies, es posible que experimentes algunos inconvenientes en el uso del Sitio Web y que algunas funciones no funcionen correctamente.<\/p>\n\n<p>Si deseas eliminar Cookies o dar instrucciones a tu navegador web para que elimine o rechace Cookies, visita las p\u00e1ginas de ayuda de tu navegador web.<\/p>\n\n<ul class=\"wp-block-list\">\n<li>Para el navegador web Chrome, visita esta p\u00e1gina de Google: <a href=\"https:\/\/support.google.com\/accounts\/answer\/32050\" target=\"_blank\" rel=\"noreferrer noopener\">https:\/\/support.google.com\/accounts\/answer\/32050<\/a><\/li>\n\n\n\n<li>Para el navegador Internet Explorer, visita esta p\u00e1gina de Microsoft: <a href=\"http:\/\/support.microsoft.com\/kb\/278835\" target=\"_blank\" rel=\"noreferrer noopener\">http:\/\/support.microsoft.com\/kb\/278835<\/a><\/li>\n\n\n\n<li>Para el navegador web Firefox, visita esta p\u00e1gina de Mozilla: <a href=\"https:\/\/support.mozilla.org\/en-US\/kb\/delete-cookies-remove-info-websites-stored\" target=\"_blank\" rel=\"noreferrer noopener\">https:\/\/support.mozilla.org\/en-US\/kb\/delete-cookies-remove-info-websites-stored<\/a><\/li>\n\n\n\n<li>Para el navegador Safari, visita esta p\u00e1gina de Apple: <a href=\"https:\/\/support.apple.com\/guide\/safari\/manage-cookies-and-website-data-sfri11471\/mac\" target=\"_blank\" rel=\"noreferrer noopener\">https:\/\/support.apple.com\/guide\/safari\/manage-cookies-and-website-data-sfri11471\/mac<\/a><\/li>\n<\/ul>\n\n<p>Para cualquier otro navegador web, visita las p\u00e1ginas web oficiales de tu navegador web.<\/p>\n\n<h3 class=\"wp-block-heading\">M\u00e1s informaci\u00f3n sobre las cookies<\/h3>\n\n<p>Puedes obtener m\u00e1s informaci\u00f3n sobre las cookies aqu\u00ed: <a href=\"https:\/\/www.termsfeed.com\/blog\/cookies\/\" target=\"_blank\" rel=\"noreferrer noopener\">Todo sobre las cookies por TermsFeed<\/a>.<\/p>\n\n<h3 class=\"wp-block-heading\">Contacta con nosotros<\/h3>\n\n<p>Si tienes alguna pregunta sobre esta Pol\u00edtica de Cookies, puedes ponerte en contacto con nosotros:<\/p>\n\n<ul class=\"wp-block-list\">\n<li>Por correo electr\u00f3nico: legal@frontdeskhelpers.com<\/li>\n\n\n\n<li>Visitando esta p\u00e1gina de nuestro sitio web: <a href=\"https:\/\/frontdeskhelpers.com\/contact-us\/\" target=\"_blank\" rel=\"noreferrer noopener\">https:\/\/frontdeskhelpers.com\/contact-us\/<\/a><\/li>\n<\/ul>\n","protected":false},"excerpt":{"rendered":"<p>\u00daltima actualizaci\u00f3n: 02 de octubre de 2024 Esta Pol\u00edtica de Cookies explica qu\u00e9 son las Cookies y c\u00f3mo las utilizamos. Debes leer esta pol\u00edtica para que puedas entender qu\u00e9 tipo de cookies utilizamos, o la informaci\u00f3n que recopilamos utilizando Cookies y c\u00f3mo se utiliza esa informaci\u00f3n. Las Cookies no suelen contener informaci\u00f3n que identifique personalmente [&hellip;]<\/p>\n","protected":false},"author":2,"featured_media":0,"parent":8513,"menu_order":0,"comment_status":"closed","ping_status":"closed","template":"","meta":{"inline_featured_image":false,"footnotes":""},"class_list":["post-8490","page","type-page","status-publish"],"yoast_head":"<!-- This site is optimized with the Yoast SEO plugin v27.3 - https:\/\/yoast.com\/product\/yoast-seo-wordpress\/ -->\n<title>Pol\u00edtica de Cookies | Externalizaci\u00f3n de Servicios | Ayudantes de Recepci\u00f3n<\/title>\n<meta name=\"description\" content=\"Explora nuestra Pol\u00edtica de Cookies | Front Desk Helpers es un proveedor l\u00edder de servicios de externalizaci\u00f3n en EE.UU. | Old Bridge, NJ, EE.UU.\" \/>\n<meta name=\"robots\" content=\"index, follow, max-snippet:-1, max-image-preview:large, max-video-preview:-1\" \/>\n<link rel=\"canonical\" href=\"https:\/\/frontdeskhelpers.com\/es\/aviso-legal\/politica-de-cookies\/\" \/>\n<meta property=\"og:locale\" content=\"es_ES\" \/>\n<meta property=\"og:type\" content=\"article\" \/>\n<meta property=\"og:title\" content=\"Pol\u00edtica de Cookies | Externalizaci\u00f3n de Servicios | Ayudantes de Recepci\u00f3n\" \/>\n<meta property=\"og:description\" content=\"Explora nuestra Pol\u00edtica de Cookies | Front Desk Helpers es un proveedor l\u00edder de servicios de externalizaci\u00f3n en EE.UU. | Old Bridge, NJ, EE.UU.\" \/>\n<meta property=\"og:url\" content=\"https:\/\/frontdeskhelpers.com\/es\/aviso-legal\/politica-de-cookies\/\" \/>\n<meta property=\"og:site_name\" content=\"FDH\" \/>\n<meta property=\"article:modified_time\" content=\"2024-12-19T20:55:35+00:00\" \/>\n<meta name=\"twitter:card\" content=\"summary_large_image\" \/>\n<meta name=\"twitter:label1\" content=\"Tiempo de lectura\" \/>\n\t<meta name=\"twitter:data1\" content=\"4 minutos\" \/>\n<!-- \/ Yoast SEO plugin. -->","yoast_head_json":{"title":"Pol\u00edtica de Cookies | Externalizaci\u00f3n de Servicios | Ayudantes de Recepci\u00f3n","description":"Explora nuestra Pol\u00edtica de Cookies | Front Desk Helpers es un proveedor l\u00edder de servicios de externalizaci\u00f3n en EE.UU. | Old Bridge, NJ, EE.UU.","robots":{"index":"index","follow":"follow","max-snippet":"max-snippet:-1","max-image-preview":"max-image-preview:large","max-video-preview":"max-video-preview:-1"},"canonical":"https:\/\/frontdeskhelpers.com\/es\/aviso-legal\/politica-de-cookies\/","og_locale":"es_ES","og_type":"article","og_title":"Pol\u00edtica de Cookies | Externalizaci\u00f3n de Servicios | Ayudantes de Recepci\u00f3n","og_description":"Explora nuestra Pol\u00edtica de Cookies | Front Desk Helpers es un proveedor l\u00edder de servicios de externalizaci\u00f3n en EE.UU. | Old Bridge, NJ, EE.UU.","og_url":"https:\/\/frontdeskhelpers.com\/es\/aviso-legal\/politica-de-cookies\/","og_site_name":"FDH","article_modified_time":"2024-12-19T20:55:35+00:00","twitter_card":"summary_large_image","twitter_misc":{"Tiempo de lectura":"4 minutos"},"schema":{"@context":"https:\/\/schema.org","@graph":[{"@type":"WebPage","@id":"https:\/\/frontdeskhelpers.com\/es\/aviso-legal\/politica-de-cookies\/","url":"https:\/\/frontdeskhelpers.com\/es\/aviso-legal\/politica-de-cookies\/","name":"Pol\u00edtica de Cookies | Externalizaci\u00f3n de Servicios | Ayudantes de Recepci\u00f3n","isPartOf":{"@id":"https:\/\/frontdeskhelpers.com\/es\/#website"},"datePublished":"2024-10-02T19:46:50+00:00","dateModified":"2024-12-19T20:55:35+00:00","description":"Explora nuestra Pol\u00edtica de Cookies | Front Desk Helpers es un proveedor l\u00edder de servicios de externalizaci\u00f3n en EE.UU. | Old Bridge, NJ, EE.UU.","breadcrumb":{"@id":"https:\/\/frontdeskhelpers.com\/es\/aviso-legal\/politica-de-cookies\/#breadcrumb"},"inLanguage":"es","potentialAction":[{"@type":"ReadAction","target":["https:\/\/frontdeskhelpers.com\/es\/aviso-legal\/politica-de-cookies\/"]}]},{"@type":"BreadcrumbList","@id":"https:\/\/frontdeskhelpers.com\/es\/aviso-legal\/politica-de-cookies\/#breadcrumb","itemListElement":[{"@type":"ListItem","position":1,"name":"Home","item":"https:\/\/frontdeskhelpers.com\/es\/"},{"@type":"ListItem","position":2,"name":"Aviso legal","item":"https:\/\/frontdeskhelpers.com\/es\/aviso-legal\/"},{"@type":"ListItem","position":3,"name":"Pol\u00edtica de cookies"}]},{"@type":"WebSite","@id":"https:\/\/frontdeskhelpers.com\/es\/#website","url":"https:\/\/frontdeskhelpers.com\/es\/","name":"FDH","description":"","potentialAction":[{"@type":"SearchAction","target":{"@type":"EntryPoint","urlTemplate":"https:\/\/frontdeskhelpers.com\/es\/?s={search_term_string}"},"query-input":{"@type":"PropertyValueSpecification","valueRequired":true,"valueName":"search_term_string"}}],"inLanguage":"es"}]}},"_links":{"self":[{"href":"https:\/\/frontdeskhelpers.com\/es\/wp-json\/wp\/v2\/pages\/8490","targetHints":{"allow":["GET"]}}],"collection":[{"href":"https:\/\/frontdeskhelpers.com\/es\/wp-json\/wp\/v2\/pages"}],"about":[{"href":"https:\/\/frontdeskhelpers.com\/es\/wp-json\/wp\/v2\/types\/page"}],"author":[{"embeddable":true,"href":"https:\/\/frontdeskhelpers.com\/es\/wp-json\/wp\/v2\/users\/2"}],"replies":[{"embeddable":true,"href":"https:\/\/frontdeskhelpers.com\/es\/wp-json\/wp\/v2\/comments?post=8490"}],"version-history":[{"count":1,"href":"https:\/\/frontdeskhelpers.com\/es\/wp-json\/wp\/v2\/pages\/8490\/revisions"}],"predecessor-version":[{"id":8493,"href":"https:\/\/frontdeskhelpers.com\/es\/wp-json\/wp\/v2\/pages\/8490\/revisions\/8493"}],"up":[{"embeddable":true,"href":"https:\/\/frontdeskhelpers.com\/es\/wp-json\/wp\/v2\/pages\/8513"}],"wp:attachment":[{"href":"https:\/\/frontdeskhelpers.com\/es\/wp-json\/wp\/v2\/media?parent=8490"}],"curies":[{"name":"wp","href":"https:\/\/api.w.org\/{rel}","templated":true}]}}