{"id":8489,"date":"2024-08-14T13:24:51","date_gmt":"2024-08-14T13:24:51","guid":{"rendered":"https:\/\/frontdeskhelpers.com\/contable-con-conocimientos-del-sistema-fiscal-estadounidense\/"},"modified":"2024-12-19T20:55:52","modified_gmt":"2024-12-19T20:55:52","slug":"contable-con-conocimientos-del-sistema-fiscal-estadounidense","status":"publish","type":"page","link":"https:\/\/frontdeskhelpers.com\/es\/company\/%d1%81areers\/marketing\/contable-con-conocimientos-del-sistema-fiscal-estadounidense\/","title":{"rendered":"Contable con conocimientos del sistema fiscal estadounidense"},"content":{"rendered":"\n<div class=\"wp-block-columns is-layout-flex wp-container-core-columns-is-layout-9d6595d7 wp-block-columns-is-layout-flex\">\n<div class=\"wp-block-column is-layout-flow wp-block-column-is-layout-flow\"><div class=\"pvc_clear\"><\/div><p id=\"pvc_stats_8489\" class=\"pvc_stats total_only  pvc_load_by_ajax_update\" data-element-id=\"8489\" style=\"\"><i class=\"pvc-stats-icon medium\" aria-hidden=\"true\"><svg aria-hidden=\"true\" focusable=\"false\" data-prefix=\"far\" data-icon=\"chart-bar\" role=\"img\" xmlns=\"http:\/\/www.w3.org\/2000\/svg\" viewBox=\"0 0 512 512\" class=\"svg-inline--fa fa-chart-bar fa-w-16 fa-2x\"><path fill=\"currentColor\" d=\"M396.8 352h22.4c6.4 0 12.8-6.4 12.8-12.8V108.8c0-6.4-6.4-12.8-12.8-12.8h-22.4c-6.4 0-12.8 6.4-12.8 12.8v230.4c0 6.4 6.4 12.8 12.8 12.8zm-192 0h22.4c6.4 0 12.8-6.4 12.8-12.8V140.8c0-6.4-6.4-12.8-12.8-12.8h-22.4c-6.4 0-12.8 6.4-12.8 12.8v198.4c0 6.4 6.4 12.8 12.8 12.8zm96 0h22.4c6.4 0 12.8-6.4 12.8-12.8V204.8c0-6.4-6.4-12.8-12.8-12.8h-22.4c-6.4 0-12.8 6.4-12.8 12.8v134.4c0 6.4 6.4 12.8 12.8 12.8zM496 400H48V80c0-8.84-7.16-16-16-16H16C7.16 64 0 71.16 0 80v336c0 17.67 14.33 32 32 32h464c8.84 0 16-7.16 16-16v-16c0-8.84-7.16-16-16-16zm-387.2-48h22.4c6.4 0 12.8-6.4 12.8-12.8v-70.4c0-6.4-6.4-12.8-12.8-12.8h-22.4c-6.4 0-12.8 6.4-12.8 12.8v70.4c0 6.4 6.4 12.8 12.8 12.8z\" class=\"\"><\/path><\/svg><\/i> <img decoding=\"async\" width=\"16\" height=\"16\" alt=\"Loading\" src=\"https:\/\/frontdeskhelpers.com\/wp-content\/plugins\/page-views-count\/ajax-loader-2x.gif\" border=0 \/><\/p><div class=\"pvc_clear\"><\/div>\n<\/div>\n\n\n\n<div class=\"wp-block-column is-vertically-aligned-center is-layout-flow wp-block-column-is-layout-flow\">\n<p class=\"has-text-align-center closed-vacancy-info\">VACANTE CERRADA<\/p>\n<\/div>\n<\/div>\n\n<p>S\u00f3lidos conocimientos y gran comprensi\u00f3n de los PCGA. Preferiblemente Diplomatura o Licenciatura en Contabilidad. <\/p>\n\n<p>M\u00e1s de 1 a\u00f1o de experiencia en QuickBooks<\/p>\n\n<p>Conocimientos b\u00e1sicos a intermedios del sistema fiscal estadounidense y de las declaraciones de impuestos (individuales y de sociedades)<\/p>\n\n<p>Se requieren m\u00e1s de 1 a\u00f1o de experiencia en contabilidad y tenedur\u00eda de libros<\/p>\n\n<p>Ruso\/Ingl\u00e9s  <\/p>\n\n<p>Trabajamos de lunes a viernes, de 9 a.m. a 5 p.m. EST (hora de Nueva York) <\/p>\n\n<p>M\u00e1s de 1 a\u00f1o de experiencia en QuickBooks<\/p>\n\n<p>Conocimientos b\u00e1sicos a intermedios del sistema fiscal estadounidense y de las declaraciones de impuestos (individuales y de sociedades)<\/p>\n\n<p>Se requieren m\u00e1s de 1 a\u00f1o de experiencia en contabilidad y tenedur\u00eda de libros<\/p>\n\n<p>Ruso\/Ingl\u00e9s  <\/p>\n\n<p>Trabajamos de lunes a viernes, de 9 a.m. a 5 p.m. EST (hora de Nueva York) <\/p>\n","protected":false},"excerpt":{"rendered":"<p>S\u00f3lidos conocimientos y gran comprensi\u00f3n de los PCGA. Preferiblemente Diplomatura o Licenciatura en Contabilidad. M\u00e1s de 1 a\u00f1o de experiencia en QuickBooks Conocimientos b\u00e1sicos a intermedios del sistema fiscal estadounidense y de las declaraciones de impuestos (individuales y de sociedades) Se requieren m\u00e1s de 1 a\u00f1o de experiencia en contabilidad y tenedur\u00eda de libros Ruso\/Ingl\u00e9s [&hellip;]<\/p>\n","protected":false},"author":2,"featured_media":0,"parent":8553,"menu_order":0,"comment_status":"closed","ping_status":"closed","template":"","meta":{"inline_featured_image":false,"footnotes":""},"class_list":["post-8489","page","type-page","status-publish"],"yoast_head":"<!-- This site is optimized with the Yoast SEO plugin v27.3 - https:\/\/yoast.com\/product\/yoast-seo-wordpress\/ -->\n<title>Contable Remoto de US Tax | Vacantes | FDH<\/title>\n<meta name=\"description\" content=\"Buscamos un contable a distancia con conocimientos del sistema fiscal estadounidense. S\u00f3lidos conocimientos y gran comprensi\u00f3n de los PCGA. Diplomatura o licenciatura.\" \/>\n<meta name=\"robots\" content=\"index, follow, max-snippet:-1, max-image-preview:large, max-video-preview:-1\" \/>\n<link rel=\"canonical\" href=\"https:\/\/frontdeskhelpers.com\/es\/company\/%d1%81areers\/marketing\/contable-con-conocimientos-del-sistema-fiscal-estadounidense\/\" \/>\n<meta property=\"og:locale\" content=\"es_ES\" \/>\n<meta property=\"og:type\" content=\"article\" \/>\n<meta property=\"og:title\" content=\"Contable Remoto de US Tax | Vacantes | FDH\" \/>\n<meta property=\"og:description\" content=\"Buscamos un contable a distancia con conocimientos del sistema fiscal estadounidense. S\u00f3lidos conocimientos y gran comprensi\u00f3n de los PCGA. Diplomatura o licenciatura.\" \/>\n<meta property=\"og:url\" content=\"https:\/\/frontdeskhelpers.com\/es\/company\/%d1%81areers\/marketing\/contable-con-conocimientos-del-sistema-fiscal-estadounidense\/\" \/>\n<meta property=\"og:site_name\" content=\"FDH\" \/>\n<meta property=\"article:modified_time\" content=\"2024-12-19T20:55:52+00:00\" \/>\n<meta name=\"twitter:card\" content=\"summary_large_image\" \/>\n<meta name=\"twitter:label1\" content=\"Tiempo de lectura\" \/>\n\t<meta name=\"twitter:data1\" content=\"1 minuto\" \/>\n<!-- \/ Yoast SEO plugin. -->","yoast_head_json":{"title":"Contable Remoto de US Tax | Vacantes | FDH","description":"Buscamos un contable a distancia con conocimientos del sistema fiscal estadounidense. S\u00f3lidos conocimientos y gran comprensi\u00f3n de los PCGA. Diplomatura o licenciatura.","robots":{"index":"index","follow":"follow","max-snippet":"max-snippet:-1","max-image-preview":"max-image-preview:large","max-video-preview":"max-video-preview:-1"},"canonical":"https:\/\/frontdeskhelpers.com\/es\/company\/%d1%81areers\/marketing\/contable-con-conocimientos-del-sistema-fiscal-estadounidense\/","og_locale":"es_ES","og_type":"article","og_title":"Contable Remoto de US Tax | Vacantes | FDH","og_description":"Buscamos un contable a distancia con conocimientos del sistema fiscal estadounidense. S\u00f3lidos conocimientos y gran comprensi\u00f3n de los PCGA. Diplomatura o licenciatura.","og_url":"https:\/\/frontdeskhelpers.com\/es\/company\/%d1%81areers\/marketing\/contable-con-conocimientos-del-sistema-fiscal-estadounidense\/","og_site_name":"FDH","article_modified_time":"2024-12-19T20:55:52+00:00","twitter_card":"summary_large_image","twitter_misc":{"Tiempo de lectura":"1 minuto"},"schema":{"@context":"https:\/\/schema.org","@graph":[{"@type":"WebPage","@id":"https:\/\/frontdeskhelpers.com\/es\/company\/%d1%81areers\/marketing\/contable-con-conocimientos-del-sistema-fiscal-estadounidense\/","url":"https:\/\/frontdeskhelpers.com\/es\/company\/%d1%81areers\/marketing\/contable-con-conocimientos-del-sistema-fiscal-estadounidense\/","name":"Contable Remoto de US Tax | Vacantes | FDH","isPartOf":{"@id":"https:\/\/frontdeskhelpers.com\/es\/#website"},"datePublished":"2024-08-14T13:24:51+00:00","dateModified":"2024-12-19T20:55:52+00:00","description":"Buscamos un contable a distancia con conocimientos del sistema fiscal estadounidense. S\u00f3lidos conocimientos y gran comprensi\u00f3n de los PCGA. Diplomatura o licenciatura.","breadcrumb":{"@id":"https:\/\/frontdeskhelpers.com\/es\/company\/%d1%81areers\/marketing\/contable-con-conocimientos-del-sistema-fiscal-estadounidense\/#breadcrumb"},"inLanguage":"es","potentialAction":[{"@type":"ReadAction","target":["https:\/\/frontdeskhelpers.com\/es\/company\/%d1%81areers\/marketing\/contable-con-conocimientos-del-sistema-fiscal-estadounidense\/"]}]},{"@type":"BreadcrumbList","@id":"https:\/\/frontdeskhelpers.com\/es\/company\/%d1%81areers\/marketing\/contable-con-conocimientos-del-sistema-fiscal-estadounidense\/#breadcrumb","itemListElement":[{"@type":"ListItem","position":1,"name":"Home","item":"https:\/\/frontdeskhelpers.com\/es\/"},{"@type":"ListItem","position":2,"name":"Company","item":"https:\/\/frontdeskhelpers.com\/es\/company\/"},{"@type":"ListItem","position":3,"name":"\u0421areers","item":"https:\/\/frontdeskhelpers.com\/es\/company\/careers-vacancies\/"},{"@type":"ListItem","position":4,"name":"Marketing","item":"https:\/\/frontdeskhelpers.com\/es\/company\/careers-vacancies\/marketing\/"},{"@type":"ListItem","position":5,"name":"Contable con conocimientos del sistema fiscal estadounidense"}]},{"@type":"WebSite","@id":"https:\/\/frontdeskhelpers.com\/es\/#website","url":"https:\/\/frontdeskhelpers.com\/es\/","name":"FDH","description":"","potentialAction":[{"@type":"SearchAction","target":{"@type":"EntryPoint","urlTemplate":"https:\/\/frontdeskhelpers.com\/es\/?s={search_term_string}"},"query-input":{"@type":"PropertyValueSpecification","valueRequired":true,"valueName":"search_term_string"}}],"inLanguage":"es"}]}},"_links":{"self":[{"href":"https:\/\/frontdeskhelpers.com\/es\/wp-json\/wp\/v2\/pages\/8489","targetHints":{"allow":["GET"]}}],"collection":[{"href":"https:\/\/frontdeskhelpers.com\/es\/wp-json\/wp\/v2\/pages"}],"about":[{"href":"https:\/\/frontdeskhelpers.com\/es\/wp-json\/wp\/v2\/types\/page"}],"author":[{"embeddable":true,"href":"https:\/\/frontdeskhelpers.com\/es\/wp-json\/wp\/v2\/users\/2"}],"replies":[{"embeddable":true,"href":"https:\/\/frontdeskhelpers.com\/es\/wp-json\/wp\/v2\/comments?post=8489"}],"version-history":[{"count":1,"href":"https:\/\/frontdeskhelpers.com\/es\/wp-json\/wp\/v2\/pages\/8489\/revisions"}],"predecessor-version":[{"id":8491,"href":"https:\/\/frontdeskhelpers.com\/es\/wp-json\/wp\/v2\/pages\/8489\/revisions\/8491"}],"up":[{"embeddable":true,"href":"https:\/\/frontdeskhelpers.com\/es\/wp-json\/wp\/v2\/pages\/8553"}],"wp:attachment":[{"href":"https:\/\/frontdeskhelpers.com\/es\/wp-json\/wp\/v2\/media?parent=8489"}],"curies":[{"name":"wp","href":"https:\/\/api.w.org\/{rel}","templated":true}]}}