{"id":8486,"date":"2024-08-14T13:22:23","date_gmt":"2024-08-14T13:22:23","guid":{"rendered":"https:\/\/frontdeskhelpers.com\/coordinadora-de-marketing\/"},"modified":"2024-12-19T20:55:52","modified_gmt":"2024-12-19T20:55:52","slug":"coordinadora-de-marketing","status":"publish","type":"page","link":"https:\/\/frontdeskhelpers.com\/es\/company\/%d1%81areers\/marketing\/coordinadora-de-marketing\/","title":{"rendered":"Coordinadora de marketing"},"content":{"rendered":"\n<div class=\"wp-block-columns is-layout-flex wp-container-core-columns-is-layout-9d6595d7 wp-block-columns-is-layout-flex\">\n<div class=\"wp-block-column is-layout-flow wp-block-column-is-layout-flow\"><div class=\"pvc_clear\"><\/div><p id=\"pvc_stats_8486\" class=\"pvc_stats total_only  pvc_load_by_ajax_update\" data-element-id=\"8486\" style=\"\"><i class=\"pvc-stats-icon medium\" aria-hidden=\"true\"><svg aria-hidden=\"true\" focusable=\"false\" data-prefix=\"far\" data-icon=\"chart-bar\" role=\"img\" xmlns=\"http:\/\/www.w3.org\/2000\/svg\" viewBox=\"0 0 512 512\" class=\"svg-inline--fa fa-chart-bar fa-w-16 fa-2x\"><path fill=\"currentColor\" d=\"M396.8 352h22.4c6.4 0 12.8-6.4 12.8-12.8V108.8c0-6.4-6.4-12.8-12.8-12.8h-22.4c-6.4 0-12.8 6.4-12.8 12.8v230.4c0 6.4 6.4 12.8 12.8 12.8zm-192 0h22.4c6.4 0 12.8-6.4 12.8-12.8V140.8c0-6.4-6.4-12.8-12.8-12.8h-22.4c-6.4 0-12.8 6.4-12.8 12.8v198.4c0 6.4 6.4 12.8 12.8 12.8zm96 0h22.4c6.4 0 12.8-6.4 12.8-12.8V204.8c0-6.4-6.4-12.8-12.8-12.8h-22.4c-6.4 0-12.8 6.4-12.8 12.8v134.4c0 6.4 6.4 12.8 12.8 12.8zM496 400H48V80c0-8.84-7.16-16-16-16H16C7.16 64 0 71.16 0 80v336c0 17.67 14.33 32 32 32h464c8.84 0 16-7.16 16-16v-16c0-8.84-7.16-16-16-16zm-387.2-48h22.4c6.4 0 12.8-6.4 12.8-12.8v-70.4c0-6.4-6.4-12.8-12.8-12.8h-22.4c-6.4 0-12.8 6.4-12.8 12.8v70.4c0 6.4 6.4 12.8 12.8 12.8z\" class=\"\"><\/path><\/svg><\/i> <img decoding=\"async\" width=\"16\" height=\"16\" alt=\"Loading\" src=\"https:\/\/frontdeskhelpers.com\/wp-content\/plugins\/page-views-count\/ajax-loader-2x.gif\" border=0 \/><\/p><div class=\"pvc_clear\"><\/div>\n<\/div>\n\n\n\n<div class=\"wp-block-column is-vertically-aligned-center is-layout-flow wp-block-column-is-layout-flow\">\n<p class=\"has-text-align-center closed-vacancy-info\">VACANTE CERRADA<\/p>\n<\/div>\n<\/div>\n\n<p>Hola,<\/p>\n\n<p>Somos una empresa estadounidense llamada Front Desk Helpers<a href=\"https:\/\/frontdeskhelpers.com\/es\/\">(frontdeskhelpers.com<\/a>) Nuestra empresa busca actualmente un director de Marketing. Por favor, revisa la descripci\u00f3n del puesto m\u00e1s abajo: <\/p>\n\n<p><strong>Requisitos:<\/strong><\/p>\n\n<ol class=\"wp-block-list\">\n<li>Establece objetivos y planes anuales\/trimestrales\/mensuales para cada canal, controla y sigue su cumplimiento;<\/li>\n\n\n\n<li>Garantizar un gasto presupuestario eficaz en todos los canales:\n<ol class=\"wp-block-list\">\n<li>  Anuncios de Google,<\/li>\n\n\n\n<li>Medios de comunicaci\u00f3n social,<\/li>\n\n\n\n<li>Distribuidores de folletos<\/li>\n\n\n\n<li>Peri\u00f3dicos<\/li>\n\n\n\n<li>Remisi\u00f3n<\/li>\n<\/ol>\n<\/li>\n\n\n\n<li>Revisa y aprueba todas las campa\u00f1as\/contenidos que se lancen en todos los canales;<\/li>\n\n\n\n<li>Crea y mant\u00e9n actualizados los informes de marketing para tomar decisiones precisas e informadas;<\/li>\n\n\n\n<li>Controlar y coordinar el trabajo y la eficacia del equipo de marketing;<\/li>\n\n\n\n<li>Entrevista y selecciona a los nuevos miembros del equipo de marketing cuando sea necesario;<\/li>\n\n\n\n<li>Comun\u00edcate y coord\u00ednate con distintos departamentos para obtener informaci\u00f3n y m\u00e9tricas;<\/li>\n\n\n\n<li>Analizar las actividades y presupuestos de marketing, presentar los resultados a la alta direcci\u00f3n;<\/li>\n\n\n\n<li>Participa activamente en la implementaci\u00f3n de Bitrix24 en cada fase del procesamiento de clientes potenciales, desde la captaci\u00f3n de llamadas hasta la inscripci\u00f3n de pacientes;<\/li>\n\n\n\n<li>Crea contenidos para el sitio web;<\/li>\n<\/ol>\n\n<p><strong>Habilidades requeridas:<\/strong><\/p>\n\n<ul class=\"wp-block-list\">\n<li>Aptitudes anal\u00edticas: capacidad para comprender cifras\/tendencias y convertirlas en informes;<\/li>\n\n\n\n<li>Muy versado en marketing digital: conocimientos pr\u00e1cticos de Google Ads, Facebook Ads, SEO y normas y tendencias de contenido, CRM de WordPress.<\/li>\n\n\n\n<li>Capacidad de redacci\u00f3n y correcci\u00f3n: capaz de redactar art\u00edculos y editar textos en ingl\u00e9s (anuncios de art\u00edculos, correos electr\u00f3nicos, etc.)<\/li>\n\n\n\n<li>Buen dominio del ingl\u00e9s;<\/li>\n\n\n\n<li>Deseable, pero no imprescindible &#8211; conocimiento pr\u00e1ctico de la plataforma CRM Bitrix24;<\/li>\n\n\n\n<li>Creatividad<\/li>\n<\/ul>\n\n<p><strong>Horario:<\/strong> Lun-Vie * 09.00 am &#8211; 04.00 pm EST<\/p>\n\n<p>En caso de que est\u00e9s interesado, por favor, ind\u00edcanos tus expectativas salariales y la hora m\u00e1s conveniente para la entrevista.<\/p>\n\n<p>Gracias.<\/p>\n","protected":false},"excerpt":{"rendered":"<p>Hola, Somos una empresa estadounidense llamada Front Desk Helpers(frontdeskhelpers.com) Nuestra empresa busca actualmente un director de Marketing. Por favor, revisa la descripci\u00f3n del puesto m\u00e1s abajo: Requisitos: Habilidades requeridas: Horario: Lun-Vie * 09.00 am &#8211; 04.00 pm EST En caso de que est\u00e9s interesado, por favor, ind\u00edcanos tus expectativas salariales y la hora m\u00e1s conveniente [&hellip;]<\/p>\n","protected":false},"author":2,"featured_media":0,"parent":8553,"menu_order":0,"comment_status":"closed","ping_status":"closed","template":"","meta":{"inline_featured_image":false,"footnotes":""},"class_list":["post-8486","page","type-page","status-publish"],"yoast_head":"<!-- This site is optimized with the Yoast SEO plugin v27.3 - https:\/\/yoast.com\/product\/yoast-seo-wordpress\/ -->\n<title>Coordinadora de marketing - FDH | Vacantes | FDH<\/title>\n<meta name=\"description\" content=\"Somos una empresa americana llamada Front Desk Helpers. Nuestra empresa busca actualmente un director de Marketing. Por favor, revisa la siguiente descripci\u00f3n del puesto\" \/>\n<meta name=\"robots\" content=\"index, follow, max-snippet:-1, max-image-preview:large, max-video-preview:-1\" \/>\n<link rel=\"canonical\" href=\"https:\/\/frontdeskhelpers.com\/es\/company\/%d1%81areers\/marketing\/coordinadora-de-marketing\/\" \/>\n<meta property=\"og:locale\" content=\"es_ES\" \/>\n<meta property=\"og:type\" content=\"article\" \/>\n<meta property=\"og:title\" content=\"Coordinadora de marketing - FDH | Vacantes | FDH\" \/>\n<meta property=\"og:description\" content=\"Somos una empresa americana llamada Front Desk Helpers. Nuestra empresa busca actualmente un director de Marketing. Por favor, revisa la siguiente descripci\u00f3n del puesto\" \/>\n<meta property=\"og:url\" content=\"https:\/\/frontdeskhelpers.com\/es\/company\/%d1%81areers\/marketing\/coordinadora-de-marketing\/\" \/>\n<meta property=\"og:site_name\" content=\"FDH\" \/>\n<meta property=\"article:modified_time\" content=\"2024-12-19T20:55:52+00:00\" \/>\n<meta name=\"twitter:card\" content=\"summary_large_image\" \/>\n<meta name=\"twitter:label1\" content=\"Tiempo de lectura\" \/>\n\t<meta name=\"twitter:data1\" content=\"2 minutos\" \/>\n<!-- \/ Yoast SEO plugin. -->","yoast_head_json":{"title":"Coordinadora de marketing - FDH | Vacantes | FDH","description":"Somos una empresa americana llamada Front Desk Helpers. Nuestra empresa busca actualmente un director de Marketing. Por favor, revisa la siguiente descripci\u00f3n del puesto","robots":{"index":"index","follow":"follow","max-snippet":"max-snippet:-1","max-image-preview":"max-image-preview:large","max-video-preview":"max-video-preview:-1"},"canonical":"https:\/\/frontdeskhelpers.com\/es\/company\/%d1%81areers\/marketing\/coordinadora-de-marketing\/","og_locale":"es_ES","og_type":"article","og_title":"Coordinadora de marketing - FDH | Vacantes | FDH","og_description":"Somos una empresa americana llamada Front Desk Helpers. Nuestra empresa busca actualmente un director de Marketing. Por favor, revisa la siguiente descripci\u00f3n del puesto","og_url":"https:\/\/frontdeskhelpers.com\/es\/company\/%d1%81areers\/marketing\/coordinadora-de-marketing\/","og_site_name":"FDH","article_modified_time":"2024-12-19T20:55:52+00:00","twitter_card":"summary_large_image","twitter_misc":{"Tiempo de lectura":"2 minutos"},"schema":{"@context":"https:\/\/schema.org","@graph":[{"@type":"WebPage","@id":"https:\/\/frontdeskhelpers.com\/es\/company\/%d1%81areers\/marketing\/coordinadora-de-marketing\/","url":"https:\/\/frontdeskhelpers.com\/es\/company\/%d1%81areers\/marketing\/coordinadora-de-marketing\/","name":"Coordinadora de marketing - FDH | Vacantes | FDH","isPartOf":{"@id":"https:\/\/frontdeskhelpers.com\/es\/#website"},"datePublished":"2024-08-14T13:22:23+00:00","dateModified":"2024-12-19T20:55:52+00:00","description":"Somos una empresa americana llamada Front Desk Helpers. Nuestra empresa busca actualmente un director de Marketing. Por favor, revisa la siguiente descripci\u00f3n del puesto","breadcrumb":{"@id":"https:\/\/frontdeskhelpers.com\/es\/company\/%d1%81areers\/marketing\/coordinadora-de-marketing\/#breadcrumb"},"inLanguage":"es","potentialAction":[{"@type":"ReadAction","target":["https:\/\/frontdeskhelpers.com\/es\/company\/%d1%81areers\/marketing\/coordinadora-de-marketing\/"]}]},{"@type":"BreadcrumbList","@id":"https:\/\/frontdeskhelpers.com\/es\/company\/%d1%81areers\/marketing\/coordinadora-de-marketing\/#breadcrumb","itemListElement":[{"@type":"ListItem","position":1,"name":"Home","item":"https:\/\/frontdeskhelpers.com\/es\/"},{"@type":"ListItem","position":2,"name":"Company","item":"https:\/\/frontdeskhelpers.com\/es\/company\/"},{"@type":"ListItem","position":3,"name":"\u0421areers","item":"https:\/\/frontdeskhelpers.com\/es\/company\/careers-vacancies\/"},{"@type":"ListItem","position":4,"name":"Marketing","item":"https:\/\/frontdeskhelpers.com\/es\/company\/careers-vacancies\/marketing\/"},{"@type":"ListItem","position":5,"name":"Coordinadora de marketing"}]},{"@type":"WebSite","@id":"https:\/\/frontdeskhelpers.com\/es\/#website","url":"https:\/\/frontdeskhelpers.com\/es\/","name":"FDH","description":"","potentialAction":[{"@type":"SearchAction","target":{"@type":"EntryPoint","urlTemplate":"https:\/\/frontdeskhelpers.com\/es\/?s={search_term_string}"},"query-input":{"@type":"PropertyValueSpecification","valueRequired":true,"valueName":"search_term_string"}}],"inLanguage":"es"}]}},"_links":{"self":[{"href":"https:\/\/frontdeskhelpers.com\/es\/wp-json\/wp\/v2\/pages\/8486","targetHints":{"allow":["GET"]}}],"collection":[{"href":"https:\/\/frontdeskhelpers.com\/es\/wp-json\/wp\/v2\/pages"}],"about":[{"href":"https:\/\/frontdeskhelpers.com\/es\/wp-json\/wp\/v2\/types\/page"}],"author":[{"embeddable":true,"href":"https:\/\/frontdeskhelpers.com\/es\/wp-json\/wp\/v2\/users\/2"}],"replies":[{"embeddable":true,"href":"https:\/\/frontdeskhelpers.com\/es\/wp-json\/wp\/v2\/comments?post=8486"}],"version-history":[{"count":1,"href":"https:\/\/frontdeskhelpers.com\/es\/wp-json\/wp\/v2\/pages\/8486\/revisions"}],"predecessor-version":[{"id":8488,"href":"https:\/\/frontdeskhelpers.com\/es\/wp-json\/wp\/v2\/pages\/8486\/revisions\/8488"}],"up":[{"embeddable":true,"href":"https:\/\/frontdeskhelpers.com\/es\/wp-json\/wp\/v2\/pages\/8553"}],"wp:attachment":[{"href":"https:\/\/frontdeskhelpers.com\/es\/wp-json\/wp\/v2\/media?parent=8486"}],"curies":[{"name":"wp","href":"https:\/\/api.w.org\/{rel}","templated":true}]}}