{"id":8485,"date":"2024-08-14T12:53:22","date_gmt":"2024-08-14T12:53:22","guid":{"rendered":"https:\/\/frontdeskhelpers.com\/despachador-logistico-eng-jornada-completa\/"},"modified":"2024-12-19T20:55:43","modified_gmt":"2024-12-19T20:55:43","slug":"despachador-logistico-eng-jornada-completa","status":"publish","type":"page","link":"https:\/\/frontdeskhelpers.com\/es\/company\/%d1%81areers\/despacho\/despachador-logistico-eng-jornada-completa\/","title":{"rendered":"Despachador Log\u00edstico [ENG, jornada completa]"},"content":{"rendered":"\n<div class=\"wp-block-columns is-layout-flex wp-container-core-columns-is-layout-9d6595d7 wp-block-columns-is-layout-flex\">\n<div class=\"wp-block-column is-layout-flow wp-block-column-is-layout-flow\"><div class=\"pvc_clear\"><\/div><p id=\"pvc_stats_8485\" class=\"pvc_stats total_only  pvc_load_by_ajax_update\" data-element-id=\"8485\" style=\"\"><i class=\"pvc-stats-icon medium\" aria-hidden=\"true\"><svg aria-hidden=\"true\" focusable=\"false\" data-prefix=\"far\" data-icon=\"chart-bar\" role=\"img\" xmlns=\"http:\/\/www.w3.org\/2000\/svg\" viewBox=\"0 0 512 512\" class=\"svg-inline--fa fa-chart-bar fa-w-16 fa-2x\"><path fill=\"currentColor\" d=\"M396.8 352h22.4c6.4 0 12.8-6.4 12.8-12.8V108.8c0-6.4-6.4-12.8-12.8-12.8h-22.4c-6.4 0-12.8 6.4-12.8 12.8v230.4c0 6.4 6.4 12.8 12.8 12.8zm-192 0h22.4c6.4 0 12.8-6.4 12.8-12.8V140.8c0-6.4-6.4-12.8-12.8-12.8h-22.4c-6.4 0-12.8 6.4-12.8 12.8v198.4c0 6.4 6.4 12.8 12.8 12.8zm96 0h22.4c6.4 0 12.8-6.4 12.8-12.8V204.8c0-6.4-6.4-12.8-12.8-12.8h-22.4c-6.4 0-12.8 6.4-12.8 12.8v134.4c0 6.4 6.4 12.8 12.8 12.8zM496 400H48V80c0-8.84-7.16-16-16-16H16C7.16 64 0 71.16 0 80v336c0 17.67 14.33 32 32 32h464c8.84 0 16-7.16 16-16v-16c0-8.84-7.16-16-16-16zm-387.2-48h22.4c6.4 0 12.8-6.4 12.8-12.8v-70.4c0-6.4-6.4-12.8-12.8-12.8h-22.4c-6.4 0-12.8 6.4-12.8 12.8v70.4c0 6.4 6.4 12.8 12.8 12.8z\" class=\"\"><\/path><\/svg><\/i> <img decoding=\"async\" width=\"16\" height=\"16\" alt=\"Loading\" src=\"https:\/\/frontdeskhelpers.com\/wp-content\/plugins\/page-views-count\/ajax-loader-2x.gif\" border=0 \/><\/p><div class=\"pvc_clear\"><\/div>\n<\/div>\n\n\n\n<div class=\"wp-block-column is-vertically-aligned-center is-layout-flow wp-block-column-is-layout-flow\">\n<p class=\"has-text-align-center closed-vacancy-info\">VACANTE CERRADA<\/p>\n<\/div>\n<\/div>\n\n<p><strong>Hola, chicos  <\/strong><\/p>\n\n<p>La empresa Front Desk Helpers ofrece una nueva oportunidad de empleo. Buscamos agente de env\u00edos de Amazon Delivery Trucks con nivel de ingl\u00e9s fluido. <\/p>\n\n<p><strong>Funciones del puesto<\/strong><\/p>\n\n<ol class=\"wp-block-list\">\n<li>Vigila los recorridos en tr\u00e1nsito y aseg\u00farate de que todas las llegadas y salidas sean puntuales.<\/li>\n\n\n\n<li>Confirma las pr\u00f3ximas visitas guiadas y aseg\u00farate de que no llegan tarde a la primera parada.  <\/li>\n\n\n\n<li>Informa de los retrasos y explica el motivo hablando con el conductor.<\/li>\n<\/ol>\n\n<p>4.Recibe todas las llamadas al despacho y ayuda a los conductores con los problemas que surjan.<\/p>\n\n<p>5.Llama a los servicios de carretera (reparaciones) para los conductores si es necesario.<\/p>\n\n<p>6.Registra los incidentes en el registro de env\u00edos<\/p>\n\n<p>Disponemos de horario de tarde y noche (hora de Kiev).  <\/p>\n\n<p><strong>Requisitos t\u00e9cnicos:<\/strong><\/p>\n\n<p>&#8211; Cable LAN (Ethernet)<\/p>\n\n<p>Facil\u00edtanos tu CV y tus expectativas salariales. D\u00ednoslo directamente o env\u00edalo a career@frontdeskhelpers.com <\/p>\n","protected":false},"excerpt":{"rendered":"<p>Hola, chicos La empresa Front Desk Helpers ofrece una nueva oportunidad de empleo. Buscamos agente de env\u00edos de Amazon Delivery Trucks con nivel de ingl\u00e9s fluido. Funciones del puesto 4.Recibe todas las llamadas al despacho y ayuda a los conductores con los problemas que surjan. 5.Llama a los servicios de carretera (reparaciones) para los conductores [&hellip;]<\/p>\n","protected":false},"author":2,"featured_media":0,"parent":8536,"menu_order":0,"comment_status":"closed","ping_status":"closed","template":"","meta":{"inline_featured_image":false,"footnotes":""},"class_list":["post-8485","page","type-page","status-publish"],"yoast_head":"<!-- This site is optimized with the Yoast SEO plugin v27.3 - https:\/\/yoast.com\/product\/yoast-seo-wordpress\/ -->\n<title>Repartidor Remoto Amazon | Vacantes | FDH<\/title>\n<meta name=\"description\" content=\"Buscamos agente de env\u00edos remotos de Amazon (despachador de env\u00edos remotos de Amazon) con nivel de ingl\u00e9s fluido.\" \/>\n<meta name=\"robots\" content=\"index, follow, max-snippet:-1, max-image-preview:large, max-video-preview:-1\" \/>\n<link rel=\"canonical\" href=\"https:\/\/frontdeskhelpers.com\/es\/company\/%d1%81areers\/despacho\/despachador-logistico-eng-jornada-completa\/\" \/>\n<meta property=\"og:locale\" content=\"es_ES\" \/>\n<meta property=\"og:type\" content=\"article\" \/>\n<meta property=\"og:title\" content=\"Repartidor Remoto Amazon | Vacantes | FDH\" \/>\n<meta property=\"og:description\" content=\"Buscamos agente de env\u00edos remotos de Amazon (despachador de env\u00edos remotos de Amazon) con nivel de ingl\u00e9s fluido.\" \/>\n<meta property=\"og:url\" content=\"https:\/\/frontdeskhelpers.com\/es\/company\/%d1%81areers\/despacho\/despachador-logistico-eng-jornada-completa\/\" \/>\n<meta property=\"og:site_name\" content=\"FDH\" \/>\n<meta property=\"article:modified_time\" content=\"2024-12-19T20:55:43+00:00\" \/>\n<meta name=\"twitter:card\" content=\"summary_large_image\" \/>\n<meta name=\"twitter:label1\" content=\"Tiempo de lectura\" \/>\n\t<meta name=\"twitter:data1\" content=\"1 minuto\" \/>\n<!-- \/ Yoast SEO plugin. -->","yoast_head_json":{"title":"Repartidor Remoto Amazon | Vacantes | FDH","description":"Buscamos agente de env\u00edos remotos de Amazon (despachador de env\u00edos remotos de Amazon) con nivel de ingl\u00e9s fluido.","robots":{"index":"index","follow":"follow","max-snippet":"max-snippet:-1","max-image-preview":"max-image-preview:large","max-video-preview":"max-video-preview:-1"},"canonical":"https:\/\/frontdeskhelpers.com\/es\/company\/%d1%81areers\/despacho\/despachador-logistico-eng-jornada-completa\/","og_locale":"es_ES","og_type":"article","og_title":"Repartidor Remoto Amazon | Vacantes | FDH","og_description":"Buscamos agente de env\u00edos remotos de Amazon (despachador de env\u00edos remotos de Amazon) con nivel de ingl\u00e9s fluido.","og_url":"https:\/\/frontdeskhelpers.com\/es\/company\/%d1%81areers\/despacho\/despachador-logistico-eng-jornada-completa\/","og_site_name":"FDH","article_modified_time":"2024-12-19T20:55:43+00:00","twitter_card":"summary_large_image","twitter_misc":{"Tiempo de lectura":"1 minuto"},"schema":{"@context":"https:\/\/schema.org","@graph":[{"@type":"WebPage","@id":"https:\/\/frontdeskhelpers.com\/es\/company\/%d1%81areers\/despacho\/despachador-logistico-eng-jornada-completa\/","url":"https:\/\/frontdeskhelpers.com\/es\/company\/%d1%81areers\/despacho\/despachador-logistico-eng-jornada-completa\/","name":"Repartidor Remoto Amazon | Vacantes | FDH","isPartOf":{"@id":"https:\/\/frontdeskhelpers.com\/es\/#website"},"datePublished":"2024-08-14T12:53:22+00:00","dateModified":"2024-12-19T20:55:43+00:00","description":"Buscamos agente de env\u00edos remotos de Amazon (despachador de env\u00edos remotos de Amazon) con nivel de ingl\u00e9s fluido.","breadcrumb":{"@id":"https:\/\/frontdeskhelpers.com\/es\/company\/%d1%81areers\/despacho\/despachador-logistico-eng-jornada-completa\/#breadcrumb"},"inLanguage":"es","potentialAction":[{"@type":"ReadAction","target":["https:\/\/frontdeskhelpers.com\/es\/company\/%d1%81areers\/despacho\/despachador-logistico-eng-jornada-completa\/"]}]},{"@type":"BreadcrumbList","@id":"https:\/\/frontdeskhelpers.com\/es\/company\/%d1%81areers\/despacho\/despachador-logistico-eng-jornada-completa\/#breadcrumb","itemListElement":[{"@type":"ListItem","position":1,"name":"Home","item":"https:\/\/frontdeskhelpers.com\/es\/"},{"@type":"ListItem","position":2,"name":"Company","item":"https:\/\/frontdeskhelpers.com\/es\/company\/"},{"@type":"ListItem","position":3,"name":"\u0421areers","item":"https:\/\/frontdeskhelpers.com\/es\/company\/careers-vacancies\/"},{"@type":"ListItem","position":4,"name":"Despacho","item":"https:\/\/frontdeskhelpers.com\/es\/company\/careers-vacancies\/dispatching\/"},{"@type":"ListItem","position":5,"name":"Despachador Log\u00edstico [ENG, jornada completa]"}]},{"@type":"WebSite","@id":"https:\/\/frontdeskhelpers.com\/es\/#website","url":"https:\/\/frontdeskhelpers.com\/es\/","name":"FDH","description":"","potentialAction":[{"@type":"SearchAction","target":{"@type":"EntryPoint","urlTemplate":"https:\/\/frontdeskhelpers.com\/es\/?s={search_term_string}"},"query-input":{"@type":"PropertyValueSpecification","valueRequired":true,"valueName":"search_term_string"}}],"inLanguage":"es"}]}},"_links":{"self":[{"href":"https:\/\/frontdeskhelpers.com\/es\/wp-json\/wp\/v2\/pages\/8485","targetHints":{"allow":["GET"]}}],"collection":[{"href":"https:\/\/frontdeskhelpers.com\/es\/wp-json\/wp\/v2\/pages"}],"about":[{"href":"https:\/\/frontdeskhelpers.com\/es\/wp-json\/wp\/v2\/types\/page"}],"author":[{"embeddable":true,"href":"https:\/\/frontdeskhelpers.com\/es\/wp-json\/wp\/v2\/users\/2"}],"replies":[{"embeddable":true,"href":"https:\/\/frontdeskhelpers.com\/es\/wp-json\/wp\/v2\/comments?post=8485"}],"version-history":[{"count":1,"href":"https:\/\/frontdeskhelpers.com\/es\/wp-json\/wp\/v2\/pages\/8485\/revisions"}],"predecessor-version":[{"id":8487,"href":"https:\/\/frontdeskhelpers.com\/es\/wp-json\/wp\/v2\/pages\/8485\/revisions\/8487"}],"up":[{"embeddable":true,"href":"https:\/\/frontdeskhelpers.com\/es\/wp-json\/wp\/v2\/pages\/8536"}],"wp:attachment":[{"href":"https:\/\/frontdeskhelpers.com\/es\/wp-json\/wp\/v2\/media?parent=8485"}],"curies":[{"name":"wp","href":"https:\/\/api.w.org\/{rel}","templated":true}]}}