{"id":8481,"date":"2024-08-14T13:13:45","date_gmt":"2024-08-14T13:13:45","guid":{"rendered":"https:\/\/frontdeskhelpers.com\/analista-de-negocio-con-experiencia-en-ti\/"},"modified":"2024-12-19T20:55:46","modified_gmt":"2024-12-19T20:55:46","slug":"analista-de-negocio-con-experiencia-en-ti","status":"publish","type":"page","link":"https:\/\/frontdeskhelpers.com\/es\/company\/%d1%81areers\/ventas\/analista-de-negocio-con-experiencia-en-ti\/","title":{"rendered":"Analista de negocio con experiencia en TI"},"content":{"rendered":"\n<div class=\"wp-block-columns is-layout-flex wp-container-core-columns-is-layout-9d6595d7 wp-block-columns-is-layout-flex\">\n<div class=\"wp-block-column is-layout-flow wp-block-column-is-layout-flow\"><div class=\"pvc_clear\"><\/div><p id=\"pvc_stats_8481\" class=\"pvc_stats total_only  pvc_load_by_ajax_update\" data-element-id=\"8481\" style=\"\"><i class=\"pvc-stats-icon medium\" aria-hidden=\"true\"><svg aria-hidden=\"true\" focusable=\"false\" data-prefix=\"far\" data-icon=\"chart-bar\" role=\"img\" xmlns=\"http:\/\/www.w3.org\/2000\/svg\" viewBox=\"0 0 512 512\" class=\"svg-inline--fa fa-chart-bar fa-w-16 fa-2x\"><path fill=\"currentColor\" d=\"M396.8 352h22.4c6.4 0 12.8-6.4 12.8-12.8V108.8c0-6.4-6.4-12.8-12.8-12.8h-22.4c-6.4 0-12.8 6.4-12.8 12.8v230.4c0 6.4 6.4 12.8 12.8 12.8zm-192 0h22.4c6.4 0 12.8-6.4 12.8-12.8V140.8c0-6.4-6.4-12.8-12.8-12.8h-22.4c-6.4 0-12.8 6.4-12.8 12.8v198.4c0 6.4 6.4 12.8 12.8 12.8zm96 0h22.4c6.4 0 12.8-6.4 12.8-12.8V204.8c0-6.4-6.4-12.8-12.8-12.8h-22.4c-6.4 0-12.8 6.4-12.8 12.8v134.4c0 6.4 6.4 12.8 12.8 12.8zM496 400H48V80c0-8.84-7.16-16-16-16H16C7.16 64 0 71.16 0 80v336c0 17.67 14.33 32 32 32h464c8.84 0 16-7.16 16-16v-16c0-8.84-7.16-16-16-16zm-387.2-48h22.4c6.4 0 12.8-6.4 12.8-12.8v-70.4c0-6.4-6.4-12.8-12.8-12.8h-22.4c-6.4 0-12.8 6.4-12.8 12.8v70.4c0 6.4 6.4 12.8 12.8 12.8z\" class=\"\"><\/path><\/svg><\/i> <img decoding=\"async\" width=\"16\" height=\"16\" alt=\"Loading\" src=\"https:\/\/frontdeskhelpers.com\/wp-content\/plugins\/page-views-count\/ajax-loader-2x.gif\" border=0 \/><\/p><div class=\"pvc_clear\"><\/div>\n<\/div>\n\n\n\n<div class=\"wp-block-column is-vertically-aligned-center is-layout-flow wp-block-column-is-layout-flow\">\n<p class=\"has-text-align-center closed-vacancy-info\">VACANTE CERRADA<\/p>\n<\/div>\n<\/div>\n\n<p>Somos una empresa inform\u00e1tica estadounidense llamada Front Desk Helpers<a href=\"https:\/\/frontdeskhelpers.com\/es\/\">(frontdeskhelpers.com<\/a>).<\/p>\n\n<p>Nuestra empresa busca actualmente un Analista de Negocio remoto con una s\u00f3lida experiencia en TI de al menos 5 a\u00f1os. La experiencia en licitaciones p\u00fablicas y contratos con grandes empresas y corporaciones ser\u00e1 una ventaja significativa. <\/p>\n\n<p><strong>Participar\u00e1s en:<\/strong><\/p>\n\n<ul class=\"wp-block-list\">\n<li>An\u00e1lisis de licitaciones y ofertas de contratos inform\u00e1ticos medianos y grandes;<\/li>\n\n\n\n<li>Analizar proyectos complejos y ofrecer soluciones;<\/li>\n\n\n\n<li>Desarrollo de estrategias de soluciones corporativas para empresas de EEUU;<\/li>\n\n\n\n<li>Especificaci\u00f3n t\u00e9cnica pre-an\u00e1lisis;<\/li>\n\n\n\n<li>Recomendar una nueva estructura y arquitectura, siguiendo un ciclo completo de desarrollo para\n<ul class=\"wp-block-list\">\n<li>sitios web<\/li>\n\n\n\n<li>plataformas web<\/li>\n\n\n\n<li>aplicaciones web<\/li>\n\n\n\n<li>software y aplicaciones nativas<\/li>\n<\/ul>\n<\/li>\n\n\n\n<li>An\u00e1lisis de soluciones de telecomunicaciones;<\/li>\n\n\n\n<li>Crear y mantener actualizadas las ofertas de nuestra empresa para tomar decisiones precisas e informadas sobre los contratos;<\/li>\n<\/ul>\n\n<p><strong>Habilidades requeridas:<\/strong><\/p>\n\n<ul class=\"wp-block-list\">\n<li>Ruso, Ingl\u00e9s &#8211; Intermedio o superior<\/li>\n\n\n\n<li>Muy versado en Desarrollo de Software &#8211; conocimientos pr\u00e1cticos de gesti\u00f3n de procesos de aplicaciones, aplicaciones m\u00f3viles, aplicaciones web, back-end de plataformas web;<\/li>\n\n\n\n<li>Experiencia en recopilaci\u00f3n y an\u00e1lisis de requisitos de software de al menos 3 a\u00f1os;<\/li>\n\n\n\n<li>Comun\u00edcate con el equipo utilizando las herramientas de G-Suite;<\/li>\n\n\n\n<li>Conexi\u00f3n Ethernet para tel\u00e9fono de sobremesa<\/li>\n<\/ul>\n\n<p><strong>Horario y salario:<\/strong> el horario puede ser flexible para empezar. En el futuro, preferiblemente en horario de tarde (EST &#8211; zona horaria de Nueva York). El salario se basa en el proyecto  <\/p>\n\n<p>En caso de que est\u00e9s interesado, por favor, ind\u00edcanos tus expectativas salariales y la hora m\u00e1s conveniente para la entrevista.  <\/p>\n\n<p>Esperamos tu CV en career@frontdeskhelpers.com<\/p>\n\n<p>Gracias.<\/p>\n\n<hr class=\"wp-block-separator has-alpha-channel-opacity\"\/>\n\n<p>\u0410\u043c\u0435\u0440\u0438\u043a\u0430\u043d\u0441\u043a\u0430\u044f IT \u043a\u043e\u043c\u043f\u0430\u043d\u0438\u044f Front Desk Helpers \u0438\u0449\u0435\u0442 \u0443\u0434\u0430\u043b\u0435\u043d\u043d\u043e\u0433\u043e \u0411\u0438\u0437\u043d\u0435\u0441-\u0410\u043d\u0430\u043b\u0438\u0442\u0438\u043a\u0430 (Analista de negocio) \u0441 \u043e\u043f\u044b\u0442\u043e\u043c \u0440\u0430\u0431\u043e\u0442\u044b \u0432 \u0441\u0444\u0435\u0440\u0435 IT \u0438 \u0440\u0430\u0437\u0440\u0430\u0431\u043e\u0442\u043a\u0438 \u041f\u041e \u043d\u0435 \u043c\u0435\u043d\u0435\u0435\u0435 5 \u043b\u0435\u0442. \u041e\u043f\u044b\u0442 \u0440\u0430\u0431\u043e\u0442\u044b \u0441 \u0433\u043e\u0441. \u0442\u0435\u043d\u0434\u0435\u0440\u0430\u043c\u0438 \u0438 \u043a\u043e\u043d\u0442\u0440\u0430\u043a\u0442\u0430\u043c\u0438 \u0441 \u043a\u0440\u0443\u043f\u043d\u044b\u043c\u0438 \u043a\u043e\u043c\u043f\u0430\u043d\u0438\u044f\u043c\u0438 \u0438 \u043a\u043e\u0440\u043f\u043e\u0440\u0430\u0446\u0438\u044f\u043c\u0438 \u0431\u0443\u0434\u0435\u0442 \u0441\u0443\u0449\u0435\u0441\u0442\u0432\u0435\u043d\u043d\u044b\u043c \u043f\u0440\u0435\u0438\u043c\u0443\u0449\u0435\u0441\u0442\u0432\u043e\u043c.  <\/p>\n\n<p> <strong>\u0412\u044b \u0431\u0443\u0434\u0435\u0442\u0435 \u0443\u0447\u0430\u0441\u0442\u0432\u043e\u0432\u0430\u0442\u044c \u0432:<\/strong><\/p>\n\n<ul class=\"wp-block-list\">\n<li>\u0410\u043d\u0430\u043b\u0438\u0437 \u0442\u0435\u043d\u0434\u0435\u0440\u043e\u0432 \u0438 \u0437\u0430\u044f\u0432\u043e\u043a \u043d\u0430 \u0441\u0440\u0435\u0434\u043d\u0438\u0435 \u0438 \u043a\u0440\u0443\u043f\u043d\u044b\u0435 \u0418\u0422-\u043a\u043e\u043d\u0442\u0440\u0430\u043a\u0442\u044b;<\/li>\n\n\n\n<li>\u0410\u043d\u0430\u043b\u0438\u0437 \u0441\u043b\u043e\u0436\u043d\u044b\u0445 \u043f\u0440\u043e\u0435\u043a\u0442\u043e\u0432 \u0438 \u043f\u0440\u0435\u0434\u043b\u043e\u0436\u0435\u043d\u0438\u0435 \u0440\u0435\u0448\u0435\u043d\u0438\u0439;<\/li>\n\n\n\n<li>\u0420\u0430\u0437\u0440\u0430\u0431\u043e\u0442\u043a\u0430 \u0441\u0442\u0440\u0430\u0442\u0435\u0433\u0438\u0438 \u043a\u043e\u0440\u043f\u043e\u0440\u0430\u0442\u0438\u0432\u043d\u044b\u0445 \u0440\u0435\u0448\u0435\u043d\u0438\u0439 \u0434\u043b\u044f \u043a\u043e\u043c\u043f\u0430\u043d\u0438\u0439 \u0438\u0437 \u0421\u0428\u0410;<\/li>\n\n\n\n<li>\u041f\u0440\u0435\u0434\u0432\u0430\u0440\u0438\u0442\u0435\u043b\u044c\u043d\u044b\u0439 \u0430\u043d\u0430\u043b\u0438\u0437 \u0422\u0417;<\/li>\n\n\n\n<li>\u0420\u0435\u043a\u043e\u043c\u0435\u043d\u0434\u043e\u0432\u0430\u0442\u044c \u043d\u043e\u0432\u0443\u044e \u0441\u0442\u0440\u0443\u043a\u0442\u0443\u0440\u0443 \u0438 \u0430\u0440\u0445\u0438\u0442\u0435\u043a\u0442\u0443\u0440\u0443, \u0443\u0447\u0438\u0442\u044b\u0432\u0430\u044f \u043f\u043e\u043b\u043d\u044b\u0439 \u0446\u0438\u043a\u043b \u0440\u0430\u0437\u0440\u0430\u0431\u043e\u0442\u043a\u0438:\n<ul class=\"wp-block-list\">\n<li>\u0441\u0430\u0439\u0442\u043e\u0432;<\/li>\n\n\n\n<li>\u0432\u0435\u0431-\u043f\u043b\u0430\u0442\u0444\u043e\u0440\u043c;<\/li>\n\n\n\n<li>\u0432\u0435\u0431-\u043f\u0440\u0438\u043b\u043e\u0436\u0435\u043d\u0438\u0439;<\/li>\n\n\n\n<li>\u043f\u0440\u043e\u0433\u0440\u0430\u043c\u043c\u043d\u043e\u0433\u043e \u043e\u0431\u0435\u0441\u043f\u0435\u0447\u0435\u043d\u0438\u044f;<\/li>\n\n\n\n<li>\u043d\u0430\u0442\u0438\u0432\u043d\u044b\u0445 \u043f\u0440\u0438\u043b\u043e\u0436\u0435\u043d\u0438\u0439;<\/li>\n<\/ul>\n<\/li>\n\n\n\n<li>\u0410\u043d\u0430\u043b\u0438\u0437 \u0441\u0442\u0440\u0443\u043a\u0442\u0443\u0440\u044b \u0438 \u0440\u0430\u0431\u043e\u0442\u044b \u0441 \u0440\u0435\u0448\u0435\u043d\u0438\u044f\u043c\u0438 \u043f\u043e \u0431\u0438\u0437\u043d\u0435\u0441-\u0442\u0435\u043b\u0435\u043a\u043e\u043c\u043c\u0443\u043d\u0438\u043a\u0430\u0446\u0438\u044f\u043c;<\/li>\n\n\n\n<li>\u0421\u043e\u0437\u0434\u0430\u043d\u0438\u0435 \u0438 \u043f\u043e\u0434\u0434\u0435\u0440\u0436\u0430\u043d\u0438\u0435 \u043e\u0444\u0444\u0435\u0440\u043e\u0432 \u043d\u0430\u0448\u0435\u0439 \u043a\u043e\u043c\u043f\u0430\u043d\u0438\u0438 \u0432 \u0430\u043a\u0442\u0443\u0430\u043b\u044c\u043d\u043e\u043c \u0441\u043e\u0441\u0442\u043e\u044f\u043d\u0438\u0438\u0438 \u0434\u043b\u044f \u043f\u0440\u0438\u043d\u044f\u0442\u0438\u044f \u0442\u043e\u0447\u043d\u044b\u0445 \u0438 \u043e\u0431\u043e\u0441\u043d\u043e\u0432\u0430\u043d\u043d\u044b\u0445 \u0440\u0435\u0448\u0435\u043d\u0438\u0439 \u043f\u043e \u0443\u0447\u0430\u0441\u0442\u0438\u044e \u0432 \u043a\u043e\u043d\u0442\u0440\u0430\u043a\u0442\u0430\u0445;<\/li>\n\n\n\n<li>\u041e\u0431\u0449\u0435\u043d\u0438\u0435 \u0441 \u043a\u043e\u043c\u0430\u043d\u0434\u043e\u0439 \u0441 \u043f\u043e\u043c\u043e\u0449\u044c\u044e \u0438\u043d\u0441\u0442\u0440\u0443\u043c\u0435\u043d\u0442\u043e\u0432 G-Suite;<\/li>\n<\/ul>\n\n<p><strong>\u0422\u0440\u0435\u0431\u0443\u0435\u043c\u044b\u0435 \u043d\u0430\u0432\u044b\u043a\u0438:<\/strong><\/p>\n\n<ul class=\"wp-block-list\">\n<li>\u0420\u0443\u0441\u0441\u043a\u0438\u0439, \u0430\u043d\u0433\u043b\u0438\u0439\u0441\u043a\u0438\u0439 &#8211; \u0441\u0440\u0435\u0434\u043d\u0438\u0439 \u0443\u0440\u043e\u0432\u0435\u043d\u044c \u0438\u043b\u0438 \u0432\u044b\u0448\u0435<\/li>\n\n\n\n<li>\u0425\u043e\u0440\u043e\u0448\u043e \u0440\u0430\u0437\u0431\u0438\u0440\u0430\u0442\u044c\u0441\u044f \u0432 \u0440\u0430\u0437\u0440\u0430\u0431\u043e\u0442\u043a\u0435 \u043f\u0440\u043e\u0433\u0440\u0430\u043c\u043c\u043d\u043e\u0433\u043e \u043e\u0431\u0435\u0441\u043f\u0435\u0447\u0435\u043d\u0438\u044f &#8211; \u043f\u0440\u0430\u043a\u0442\u0438\u0447\u0435\u0441\u043a\u0438\u0435 \u0437\u043d\u0430\u043d\u0438\u044f \u043f\u0440\u043e\u0446\u0435\u0441\u0441\u043e\u0432 \u0432 \u0431\u044d\u043a-\u044d\u043d\u0434\u0435 \u043f\u0440\u0438\u043b\u043e\u0436\u0435\u043d\u0438\u0439, \u043c\u043e\u0431\u0438\u043b\u044c\u043d\u044b\u0445 \u043f\u0440\u0438\u043b\u043e\u0436\u0435\u043d\u0438\u0439, \u0432\u0435\u0431-\u043f\u0440\u0438\u043b\u043e\u0436\u0435\u043d\u0438\u0439, \u0432\u0435\u0431-\u043f\u0440\u0438\u043b\u043e\u0436\u0435\u043d\u0438\u0439, \u0432\u0435\u0431-\u043f\u043b\u0430\u0442\u0444\u043e\u0440\u043c;<\/li>\n\n\n\n<li>\u041e\u043f\u044b\u0442 \u0441\u0431\u043e\u0440\u0430 \u0438 \u0430\u043d\u0430\u043b\u0438\u0437\u0430 \u0442\u0440\u0435\u0431\u043e\u0432\u0430\u043d\u0438\u0439 \u043a \u043f\u0440\u043e\u0433\u0440\u0430\u043c\u043c\u043d\u043e\u043c\u0443 \u043e\u0431\u0435\u0441\u043f\u0435\u0447\u0435\u043d\u0438\u044e \u043d\u0435 \u043c\u0435\u043d\u0435\u0435\u0435 3 \u043b\u0435\u0442;<\/li>\n\n\n\n<li>Ethernet-\u0441\u043e\u0435\u0434\u0438\u043d\u0435\u043d\u0438\u0435<\/li>\n<\/ul>\n\n<p>\u0420\u0430\u0441\u043f\u0438\u0441\u0430\u043d\u0438\u0435 <strong>\u0438 \u0437\u0430\u0440\u043f\u043b\u0430\u0442\u0430: <\/strong>\u0440\u0430\u0431\u043e\u0447\u0438\u0439 \u0433\u0440\u0430\u0444\u0438\u043a \u0433\u0438\u0431\u043a\u0438\u0439, \u0441 \u0430\u043a\u0446\u0435\u043d\u0442\u043e\u043c \u043d\u0430 \u0440\u0430\u0431\u043e\u0442\u0443 \u0432 \u0432\u0435\u0447\u0435\u0440\u043d\u0435\u0435 \u0432\u0440\u0435\u043c\u044f (EST &#8211; \u0447\u0430\u0441\u043e\u0432\u043e\u0439 \u043f\u043e\u044f\u0441 \u041d\u044c\u044e-\u0419\u043e\u0440\u043a\u0430). \u0417\u0430\u0440\u043f\u043b\u0430\u0442\u0430 \u043f\u0440\u043e\u0435\u043a\u0442\u043d\u0430\u044f. <\/p>\n\n<p>  \u0415\u0441\u043b\u0438 \u0432\u0430\u043c \u0438\u043d\u0442\u0435\u0440\u0435\u0441\u043d\u043e, \u0441\u043e\u043e\u0431\u0449\u0438\u0442\u0435 \u043d\u0430\u043c, \u043f\u043e\u0436\u0430\u043b\u0443\u0439\u0441\u0442\u0430, \u043e\u0436\u0438\u0434\u0430\u043d\u0438\u044f \u043f\u043e \u0437\u0430\u0440\u043f\u043b\u0430\u0442\u0435 \u0438 \u043d\u0430\u0438\u0431\u043e\u043b\u0435\u0435 \u0443\u0434\u043e\u0431\u043d\u043e\u0435 \u0432\u0440\u0435\u043c\u044f \u0434\u043b\u044f \u0441\u043e\u0431\u0435\u0441\u0435\u0434\u043e\u0432\u0430\u043d\u0438\u044f.<\/p>\n\n<p>  \u041c\u044b \u043e\u0436\u0438\u0434\u0430\u0435\u043c \u0432\u0430\u0448\u0435 \u0440\u0435\u0437\u044e\u043c\u0435 \u043d\u0430 <a href=\"mailto:career@frontdeskhelpers.com\">career@frontdeskhelpers.com<\/a><\/p>\n\n<p>\u0410\u0433\u0435\u043d\u0442\u0441\u0442\u0432\u0430 \u0438 \u043a\u043e\u043c\u043f\u0430\u043d\u0438\u0438-\u043f\u043e\u0441\u0440\u0435\u0434\u043d\u0438\u043a\u0438 \u043d\u0435 \u0440\u0430\u0441\u0441\u043c\u0430\u0442\u0440\u0438\u0432\u0430\u0435\u043c.<\/p>\n\n<p>  \u00a1\u0421\u043f\u0430\u0441\u0438\u0431\u043e!<\/p>\n","protected":false},"excerpt":{"rendered":"<p>Somos una empresa inform\u00e1tica estadounidense llamada Front Desk Helpers(frontdeskhelpers.com). Nuestra empresa busca actualmente un Analista de Negocio remoto con una s\u00f3lida experiencia en TI de al menos 5 a\u00f1os. La experiencia en licitaciones p\u00fablicas y contratos con grandes empresas y corporaciones ser\u00e1 una ventaja significativa. Participar\u00e1s en: Habilidades requeridas: Horario y salario: el horario puede [&hellip;]<\/p>\n","protected":false},"author":2,"featured_media":0,"parent":8539,"menu_order":0,"comment_status":"closed","ping_status":"closed","template":"","meta":{"inline_featured_image":false,"footnotes":""},"class_list":["post-8481","page","type-page","status-publish"],"yoast_head":"<!-- This site is optimized with the Yoast SEO plugin v27.3 - https:\/\/yoast.com\/product\/yoast-seo-wordpress\/ -->\n<title>Analista de negocio con experiencia en TI - FDH | Vacantes | FDH<\/title>\n<meta name=\"description\" content=\"Nuestra empresa busca actualmente un Analista de Negocio remoto con una s\u00f3lida experiencia en TI de al menos 5 a\u00f1os. Experiencia en licitaciones gubernamentales y contratos con empresas medianas y corporaciones.\" \/>\n<meta name=\"robots\" content=\"index, follow, max-snippet:-1, max-image-preview:large, max-video-preview:-1\" \/>\n<link rel=\"canonical\" href=\"https:\/\/frontdeskhelpers.com\/es\/company\/%d1%81areers\/ventas\/analista-de-negocio-con-experiencia-en-ti\/\" \/>\n<meta property=\"og:locale\" content=\"es_ES\" \/>\n<meta property=\"og:type\" content=\"article\" \/>\n<meta property=\"og:title\" content=\"Analista de negocio con experiencia en TI - FDH | Vacantes | FDH\" \/>\n<meta property=\"og:description\" content=\"Nuestra empresa busca actualmente un Analista de Negocio remoto con una s\u00f3lida experiencia en TI de al menos 5 a\u00f1os. Experiencia en licitaciones gubernamentales y contratos con empresas medianas y corporaciones.\" \/>\n<meta property=\"og:url\" content=\"https:\/\/frontdeskhelpers.com\/es\/company\/%d1%81areers\/ventas\/analista-de-negocio-con-experiencia-en-ti\/\" \/>\n<meta property=\"og:site_name\" content=\"FDH\" \/>\n<meta property=\"article:modified_time\" content=\"2024-12-19T20:55:46+00:00\" \/>\n<meta name=\"twitter:card\" content=\"summary_large_image\" \/>\n<meta name=\"twitter:label1\" content=\"Tiempo de lectura\" \/>\n\t<meta name=\"twitter:data1\" content=\"1 minuto\" \/>\n<!-- \/ Yoast SEO plugin. -->","yoast_head_json":{"title":"Analista de negocio con experiencia en TI - FDH | Vacantes | FDH","description":"Nuestra empresa busca actualmente un Analista de Negocio remoto con una s\u00f3lida experiencia en TI de al menos 5 a\u00f1os. Experiencia en licitaciones gubernamentales y contratos con empresas medianas y corporaciones.","robots":{"index":"index","follow":"follow","max-snippet":"max-snippet:-1","max-image-preview":"max-image-preview:large","max-video-preview":"max-video-preview:-1"},"canonical":"https:\/\/frontdeskhelpers.com\/es\/company\/%d1%81areers\/ventas\/analista-de-negocio-con-experiencia-en-ti\/","og_locale":"es_ES","og_type":"article","og_title":"Analista de negocio con experiencia en TI - FDH | Vacantes | FDH","og_description":"Nuestra empresa busca actualmente un Analista de Negocio remoto con una s\u00f3lida experiencia en TI de al menos 5 a\u00f1os. Experiencia en licitaciones gubernamentales y contratos con empresas medianas y corporaciones.","og_url":"https:\/\/frontdeskhelpers.com\/es\/company\/%d1%81areers\/ventas\/analista-de-negocio-con-experiencia-en-ti\/","og_site_name":"FDH","article_modified_time":"2024-12-19T20:55:46+00:00","twitter_card":"summary_large_image","twitter_misc":{"Tiempo de lectura":"1 minuto"},"schema":{"@context":"https:\/\/schema.org","@graph":[{"@type":"WebPage","@id":"https:\/\/frontdeskhelpers.com\/es\/company\/%d1%81areers\/ventas\/analista-de-negocio-con-experiencia-en-ti\/","url":"https:\/\/frontdeskhelpers.com\/es\/company\/%d1%81areers\/ventas\/analista-de-negocio-con-experiencia-en-ti\/","name":"Analista de negocio con experiencia en TI - FDH | Vacantes | FDH","isPartOf":{"@id":"https:\/\/frontdeskhelpers.com\/es\/#website"},"datePublished":"2024-08-14T13:13:45+00:00","dateModified":"2024-12-19T20:55:46+00:00","description":"Nuestra empresa busca actualmente un Analista de Negocio remoto con una s\u00f3lida experiencia en TI de al menos 5 a\u00f1os. Experiencia en licitaciones gubernamentales y contratos con empresas medianas y corporaciones.","breadcrumb":{"@id":"https:\/\/frontdeskhelpers.com\/es\/company\/%d1%81areers\/ventas\/analista-de-negocio-con-experiencia-en-ti\/#breadcrumb"},"inLanguage":"es","potentialAction":[{"@type":"ReadAction","target":["https:\/\/frontdeskhelpers.com\/es\/company\/%d1%81areers\/ventas\/analista-de-negocio-con-experiencia-en-ti\/"]}]},{"@type":"BreadcrumbList","@id":"https:\/\/frontdeskhelpers.com\/es\/company\/%d1%81areers\/ventas\/analista-de-negocio-con-experiencia-en-ti\/#breadcrumb","itemListElement":[{"@type":"ListItem","position":1,"name":"Home","item":"https:\/\/frontdeskhelpers.com\/es\/"},{"@type":"ListItem","position":2,"name":"Company","item":"https:\/\/frontdeskhelpers.com\/es\/company\/"},{"@type":"ListItem","position":3,"name":"\u0421areers","item":"https:\/\/frontdeskhelpers.com\/es\/company\/careers-vacancies\/"},{"@type":"ListItem","position":4,"name":"Ventas","item":"https:\/\/frontdeskhelpers.com\/es\/company\/careers-vacancies\/sales\/"},{"@type":"ListItem","position":5,"name":"Analista de negocio con experiencia en TI"}]},{"@type":"WebSite","@id":"https:\/\/frontdeskhelpers.com\/es\/#website","url":"https:\/\/frontdeskhelpers.com\/es\/","name":"FDH","description":"","potentialAction":[{"@type":"SearchAction","target":{"@type":"EntryPoint","urlTemplate":"https:\/\/frontdeskhelpers.com\/es\/?s={search_term_string}"},"query-input":{"@type":"PropertyValueSpecification","valueRequired":true,"valueName":"search_term_string"}}],"inLanguage":"es"}]}},"_links":{"self":[{"href":"https:\/\/frontdeskhelpers.com\/es\/wp-json\/wp\/v2\/pages\/8481","targetHints":{"allow":["GET"]}}],"collection":[{"href":"https:\/\/frontdeskhelpers.com\/es\/wp-json\/wp\/v2\/pages"}],"about":[{"href":"https:\/\/frontdeskhelpers.com\/es\/wp-json\/wp\/v2\/types\/page"}],"author":[{"embeddable":true,"href":"https:\/\/frontdeskhelpers.com\/es\/wp-json\/wp\/v2\/users\/2"}],"replies":[{"embeddable":true,"href":"https:\/\/frontdeskhelpers.com\/es\/wp-json\/wp\/v2\/comments?post=8481"}],"version-history":[{"count":1,"href":"https:\/\/frontdeskhelpers.com\/es\/wp-json\/wp\/v2\/pages\/8481\/revisions"}],"predecessor-version":[{"id":8484,"href":"https:\/\/frontdeskhelpers.com\/es\/wp-json\/wp\/v2\/pages\/8481\/revisions\/8484"}],"up":[{"embeddable":true,"href":"https:\/\/frontdeskhelpers.com\/es\/wp-json\/wp\/v2\/pages\/8539"}],"wp:attachment":[{"href":"https:\/\/frontdeskhelpers.com\/es\/wp-json\/wp\/v2\/media?parent=8481"}],"curies":[{"name":"wp","href":"https:\/\/api.w.org\/{rel}","templated":true}]}}