{"id":8478,"date":"2024-08-14T13:08:25","date_gmt":"2024-08-14T13:08:25","guid":{"rendered":"https:\/\/frontdeskhelpers.com\/redactor-tecnico-con-experiencia-en-ti-ingles-nativo-o-cercano\/"},"modified":"2024-12-19T20:55:52","modified_gmt":"2024-12-19T20:55:52","slug":"redactor-tecnico-con-experiencia-en-ti-ingles-nativo-o-cercano","status":"publish","type":"page","link":"https:\/\/frontdeskhelpers.com\/es\/company\/%d1%81areers\/marketing\/redactor-tecnico-con-experiencia-en-ti-ingles-nativo-o-cercano\/","title":{"rendered":"Redactor t\u00e9cnico con experiencia en TI (ingl\u00e9s nativo o cercano)"},"content":{"rendered":"\n<div class=\"wp-block-columns is-layout-flex wp-container-core-columns-is-layout-9d6595d7 wp-block-columns-is-layout-flex\">\n<div class=\"wp-block-column is-layout-flow wp-block-column-is-layout-flow\"><div class=\"pvc_clear\"><\/div><p id=\"pvc_stats_8478\" class=\"pvc_stats total_only  pvc_load_by_ajax_update\" data-element-id=\"8478\" style=\"\"><i class=\"pvc-stats-icon medium\" aria-hidden=\"true\"><svg aria-hidden=\"true\" focusable=\"false\" data-prefix=\"far\" data-icon=\"chart-bar\" role=\"img\" xmlns=\"http:\/\/www.w3.org\/2000\/svg\" viewBox=\"0 0 512 512\" class=\"svg-inline--fa fa-chart-bar fa-w-16 fa-2x\"><path fill=\"currentColor\" d=\"M396.8 352h22.4c6.4 0 12.8-6.4 12.8-12.8V108.8c0-6.4-6.4-12.8-12.8-12.8h-22.4c-6.4 0-12.8 6.4-12.8 12.8v230.4c0 6.4 6.4 12.8 12.8 12.8zm-192 0h22.4c6.4 0 12.8-6.4 12.8-12.8V140.8c0-6.4-6.4-12.8-12.8-12.8h-22.4c-6.4 0-12.8 6.4-12.8 12.8v198.4c0 6.4 6.4 12.8 12.8 12.8zm96 0h22.4c6.4 0 12.8-6.4 12.8-12.8V204.8c0-6.4-6.4-12.8-12.8-12.8h-22.4c-6.4 0-12.8 6.4-12.8 12.8v134.4c0 6.4 6.4 12.8 12.8 12.8zM496 400H48V80c0-8.84-7.16-16-16-16H16C7.16 64 0 71.16 0 80v336c0 17.67 14.33 32 32 32h464c8.84 0 16-7.16 16-16v-16c0-8.84-7.16-16-16-16zm-387.2-48h22.4c6.4 0 12.8-6.4 12.8-12.8v-70.4c0-6.4-6.4-12.8-12.8-12.8h-22.4c-6.4 0-12.8 6.4-12.8 12.8v70.4c0 6.4 6.4 12.8 12.8 12.8z\" class=\"\"><\/path><\/svg><\/i> <img decoding=\"async\" width=\"16\" height=\"16\" alt=\"Loading\" src=\"https:\/\/frontdeskhelpers.com\/wp-content\/plugins\/page-views-count\/ajax-loader-2x.gif\" border=0 \/><\/p><div class=\"pvc_clear\"><\/div>\n<\/div>\n\n\n\n<div class=\"wp-block-column is-vertically-aligned-center is-layout-flow wp-block-column-is-layout-flow\">\n<p class=\"has-text-align-center closed-vacancy-info\">VACANTE CERRADA<\/p>\n<\/div>\n<\/div>\n\n<p>La empresa inform\u00e1tica estadounidense Front Desk Helpers busca un redactor a distancia con ingl\u00e9s nativo o cercano, formaci\u00f3n t\u00e9cnica y\/o inform\u00e1tica y capacidad para comprender y describir software, servicios de desarrollo de aplicaciones y sus elementos constitutivos.  <\/p>\n\n<p><strong>Funciones:<\/strong><\/p>\n\n<p>Proporcionamos el pliego de condiciones para cada trabajo. En \u00e9l habr\u00e1 palabras clave, titulares, definici\u00f3n del tema y descripci\u00f3n de la gama de nuestros servicios. <\/p>\n\n<p><strong>Tenemos que prepararnos y crear:<\/strong><\/p>\n\n<ul class=\"wp-block-list\">\n<li>entradas cortas en el blog<\/li>\n\n\n\n<li>entradas de blog de expertos<\/li>\n\n\n\n<li>p\u00e1ginas de destino<\/li>\n\n\n\n<li>p\u00e1ginas de servicios adicionales  <\/li>\n\n\n\n<li>breves instrucciones<\/li>\n\n\n\n<li>descripciones y presentaciones<\/li>\n<\/ul>\n\n<p>En algunos textos, participar\u00e1s en una publicaci\u00f3n en un sitio web, utilizando herramientas de WordPress. Sin c\u00f3digo. <\/p>\n\n<p>Temas:<\/p>\n\n<ul class=\"wp-block-list\">\n<li>software, aplicaci\u00f3n, aplicaci\u00f3n web, desarrollo de aplicaciones m\u00f3viles<\/li>\n\n\n\n<li>telecomunicaciones empresariales y sus tecnolog\u00edas, centros de llamadas<\/li>\n\n\n\n<li>seguridad digital y redes<\/li>\n\n\n\n<li>VR&amp;AR, IoT, IA y ML<\/li>\n\n\n\n<li>optimizaci\u00f3n de procesos empresariales<\/li>\n\n\n\n<li>externalizaci\u00f3n<\/li>\n\n\n\n<li>\u00a0<\/li>\n<\/ul>\n\n<p><strong>Otros datos:<\/strong><\/p>\n\n<ul class=\"wp-block-list\">\n<li>Se valorar\u00e1 positivamente la comprensi\u00f3n de la optimizaci\u00f3n y externalizaci\u00f3n de procesos empresariales<\/li>\n\n\n\n<li>Se valorar\u00e1 la experiencia previa trabajando como editor<\/li>\n\n\n\n<li>Se valorar\u00e1 el espa\u00f1ol como segunda lengua<\/li>\n<\/ul>\n\n<p><strong>Horario:  <\/strong><\/p>\n\n<p>El horario de trabajo y los fines de semana son flexibles. Se trata de un proyecto a tiempo completo, por lo que esperamos que trabajes una jornada laboral completa. <\/p>\n\n<p>Es posible que hagamos breves llamadas por la noche para debatir los temas.<\/p>\n\n<p><strong>Coste:<\/strong><\/p>\n\n<p>Pagaremos por cada texto terminado (y publicado si es necesario). Por favor, indica tu propio coste por 1k de caracteres\/palabras. <\/p>\n\n<p>Env\u00edanos tu portafolio o CV a <a href=\"mailto:career@frontdeskhelpers.com\">career@frontdeskhelpers.com<\/a><\/p>\n\n<p>Gracias.<\/p>\n","protected":false},"excerpt":{"rendered":"<p>La empresa inform\u00e1tica estadounidense Front Desk Helpers busca un redactor a distancia con ingl\u00e9s nativo o cercano, formaci\u00f3n t\u00e9cnica y\/o inform\u00e1tica y capacidad para comprender y describir software, servicios de desarrollo de aplicaciones y sus elementos constitutivos. Funciones: Proporcionamos el pliego de condiciones para cada trabajo. En \u00e9l habr\u00e1 palabras clave, titulares, definici\u00f3n del tema [&hellip;]<\/p>\n","protected":false},"author":2,"featured_media":0,"parent":8553,"menu_order":0,"comment_status":"closed","ping_status":"closed","template":"","meta":{"inline_featured_image":false,"footnotes":""},"class_list":["post-8478","page","type-page","status-publish"],"yoast_head":"<!-- This site is optimized with the Yoast SEO plugin v27.3 - https:\/\/yoast.com\/product\/yoast-seo-wordpress\/ -->\n<title>Redactor t\u00e9cnico con experiencia en TI (ingl\u00e9s nativo o cercano) - FDH | FDH<\/title>\n<meta name=\"description\" content=\"Buscamos un redactor a distancia con ingl\u00e9s nativo o cercano, formaci\u00f3n t\u00e9cnica y\/o inform\u00e1tica y capacidad para comprender y describir software, servicios inform\u00e1ticos y sus elementos constitutivos.\" \/>\n<meta name=\"robots\" content=\"index, follow, max-snippet:-1, max-image-preview:large, max-video-preview:-1\" \/>\n<link rel=\"canonical\" href=\"https:\/\/frontdeskhelpers.com\/es\/company\/%d1%81areers\/marketing\/redactor-tecnico-con-experiencia-en-ti-ingles-nativo-o-cercano\/\" \/>\n<meta property=\"og:locale\" content=\"es_ES\" \/>\n<meta property=\"og:type\" content=\"article\" \/>\n<meta property=\"og:title\" content=\"Redactor t\u00e9cnico con experiencia en TI (ingl\u00e9s nativo o cercano) - FDH | FDH\" \/>\n<meta property=\"og:description\" content=\"Buscamos un redactor a distancia con ingl\u00e9s nativo o cercano, formaci\u00f3n t\u00e9cnica y\/o inform\u00e1tica y capacidad para comprender y describir software, servicios inform\u00e1ticos y sus elementos constitutivos.\" \/>\n<meta property=\"og:url\" content=\"https:\/\/frontdeskhelpers.com\/es\/company\/%d1%81areers\/marketing\/redactor-tecnico-con-experiencia-en-ti-ingles-nativo-o-cercano\/\" \/>\n<meta property=\"og:site_name\" content=\"FDH\" \/>\n<meta property=\"article:modified_time\" content=\"2024-12-19T20:55:52+00:00\" \/>\n<meta name=\"twitter:card\" content=\"summary_large_image\" \/>\n<meta name=\"twitter:label1\" content=\"Tiempo de lectura\" \/>\n\t<meta name=\"twitter:data1\" content=\"1 minuto\" \/>\n<!-- \/ Yoast SEO plugin. -->","yoast_head_json":{"title":"Redactor t\u00e9cnico con experiencia en TI (ingl\u00e9s nativo o cercano) - FDH | FDH","description":"Buscamos un redactor a distancia con ingl\u00e9s nativo o cercano, formaci\u00f3n t\u00e9cnica y\/o inform\u00e1tica y capacidad para comprender y describir software, servicios inform\u00e1ticos y sus elementos constitutivos.","robots":{"index":"index","follow":"follow","max-snippet":"max-snippet:-1","max-image-preview":"max-image-preview:large","max-video-preview":"max-video-preview:-1"},"canonical":"https:\/\/frontdeskhelpers.com\/es\/company\/%d1%81areers\/marketing\/redactor-tecnico-con-experiencia-en-ti-ingles-nativo-o-cercano\/","og_locale":"es_ES","og_type":"article","og_title":"Redactor t\u00e9cnico con experiencia en TI (ingl\u00e9s nativo o cercano) - FDH | FDH","og_description":"Buscamos un redactor a distancia con ingl\u00e9s nativo o cercano, formaci\u00f3n t\u00e9cnica y\/o inform\u00e1tica y capacidad para comprender y describir software, servicios inform\u00e1ticos y sus elementos constitutivos.","og_url":"https:\/\/frontdeskhelpers.com\/es\/company\/%d1%81areers\/marketing\/redactor-tecnico-con-experiencia-en-ti-ingles-nativo-o-cercano\/","og_site_name":"FDH","article_modified_time":"2024-12-19T20:55:52+00:00","twitter_card":"summary_large_image","twitter_misc":{"Tiempo de lectura":"1 minuto"},"schema":{"@context":"https:\/\/schema.org","@graph":[{"@type":"WebPage","@id":"https:\/\/frontdeskhelpers.com\/es\/company\/%d1%81areers\/marketing\/redactor-tecnico-con-experiencia-en-ti-ingles-nativo-o-cercano\/","url":"https:\/\/frontdeskhelpers.com\/es\/company\/%d1%81areers\/marketing\/redactor-tecnico-con-experiencia-en-ti-ingles-nativo-o-cercano\/","name":"Redactor t\u00e9cnico con experiencia en TI (ingl\u00e9s nativo o cercano) - FDH | FDH","isPartOf":{"@id":"https:\/\/frontdeskhelpers.com\/es\/#website"},"datePublished":"2024-08-14T13:08:25+00:00","dateModified":"2024-12-19T20:55:52+00:00","description":"Buscamos un redactor a distancia con ingl\u00e9s nativo o cercano, formaci\u00f3n t\u00e9cnica y\/o inform\u00e1tica y capacidad para comprender y describir software, servicios inform\u00e1ticos y sus elementos constitutivos.","breadcrumb":{"@id":"https:\/\/frontdeskhelpers.com\/es\/company\/%d1%81areers\/marketing\/redactor-tecnico-con-experiencia-en-ti-ingles-nativo-o-cercano\/#breadcrumb"},"inLanguage":"es","potentialAction":[{"@type":"ReadAction","target":["https:\/\/frontdeskhelpers.com\/es\/company\/%d1%81areers\/marketing\/redactor-tecnico-con-experiencia-en-ti-ingles-nativo-o-cercano\/"]}]},{"@type":"BreadcrumbList","@id":"https:\/\/frontdeskhelpers.com\/es\/company\/%d1%81areers\/marketing\/redactor-tecnico-con-experiencia-en-ti-ingles-nativo-o-cercano\/#breadcrumb","itemListElement":[{"@type":"ListItem","position":1,"name":"Home","item":"https:\/\/frontdeskhelpers.com\/es\/"},{"@type":"ListItem","position":2,"name":"Company","item":"https:\/\/frontdeskhelpers.com\/es\/company\/"},{"@type":"ListItem","position":3,"name":"\u0421areers","item":"https:\/\/frontdeskhelpers.com\/es\/company\/careers-vacancies\/"},{"@type":"ListItem","position":4,"name":"Marketing","item":"https:\/\/frontdeskhelpers.com\/es\/company\/careers-vacancies\/marketing\/"},{"@type":"ListItem","position":5,"name":"Redactor t\u00e9cnico con experiencia en TI (ingl\u00e9s nativo o cercano)"}]},{"@type":"WebSite","@id":"https:\/\/frontdeskhelpers.com\/es\/#website","url":"https:\/\/frontdeskhelpers.com\/es\/","name":"FDH","description":"","potentialAction":[{"@type":"SearchAction","target":{"@type":"EntryPoint","urlTemplate":"https:\/\/frontdeskhelpers.com\/es\/?s={search_term_string}"},"query-input":{"@type":"PropertyValueSpecification","valueRequired":true,"valueName":"search_term_string"}}],"inLanguage":"es"}]}},"_links":{"self":[{"href":"https:\/\/frontdeskhelpers.com\/es\/wp-json\/wp\/v2\/pages\/8478","targetHints":{"allow":["GET"]}}],"collection":[{"href":"https:\/\/frontdeskhelpers.com\/es\/wp-json\/wp\/v2\/pages"}],"about":[{"href":"https:\/\/frontdeskhelpers.com\/es\/wp-json\/wp\/v2\/types\/page"}],"author":[{"embeddable":true,"href":"https:\/\/frontdeskhelpers.com\/es\/wp-json\/wp\/v2\/users\/2"}],"replies":[{"embeddable":true,"href":"https:\/\/frontdeskhelpers.com\/es\/wp-json\/wp\/v2\/comments?post=8478"}],"version-history":[{"count":1,"href":"https:\/\/frontdeskhelpers.com\/es\/wp-json\/wp\/v2\/pages\/8478\/revisions"}],"predecessor-version":[{"id":8479,"href":"https:\/\/frontdeskhelpers.com\/es\/wp-json\/wp\/v2\/pages\/8478\/revisions\/8479"}],"up":[{"embeddable":true,"href":"https:\/\/frontdeskhelpers.com\/es\/wp-json\/wp\/v2\/pages\/8553"}],"wp:attachment":[{"href":"https:\/\/frontdeskhelpers.com\/es\/wp-json\/wp\/v2\/media?parent=8478"}],"curies":[{"name":"wp","href":"https:\/\/api.w.org\/{rel}","templated":true}]}}