{"id":8477,"date":"2024-08-14T12:40:48","date_gmt":"2024-08-14T12:40:48","guid":{"rendered":"https:\/\/frontdeskhelpers.com\/informatico-remoto-web-crm-eng-proyecto-a-tiempo-completo\/"},"modified":"2024-12-19T20:55:52","modified_gmt":"2024-12-19T20:55:52","slug":"informatico-remoto-web-crm-eng-proyecto-a-tiempo-completo","status":"publish","type":"page","link":"https:\/\/frontdeskhelpers.com\/es\/company\/%d1%81areers\/marketing\/informatico-remoto-web-crm-eng-proyecto-a-tiempo-completo\/","title":{"rendered":"Inform\u00e1tico Remoto Web + CRM (ENG, proyecto a tiempo completo)"},"content":{"rendered":"\n<div class=\"wp-block-columns is-layout-flex wp-container-core-columns-is-layout-9d6595d7 wp-block-columns-is-layout-flex\">\n<div class=\"wp-block-column is-layout-flow wp-block-column-is-layout-flow\"><div class=\"pvc_clear\"><\/div><p id=\"pvc_stats_8477\" class=\"pvc_stats total_only  pvc_load_by_ajax_update\" data-element-id=\"8477\" style=\"\"><i class=\"pvc-stats-icon medium\" aria-hidden=\"true\"><svg aria-hidden=\"true\" focusable=\"false\" data-prefix=\"far\" data-icon=\"chart-bar\" role=\"img\" xmlns=\"http:\/\/www.w3.org\/2000\/svg\" viewBox=\"0 0 512 512\" class=\"svg-inline--fa fa-chart-bar fa-w-16 fa-2x\"><path fill=\"currentColor\" d=\"M396.8 352h22.4c6.4 0 12.8-6.4 12.8-12.8V108.8c0-6.4-6.4-12.8-12.8-12.8h-22.4c-6.4 0-12.8 6.4-12.8 12.8v230.4c0 6.4 6.4 12.8 12.8 12.8zm-192 0h22.4c6.4 0 12.8-6.4 12.8-12.8V140.8c0-6.4-6.4-12.8-12.8-12.8h-22.4c-6.4 0-12.8 6.4-12.8 12.8v198.4c0 6.4 6.4 12.8 12.8 12.8zm96 0h22.4c6.4 0 12.8-6.4 12.8-12.8V204.8c0-6.4-6.4-12.8-12.8-12.8h-22.4c-6.4 0-12.8 6.4-12.8 12.8v134.4c0 6.4 6.4 12.8 12.8 12.8zM496 400H48V80c0-8.84-7.16-16-16-16H16C7.16 64 0 71.16 0 80v336c0 17.67 14.33 32 32 32h464c8.84 0 16-7.16 16-16v-16c0-8.84-7.16-16-16-16zm-387.2-48h22.4c6.4 0 12.8-6.4 12.8-12.8v-70.4c0-6.4-6.4-12.8-12.8-12.8h-22.4c-6.4 0-12.8 6.4-12.8 12.8v70.4c0 6.4 6.4 12.8 12.8 12.8z\" class=\"\"><\/path><\/svg><\/i> <img decoding=\"async\" width=\"16\" height=\"16\" alt=\"Loading\" src=\"https:\/\/frontdeskhelpers.com\/wp-content\/plugins\/page-views-count\/ajax-loader-2x.gif\" border=0 \/><\/p><div class=\"pvc_clear\"><\/div>\n<\/div>\n\n\n\n<div class=\"wp-block-column is-vertically-aligned-center is-layout-flow wp-block-column-is-layout-flow\">\n<p class=\"has-text-align-center closed-vacancy-info\">VACANTE CERRADA<\/p>\n<\/div>\n<\/div>\n\n<p>Nuestra empresa busca un inform\u00e1tico que pueda prestar apoyo en el desarrollo del sitio web, ayuda t\u00e9cnica para adaptar el sistema CRM a nuestras necesidades y estar dispuesto a ayudar con otras cuestiones t\u00e9cnicas si las hubiera.<\/p>\n\n<p><strong>Detalles<\/strong><\/p>\n\n<p>Persona organizada y atenta a los detalles, con excelentes conocimientos de programaci\u00f3n y capacidad para resolver problemas t\u00e9cnicos.<\/p>\n\n<p>Conocimientos avanzados de WordPress, WiX y otros CMS, as\u00ed como experiencia demostrada en el desarrollo de sitios web.<\/p>\n\n<p>Para este puesto es fundamental que la persona hable, escriba y entienda ingl\u00e9s a un nivel avanzado, que sea organizada a la hora de gestionar su tiempo y cumplir los plazos.<\/p>\n\n<p><strong>Alcance del trabajo<\/strong><\/p>\n\n<p><strong>Administraci\u00f3n de p\u00e1ginas web:<\/strong><\/p>\n\n<p>Averigua c\u00f3mo Rent Caf\u00e9 Site Manager puede realizar actualizaciones del sitio web, configurar formularios y realizar ajustes,<\/p>\n\n<p>creaci\u00f3n de flujos de comunicaci\u00f3n, etc.<\/p>\n\n<p>Cambiar las plantillas y estructuras de los sitios web, cambiar el dise\u00f1o y actualizar el contenido de todos los<\/p>\n\n<p>sitios web de la empresa (todas las instrucciones sobre los cambios ser\u00e1n facilitadas por el responsable de marketing)<\/p>\n\n<p>Configura informes de marketing y propiedades en Rent Caf\u00e9 Site Manager;<\/p>\n\n<p>Configura la funci\u00f3n de env\u00edo de correos electr\u00f3nicos y mensajes de texto a los inquilinos a trav\u00e9s del Administrador del Sitio;<\/p>\n\n<p>Optimizaci\u00f3n del sitio web: velocidad, SEO, etc.<\/p>\n\n<p>Realiza una auditor\u00eda t\u00e9cnica del sitio web y soluciona los problemas si los hay;<\/p>\n\n<p>Aseg\u00farate de que todos los formularios de contacto est\u00e1n conectados a Bitrix y funcionan correctamente;<\/p>\n\n<p>A\u00f1ade nuevos contenidos \/ crea nuevas p\u00e1ginas web cuando sea necesario;<\/p>\n\n<p><strong>CRM:<\/strong><\/p>\n\n<p>Averigua qu\u00e9 Rent Caf\u00e9 CRM puede liderar el lanzamiento y las pruebas del sistema:<\/p>\n\n<p>Completa todos los montajes necesarios que a\u00fan faltan;<\/p>\n\n<p>Realiza pruebas peri\u00f3dicas para asegurarte de que todas las funciones funcionan correctamente;<\/p>\n\n<p>Configura todos los informes necesarios;<\/p>\n\n<p>Forma al equipo del centro de llamadas y a los equipos de Gesti\u00f3n de la Propiedad\/Arrendamiento sobre c\u00f3mo utilizar el sistema;<\/p>\n\n<p>Otras tareas t\u00e9cnicas:<\/p>\n\n<p>Creaci\u00f3n y administraci\u00f3n de correos electr\u00f3nicos<\/p>\n\n<p>Organizar las carpetas compartidas de la empresa<\/p>\n\n<p>Otras tareas en caso necesario<\/p>\n\n<p><strong>Horario:<\/strong><\/p>\n\n<p>Trabajamos EST (zona horaria de Nueva York), horario de tarde en Kiev<\/p>\n\n<p>24 h\/semana al principio, con lunes-mi\u00e9rcoles de 9 a 17.30 h EST como d\u00edas laborables, y luego ampliar el horario hasta 40 h\/semana<\/p>\n\n<p>*Trabajar\u00e1s en casa utilizando un tel\u00e9fono IP conectado a nuestra red (ethernet).  <\/p>\n\n<p><strong>Env\u00edanos un mensaje o un correo electr\u00f3nico<\/strong><\/p>\n\n<p><a href=\"mailto:career@frontdeskhelpers.com\">career@frontdeskhelpers.com<\/a><\/p>\n\n<p>Por favor, indica tus expectativas salariales para trabajar a tiempo completo en este proyecto. Gracias. <\/p>\n","protected":false},"excerpt":{"rendered":"<p>Nuestra empresa busca un inform\u00e1tico que pueda prestar apoyo en el desarrollo del sitio web, ayuda t\u00e9cnica para adaptar el sistema CRM a nuestras necesidades y estar dispuesto a ayudar con otras cuestiones t\u00e9cnicas si las hubiera. Detalles Persona organizada y atenta a los detalles, con excelentes conocimientos de programaci\u00f3n y capacidad para resolver problemas [&hellip;]<\/p>\n","protected":false},"author":2,"featured_media":0,"parent":8553,"menu_order":0,"comment_status":"closed","ping_status":"closed","template":"","meta":{"inline_featured_image":false,"footnotes":""},"class_list":["post-8477","page","type-page","status-publish"],"yoast_head":"<!-- This site is optimized with the Yoast SEO plugin v27.3 - https:\/\/yoast.com\/product\/yoast-seo-wordpress\/ -->\n<title>Desarrollador Web Remoto + Soporte CRM | Vacantes | FDH<\/title>\n<meta name=\"description\" content=\"Nuestra empresa est\u00e1 buscando un desarrollador web y especialista en soporte t\u00e9cnico (HTML, CSS, JS, PHP) que ser\u00e1 capaz de proporcionar apoyo en el desarrollo de sitios web, ayuda t\u00e9cnica en la adaptaci\u00f3n del sistema CRM\" \/>\n<meta name=\"robots\" content=\"index, follow, max-snippet:-1, max-image-preview:large, max-video-preview:-1\" \/>\n<link rel=\"canonical\" href=\"https:\/\/frontdeskhelpers.com\/es\/company\/%d1%81areers\/marketing\/informatico-remoto-web-crm-eng-proyecto-a-tiempo-completo\/\" \/>\n<meta property=\"og:locale\" content=\"es_ES\" \/>\n<meta property=\"og:type\" content=\"article\" \/>\n<meta property=\"og:title\" content=\"Desarrollador Web Remoto + Soporte CRM | Vacantes | FDH\" \/>\n<meta property=\"og:description\" content=\"Nuestra empresa est\u00e1 buscando un desarrollador web y especialista en soporte t\u00e9cnico (HTML, CSS, JS, PHP) que ser\u00e1 capaz de proporcionar apoyo en el desarrollo de sitios web, ayuda t\u00e9cnica en la adaptaci\u00f3n del sistema CRM\" \/>\n<meta property=\"og:url\" content=\"https:\/\/frontdeskhelpers.com\/es\/company\/%d1%81areers\/marketing\/informatico-remoto-web-crm-eng-proyecto-a-tiempo-completo\/\" \/>\n<meta property=\"og:site_name\" content=\"FDH\" \/>\n<meta property=\"article:modified_time\" content=\"2024-12-19T20:55:52+00:00\" \/>\n<meta name=\"twitter:card\" content=\"summary_large_image\" \/>\n<meta name=\"twitter:label1\" content=\"Tiempo de lectura\" \/>\n\t<meta name=\"twitter:data1\" content=\"2 minutos\" \/>\n<!-- \/ Yoast SEO plugin. -->","yoast_head_json":{"title":"Desarrollador Web Remoto + Soporte CRM | Vacantes | FDH","description":"Nuestra empresa est\u00e1 buscando un desarrollador web y especialista en soporte t\u00e9cnico (HTML, CSS, JS, PHP) que ser\u00e1 capaz de proporcionar apoyo en el desarrollo de sitios web, ayuda t\u00e9cnica en la adaptaci\u00f3n del sistema CRM","robots":{"index":"index","follow":"follow","max-snippet":"max-snippet:-1","max-image-preview":"max-image-preview:large","max-video-preview":"max-video-preview:-1"},"canonical":"https:\/\/frontdeskhelpers.com\/es\/company\/%d1%81areers\/marketing\/informatico-remoto-web-crm-eng-proyecto-a-tiempo-completo\/","og_locale":"es_ES","og_type":"article","og_title":"Desarrollador Web Remoto + Soporte CRM | Vacantes | FDH","og_description":"Nuestra empresa est\u00e1 buscando un desarrollador web y especialista en soporte t\u00e9cnico (HTML, CSS, JS, PHP) que ser\u00e1 capaz de proporcionar apoyo en el desarrollo de sitios web, ayuda t\u00e9cnica en la adaptaci\u00f3n del sistema CRM","og_url":"https:\/\/frontdeskhelpers.com\/es\/company\/%d1%81areers\/marketing\/informatico-remoto-web-crm-eng-proyecto-a-tiempo-completo\/","og_site_name":"FDH","article_modified_time":"2024-12-19T20:55:52+00:00","twitter_card":"summary_large_image","twitter_misc":{"Tiempo de lectura":"2 minutos"},"schema":{"@context":"https:\/\/schema.org","@graph":[{"@type":"WebPage","@id":"https:\/\/frontdeskhelpers.com\/es\/company\/%d1%81areers\/marketing\/informatico-remoto-web-crm-eng-proyecto-a-tiempo-completo\/","url":"https:\/\/frontdeskhelpers.com\/es\/company\/%d1%81areers\/marketing\/informatico-remoto-web-crm-eng-proyecto-a-tiempo-completo\/","name":"Desarrollador Web Remoto + Soporte CRM | Vacantes | FDH","isPartOf":{"@id":"https:\/\/frontdeskhelpers.com\/es\/#website"},"datePublished":"2024-08-14T12:40:48+00:00","dateModified":"2024-12-19T20:55:52+00:00","description":"Nuestra empresa est\u00e1 buscando un desarrollador web y especialista en soporte t\u00e9cnico (HTML, CSS, JS, PHP) que ser\u00e1 capaz de proporcionar apoyo en el desarrollo de sitios web, ayuda t\u00e9cnica en la adaptaci\u00f3n del sistema CRM","breadcrumb":{"@id":"https:\/\/frontdeskhelpers.com\/es\/company\/%d1%81areers\/marketing\/informatico-remoto-web-crm-eng-proyecto-a-tiempo-completo\/#breadcrumb"},"inLanguage":"es","potentialAction":[{"@type":"ReadAction","target":["https:\/\/frontdeskhelpers.com\/es\/company\/%d1%81areers\/marketing\/informatico-remoto-web-crm-eng-proyecto-a-tiempo-completo\/"]}]},{"@type":"BreadcrumbList","@id":"https:\/\/frontdeskhelpers.com\/es\/company\/%d1%81areers\/marketing\/informatico-remoto-web-crm-eng-proyecto-a-tiempo-completo\/#breadcrumb","itemListElement":[{"@type":"ListItem","position":1,"name":"Home","item":"https:\/\/frontdeskhelpers.com\/es\/"},{"@type":"ListItem","position":2,"name":"Company","item":"https:\/\/frontdeskhelpers.com\/es\/company\/"},{"@type":"ListItem","position":3,"name":"\u0421areers","item":"https:\/\/frontdeskhelpers.com\/es\/company\/careers-vacancies\/"},{"@type":"ListItem","position":4,"name":"Marketing","item":"https:\/\/frontdeskhelpers.com\/es\/company\/careers-vacancies\/marketing\/"},{"@type":"ListItem","position":5,"name":"Inform\u00e1tico Remoto Web + CRM (ENG, proyecto a tiempo completo)"}]},{"@type":"WebSite","@id":"https:\/\/frontdeskhelpers.com\/es\/#website","url":"https:\/\/frontdeskhelpers.com\/es\/","name":"FDH","description":"","potentialAction":[{"@type":"SearchAction","target":{"@type":"EntryPoint","urlTemplate":"https:\/\/frontdeskhelpers.com\/es\/?s={search_term_string}"},"query-input":{"@type":"PropertyValueSpecification","valueRequired":true,"valueName":"search_term_string"}}],"inLanguage":"es"}]}},"_links":{"self":[{"href":"https:\/\/frontdeskhelpers.com\/es\/wp-json\/wp\/v2\/pages\/8477","targetHints":{"allow":["GET"]}}],"collection":[{"href":"https:\/\/frontdeskhelpers.com\/es\/wp-json\/wp\/v2\/pages"}],"about":[{"href":"https:\/\/frontdeskhelpers.com\/es\/wp-json\/wp\/v2\/types\/page"}],"author":[{"embeddable":true,"href":"https:\/\/frontdeskhelpers.com\/es\/wp-json\/wp\/v2\/users\/2"}],"replies":[{"embeddable":true,"href":"https:\/\/frontdeskhelpers.com\/es\/wp-json\/wp\/v2\/comments?post=8477"}],"version-history":[{"count":1,"href":"https:\/\/frontdeskhelpers.com\/es\/wp-json\/wp\/v2\/pages\/8477\/revisions"}],"predecessor-version":[{"id":8480,"href":"https:\/\/frontdeskhelpers.com\/es\/wp-json\/wp\/v2\/pages\/8477\/revisions\/8480"}],"up":[{"embeddable":true,"href":"https:\/\/frontdeskhelpers.com\/es\/wp-json\/wp\/v2\/pages\/8553"}],"wp:attachment":[{"href":"https:\/\/frontdeskhelpers.com\/es\/wp-json\/wp\/v2\/media?parent=8477"}],"curies":[{"name":"wp","href":"https:\/\/api.w.org\/{rel}","templated":true}]}}