{"id":8474,"date":"2024-08-14T12:38:32","date_gmt":"2024-08-14T12:38:32","guid":{"rendered":"https:\/\/frontdeskhelpers.com\/especialista-en-ppc-eng-a-tiempo-completo\/"},"modified":"2024-12-19T20:55:52","modified_gmt":"2024-12-19T20:55:52","slug":"especialista-en-ppc-eng-a-tiempo-completo","status":"publish","type":"page","link":"https:\/\/frontdeskhelpers.com\/es\/company\/%d1%81areers\/marketing\/especialista-en-ppc-eng-a-tiempo-completo\/","title":{"rendered":"Especialista en PPC (ENG, a tiempo completo)"},"content":{"rendered":"\n<div class=\"wp-block-columns is-layout-flex wp-container-core-columns-is-layout-9d6595d7 wp-block-columns-is-layout-flex\">\n<div class=\"wp-block-column is-layout-flow wp-block-column-is-layout-flow\"><div class=\"pvc_clear\"><\/div><p id=\"pvc_stats_8474\" class=\"pvc_stats total_only  pvc_load_by_ajax_update\" data-element-id=\"8474\" style=\"\"><i class=\"pvc-stats-icon medium\" aria-hidden=\"true\"><svg aria-hidden=\"true\" focusable=\"false\" data-prefix=\"far\" data-icon=\"chart-bar\" role=\"img\" xmlns=\"http:\/\/www.w3.org\/2000\/svg\" viewBox=\"0 0 512 512\" class=\"svg-inline--fa fa-chart-bar fa-w-16 fa-2x\"><path fill=\"currentColor\" d=\"M396.8 352h22.4c6.4 0 12.8-6.4 12.8-12.8V108.8c0-6.4-6.4-12.8-12.8-12.8h-22.4c-6.4 0-12.8 6.4-12.8 12.8v230.4c0 6.4 6.4 12.8 12.8 12.8zm-192 0h22.4c6.4 0 12.8-6.4 12.8-12.8V140.8c0-6.4-6.4-12.8-12.8-12.8h-22.4c-6.4 0-12.8 6.4-12.8 12.8v198.4c0 6.4 6.4 12.8 12.8 12.8zm96 0h22.4c6.4 0 12.8-6.4 12.8-12.8V204.8c0-6.4-6.4-12.8-12.8-12.8h-22.4c-6.4 0-12.8 6.4-12.8 12.8v134.4c0 6.4 6.4 12.8 12.8 12.8zM496 400H48V80c0-8.84-7.16-16-16-16H16C7.16 64 0 71.16 0 80v336c0 17.67 14.33 32 32 32h464c8.84 0 16-7.16 16-16v-16c0-8.84-7.16-16-16-16zm-387.2-48h22.4c6.4 0 12.8-6.4 12.8-12.8v-70.4c0-6.4-6.4-12.8-12.8-12.8h-22.4c-6.4 0-12.8 6.4-12.8 12.8v70.4c0 6.4 6.4 12.8 12.8 12.8z\" class=\"\"><\/path><\/svg><\/i> <img decoding=\"async\" width=\"16\" height=\"16\" alt=\"Loading\" src=\"https:\/\/frontdeskhelpers.com\/wp-content\/plugins\/page-views-count\/ajax-loader-2x.gif\" border=0 \/><\/p><div class=\"pvc_clear\"><\/div>\n<\/div>\n\n\n\n<div class=\"wp-block-column is-vertically-aligned-center is-layout-flow wp-block-column-is-layout-flow\">\n<p class=\"has-text-align-center closed-vacancy-info\">VACANTE CERRADA<\/p>\n<\/div>\n<\/div>\n\n<p>Nuestra empresa Front Desk Helpers est\u00e1 especializada en la subcontrataci\u00f3n de especialistas para diversos proyectos para Estados Unidos. Buscamos un equipo de un especialista en publicidad PPC con un ingl\u00e9s fluido. <\/p>\n\n<p>Persona muy responsable y atenta a los detalles, con excelentes dotes anal\u00edticas y de comunicaci\u00f3n y experiencia demostrada en Google Ads. Cr\u00edtico para este puesto: la persona debe hablar y escribir f\u00e1cilmente en ingl\u00e9s. <\/p>\n\n<p>\u00c1MBITO DE TRABAJO (40 h\/semana)<\/p>\n\n<p><strong>B\u00fasqueda de pago:<\/strong><\/p>\n\n<ul class=\"wp-block-list\">\n<li>Crea un plan de Google Ads de acuerdo con un plan de marketing;<\/li>\n\n\n\n<li>Realiza b\u00fasquedas\/actualizaciones de palabras clave para asegurarte de que nos dirigimos a las relevantes y eficaces;<\/li>\n\n\n\n<li>Configura Google Ads;<\/li>\n\n\n\n<li>Crea titulares y descripciones para los anuncios de Google;<\/li>\n\n\n\n<li>Gestionar las campa\u00f1as de Google Ads: resultados, presupuesto, etc. Realiza cambios si es necesario, para garantizar el presupuesto <\/li>\n<\/ul>\n\n<p>cumplimiento y resultados;<\/p>\n\n<ul class=\"wp-block-list\">\n<li>Gestionar la p\u00e1gina Google My Business: responder a comentarios, mensajes, recomendaciones, rese\u00f1as, actualizar<\/li>\n<\/ul>\n\n<p>horas de trabajo, etc.<\/p>\n\n<ul class=\"wp-block-list\">\n<li>Revisa y analiza las actividades de los competidores;<\/li>\n<\/ul>\n\n<p><strong>Tareas SEO comunes:<\/strong><\/p>\n\n<ul class=\"wp-block-list\">\n<li>Ayudar a desarrollar el plan de contenidos para que el redactor publicitario se dirija a las palabras clave cr\u00edticas;<\/li>\n\n\n\n<li>Aseg\u00farate de que todos los art\u00edculos del blog que publiquemos en el sitio web est\u00e9n optimizados para SEO;<\/li>\n\n\n\n<li>Revisar el informe diario de las fuentes, analizar su rendimiento<\/li>\n<\/ul>\n\n<p><strong>Informar:<\/strong><\/p>\n\n<ul class=\"wp-block-list\">\n<li>Informe mensual de la fuente;<\/li>\n\n\n\n<li>Informe semanal de marketing;<\/li>\n\n\n\n<li>Crear c\u00f3digos UTM para los anuncios de Google y de las redes sociales para garantizar un seguimiento adecuado de los informes y la eficacia mediante<\/li>\n<\/ul>\n\n<p>campa\u00f1a;<\/p>\n\n<p><strong>Horario de trabajo:  <\/strong><\/p>\n\n<p>De lunes a viernes, de 9.00 a 17.00, hora de Nueva York (EST) <\/p>\n\n<p>*Trabajar\u00e1s desde casa utilizando un tel\u00e9fono IP conectado a nuestra red (ethernet).<\/p>\n\n<p>Env\u00edanos tu CV y tus expectativas salariales a career@frontdeskhelpers.com<\/p>\n\n<p>No nos interesan las agencias. Gracias. <\/p>\n","protected":false},"excerpt":{"rendered":"<p>Nuestra empresa Front Desk Helpers est\u00e1 especializada en la subcontrataci\u00f3n de especialistas para diversos proyectos para Estados Unidos. Buscamos un equipo de un especialista en publicidad PPC con un ingl\u00e9s fluido. Persona muy responsable y atenta a los detalles, con excelentes dotes anal\u00edticas y de comunicaci\u00f3n y experiencia demostrada en Google Ads. Cr\u00edtico para este [&hellip;]<\/p>\n","protected":false},"author":2,"featured_media":0,"parent":8553,"menu_order":0,"comment_status":"closed","ping_status":"closed","template":"","meta":{"inline_featured_image":false,"footnotes":""},"class_list":["post-8474","page","type-page","status-publish"],"yoast_head":"<!-- This site is optimized with the Yoast SEO plugin v27.3 - https:\/\/yoast.com\/product\/yoast-seo-wordpress\/ -->\n<title>Especialista en PPC (ENG, a tiempo completo) - FDH Vacantes | FDH<\/title>\n<meta name=\"description\" content=\"Buscamos un equipo de un especialista en publicidad PPC con ingl\u00e9s fluido. Persona muy responsable y atenta a los detalles, con excelentes capacidades anal\u00edticas y de comunicaci\u00f3n.\" \/>\n<meta name=\"robots\" content=\"index, follow, max-snippet:-1, max-image-preview:large, max-video-preview:-1\" \/>\n<link rel=\"canonical\" href=\"https:\/\/frontdeskhelpers.com\/es\/company\/%d1%81areers\/marketing\/especialista-en-ppc-eng-a-tiempo-completo\/\" \/>\n<meta property=\"og:locale\" content=\"es_ES\" \/>\n<meta property=\"og:type\" content=\"article\" \/>\n<meta property=\"og:title\" content=\"Especialista en PPC (ENG, a tiempo completo) - FDH Vacantes | FDH\" \/>\n<meta property=\"og:description\" content=\"Buscamos un equipo de un especialista en publicidad PPC con ingl\u00e9s fluido. Persona muy responsable y atenta a los detalles, con excelentes capacidades anal\u00edticas y de comunicaci\u00f3n.\" \/>\n<meta property=\"og:url\" content=\"https:\/\/frontdeskhelpers.com\/es\/company\/%d1%81areers\/marketing\/especialista-en-ppc-eng-a-tiempo-completo\/\" \/>\n<meta property=\"og:site_name\" content=\"FDH\" \/>\n<meta property=\"article:modified_time\" content=\"2024-12-19T20:55:52+00:00\" \/>\n<meta name=\"twitter:card\" content=\"summary_large_image\" \/>\n<meta name=\"twitter:label1\" content=\"Tiempo de lectura\" \/>\n\t<meta name=\"twitter:data1\" content=\"2 minutos\" \/>\n<!-- \/ Yoast SEO plugin. -->","yoast_head_json":{"title":"Especialista en PPC (ENG, a tiempo completo) - FDH Vacantes | FDH","description":"Buscamos un equipo de un especialista en publicidad PPC con ingl\u00e9s fluido. Persona muy responsable y atenta a los detalles, con excelentes capacidades anal\u00edticas y de comunicaci\u00f3n.","robots":{"index":"index","follow":"follow","max-snippet":"max-snippet:-1","max-image-preview":"max-image-preview:large","max-video-preview":"max-video-preview:-1"},"canonical":"https:\/\/frontdeskhelpers.com\/es\/company\/%d1%81areers\/marketing\/especialista-en-ppc-eng-a-tiempo-completo\/","og_locale":"es_ES","og_type":"article","og_title":"Especialista en PPC (ENG, a tiempo completo) - FDH Vacantes | FDH","og_description":"Buscamos un equipo de un especialista en publicidad PPC con ingl\u00e9s fluido. Persona muy responsable y atenta a los detalles, con excelentes capacidades anal\u00edticas y de comunicaci\u00f3n.","og_url":"https:\/\/frontdeskhelpers.com\/es\/company\/%d1%81areers\/marketing\/especialista-en-ppc-eng-a-tiempo-completo\/","og_site_name":"FDH","article_modified_time":"2024-12-19T20:55:52+00:00","twitter_card":"summary_large_image","twitter_misc":{"Tiempo de lectura":"2 minutos"},"schema":{"@context":"https:\/\/schema.org","@graph":[{"@type":"WebPage","@id":"https:\/\/frontdeskhelpers.com\/es\/company\/%d1%81areers\/marketing\/especialista-en-ppc-eng-a-tiempo-completo\/","url":"https:\/\/frontdeskhelpers.com\/es\/company\/%d1%81areers\/marketing\/especialista-en-ppc-eng-a-tiempo-completo\/","name":"Especialista en PPC (ENG, a tiempo completo) - FDH Vacantes | FDH","isPartOf":{"@id":"https:\/\/frontdeskhelpers.com\/es\/#website"},"datePublished":"2024-08-14T12:38:32+00:00","dateModified":"2024-12-19T20:55:52+00:00","description":"Buscamos un equipo de un especialista en publicidad PPC con ingl\u00e9s fluido. Persona muy responsable y atenta a los detalles, con excelentes capacidades anal\u00edticas y de comunicaci\u00f3n.","breadcrumb":{"@id":"https:\/\/frontdeskhelpers.com\/es\/company\/%d1%81areers\/marketing\/especialista-en-ppc-eng-a-tiempo-completo\/#breadcrumb"},"inLanguage":"es","potentialAction":[{"@type":"ReadAction","target":["https:\/\/frontdeskhelpers.com\/es\/company\/%d1%81areers\/marketing\/especialista-en-ppc-eng-a-tiempo-completo\/"]}]},{"@type":"BreadcrumbList","@id":"https:\/\/frontdeskhelpers.com\/es\/company\/%d1%81areers\/marketing\/especialista-en-ppc-eng-a-tiempo-completo\/#breadcrumb","itemListElement":[{"@type":"ListItem","position":1,"name":"Home","item":"https:\/\/frontdeskhelpers.com\/es\/"},{"@type":"ListItem","position":2,"name":"Company","item":"https:\/\/frontdeskhelpers.com\/es\/company\/"},{"@type":"ListItem","position":3,"name":"\u0421areers","item":"https:\/\/frontdeskhelpers.com\/es\/company\/careers-vacancies\/"},{"@type":"ListItem","position":4,"name":"Marketing","item":"https:\/\/frontdeskhelpers.com\/es\/company\/careers-vacancies\/marketing\/"},{"@type":"ListItem","position":5,"name":"Especialista en PPC (ENG, a tiempo completo)"}]},{"@type":"WebSite","@id":"https:\/\/frontdeskhelpers.com\/es\/#website","url":"https:\/\/frontdeskhelpers.com\/es\/","name":"FDH","description":"","potentialAction":[{"@type":"SearchAction","target":{"@type":"EntryPoint","urlTemplate":"https:\/\/frontdeskhelpers.com\/es\/?s={search_term_string}"},"query-input":{"@type":"PropertyValueSpecification","valueRequired":true,"valueName":"search_term_string"}}],"inLanguage":"es"}]}},"_links":{"self":[{"href":"https:\/\/frontdeskhelpers.com\/es\/wp-json\/wp\/v2\/pages\/8474","targetHints":{"allow":["GET"]}}],"collection":[{"href":"https:\/\/frontdeskhelpers.com\/es\/wp-json\/wp\/v2\/pages"}],"about":[{"href":"https:\/\/frontdeskhelpers.com\/es\/wp-json\/wp\/v2\/types\/page"}],"author":[{"embeddable":true,"href":"https:\/\/frontdeskhelpers.com\/es\/wp-json\/wp\/v2\/users\/2"}],"replies":[{"embeddable":true,"href":"https:\/\/frontdeskhelpers.com\/es\/wp-json\/wp\/v2\/comments?post=8474"}],"version-history":[{"count":1,"href":"https:\/\/frontdeskhelpers.com\/es\/wp-json\/wp\/v2\/pages\/8474\/revisions"}],"predecessor-version":[{"id":8476,"href":"https:\/\/frontdeskhelpers.com\/es\/wp-json\/wp\/v2\/pages\/8474\/revisions\/8476"}],"up":[{"embeddable":true,"href":"https:\/\/frontdeskhelpers.com\/es\/wp-json\/wp\/v2\/pages\/8553"}],"wp:attachment":[{"href":"https:\/\/frontdeskhelpers.com\/es\/wp-json\/wp\/v2\/media?parent=8474"}],"curies":[{"name":"wp","href":"https:\/\/api.w.org\/{rel}","templated":true}]}}