{"id":8470,"date":"2024-08-14T12:58:39","date_gmt":"2024-08-14T12:58:39","guid":{"rendered":"https:\/\/frontdeskhelpers.com\/administrador-del-sistema-ingles\/"},"modified":"2024-12-19T20:55:40","modified_gmt":"2024-12-19T20:55:40","slug":"administrador-del-sistema-ingles","status":"publish","type":"page","link":"https:\/\/frontdeskhelpers.com\/es\/company\/%d1%81areers\/desarrollo\/administrador-del-sistema-ingles\/","title":{"rendered":"Administrador del sistema (ingl\u00e9s)"},"content":{"rendered":"\n<div class=\"wp-block-columns is-layout-flex wp-container-core-columns-is-layout-9d6595d7 wp-block-columns-is-layout-flex\">\n<div class=\"wp-block-column is-layout-flow wp-block-column-is-layout-flow\"><div class=\"pvc_clear\"><\/div><p id=\"pvc_stats_8470\" class=\"pvc_stats total_only  pvc_load_by_ajax_update\" data-element-id=\"8470\" style=\"\"><i class=\"pvc-stats-icon medium\" aria-hidden=\"true\"><svg aria-hidden=\"true\" focusable=\"false\" data-prefix=\"far\" data-icon=\"chart-bar\" role=\"img\" xmlns=\"http:\/\/www.w3.org\/2000\/svg\" viewBox=\"0 0 512 512\" class=\"svg-inline--fa fa-chart-bar fa-w-16 fa-2x\"><path fill=\"currentColor\" d=\"M396.8 352h22.4c6.4 0 12.8-6.4 12.8-12.8V108.8c0-6.4-6.4-12.8-12.8-12.8h-22.4c-6.4 0-12.8 6.4-12.8 12.8v230.4c0 6.4 6.4 12.8 12.8 12.8zm-192 0h22.4c6.4 0 12.8-6.4 12.8-12.8V140.8c0-6.4-6.4-12.8-12.8-12.8h-22.4c-6.4 0-12.8 6.4-12.8 12.8v198.4c0 6.4 6.4 12.8 12.8 12.8zm96 0h22.4c6.4 0 12.8-6.4 12.8-12.8V204.8c0-6.4-6.4-12.8-12.8-12.8h-22.4c-6.4 0-12.8 6.4-12.8 12.8v134.4c0 6.4 6.4 12.8 12.8 12.8zM496 400H48V80c0-8.84-7.16-16-16-16H16C7.16 64 0 71.16 0 80v336c0 17.67 14.33 32 32 32h464c8.84 0 16-7.16 16-16v-16c0-8.84-7.16-16-16-16zm-387.2-48h22.4c6.4 0 12.8-6.4 12.8-12.8v-70.4c0-6.4-6.4-12.8-12.8-12.8h-22.4c-6.4 0-12.8 6.4-12.8 12.8v70.4c0 6.4 6.4 12.8 12.8 12.8z\" class=\"\"><\/path><\/svg><\/i> <img decoding=\"async\" width=\"16\" height=\"16\" alt=\"Loading\" src=\"https:\/\/frontdeskhelpers.com\/wp-content\/plugins\/page-views-count\/ajax-loader-2x.gif\" border=0 \/><\/p><div class=\"pvc_clear\"><\/div>\n<\/div>\n\n\n\n<div class=\"wp-block-column is-vertically-aligned-center is-layout-flow wp-block-column-is-layout-flow\">\n<p class=\"has-text-align-center closed-vacancy-info\">VACANTE CERRADA<\/p>\n<\/div>\n<\/div>\n\n<p>Somos una empresa estadounidense de inform\u00e1tica y buscamos un administrador de sistemas remoto.  <\/p>\n\n<p>\u0420\u0430\u0431\u043e\u0442\u0430\u0435\u0448\u044c \u0432 IT? \u00a1\u0415\u0441\u0442\u044c \u043a\u043b\u0430\u0441\u0441\u043d\u043e\u0435 \u043f\u0440\u0435\u0434\u043b\u043e\u0436\u0435\u043d\u0438\u0435! <\/p>\n\n<p>\u041c\u044b &#8211; \u0430\u043c\u0435\u0440\u0438\u043a\u0430\u043d\u0441\u043a\u0430\u044f \u0430\u0443\u0442\u0441\u043e\u0440\u0441\u0438\u043d\u0433\u043e\u0432\u0430\u044f \u043a\u043e\u043c\u043f\u0430\u043d\u0438\u044f, \u0438 \u0438\u0449\u0435\u043c \u0441\u0435\u0431\u0435 \u0432 \u043a\u043e\u043c\u0430\u043d\u0434\u0443 \u0441\u0438\u0441\u0442\u0435\u043c\u043d\u043e\u0433\u043e \u0430\u0434\u043c\u0438\u043d\u0438\u0441\u0442\u0440\u0430\u0442\u043e\u0440\u0430 (\u0433. \u0423\u043c\u0430\u043d\u044c) \u0441\u043e \u0437\u043d\u0430\u043d\u0438\u0435\u043c \u0430\u043d\u0433\u043b\u0438\u0439\u0441\u043a\u043e\u0433\u043e.  <\/p>\n\n<p><strong>\u041e\u0441\u043d\u043e\u0432\u043d\u044b\u0435 \u0437\u0430\u0434\u0430\u0447\u0438:<\/strong><\/p>\n\n<ul class=\"wp-block-list\">\n<li>\u041f\u043e\u0434\u0434\u0435\u0440\u0436\u043a\u0430 \u0438 \u043c\u043e\u043d\u0438\u0442\u043e\u0440\u0438\u043d\u0433 \u0441\u043e\u0441\u0442\u043e\u044f\u043d\u0438\u044f \u0438\u043d\u0444\u0440\u0430\u0441\u0442\u0440\u0443\u043a\u0442\u0443\u0440\u044b \u043a\u043e\u043c\u043f\u0430\u043d\u0438\u0438<\/li>\n\n\n\n<li>\u0414\u043e\u043c\u0435\u043d\u044b, DNS \u0441\u0435\u0440\u0432\u0438\u0441\u044b, \u0412\u0435\u0431-\u0441\u0430\u0439\u0442\u044b, \u0412\u0435\u0431-\u0441\u0435\u0440\u0432\u0435\u0440\u044b, \u041f\u0440\u043e\u043a\u0441\u0438-\u0441\u0435\u0440\u0432\u0435\u0440\u044b, \u0412\u0435\u0431-\u0441\u0435\u0440\u0432\u0438\u0441\u044b<\/li>\n\n\n\n<li>\u041e\u0431\u0435\u0441\u043f\u0435\u0447\u0435\u043d\u0438\u0435 \u043f\u043e\u0441\u0442\u043e\u044f\u043d\u043d\u043e\u0433\u043e \u0444\u0443\u043d\u043a\u0446\u0438\u043e\u043d\u0438\u0440\u043e\u0432\u0430\u043d\u0438\u044f \u0441\u0438\u0441\u0442\u0435\u043c\u044b.<\/li>\n\n\n\n<li>\u0420\u0430\u0437\u0432\u0435\u0440\u0442\u044b\u0432\u0430\u043d\u0438\u0435 \u043d\u043e\u0432\u044b\u0445 \u0443\u0437\u043b\u043e\u0432 \u0438\u043d\u0444\u0440\u0430\u0441\u0442\u0440\u0443\u043a\u0442\u0443\u0440\u044b.<\/li>\n\n\n\n<li>\u0414\u0435\u043f\u043b\u043e\u0439 \u043f\u0440\u043e\u0433\u0440\u0430\u043c\u043c\u043d\u044b\u0445 \u043f\u0440\u043e\u0434\u0443\u043a\u0442\u043e\u0432 \u043a\u043e\u043c\u043f\u0430\u043d\u0438\u0438.<\/li>\n\n\n\n<li>\u0420\u0435\u0433\u0438\u0441\u0442\u0440\u0430\u0446\u0438\u044f \u0432\u0435\u0431-\u0441\u0435\u0440\u0432\u0438\u0441\u043e\u0432, \u0443\u0447\u0435\u0442\u043d\u044b\u0445 \u0437\u0430\u043f\u0438\u0441\u0435\u0439.<\/li>\n\n\n\n<li>\u0412\u0435\u0434\u0435\u043d\u0438\u0435 \u043e\u0442\u0447\u0435\u0442\u043d\u043e\u0439 \u0434\u043e\u043a\u0443\u043c\u0435\u043d\u0442\u0430\u0446\u0438\u0438.<\/li>\n\n\n\n<li>\u0421\u043e\u0431\u043b\u044e\u0434\u0435\u043d\u0438\u0435 \u043f\u0440\u043e\u0442\u043e\u043a\u043e\u043b\u043e\u0432 \u0440\u0430\u0431\u043e\u0447\u0435\u0433\u043e \u043f\u0440\u043e\u0446\u0435\u0441\u0441\u0430, \u0432\u0435\u0434\u0435\u043d\u0438\u044f \u043e\u0442\u0447\u0451\u0442\u043d\u043e\u0441\u0442\u0438, \u0431\u0435\u0437\u043e\u043f\u0430\u0441\u043d\u043e\u0441\u0442\u0438, \u043f\u0440\u0438\u043d\u044f\u0442\u044b\u0445 \u0432 \u043a\u043e\u043c\u043f\u0430\u043d\u0438\u0438\u0438.<\/li>\n<\/ul>\n","protected":false},"excerpt":{"rendered":"<p>Somos una empresa estadounidense de inform\u00e1tica y buscamos un administrador de sistemas remoto. \u0420\u0430\u0431\u043e\u0442\u0430\u0435\u0448\u044c \u0432 IT? \u00a1\u0415\u0441\u0442\u044c \u043a\u043b\u0430\u0441\u0441\u043d\u043e\u0435 \u043f\u0440\u0435\u0434\u043b\u043e\u0436\u0435\u043d\u0438\u0435! \u041c\u044b &#8211; \u0430\u043c\u0435\u0440\u0438\u043a\u0430\u043d\u0441\u043a\u0430\u044f \u0430\u0443\u0442\u0441\u043e\u0440\u0441\u0438\u043d\u0433\u043e\u0432\u0430\u044f \u043a\u043e\u043c\u043f\u0430\u043d\u0438\u044f, \u0438 \u0438\u0449\u0435\u043c \u0441\u0435\u0431\u0435 \u0432 \u043a\u043e\u043c\u0430\u043d\u0434\u0443 \u0441\u0438\u0441\u0442\u0435\u043c\u043d\u043e\u0433\u043e \u0430\u0434\u043c\u0438\u043d\u0438\u0441\u0442\u0440\u0430\u0442\u043e\u0440\u0430 (\u0433. \u0423\u043c\u0430\u043d\u044c) \u0441\u043e \u0437\u043d\u0430\u043d\u0438\u0435\u043c \u0430\u043d\u0433\u043b\u0438\u0439\u0441\u043a\u043e\u0433\u043e. \u041e\u0441\u043d\u043e\u0432\u043d\u044b\u0435 \u0437\u0430\u0434\u0430\u0447\u0438:<\/p>\n","protected":false},"author":2,"featured_media":0,"parent":8531,"menu_order":0,"comment_status":"closed","ping_status":"closed","template":"","meta":{"inline_featured_image":false,"footnotes":""},"class_list":["post-8470","page","type-page","status-publish"],"yoast_head":"<!-- This site is optimized with the Yoast SEO plugin v27.3 - https:\/\/yoast.com\/product\/yoast-seo-wordpress\/ -->\n<title>Administrador del sistema (ingl\u00e9s) | FDH<\/title>\n<meta name=\"description\" content=\"Somos una empresa americana de subcontrataci\u00f3n, y estamos buscando un administrador de sistemas (Uman) con conocimientos de ingl\u00e9s para nuestro equipo.\" \/>\n<meta name=\"robots\" content=\"index, follow, max-snippet:-1, max-image-preview:large, max-video-preview:-1\" \/>\n<link rel=\"canonical\" href=\"https:\/\/frontdeskhelpers.com\/es\/company\/%d1%81areers\/desarrollo\/administrador-del-sistema-ingles\/\" \/>\n<meta property=\"og:locale\" content=\"es_ES\" \/>\n<meta property=\"og:type\" content=\"article\" \/>\n<meta property=\"og:title\" content=\"Administrador del sistema (ingl\u00e9s) | FDH\" \/>\n<meta property=\"og:description\" content=\"Somos una empresa americana de subcontrataci\u00f3n, y estamos buscando un administrador de sistemas (Uman) con conocimientos de ingl\u00e9s para nuestro equipo.\" \/>\n<meta property=\"og:url\" content=\"https:\/\/frontdeskhelpers.com\/es\/company\/%d1%81areers\/desarrollo\/administrador-del-sistema-ingles\/\" \/>\n<meta property=\"og:site_name\" content=\"FDH\" \/>\n<meta property=\"article:modified_time\" content=\"2024-12-19T20:55:40+00:00\" \/>\n<meta name=\"twitter:card\" content=\"summary_large_image\" \/>\n<!-- \/ Yoast SEO plugin. -->","yoast_head_json":{"title":"Administrador del sistema (ingl\u00e9s) | FDH","description":"Somos una empresa americana de subcontrataci\u00f3n, y estamos buscando un administrador de sistemas (Uman) con conocimientos de ingl\u00e9s para nuestro equipo.","robots":{"index":"index","follow":"follow","max-snippet":"max-snippet:-1","max-image-preview":"max-image-preview:large","max-video-preview":"max-video-preview:-1"},"canonical":"https:\/\/frontdeskhelpers.com\/es\/company\/%d1%81areers\/desarrollo\/administrador-del-sistema-ingles\/","og_locale":"es_ES","og_type":"article","og_title":"Administrador del sistema (ingl\u00e9s) | FDH","og_description":"Somos una empresa americana de subcontrataci\u00f3n, y estamos buscando un administrador de sistemas (Uman) con conocimientos de ingl\u00e9s para nuestro equipo.","og_url":"https:\/\/frontdeskhelpers.com\/es\/company\/%d1%81areers\/desarrollo\/administrador-del-sistema-ingles\/","og_site_name":"FDH","article_modified_time":"2024-12-19T20:55:40+00:00","twitter_card":"summary_large_image","schema":{"@context":"https:\/\/schema.org","@graph":[{"@type":"WebPage","@id":"https:\/\/frontdeskhelpers.com\/es\/company\/%d1%81areers\/desarrollo\/administrador-del-sistema-ingles\/","url":"https:\/\/frontdeskhelpers.com\/es\/company\/%d1%81areers\/desarrollo\/administrador-del-sistema-ingles\/","name":"Administrador del sistema (ingl\u00e9s) | FDH","isPartOf":{"@id":"https:\/\/frontdeskhelpers.com\/es\/#website"},"datePublished":"2024-08-14T12:58:39+00:00","dateModified":"2024-12-19T20:55:40+00:00","description":"Somos una empresa americana de subcontrataci\u00f3n, y estamos buscando un administrador de sistemas (Uman) con conocimientos de ingl\u00e9s para nuestro equipo.","breadcrumb":{"@id":"https:\/\/frontdeskhelpers.com\/es\/company\/%d1%81areers\/desarrollo\/administrador-del-sistema-ingles\/#breadcrumb"},"inLanguage":"es","potentialAction":[{"@type":"ReadAction","target":["https:\/\/frontdeskhelpers.com\/es\/company\/%d1%81areers\/desarrollo\/administrador-del-sistema-ingles\/"]}]},{"@type":"BreadcrumbList","@id":"https:\/\/frontdeskhelpers.com\/es\/company\/%d1%81areers\/desarrollo\/administrador-del-sistema-ingles\/#breadcrumb","itemListElement":[{"@type":"ListItem","position":1,"name":"Home","item":"https:\/\/frontdeskhelpers.com\/es\/"},{"@type":"ListItem","position":2,"name":"Company","item":"https:\/\/frontdeskhelpers.com\/es\/company\/"},{"@type":"ListItem","position":3,"name":"\u0421areers","item":"https:\/\/frontdeskhelpers.com\/es\/company\/careers-vacancies\/"},{"@type":"ListItem","position":4,"name":"Desarrollo","item":"https:\/\/frontdeskhelpers.com\/es\/company\/careers-vacancies\/development\/"},{"@type":"ListItem","position":5,"name":"Administrador del sistema (ingl\u00e9s)"}]},{"@type":"WebSite","@id":"https:\/\/frontdeskhelpers.com\/es\/#website","url":"https:\/\/frontdeskhelpers.com\/es\/","name":"FDH","description":"","potentialAction":[{"@type":"SearchAction","target":{"@type":"EntryPoint","urlTemplate":"https:\/\/frontdeskhelpers.com\/es\/?s={search_term_string}"},"query-input":{"@type":"PropertyValueSpecification","valueRequired":true,"valueName":"search_term_string"}}],"inLanguage":"es"}]}},"_links":{"self":[{"href":"https:\/\/frontdeskhelpers.com\/es\/wp-json\/wp\/v2\/pages\/8470","targetHints":{"allow":["GET"]}}],"collection":[{"href":"https:\/\/frontdeskhelpers.com\/es\/wp-json\/wp\/v2\/pages"}],"about":[{"href":"https:\/\/frontdeskhelpers.com\/es\/wp-json\/wp\/v2\/types\/page"}],"author":[{"embeddable":true,"href":"https:\/\/frontdeskhelpers.com\/es\/wp-json\/wp\/v2\/users\/2"}],"replies":[{"embeddable":true,"href":"https:\/\/frontdeskhelpers.com\/es\/wp-json\/wp\/v2\/comments?post=8470"}],"version-history":[{"count":1,"href":"https:\/\/frontdeskhelpers.com\/es\/wp-json\/wp\/v2\/pages\/8470\/revisions"}],"predecessor-version":[{"id":8471,"href":"https:\/\/frontdeskhelpers.com\/es\/wp-json\/wp\/v2\/pages\/8470\/revisions\/8471"}],"up":[{"embeddable":true,"href":"https:\/\/frontdeskhelpers.com\/es\/wp-json\/wp\/v2\/pages\/8531"}],"wp:attachment":[{"href":"https:\/\/frontdeskhelpers.com\/es\/wp-json\/wp\/v2\/media?parent=8470"}],"curies":[{"name":"wp","href":"https:\/\/api.w.org\/{rel}","templated":true}]}}