{"id":8469,"date":"2024-08-14T12:27:04","date_gmt":"2024-08-14T12:27:04","guid":{"rendered":"https:\/\/frontdeskhelpers.com\/despachador-de-habla-hispana-a-tiempo-parcial\/"},"modified":"2024-12-19T20:55:43","modified_gmt":"2024-12-19T20:55:43","slug":"despachador-de-habla-hispana-a-tiempo-parcial","status":"publish","type":"page","link":"https:\/\/frontdeskhelpers.com\/es\/company\/%d1%81areers\/despacho\/despachador-de-habla-hispana-a-tiempo-parcial\/","title":{"rendered":"Despachador de habla hispana, a tiempo parcial"},"content":{"rendered":"\n<div class=\"wp-block-columns is-layout-flex wp-container-core-columns-is-layout-9d6595d7 wp-block-columns-is-layout-flex\">\n<div class=\"wp-block-column is-layout-flow wp-block-column-is-layout-flow\"><div class=\"pvc_clear\"><\/div><p id=\"pvc_stats_8469\" class=\"pvc_stats total_only  pvc_load_by_ajax_update\" data-element-id=\"8469\" style=\"\"><i class=\"pvc-stats-icon medium\" aria-hidden=\"true\"><svg aria-hidden=\"true\" focusable=\"false\" data-prefix=\"far\" data-icon=\"chart-bar\" role=\"img\" xmlns=\"http:\/\/www.w3.org\/2000\/svg\" viewBox=\"0 0 512 512\" class=\"svg-inline--fa fa-chart-bar fa-w-16 fa-2x\"><path fill=\"currentColor\" d=\"M396.8 352h22.4c6.4 0 12.8-6.4 12.8-12.8V108.8c0-6.4-6.4-12.8-12.8-12.8h-22.4c-6.4 0-12.8 6.4-12.8 12.8v230.4c0 6.4 6.4 12.8 12.8 12.8zm-192 0h22.4c6.4 0 12.8-6.4 12.8-12.8V140.8c0-6.4-6.4-12.8-12.8-12.8h-22.4c-6.4 0-12.8 6.4-12.8 12.8v198.4c0 6.4 6.4 12.8 12.8 12.8zm96 0h22.4c6.4 0 12.8-6.4 12.8-12.8V204.8c0-6.4-6.4-12.8-12.8-12.8h-22.4c-6.4 0-12.8 6.4-12.8 12.8v134.4c0 6.4 6.4 12.8 12.8 12.8zM496 400H48V80c0-8.84-7.16-16-16-16H16C7.16 64 0 71.16 0 80v336c0 17.67 14.33 32 32 32h464c8.84 0 16-7.16 16-16v-16c0-8.84-7.16-16-16-16zm-387.2-48h22.4c6.4 0 12.8-6.4 12.8-12.8v-70.4c0-6.4-6.4-12.8-12.8-12.8h-22.4c-6.4 0-12.8 6.4-12.8 12.8v70.4c0 6.4 6.4 12.8 12.8 12.8z\" class=\"\"><\/path><\/svg><\/i> <img decoding=\"async\" width=\"16\" height=\"16\" alt=\"Loading\" src=\"https:\/\/frontdeskhelpers.com\/wp-content\/plugins\/page-views-count\/ajax-loader-2x.gif\" border=0 \/><\/p><div class=\"pvc_clear\"><\/div>\n<\/div>\n\n\n\n<div class=\"wp-block-column is-vertically-aligned-center is-layout-flow wp-block-column-is-layout-flow\">\n<p class=\"has-text-align-center closed-vacancy-info\">VACANTE CERRADA<\/p>\n<\/div>\n<\/div>\n\n<p>Front Desk Helpers es una empresa de subcontrataci\u00f3n que trabaja en el sector de la entrega y el env\u00edo. Ofrecemos una nueva oportunidad de trabajo. Para un nuevo proyecto, estamos buscando un agente de despacho remoto, que hable espa\u00f1ol e ingl\u00e9s.  <\/p>\n\n<p><strong>  Responsabilidades:<\/strong><\/p>\n\n<ol class=\"wp-block-list\">\n<li>Despacho de camiones peque\u00f1os y medianos<\/li>\n\n\n\n<li>Env\u00edo de mercanc\u00edas, trabajo con mensajeros<\/li>\n\n\n\n<li>Informes completos<\/li>\n<\/ol>\n\n<p><strong>Requisitos:<\/strong><\/p>\n\n<p>&#8211; Buena expresi\u00f3n oral y escrita en ingl\u00e9s y espa\u00f1ol<\/p>\n\n<p>&#8211; Esp\u00edritu de colaboraci\u00f3n<\/p>\n\n<p>&#8211; Conexi\u00f3n Ethernet (LAN)<\/p>\n\n<p><strong>Horario:<\/strong><\/p>\n\n<p>Trabajamos en la zona horaria de Nueva York (EST)<\/p>\n\n<p>El turno es de 20-30 horas semanales. Por favor, inf\u00f3rmanos sobre tu disponibilidad <\/p>\n\n<p>Para m\u00e1s preguntas, visita<a href=\"https:\/\/frontdeskhelpers.com\/careers\/\"> https:\/\/frontdeskhelpers.com\/careers\/<\/a> o env\u00edanos un correo electr\u00f3nico a career@frontdeskhelpers.com.<\/p>\n\n<p>\u00a1Esperamos tener noticias tuyas!<\/p>\n","protected":false},"excerpt":{"rendered":"<p>Front Desk Helpers es una empresa de subcontrataci\u00f3n que trabaja en el sector de la entrega y el env\u00edo. Ofrecemos una nueva oportunidad de trabajo. Para un nuevo proyecto, estamos buscando un agente de despacho remoto, que hable espa\u00f1ol e ingl\u00e9s. Responsabilidades: Requisitos: &#8211; Buena expresi\u00f3n oral y escrita en ingl\u00e9s y espa\u00f1ol &#8211; Esp\u00edritu [&hellip;]<\/p>\n","protected":false},"author":2,"featured_media":0,"parent":8536,"menu_order":0,"comment_status":"closed","ping_status":"closed","template":"","meta":{"inline_featured_image":false,"footnotes":""},"class_list":["post-8469","page","type-page","status-publish"],"yoast_head":"<!-- This site is optimized with the Yoast SEO plugin v27.3 - https:\/\/yoast.com\/product\/yoast-seo-wordpress\/ -->\n<title>Despachador de habla hispana | Vacantes | FDH<\/title>\n<meta name=\"description\" content=\"Buscamos un agente de despacho remoto (remote dispatcher), que hable espa\u00f1ol e ingl\u00e9s.\" \/>\n<meta name=\"robots\" content=\"index, follow, max-snippet:-1, max-image-preview:large, max-video-preview:-1\" \/>\n<link rel=\"canonical\" href=\"https:\/\/frontdeskhelpers.com\/es\/company\/%d1%81areers\/despacho\/despachador-de-habla-hispana-a-tiempo-parcial\/\" \/>\n<meta property=\"og:locale\" content=\"es_ES\" \/>\n<meta property=\"og:type\" content=\"article\" \/>\n<meta property=\"og:title\" content=\"Despachador de habla hispana | Vacantes | FDH\" \/>\n<meta property=\"og:description\" content=\"Buscamos un agente de despacho remoto (remote dispatcher), que hable espa\u00f1ol e ingl\u00e9s.\" \/>\n<meta property=\"og:url\" content=\"https:\/\/frontdeskhelpers.com\/es\/company\/%d1%81areers\/despacho\/despachador-de-habla-hispana-a-tiempo-parcial\/\" \/>\n<meta property=\"og:site_name\" content=\"FDH\" \/>\n<meta property=\"article:modified_time\" content=\"2024-12-19T20:55:43+00:00\" \/>\n<meta name=\"twitter:card\" content=\"summary_large_image\" \/>\n<meta name=\"twitter:label1\" content=\"Tiempo de lectura\" \/>\n\t<meta name=\"twitter:data1\" content=\"1 minuto\" \/>\n<!-- \/ Yoast SEO plugin. -->","yoast_head_json":{"title":"Despachador de habla hispana | Vacantes | FDH","description":"Buscamos un agente de despacho remoto (remote dispatcher), que hable espa\u00f1ol e ingl\u00e9s.","robots":{"index":"index","follow":"follow","max-snippet":"max-snippet:-1","max-image-preview":"max-image-preview:large","max-video-preview":"max-video-preview:-1"},"canonical":"https:\/\/frontdeskhelpers.com\/es\/company\/%d1%81areers\/despacho\/despachador-de-habla-hispana-a-tiempo-parcial\/","og_locale":"es_ES","og_type":"article","og_title":"Despachador de habla hispana | Vacantes | FDH","og_description":"Buscamos un agente de despacho remoto (remote dispatcher), que hable espa\u00f1ol e ingl\u00e9s.","og_url":"https:\/\/frontdeskhelpers.com\/es\/company\/%d1%81areers\/despacho\/despachador-de-habla-hispana-a-tiempo-parcial\/","og_site_name":"FDH","article_modified_time":"2024-12-19T20:55:43+00:00","twitter_card":"summary_large_image","twitter_misc":{"Tiempo de lectura":"1 minuto"},"schema":{"@context":"https:\/\/schema.org","@graph":[{"@type":"WebPage","@id":"https:\/\/frontdeskhelpers.com\/es\/company\/%d1%81areers\/despacho\/despachador-de-habla-hispana-a-tiempo-parcial\/","url":"https:\/\/frontdeskhelpers.com\/es\/company\/%d1%81areers\/despacho\/despachador-de-habla-hispana-a-tiempo-parcial\/","name":"Despachador de habla hispana | Vacantes | FDH","isPartOf":{"@id":"https:\/\/frontdeskhelpers.com\/es\/#website"},"datePublished":"2024-08-14T12:27:04+00:00","dateModified":"2024-12-19T20:55:43+00:00","description":"Buscamos un agente de despacho remoto (remote dispatcher), que hable espa\u00f1ol e ingl\u00e9s.","breadcrumb":{"@id":"https:\/\/frontdeskhelpers.com\/es\/company\/%d1%81areers\/despacho\/despachador-de-habla-hispana-a-tiempo-parcial\/#breadcrumb"},"inLanguage":"es","potentialAction":[{"@type":"ReadAction","target":["https:\/\/frontdeskhelpers.com\/es\/company\/%d1%81areers\/despacho\/despachador-de-habla-hispana-a-tiempo-parcial\/"]}]},{"@type":"BreadcrumbList","@id":"https:\/\/frontdeskhelpers.com\/es\/company\/%d1%81areers\/despacho\/despachador-de-habla-hispana-a-tiempo-parcial\/#breadcrumb","itemListElement":[{"@type":"ListItem","position":1,"name":"Home","item":"https:\/\/frontdeskhelpers.com\/es\/"},{"@type":"ListItem","position":2,"name":"Company","item":"https:\/\/frontdeskhelpers.com\/es\/company\/"},{"@type":"ListItem","position":3,"name":"\u0421areers","item":"https:\/\/frontdeskhelpers.com\/es\/company\/careers-vacancies\/"},{"@type":"ListItem","position":4,"name":"Despacho","item":"https:\/\/frontdeskhelpers.com\/es\/company\/careers-vacancies\/dispatching\/"},{"@type":"ListItem","position":5,"name":"Despachador de habla hispana, a tiempo parcial"}]},{"@type":"WebSite","@id":"https:\/\/frontdeskhelpers.com\/es\/#website","url":"https:\/\/frontdeskhelpers.com\/es\/","name":"FDH","description":"","potentialAction":[{"@type":"SearchAction","target":{"@type":"EntryPoint","urlTemplate":"https:\/\/frontdeskhelpers.com\/es\/?s={search_term_string}"},"query-input":{"@type":"PropertyValueSpecification","valueRequired":true,"valueName":"search_term_string"}}],"inLanguage":"es"}]}},"_links":{"self":[{"href":"https:\/\/frontdeskhelpers.com\/es\/wp-json\/wp\/v2\/pages\/8469","targetHints":{"allow":["GET"]}}],"collection":[{"href":"https:\/\/frontdeskhelpers.com\/es\/wp-json\/wp\/v2\/pages"}],"about":[{"href":"https:\/\/frontdeskhelpers.com\/es\/wp-json\/wp\/v2\/types\/page"}],"author":[{"embeddable":true,"href":"https:\/\/frontdeskhelpers.com\/es\/wp-json\/wp\/v2\/users\/2"}],"replies":[{"embeddable":true,"href":"https:\/\/frontdeskhelpers.com\/es\/wp-json\/wp\/v2\/comments?post=8469"}],"version-history":[{"count":1,"href":"https:\/\/frontdeskhelpers.com\/es\/wp-json\/wp\/v2\/pages\/8469\/revisions"}],"predecessor-version":[{"id":8472,"href":"https:\/\/frontdeskhelpers.com\/es\/wp-json\/wp\/v2\/pages\/8469\/revisions\/8472"}],"up":[{"embeddable":true,"href":"https:\/\/frontdeskhelpers.com\/es\/wp-json\/wp\/v2\/pages\/8536"}],"wp:attachment":[{"href":"https:\/\/frontdeskhelpers.com\/es\/wp-json\/wp\/v2\/media?parent=8469"}],"curies":[{"name":"wp","href":"https:\/\/api.w.org\/{rel}","templated":true}]}}