{"id":8460,"date":"2024-08-14T11:58:09","date_gmt":"2024-08-14T11:58:09","guid":{"rendered":"https:\/\/frontdeskhelpers.com\/agente-de-admision-gestor-de-ventas-ingles-espanol\/"},"modified":"2024-12-19T20:55:46","modified_gmt":"2024-12-19T20:55:46","slug":"agente-de-admision-gestor-de-ventas-ingles-espanol","status":"publish","type":"page","link":"https:\/\/frontdeskhelpers.com\/es\/company\/%d1%81areers\/ventas\/agente-de-admision-gestor-de-ventas-ingles-espanol\/","title":{"rendered":"Agente de admisi\u00f3n (gestor de ventas) ingl\u00e9s espa\u00f1ol"},"content":{"rendered":"\n<div class=\"wp-block-columns is-layout-flex wp-container-core-columns-is-layout-9d6595d7 wp-block-columns-is-layout-flex\">\n<div class=\"wp-block-column is-layout-flow wp-block-column-is-layout-flow\"><div class=\"pvc_clear\"><\/div><p id=\"pvc_stats_8460\" class=\"pvc_stats total_only  pvc_load_by_ajax_update\" data-element-id=\"8460\" style=\"\"><i class=\"pvc-stats-icon medium\" aria-hidden=\"true\"><svg aria-hidden=\"true\" focusable=\"false\" data-prefix=\"far\" data-icon=\"chart-bar\" role=\"img\" xmlns=\"http:\/\/www.w3.org\/2000\/svg\" viewBox=\"0 0 512 512\" class=\"svg-inline--fa fa-chart-bar fa-w-16 fa-2x\"><path fill=\"currentColor\" d=\"M396.8 352h22.4c6.4 0 12.8-6.4 12.8-12.8V108.8c0-6.4-6.4-12.8-12.8-12.8h-22.4c-6.4 0-12.8 6.4-12.8 12.8v230.4c0 6.4 6.4 12.8 12.8 12.8zm-192 0h22.4c6.4 0 12.8-6.4 12.8-12.8V140.8c0-6.4-6.4-12.8-12.8-12.8h-22.4c-6.4 0-12.8 6.4-12.8 12.8v198.4c0 6.4 6.4 12.8 12.8 12.8zm96 0h22.4c6.4 0 12.8-6.4 12.8-12.8V204.8c0-6.4-6.4-12.8-12.8-12.8h-22.4c-6.4 0-12.8 6.4-12.8 12.8v134.4c0 6.4 6.4 12.8 12.8 12.8zM496 400H48V80c0-8.84-7.16-16-16-16H16C7.16 64 0 71.16 0 80v336c0 17.67 14.33 32 32 32h464c8.84 0 16-7.16 16-16v-16c0-8.84-7.16-16-16-16zm-387.2-48h22.4c6.4 0 12.8-6.4 12.8-12.8v-70.4c0-6.4-6.4-12.8-12.8-12.8h-22.4c-6.4 0-12.8 6.4-12.8 12.8v70.4c0 6.4 6.4 12.8 12.8 12.8z\" class=\"\"><\/path><\/svg><\/i> <img decoding=\"async\" width=\"16\" height=\"16\" alt=\"Loading\" src=\"https:\/\/frontdeskhelpers.com\/wp-content\/plugins\/page-views-count\/ajax-loader-2x.gif\" border=0 \/><\/p><div class=\"pvc_clear\"><\/div>\n<\/div>\n\n\n\n<div class=\"wp-block-column is-vertically-aligned-center is-layout-flow wp-block-column-is-layout-flow\">\n<p class=\"has-text-align-center closed-vacancy-info\">VACANTE CERRADA<\/p>\n<\/div>\n<\/div>\n\n<p>Nuestra empresa presta servicios a residencias de ancianos en EE.UU. y buscamos un empleado a distancia para unirse a nuestro equipo. Trabajar\u00e1s con pacientes potenciales (clientes potenciales calientes y calientes) y ayudar\u00e1s a obtener informaci\u00f3n sobre los servicios de la empresa. Las ventas estar\u00e1n dentro de tu \u00e1mbito, pero no ser\u00e1n tu responsabilidad principal.  <\/p>\n\n<p><strong>Requisitos:<\/strong><br\/>&#8211; Ingl\u00e9s y espa\u00f1ol a nivel intermedio o superior, ruso (opcionalmente)<br\/>&#8211; Capacidad para trabajar en horario EST (zona horaria de Nueva York)<br\/>&#8211; Conexi\u00f3n LAN (por cable)<\/p>\n\n<p><strong>Horario:<\/strong><br\/>Es un puesto a tiempo completo.<br\/>Lunes &#8211; Viernes 9 AM &#8211; 5 PM EST<\/p>\n\n<p><strong>Tareas:<\/strong><br\/>&#8211; Trabajo con los clientes: llamadas, correo electr\u00f3nico<br\/>&#8211; Interacci\u00f3n con los empleados por correo electr\u00f3nico, tel\u00e9fono, mensajer\u00eda instant\u00e1nea<br\/>&#8211; Discusi\u00f3n de los servicios de la empresa con el cliente, superando objeciones<br\/>&#8211; Proporcionar una lista completa de servicios por tel\u00e9fono y discutirlos con el cliente.<\/p>\n\n<p>Indica tus expectativas salariales para un puesto de trabajo. Env\u00edanos tu CV por correo electr\u00f3nico a<strong> career@frontdeskhelpers.com<\/strong> <\/p>\n","protected":false},"excerpt":{"rendered":"<p>Nuestra empresa presta servicios a residencias de ancianos en EE.UU. y buscamos un empleado a distancia para unirse a nuestro equipo. Trabajar\u00e1s con pacientes potenciales (clientes potenciales calientes y calientes) y ayudar\u00e1s a obtener informaci\u00f3n sobre los servicios de la empresa. Las ventas estar\u00e1n dentro de tu \u00e1mbito, pero no ser\u00e1n tu responsabilidad principal. Requisitos:&#8211; [&hellip;]<\/p>\n","protected":false},"author":2,"featured_media":0,"parent":8539,"menu_order":0,"comment_status":"closed","ping_status":"closed","template":"","meta":{"inline_featured_image":false,"footnotes":""},"class_list":["post-8460","page","type-page","status-publish"],"yoast_head":"<!-- This site is optimized with the Yoast SEO plugin v27.3 - https:\/\/yoast.com\/product\/yoast-seo-wordpress\/ -->\n<title>Agente de admisi\u00f3n (gestor de ventas) ingl\u00e9s espa\u00f1ol - FDH Vacantes | FDH<\/title>\n<meta name=\"description\" content=\"Buscamos un agente de admisi\u00f3n a distancia (gestor de ventas) para unirse a nuestro equipo. Trabajar\u00e1s con pacientes potenciales (clientes potenciales calientes y calientes) y ayudar\u00e1s a obtener informaci\u00f3n sobre los servicios de la empresa.\" \/>\n<meta name=\"robots\" content=\"index, follow, max-snippet:-1, max-image-preview:large, max-video-preview:-1\" \/>\n<link rel=\"canonical\" href=\"https:\/\/frontdeskhelpers.com\/es\/company\/%d1%81areers\/ventas\/agente-de-admision-gestor-de-ventas-ingles-espanol\/\" \/>\n<meta property=\"og:locale\" content=\"es_ES\" \/>\n<meta property=\"og:type\" content=\"article\" \/>\n<meta property=\"og:title\" content=\"Agente de admisi\u00f3n (gestor de ventas) ingl\u00e9s espa\u00f1ol - FDH Vacantes | FDH\" \/>\n<meta property=\"og:description\" content=\"Buscamos un agente de admisi\u00f3n a distancia (gestor de ventas) para unirse a nuestro equipo. Trabajar\u00e1s con pacientes potenciales (clientes potenciales calientes y calientes) y ayudar\u00e1s a obtener informaci\u00f3n sobre los servicios de la empresa.\" \/>\n<meta property=\"og:url\" content=\"https:\/\/frontdeskhelpers.com\/es\/company\/%d1%81areers\/ventas\/agente-de-admision-gestor-de-ventas-ingles-espanol\/\" \/>\n<meta property=\"og:site_name\" content=\"FDH\" \/>\n<meta property=\"article:modified_time\" content=\"2024-12-19T20:55:46+00:00\" \/>\n<meta name=\"twitter:card\" content=\"summary_large_image\" \/>\n<meta name=\"twitter:label1\" content=\"Tiempo de lectura\" \/>\n\t<meta name=\"twitter:data1\" content=\"1 minuto\" \/>\n<!-- \/ Yoast SEO plugin. -->","yoast_head_json":{"title":"Agente de admisi\u00f3n (gestor de ventas) ingl\u00e9s espa\u00f1ol - FDH Vacantes | FDH","description":"Buscamos un agente de admisi\u00f3n a distancia (gestor de ventas) para unirse a nuestro equipo. Trabajar\u00e1s con pacientes potenciales (clientes potenciales calientes y calientes) y ayudar\u00e1s a obtener informaci\u00f3n sobre los servicios de la empresa.","robots":{"index":"index","follow":"follow","max-snippet":"max-snippet:-1","max-image-preview":"max-image-preview:large","max-video-preview":"max-video-preview:-1"},"canonical":"https:\/\/frontdeskhelpers.com\/es\/company\/%d1%81areers\/ventas\/agente-de-admision-gestor-de-ventas-ingles-espanol\/","og_locale":"es_ES","og_type":"article","og_title":"Agente de admisi\u00f3n (gestor de ventas) ingl\u00e9s espa\u00f1ol - FDH Vacantes | FDH","og_description":"Buscamos un agente de admisi\u00f3n a distancia (gestor de ventas) para unirse a nuestro equipo. Trabajar\u00e1s con pacientes potenciales (clientes potenciales calientes y calientes) y ayudar\u00e1s a obtener informaci\u00f3n sobre los servicios de la empresa.","og_url":"https:\/\/frontdeskhelpers.com\/es\/company\/%d1%81areers\/ventas\/agente-de-admision-gestor-de-ventas-ingles-espanol\/","og_site_name":"FDH","article_modified_time":"2024-12-19T20:55:46+00:00","twitter_card":"summary_large_image","twitter_misc":{"Tiempo de lectura":"1 minuto"},"schema":{"@context":"https:\/\/schema.org","@graph":[{"@type":"WebPage","@id":"https:\/\/frontdeskhelpers.com\/es\/company\/%d1%81areers\/ventas\/agente-de-admision-gestor-de-ventas-ingles-espanol\/","url":"https:\/\/frontdeskhelpers.com\/es\/company\/%d1%81areers\/ventas\/agente-de-admision-gestor-de-ventas-ingles-espanol\/","name":"Agente de admisi\u00f3n (gestor de ventas) ingl\u00e9s espa\u00f1ol - FDH Vacantes | FDH","isPartOf":{"@id":"https:\/\/frontdeskhelpers.com\/es\/#website"},"datePublished":"2024-08-14T11:58:09+00:00","dateModified":"2024-12-19T20:55:46+00:00","description":"Buscamos un agente de admisi\u00f3n a distancia (gestor de ventas) para unirse a nuestro equipo. Trabajar\u00e1s con pacientes potenciales (clientes potenciales calientes y calientes) y ayudar\u00e1s a obtener informaci\u00f3n sobre los servicios de la empresa.","breadcrumb":{"@id":"https:\/\/frontdeskhelpers.com\/es\/company\/%d1%81areers\/ventas\/agente-de-admision-gestor-de-ventas-ingles-espanol\/#breadcrumb"},"inLanguage":"es","potentialAction":[{"@type":"ReadAction","target":["https:\/\/frontdeskhelpers.com\/es\/company\/%d1%81areers\/ventas\/agente-de-admision-gestor-de-ventas-ingles-espanol\/"]}]},{"@type":"BreadcrumbList","@id":"https:\/\/frontdeskhelpers.com\/es\/company\/%d1%81areers\/ventas\/agente-de-admision-gestor-de-ventas-ingles-espanol\/#breadcrumb","itemListElement":[{"@type":"ListItem","position":1,"name":"Home","item":"https:\/\/frontdeskhelpers.com\/es\/"},{"@type":"ListItem","position":2,"name":"Company","item":"https:\/\/frontdeskhelpers.com\/es\/company\/"},{"@type":"ListItem","position":3,"name":"\u0421areers","item":"https:\/\/frontdeskhelpers.com\/es\/company\/careers-vacancies\/"},{"@type":"ListItem","position":4,"name":"Ventas","item":"https:\/\/frontdeskhelpers.com\/es\/company\/careers-vacancies\/sales\/"},{"@type":"ListItem","position":5,"name":"Agente de admisi\u00f3n (gestor de ventas) ingl\u00e9s espa\u00f1ol"}]},{"@type":"WebSite","@id":"https:\/\/frontdeskhelpers.com\/es\/#website","url":"https:\/\/frontdeskhelpers.com\/es\/","name":"FDH","description":"","potentialAction":[{"@type":"SearchAction","target":{"@type":"EntryPoint","urlTemplate":"https:\/\/frontdeskhelpers.com\/es\/?s={search_term_string}"},"query-input":{"@type":"PropertyValueSpecification","valueRequired":true,"valueName":"search_term_string"}}],"inLanguage":"es"}]}},"_links":{"self":[{"href":"https:\/\/frontdeskhelpers.com\/es\/wp-json\/wp\/v2\/pages\/8460","targetHints":{"allow":["GET"]}}],"collection":[{"href":"https:\/\/frontdeskhelpers.com\/es\/wp-json\/wp\/v2\/pages"}],"about":[{"href":"https:\/\/frontdeskhelpers.com\/es\/wp-json\/wp\/v2\/types\/page"}],"author":[{"embeddable":true,"href":"https:\/\/frontdeskhelpers.com\/es\/wp-json\/wp\/v2\/users\/2"}],"replies":[{"embeddable":true,"href":"https:\/\/frontdeskhelpers.com\/es\/wp-json\/wp\/v2\/comments?post=8460"}],"version-history":[{"count":1,"href":"https:\/\/frontdeskhelpers.com\/es\/wp-json\/wp\/v2\/pages\/8460\/revisions"}],"predecessor-version":[{"id":8462,"href":"https:\/\/frontdeskhelpers.com\/es\/wp-json\/wp\/v2\/pages\/8460\/revisions\/8462"}],"up":[{"embeddable":true,"href":"https:\/\/frontdeskhelpers.com\/es\/wp-json\/wp\/v2\/pages\/8539"}],"wp:attachment":[{"href":"https:\/\/frontdeskhelpers.com\/es\/wp-json\/wp\/v2\/media?parent=8460"}],"curies":[{"name":"wp","href":"https:\/\/api.w.org\/{rel}","templated":true}]}}