{"id":8454,"date":"2024-08-14T12:11:56","date_gmt":"2024-08-14T12:11:56","guid":{"rendered":"https:\/\/frontdeskhelpers.com\/redactor-tecnico-formacion-informatica\/"},"modified":"2024-12-19T20:55:52","modified_gmt":"2024-12-19T20:55:52","slug":"redactor-tecnico-formacion-informatica","status":"publish","type":"page","link":"https:\/\/frontdeskhelpers.com\/es\/company\/%d1%81areers\/marketing\/redactor-tecnico-formacion-informatica\/","title":{"rendered":"Redactor t\u00e9cnico (formaci\u00f3n inform\u00e1tica)"},"content":{"rendered":"\n<div class=\"wp-block-columns is-layout-flex wp-container-core-columns-is-layout-9d6595d7 wp-block-columns-is-layout-flex\">\n<div class=\"wp-block-column is-layout-flow wp-block-column-is-layout-flow\"><div class=\"pvc_clear\"><\/div><p id=\"pvc_stats_8454\" class=\"pvc_stats total_only  pvc_load_by_ajax_update\" data-element-id=\"8454\" style=\"\"><i class=\"pvc-stats-icon medium\" aria-hidden=\"true\"><svg aria-hidden=\"true\" focusable=\"false\" data-prefix=\"far\" data-icon=\"chart-bar\" role=\"img\" xmlns=\"http:\/\/www.w3.org\/2000\/svg\" viewBox=\"0 0 512 512\" class=\"svg-inline--fa fa-chart-bar fa-w-16 fa-2x\"><path fill=\"currentColor\" d=\"M396.8 352h22.4c6.4 0 12.8-6.4 12.8-12.8V108.8c0-6.4-6.4-12.8-12.8-12.8h-22.4c-6.4 0-12.8 6.4-12.8 12.8v230.4c0 6.4 6.4 12.8 12.8 12.8zm-192 0h22.4c6.4 0 12.8-6.4 12.8-12.8V140.8c0-6.4-6.4-12.8-12.8-12.8h-22.4c-6.4 0-12.8 6.4-12.8 12.8v198.4c0 6.4 6.4 12.8 12.8 12.8zm96 0h22.4c6.4 0 12.8-6.4 12.8-12.8V204.8c0-6.4-6.4-12.8-12.8-12.8h-22.4c-6.4 0-12.8 6.4-12.8 12.8v134.4c0 6.4 6.4 12.8 12.8 12.8zM496 400H48V80c0-8.84-7.16-16-16-16H16C7.16 64 0 71.16 0 80v336c0 17.67 14.33 32 32 32h464c8.84 0 16-7.16 16-16v-16c0-8.84-7.16-16-16-16zm-387.2-48h22.4c6.4 0 12.8-6.4 12.8-12.8v-70.4c0-6.4-6.4-12.8-12.8-12.8h-22.4c-6.4 0-12.8 6.4-12.8 12.8v70.4c0 6.4 6.4 12.8 12.8 12.8z\" class=\"\"><\/path><\/svg><\/i> <img decoding=\"async\" width=\"16\" height=\"16\" alt=\"Loading\" src=\"https:\/\/frontdeskhelpers.com\/wp-content\/plugins\/page-views-count\/ajax-loader-2x.gif\" border=0 \/><\/p><div class=\"pvc_clear\"><\/div>\n<\/div>\n\n\n\n<div class=\"wp-block-column is-vertically-aligned-center is-layout-flow wp-block-column-is-layout-flow\">\n<p class=\"has-text-align-center closed-vacancy-info\">VACANTE CERRADA<\/p>\n<\/div>\n<\/div>\n\n<p>Somos una empresa americana de inform\u00e1tica, y buscamos un redactor remoto con un ingl\u00e9s cercano al nativo, y experiencia previa con textos t\u00e9cnicos, inform\u00e1ticos y SEO.<\/p>\n\n<p><strong>Responsabilidades:<\/strong><\/p>\n\n<ul class=\"wp-block-list\">\n<li>Colabora con otros profesionales en proyectos de marketing a gran y peque\u00f1a escala (lp, campa\u00f1as de correo electr\u00f3nico)<\/li>\n\n\n\n<li>Editar y corregir textos<\/li>\n\n\n\n<li>Utiliza los principios SEO para los textos<\/li>\n\n\n\n<li>Fuente de im\u00e1genes y contenido de v\u00eddeo<\/li>\n<\/ul>\n\n<p><strong>Requisitos:<\/strong><\/p>\n\n<ul class=\"wp-block-list\">\n<li>Experiencia demostrada como redactor publicitario o af\u00edn (preferiblemente en el \u00e1mbito m\u00e9dico)<\/li>\n\n\n\n<li>Conocimientos de estrategia y creaci\u00f3n de contenidos online<\/li>\n\n\n\n<li>Excelentes aptitudes de redacci\u00f3n, edici\u00f3n y correcci\u00f3n<\/li>\n\n\n\n<li>Experiencia con SEO<\/li>\n\n\n\n<li>Gran capacidad de investigaci\u00f3n<\/li>\n\n\n\n<li>Creatividad<\/li>\n\n\n\n<li>Esp\u00edritu de colaboraci\u00f3n<\/li>\n\n\n\n<li>Conexi\u00f3n Ethernet<\/li>\n<\/ul>\n\n<p><strong>Alcance del trabajo:<\/strong><\/p>\n\n<ul class=\"wp-block-list\">\n<li>Art\u00edculos para el blog del sitio web (optimizados para SEO, se requiere previamente investigaci\u00f3n creativa, t\u00e9cnica e inform\u00e1tica)<\/li>\n\n\n\n<li>Art\u00edculos para publicar como invitado<\/li>\n\n\n\n<li>Publicaciones en redes sociales (Facebook, Instagram, LinkedIn, Pinterest<\/li>\n\n\n\n<li>Mensajes publicitarios para Google y Facebook<\/li>\n<\/ul>\n\n<p><strong>Horario:  <\/strong><\/p>\n\n<p>Trabajamos en EST (zona horaria de Nueva York). Es preferible, pero no obligatorio, trabajar en el mismo horario. <\/p>\n\n<p>A veces, podemos tener breves llamadas\/reuniones por la tarde para debatir los temas.<\/p>\n\n<p><strong>Coste:<\/strong><\/p>\n\n<p>Por favor, indica tus expectativas.<\/p>\n\n<p><strong>C\u00f3mo solicitarlo:<\/strong><\/p>\n\n<p>Env\u00edanos tu CV a <a href=\"mailto:career@frontdeskhelpers.com\" target=\"_blank\" rel=\"noreferrer noopener\">career@frontdeskhelpers.com<\/a><\/p>\n\n<p>Gracias.<\/p>\n","protected":false},"excerpt":{"rendered":"<p>Somos una empresa americana de inform\u00e1tica, y buscamos un redactor remoto con un ingl\u00e9s cercano al nativo, y experiencia previa con textos t\u00e9cnicos, inform\u00e1ticos y SEO. Responsabilidades: Requisitos: Alcance del trabajo: Horario: Trabajamos en EST (zona horaria de Nueva York). Es preferible, pero no obligatorio, trabajar en el mismo horario. A veces, podemos tener breves [&hellip;]<\/p>\n","protected":false},"author":2,"featured_media":0,"parent":8553,"menu_order":0,"comment_status":"closed","ping_status":"closed","template":"","meta":{"inline_featured_image":false,"footnotes":""},"class_list":["post-8454","page","type-page","status-publish"],"yoast_head":"<!-- This site is optimized with the Yoast SEO plugin v27.3 - https:\/\/yoast.com\/product\/yoast-seo-wordpress\/ -->\n<title>Redactor T\u00e9cnico | Vacantes | FDH<\/title>\n<meta name=\"description\" content=\"Buscamos un redactor a distancia con un ingl\u00e9s cercano al nativo y experiencia previa con textos t\u00e9cnicos e inform\u00e1ticos y SEO.\" \/>\n<meta name=\"robots\" content=\"index, follow, max-snippet:-1, max-image-preview:large, max-video-preview:-1\" \/>\n<link rel=\"canonical\" href=\"https:\/\/frontdeskhelpers.com\/es\/company\/%d1%81areers\/marketing\/redactor-tecnico-formacion-informatica\/\" \/>\n<meta property=\"og:locale\" content=\"es_ES\" \/>\n<meta property=\"og:type\" content=\"article\" \/>\n<meta property=\"og:title\" content=\"Redactor T\u00e9cnico | Vacantes | FDH\" \/>\n<meta property=\"og:description\" content=\"Buscamos un redactor a distancia con un ingl\u00e9s cercano al nativo y experiencia previa con textos t\u00e9cnicos e inform\u00e1ticos y SEO.\" \/>\n<meta property=\"og:url\" content=\"https:\/\/frontdeskhelpers.com\/es\/company\/%d1%81areers\/marketing\/redactor-tecnico-formacion-informatica\/\" \/>\n<meta property=\"og:site_name\" content=\"FDH\" \/>\n<meta property=\"article:modified_time\" content=\"2024-12-19T20:55:52+00:00\" \/>\n<meta name=\"twitter:card\" content=\"summary_large_image\" \/>\n<meta name=\"twitter:label1\" content=\"Tiempo de lectura\" \/>\n\t<meta name=\"twitter:data1\" content=\"1 minuto\" \/>\n<!-- \/ Yoast SEO plugin. -->","yoast_head_json":{"title":"Redactor T\u00e9cnico | Vacantes | FDH","description":"Buscamos un redactor a distancia con un ingl\u00e9s cercano al nativo y experiencia previa con textos t\u00e9cnicos e inform\u00e1ticos y SEO.","robots":{"index":"index","follow":"follow","max-snippet":"max-snippet:-1","max-image-preview":"max-image-preview:large","max-video-preview":"max-video-preview:-1"},"canonical":"https:\/\/frontdeskhelpers.com\/es\/company\/%d1%81areers\/marketing\/redactor-tecnico-formacion-informatica\/","og_locale":"es_ES","og_type":"article","og_title":"Redactor T\u00e9cnico | Vacantes | FDH","og_description":"Buscamos un redactor a distancia con un ingl\u00e9s cercano al nativo y experiencia previa con textos t\u00e9cnicos e inform\u00e1ticos y SEO.","og_url":"https:\/\/frontdeskhelpers.com\/es\/company\/%d1%81areers\/marketing\/redactor-tecnico-formacion-informatica\/","og_site_name":"FDH","article_modified_time":"2024-12-19T20:55:52+00:00","twitter_card":"summary_large_image","twitter_misc":{"Tiempo de lectura":"1 minuto"},"schema":{"@context":"https:\/\/schema.org","@graph":[{"@type":"WebPage","@id":"https:\/\/frontdeskhelpers.com\/es\/company\/%d1%81areers\/marketing\/redactor-tecnico-formacion-informatica\/","url":"https:\/\/frontdeskhelpers.com\/es\/company\/%d1%81areers\/marketing\/redactor-tecnico-formacion-informatica\/","name":"Redactor T\u00e9cnico | Vacantes | FDH","isPartOf":{"@id":"https:\/\/frontdeskhelpers.com\/es\/#website"},"datePublished":"2024-08-14T12:11:56+00:00","dateModified":"2024-12-19T20:55:52+00:00","description":"Buscamos un redactor a distancia con un ingl\u00e9s cercano al nativo y experiencia previa con textos t\u00e9cnicos e inform\u00e1ticos y SEO.","breadcrumb":{"@id":"https:\/\/frontdeskhelpers.com\/es\/company\/%d1%81areers\/marketing\/redactor-tecnico-formacion-informatica\/#breadcrumb"},"inLanguage":"es","potentialAction":[{"@type":"ReadAction","target":["https:\/\/frontdeskhelpers.com\/es\/company\/%d1%81areers\/marketing\/redactor-tecnico-formacion-informatica\/"]}]},{"@type":"BreadcrumbList","@id":"https:\/\/frontdeskhelpers.com\/es\/company\/%d1%81areers\/marketing\/redactor-tecnico-formacion-informatica\/#breadcrumb","itemListElement":[{"@type":"ListItem","position":1,"name":"Home","item":"https:\/\/frontdeskhelpers.com\/es\/"},{"@type":"ListItem","position":2,"name":"Company","item":"https:\/\/frontdeskhelpers.com\/es\/company\/"},{"@type":"ListItem","position":3,"name":"\u0421areers","item":"https:\/\/frontdeskhelpers.com\/es\/company\/careers-vacancies\/"},{"@type":"ListItem","position":4,"name":"Marketing","item":"https:\/\/frontdeskhelpers.com\/es\/company\/careers-vacancies\/marketing\/"},{"@type":"ListItem","position":5,"name":"Redactor t\u00e9cnico (formaci\u00f3n inform\u00e1tica)"}]},{"@type":"WebSite","@id":"https:\/\/frontdeskhelpers.com\/es\/#website","url":"https:\/\/frontdeskhelpers.com\/es\/","name":"FDH","description":"","potentialAction":[{"@type":"SearchAction","target":{"@type":"EntryPoint","urlTemplate":"https:\/\/frontdeskhelpers.com\/es\/?s={search_term_string}"},"query-input":{"@type":"PropertyValueSpecification","valueRequired":true,"valueName":"search_term_string"}}],"inLanguage":"es"}]}},"_links":{"self":[{"href":"https:\/\/frontdeskhelpers.com\/es\/wp-json\/wp\/v2\/pages\/8454","targetHints":{"allow":["GET"]}}],"collection":[{"href":"https:\/\/frontdeskhelpers.com\/es\/wp-json\/wp\/v2\/pages"}],"about":[{"href":"https:\/\/frontdeskhelpers.com\/es\/wp-json\/wp\/v2\/types\/page"}],"author":[{"embeddable":true,"href":"https:\/\/frontdeskhelpers.com\/es\/wp-json\/wp\/v2\/users\/2"}],"replies":[{"embeddable":true,"href":"https:\/\/frontdeskhelpers.com\/es\/wp-json\/wp\/v2\/comments?post=8454"}],"version-history":[{"count":1,"href":"https:\/\/frontdeskhelpers.com\/es\/wp-json\/wp\/v2\/pages\/8454\/revisions"}],"predecessor-version":[{"id":8457,"href":"https:\/\/frontdeskhelpers.com\/es\/wp-json\/wp\/v2\/pages\/8454\/revisions\/8457"}],"up":[{"embeddable":true,"href":"https:\/\/frontdeskhelpers.com\/es\/wp-json\/wp\/v2\/pages\/8553"}],"wp:attachment":[{"href":"https:\/\/frontdeskhelpers.com\/es\/wp-json\/wp\/v2\/media?parent=8454"}],"curies":[{"name":"wp","href":"https:\/\/api.w.org\/{rel}","templated":true}]}}