{"id":8453,"date":"2024-08-13T15:50:52","date_gmt":"2024-08-13T15:50:52","guid":{"rendered":"https:\/\/frontdeskhelpers.com\/rrhh-con-lengua-espanola\/"},"modified":"2024-12-19T20:55:46","modified_gmt":"2024-12-19T20:55:46","slug":"rrhh-con-lengua-espanola","status":"publish","type":"page","link":"https:\/\/frontdeskhelpers.com\/es\/company\/%d1%81areers\/rrhh\/rrhh-con-lengua-espanola\/","title":{"rendered":"RRHH con lengua espa\u00f1ola"},"content":{"rendered":"\n<div class=\"wp-block-columns is-layout-flex wp-container-core-columns-is-layout-9d6595d7 wp-block-columns-is-layout-flex\">\n<div class=\"wp-block-column is-layout-flow wp-block-column-is-layout-flow\"><div class=\"pvc_clear\"><\/div><p id=\"pvc_stats_8453\" class=\"pvc_stats total_only  pvc_load_by_ajax_update\" data-element-id=\"8453\" style=\"\"><i class=\"pvc-stats-icon medium\" aria-hidden=\"true\"><svg aria-hidden=\"true\" focusable=\"false\" data-prefix=\"far\" data-icon=\"chart-bar\" role=\"img\" xmlns=\"http:\/\/www.w3.org\/2000\/svg\" viewBox=\"0 0 512 512\" class=\"svg-inline--fa fa-chart-bar fa-w-16 fa-2x\"><path fill=\"currentColor\" d=\"M396.8 352h22.4c6.4 0 12.8-6.4 12.8-12.8V108.8c0-6.4-6.4-12.8-12.8-12.8h-22.4c-6.4 0-12.8 6.4-12.8 12.8v230.4c0 6.4 6.4 12.8 12.8 12.8zm-192 0h22.4c6.4 0 12.8-6.4 12.8-12.8V140.8c0-6.4-6.4-12.8-12.8-12.8h-22.4c-6.4 0-12.8 6.4-12.8 12.8v198.4c0 6.4 6.4 12.8 12.8 12.8zm96 0h22.4c6.4 0 12.8-6.4 12.8-12.8V204.8c0-6.4-6.4-12.8-12.8-12.8h-22.4c-6.4 0-12.8 6.4-12.8 12.8v134.4c0 6.4 6.4 12.8 12.8 12.8zM496 400H48V80c0-8.84-7.16-16-16-16H16C7.16 64 0 71.16 0 80v336c0 17.67 14.33 32 32 32h464c8.84 0 16-7.16 16-16v-16c0-8.84-7.16-16-16-16zm-387.2-48h22.4c6.4 0 12.8-6.4 12.8-12.8v-70.4c0-6.4-6.4-12.8-12.8-12.8h-22.4c-6.4 0-12.8 6.4-12.8 12.8v70.4c0 6.4 6.4 12.8 12.8 12.8z\" class=\"\"><\/path><\/svg><\/i> <img decoding=\"async\" width=\"16\" height=\"16\" alt=\"Loading\" src=\"https:\/\/frontdeskhelpers.com\/wp-content\/plugins\/page-views-count\/ajax-loader-2x.gif\" border=0 \/><\/p><div class=\"pvc_clear\"><\/div>\n<\/div>\n\n\n\n<div class=\"wp-block-column is-vertically-aligned-center is-layout-flow wp-block-column-is-layout-flow\">\n<p class=\"has-text-align-center closed-vacancy-info\">VACANTE CERRADA<\/p>\n<\/div>\n<\/div>\n\n<p>Front Desk Helpers busca un asistente de RRHH para una empresa americana de asistencia domiciliaria. Las responsabilidades del asistente de RRHH incluyen la comunicaci\u00f3n con los solicitantes del puesto de asistentes domiciliarios (ni\u00f1eras) para recoger el paquete de documentos necesarios para el empleo, explicar las condiciones de trabajo, asignar citas con los solicitantes, crear puntos de salida en el calendario corporativo (confirmaci\u00f3n y transferencia). Trabajar con el sistema CRM Bitrix24, Microsoft Excel, Microsoft Word, Google Calendar. Recibir llamadas entrantes para responder a preguntas adicionales de los solicitantes.   <\/p>\n\n<p><strong>Horario:<\/strong><\/p>\n\n<p>De lunes a viernes de 9.00 a 17.00 hora de Nueva York<\/p>\n\n<p>Requisitos de los candidatos: excelente capacidad de comunicaci\u00f3n, atenci\u00f3n al detalle, puntualidad, responsabilidad, capacidad de gesti\u00f3n del tiempo, ingl\u00e9s intermedio alto\/avanzado, espa\u00f1ol intermedio alto\/avanzado, usuario seguro de programas inform\u00e1ticos.<\/p>\n\n<p><strong>\u00a1Esperamos tener noticias tuyas!<\/strong><\/p>\n","protected":false},"excerpt":{"rendered":"<p>Front Desk Helpers busca un asistente de RRHH para una empresa americana de asistencia domiciliaria. Las responsabilidades del asistente de RRHH incluyen la comunicaci\u00f3n con los solicitantes del puesto de asistentes domiciliarios (ni\u00f1eras) para recoger el paquete de documentos necesarios para el empleo, explicar las condiciones de trabajo, asignar citas con los solicitantes, crear puntos [&hellip;]<\/p>\n","protected":false},"author":2,"featured_media":0,"parent":8540,"menu_order":0,"comment_status":"closed","ping_status":"closed","template":"","meta":{"inline_featured_image":false,"footnotes":""},"class_list":["post-8453","page","type-page","status-publish"],"yoast_head":"<!-- This site is optimized with the Yoast SEO plugin v27.3 - https:\/\/yoast.com\/product\/yoast-seo-wordpress\/ -->\n<title>RRHH con lengua espa\u00f1ola - FDH Vacantes | FDH<\/title>\n<meta name=\"description\" content=\"Buscamos un asistente de RRHH para una empresa americana de asistencia domiciliaria. Las responsabilidades del RRHH incluyen la comunicaci\u00f3n con los solicitantes de asistentes domiciliarios\" \/>\n<meta name=\"robots\" content=\"index, follow, max-snippet:-1, max-image-preview:large, max-video-preview:-1\" \/>\n<link rel=\"canonical\" href=\"https:\/\/frontdeskhelpers.com\/es\/company\/%d1%81areers\/rrhh\/rrhh-con-lengua-espanola\/\" \/>\n<meta property=\"og:locale\" content=\"es_ES\" \/>\n<meta property=\"og:type\" content=\"article\" \/>\n<meta property=\"og:title\" content=\"RRHH con lengua espa\u00f1ola - FDH Vacantes | FDH\" \/>\n<meta property=\"og:description\" content=\"Buscamos un asistente de RRHH para una empresa americana de asistencia domiciliaria. Las responsabilidades del RRHH incluyen la comunicaci\u00f3n con los solicitantes de asistentes domiciliarios\" \/>\n<meta property=\"og:url\" content=\"https:\/\/frontdeskhelpers.com\/es\/company\/%d1%81areers\/rrhh\/rrhh-con-lengua-espanola\/\" \/>\n<meta property=\"og:site_name\" content=\"FDH\" \/>\n<meta property=\"article:modified_time\" content=\"2024-12-19T20:55:46+00:00\" \/>\n<meta name=\"twitter:card\" content=\"summary_large_image\" \/>\n<meta name=\"twitter:label1\" content=\"Tiempo de lectura\" \/>\n\t<meta name=\"twitter:data1\" content=\"1 minuto\" \/>\n<!-- \/ Yoast SEO plugin. -->","yoast_head_json":{"title":"RRHH con lengua espa\u00f1ola - FDH Vacantes | FDH","description":"Buscamos un asistente de RRHH para una empresa americana de asistencia domiciliaria. Las responsabilidades del RRHH incluyen la comunicaci\u00f3n con los solicitantes de asistentes domiciliarios","robots":{"index":"index","follow":"follow","max-snippet":"max-snippet:-1","max-image-preview":"max-image-preview:large","max-video-preview":"max-video-preview:-1"},"canonical":"https:\/\/frontdeskhelpers.com\/es\/company\/%d1%81areers\/rrhh\/rrhh-con-lengua-espanola\/","og_locale":"es_ES","og_type":"article","og_title":"RRHH con lengua espa\u00f1ola - FDH Vacantes | FDH","og_description":"Buscamos un asistente de RRHH para una empresa americana de asistencia domiciliaria. Las responsabilidades del RRHH incluyen la comunicaci\u00f3n con los solicitantes de asistentes domiciliarios","og_url":"https:\/\/frontdeskhelpers.com\/es\/company\/%d1%81areers\/rrhh\/rrhh-con-lengua-espanola\/","og_site_name":"FDH","article_modified_time":"2024-12-19T20:55:46+00:00","twitter_card":"summary_large_image","twitter_misc":{"Tiempo de lectura":"1 minuto"},"schema":{"@context":"https:\/\/schema.org","@graph":[{"@type":"WebPage","@id":"https:\/\/frontdeskhelpers.com\/es\/company\/%d1%81areers\/rrhh\/rrhh-con-lengua-espanola\/","url":"https:\/\/frontdeskhelpers.com\/es\/company\/%d1%81areers\/rrhh\/rrhh-con-lengua-espanola\/","name":"RRHH con lengua espa\u00f1ola - FDH Vacantes | FDH","isPartOf":{"@id":"https:\/\/frontdeskhelpers.com\/es\/#website"},"datePublished":"2024-08-13T15:50:52+00:00","dateModified":"2024-12-19T20:55:46+00:00","description":"Buscamos un asistente de RRHH para una empresa americana de asistencia domiciliaria. Las responsabilidades del RRHH incluyen la comunicaci\u00f3n con los solicitantes de asistentes domiciliarios","breadcrumb":{"@id":"https:\/\/frontdeskhelpers.com\/es\/company\/%d1%81areers\/rrhh\/rrhh-con-lengua-espanola\/#breadcrumb"},"inLanguage":"es","potentialAction":[{"@type":"ReadAction","target":["https:\/\/frontdeskhelpers.com\/es\/company\/%d1%81areers\/rrhh\/rrhh-con-lengua-espanola\/"]}]},{"@type":"BreadcrumbList","@id":"https:\/\/frontdeskhelpers.com\/es\/company\/%d1%81areers\/rrhh\/rrhh-con-lengua-espanola\/#breadcrumb","itemListElement":[{"@type":"ListItem","position":1,"name":"Home","item":"https:\/\/frontdeskhelpers.com\/es\/"},{"@type":"ListItem","position":2,"name":"Company","item":"https:\/\/frontdeskhelpers.com\/es\/company\/"},{"@type":"ListItem","position":3,"name":"\u0421areers","item":"https:\/\/frontdeskhelpers.com\/es\/company\/careers-vacancies\/"},{"@type":"ListItem","position":4,"name":"RRHH","item":"https:\/\/frontdeskhelpers.com\/es\/company\/careers-vacancies\/hr\/"},{"@type":"ListItem","position":5,"name":"RRHH con lengua espa\u00f1ola"}]},{"@type":"WebSite","@id":"https:\/\/frontdeskhelpers.com\/es\/#website","url":"https:\/\/frontdeskhelpers.com\/es\/","name":"FDH","description":"","potentialAction":[{"@type":"SearchAction","target":{"@type":"EntryPoint","urlTemplate":"https:\/\/frontdeskhelpers.com\/es\/?s={search_term_string}"},"query-input":{"@type":"PropertyValueSpecification","valueRequired":true,"valueName":"search_term_string"}}],"inLanguage":"es"}]}},"_links":{"self":[{"href":"https:\/\/frontdeskhelpers.com\/es\/wp-json\/wp\/v2\/pages\/8453","targetHints":{"allow":["GET"]}}],"collection":[{"href":"https:\/\/frontdeskhelpers.com\/es\/wp-json\/wp\/v2\/pages"}],"about":[{"href":"https:\/\/frontdeskhelpers.com\/es\/wp-json\/wp\/v2\/types\/page"}],"author":[{"embeddable":true,"href":"https:\/\/frontdeskhelpers.com\/es\/wp-json\/wp\/v2\/users\/2"}],"replies":[{"embeddable":true,"href":"https:\/\/frontdeskhelpers.com\/es\/wp-json\/wp\/v2\/comments?post=8453"}],"version-history":[{"count":1,"href":"https:\/\/frontdeskhelpers.com\/es\/wp-json\/wp\/v2\/pages\/8453\/revisions"}],"predecessor-version":[{"id":8455,"href":"https:\/\/frontdeskhelpers.com\/es\/wp-json\/wp\/v2\/pages\/8453\/revisions\/8455"}],"up":[{"embeddable":true,"href":"https:\/\/frontdeskhelpers.com\/es\/wp-json\/wp\/v2\/pages\/8540"}],"wp:attachment":[{"href":"https:\/\/frontdeskhelpers.com\/es\/wp-json\/wp\/v2\/media?parent=8453"}],"curies":[{"name":"wp","href":"https:\/\/api.w.org\/{rel}","templated":true}]}}