{"id":8450,"date":"2024-08-13T15:48:03","date_gmt":"2024-08-13T15:48:03","guid":{"rendered":"https:\/\/frontdeskhelpers.com\/agente-de-recepcion-call-center-engesp\/"},"modified":"2024-12-19T20:55:38","modified_gmt":"2024-12-19T20:55:38","slug":"agente-de-recepcion-call-center-engesp","status":"publish","type":"page","link":"https:\/\/frontdeskhelpers.com\/es\/company\/%d1%81areers\/centro-de-llamadas\/agente-de-recepcion-call-center-engesp\/","title":{"rendered":"Agente de recepci\u00f3n (call center, ENG+ESP)"},"content":{"rendered":"\n<div class=\"wp-block-columns is-layout-flex wp-container-core-columns-is-layout-9d6595d7 wp-block-columns-is-layout-flex\">\n<div class=\"wp-block-column is-layout-flow wp-block-column-is-layout-flow\"><div class=\"pvc_clear\"><\/div><p id=\"pvc_stats_8450\" class=\"pvc_stats total_only  pvc_load_by_ajax_update\" data-element-id=\"8450\" style=\"\"><i class=\"pvc-stats-icon medium\" aria-hidden=\"true\"><svg aria-hidden=\"true\" focusable=\"false\" data-prefix=\"far\" data-icon=\"chart-bar\" role=\"img\" xmlns=\"http:\/\/www.w3.org\/2000\/svg\" viewBox=\"0 0 512 512\" class=\"svg-inline--fa fa-chart-bar fa-w-16 fa-2x\"><path fill=\"currentColor\" d=\"M396.8 352h22.4c6.4 0 12.8-6.4 12.8-12.8V108.8c0-6.4-6.4-12.8-12.8-12.8h-22.4c-6.4 0-12.8 6.4-12.8 12.8v230.4c0 6.4 6.4 12.8 12.8 12.8zm-192 0h22.4c6.4 0 12.8-6.4 12.8-12.8V140.8c0-6.4-6.4-12.8-12.8-12.8h-22.4c-6.4 0-12.8 6.4-12.8 12.8v198.4c0 6.4 6.4 12.8 12.8 12.8zm96 0h22.4c6.4 0 12.8-6.4 12.8-12.8V204.8c0-6.4-6.4-12.8-12.8-12.8h-22.4c-6.4 0-12.8 6.4-12.8 12.8v134.4c0 6.4 6.4 12.8 12.8 12.8zM496 400H48V80c0-8.84-7.16-16-16-16H16C7.16 64 0 71.16 0 80v336c0 17.67 14.33 32 32 32h464c8.84 0 16-7.16 16-16v-16c0-8.84-7.16-16-16-16zm-387.2-48h22.4c6.4 0 12.8-6.4 12.8-12.8v-70.4c0-6.4-6.4-12.8-12.8-12.8h-22.4c-6.4 0-12.8 6.4-12.8 12.8v70.4c0 6.4 6.4 12.8 12.8 12.8z\" class=\"\"><\/path><\/svg><\/i> <img decoding=\"async\" width=\"16\" height=\"16\" alt=\"Loading\" src=\"https:\/\/frontdeskhelpers.com\/wp-content\/plugins\/page-views-count\/ajax-loader-2x.gif\" border=0 \/><\/p><div class=\"pvc_clear\"><\/div>\n<\/div>\n\n\n\n<div class=\"wp-block-column is-vertically-aligned-center is-layout-flow wp-block-column-is-layout-flow\">\n<p class=\"has-text-align-center closed-vacancy-info\">VACANTE CERRADA<\/p>\n<\/div>\n<\/div>\n\n<p>Tenemos una nueva oportunidad de trabajo para aquellos que sepan espa\u00f1ol, ingl\u00e9s y hablen ruso.<\/p>\n\n<p>Somos una empresa americana de TI, y buscamos un agente de call center remoto (Front Desk Assistant) que hable los 3 idiomas para nuestro proyecto, trabajando con personas mayores.<\/p>\n\n<p><strong>Responsabilidades:<\/strong><\/p>\n\n<ul class=\"wp-block-list\">\n<li>Recibir y organizar las llamadas entrantes, en funci\u00f3n de la pregunta\/asunto de la persona que llama<\/li>\n\n\n\n<li>Recibir\u00e1s llamadas de la l\u00ednea de asistencia telef\u00f3nica en ingl\u00e9s y ruso<\/li>\n\n\n\n<li>Todos los clientes potenciales deben trabajar con el CRM Bitrix24 (no se requiere experiencia profunda)<\/li>\n\n\n\n<li>Debes ser capaz de utilizar G-Mail, Microsoft Office y las herramientas de Google G-Suite: Google Docs, Sheets, Drive<\/li>\n<\/ul>\n\n<p><strong>Requisitos:<\/strong><\/p>\n\n<ul class=\"wp-block-list\">\n<li>Excelente expresi\u00f3n oral y escrita en ingl\u00e9s, espa\u00f1ol y ruso<\/li>\n\n\n\n<li>Esp\u00edritu de colaboraci\u00f3n<\/li>\n\n\n\n<li>Conexi\u00f3n Ethernet<\/li>\n<\/ul>\n\n<p><strong>Horario:<br\/><\/strong>Lun-Vie 9 a.m. -1 p.m. EST<br\/>o<br\/>Lun-Vie 1 p.m. &#8211; 5 p.m. EST<br\/>(16:00-20:00 \u0438\u043b\u0438 20:00-00:00 hora de Kiev  <\/p>\n\n<p><strong>Salario:<br\/><\/strong>Hay una tarifa por hora para este puesto.<br\/>La formaci\u00f3n es remunerada: durante las 3-4 primeras semanas pagamos 3,5 $\/hora. Tarifa normal despu\u00e9s de la formaci\u00f3n: 4 $\/hora. <\/p>\n\n<p>Env\u00edanos tu CV a <a href=\"mailto:career@frontdeskhelpers.com\" target=\"_blank\" rel=\"noreferrer noopener\">career@frontdeskhelpers.com<\/a> o a trav\u00e9s del formulario de contacto<\/p>\n","protected":false},"excerpt":{"rendered":"<p>Tenemos una nueva oportunidad de trabajo para aquellos que sepan espa\u00f1ol, ingl\u00e9s y hablen ruso. Somos una empresa americana de TI, y buscamos un agente de call center remoto (Front Desk Assistant) que hable los 3 idiomas para nuestro proyecto, trabajando con personas mayores. Responsabilidades: Requisitos: Horario:Lun-Vie 9 a.m. -1 p.m. ESToLun-Vie 1 p.m. &#8211; [&hellip;]<\/p>\n","protected":false},"author":2,"featured_media":0,"parent":8527,"menu_order":0,"comment_status":"closed","ping_status":"closed","template":"","meta":{"inline_featured_image":false,"footnotes":""},"class_list":["post-8450","page","type-page","status-publish"],"yoast_head":"<!-- This site is optimized with the Yoast SEO plugin v27.3 - https:\/\/yoast.com\/product\/yoast-seo-wordpress\/ -->\n<title>Agente de recepci\u00f3n | Vacantes | FDH<\/title>\n<meta name=\"description\" content=\"Buscamos un agente de call center remoto (asistente de recepci\u00f3n) que hable los 3 idiomas para nuestro proyecto, que trabaja con personas mayores.\" \/>\n<meta name=\"robots\" content=\"index, follow, max-snippet:-1, max-image-preview:large, max-video-preview:-1\" \/>\n<link rel=\"canonical\" href=\"https:\/\/frontdeskhelpers.com\/es\/company\/%d1%81areers\/centro-de-llamadas\/agente-de-recepcion-call-center-engesp\/\" \/>\n<meta property=\"og:locale\" content=\"es_ES\" \/>\n<meta property=\"og:type\" content=\"article\" \/>\n<meta property=\"og:title\" content=\"Agente de recepci\u00f3n | Vacantes | FDH\" \/>\n<meta property=\"og:description\" content=\"Buscamos un agente de call center remoto (asistente de recepci\u00f3n) que hable los 3 idiomas para nuestro proyecto, que trabaja con personas mayores.\" \/>\n<meta property=\"og:url\" content=\"https:\/\/frontdeskhelpers.com\/es\/company\/%d1%81areers\/centro-de-llamadas\/agente-de-recepcion-call-center-engesp\/\" \/>\n<meta property=\"og:site_name\" content=\"FDH\" \/>\n<meta property=\"article:modified_time\" content=\"2024-12-19T20:55:38+00:00\" \/>\n<meta name=\"twitter:card\" content=\"summary_large_image\" \/>\n<meta name=\"twitter:label1\" content=\"Tiempo de lectura\" \/>\n\t<meta name=\"twitter:data1\" content=\"1 minuto\" \/>\n<!-- \/ Yoast SEO plugin. -->","yoast_head_json":{"title":"Agente de recepci\u00f3n | Vacantes | FDH","description":"Buscamos un agente de call center remoto (asistente de recepci\u00f3n) que hable los 3 idiomas para nuestro proyecto, que trabaja con personas mayores.","robots":{"index":"index","follow":"follow","max-snippet":"max-snippet:-1","max-image-preview":"max-image-preview:large","max-video-preview":"max-video-preview:-1"},"canonical":"https:\/\/frontdeskhelpers.com\/es\/company\/%d1%81areers\/centro-de-llamadas\/agente-de-recepcion-call-center-engesp\/","og_locale":"es_ES","og_type":"article","og_title":"Agente de recepci\u00f3n | Vacantes | FDH","og_description":"Buscamos un agente de call center remoto (asistente de recepci\u00f3n) que hable los 3 idiomas para nuestro proyecto, que trabaja con personas mayores.","og_url":"https:\/\/frontdeskhelpers.com\/es\/company\/%d1%81areers\/centro-de-llamadas\/agente-de-recepcion-call-center-engesp\/","og_site_name":"FDH","article_modified_time":"2024-12-19T20:55:38+00:00","twitter_card":"summary_large_image","twitter_misc":{"Tiempo de lectura":"1 minuto"},"schema":{"@context":"https:\/\/schema.org","@graph":[{"@type":"WebPage","@id":"https:\/\/frontdeskhelpers.com\/es\/company\/%d1%81areers\/centro-de-llamadas\/agente-de-recepcion-call-center-engesp\/","url":"https:\/\/frontdeskhelpers.com\/es\/company\/%d1%81areers\/centro-de-llamadas\/agente-de-recepcion-call-center-engesp\/","name":"Agente de recepci\u00f3n | Vacantes | FDH","isPartOf":{"@id":"https:\/\/frontdeskhelpers.com\/es\/#website"},"datePublished":"2024-08-13T15:48:03+00:00","dateModified":"2024-12-19T20:55:38+00:00","description":"Buscamos un agente de call center remoto (asistente de recepci\u00f3n) que hable los 3 idiomas para nuestro proyecto, que trabaja con personas mayores.","breadcrumb":{"@id":"https:\/\/frontdeskhelpers.com\/es\/company\/%d1%81areers\/centro-de-llamadas\/agente-de-recepcion-call-center-engesp\/#breadcrumb"},"inLanguage":"es","potentialAction":[{"@type":"ReadAction","target":["https:\/\/frontdeskhelpers.com\/es\/company\/%d1%81areers\/centro-de-llamadas\/agente-de-recepcion-call-center-engesp\/"]}]},{"@type":"BreadcrumbList","@id":"https:\/\/frontdeskhelpers.com\/es\/company\/%d1%81areers\/centro-de-llamadas\/agente-de-recepcion-call-center-engesp\/#breadcrumb","itemListElement":[{"@type":"ListItem","position":1,"name":"Home","item":"https:\/\/frontdeskhelpers.com\/es\/"},{"@type":"ListItem","position":2,"name":"Company","item":"https:\/\/frontdeskhelpers.com\/es\/company\/"},{"@type":"ListItem","position":3,"name":"\u0421areers","item":"https:\/\/frontdeskhelpers.com\/es\/company\/careers-vacancies\/"},{"@type":"ListItem","position":4,"name":"Centro de llamadas","item":"https:\/\/frontdeskhelpers.com\/es\/company\/careers-vacancies\/call-center\/"},{"@type":"ListItem","position":5,"name":"Agente de recepci\u00f3n (call center, ENG+ESP)"}]},{"@type":"WebSite","@id":"https:\/\/frontdeskhelpers.com\/es\/#website","url":"https:\/\/frontdeskhelpers.com\/es\/","name":"FDH","description":"","potentialAction":[{"@type":"SearchAction","target":{"@type":"EntryPoint","urlTemplate":"https:\/\/frontdeskhelpers.com\/es\/?s={search_term_string}"},"query-input":{"@type":"PropertyValueSpecification","valueRequired":true,"valueName":"search_term_string"}}],"inLanguage":"es"}]}},"_links":{"self":[{"href":"https:\/\/frontdeskhelpers.com\/es\/wp-json\/wp\/v2\/pages\/8450","targetHints":{"allow":["GET"]}}],"collection":[{"href":"https:\/\/frontdeskhelpers.com\/es\/wp-json\/wp\/v2\/pages"}],"about":[{"href":"https:\/\/frontdeskhelpers.com\/es\/wp-json\/wp\/v2\/types\/page"}],"author":[{"embeddable":true,"href":"https:\/\/frontdeskhelpers.com\/es\/wp-json\/wp\/v2\/users\/2"}],"replies":[{"embeddable":true,"href":"https:\/\/frontdeskhelpers.com\/es\/wp-json\/wp\/v2\/comments?post=8450"}],"version-history":[{"count":1,"href":"https:\/\/frontdeskhelpers.com\/es\/wp-json\/wp\/v2\/pages\/8450\/revisions"}],"predecessor-version":[{"id":8451,"href":"https:\/\/frontdeskhelpers.com\/es\/wp-json\/wp\/v2\/pages\/8450\/revisions\/8451"}],"up":[{"embeddable":true,"href":"https:\/\/frontdeskhelpers.com\/es\/wp-json\/wp\/v2\/pages\/8527"}],"wp:attachment":[{"href":"https:\/\/frontdeskhelpers.com\/es\/wp-json\/wp\/v2\/media?parent=8450"}],"curies":[{"name":"wp","href":"https:\/\/api.w.org\/{rel}","templated":true}]}}