{"id":8447,"date":"2024-08-13T14:47:03","date_gmt":"2024-08-13T14:47:03","guid":{"rendered":"https:\/\/frontdeskhelpers.com\/ingeniero-devops\/"},"modified":"2024-12-19T20:55:40","modified_gmt":"2024-12-19T20:55:40","slug":"ingeniero-devops","status":"publish","type":"page","link":"https:\/\/frontdeskhelpers.com\/es\/company\/%d1%81areers\/desarrollo\/ingeniero-devops\/","title":{"rendered":"Ingeniero DevOps"},"content":{"rendered":"\n<div class=\"wp-block-columns is-layout-flex wp-container-core-columns-is-layout-9d6595d7 wp-block-columns-is-layout-flex\">\n<div class=\"wp-block-column is-layout-flow wp-block-column-is-layout-flow\"><div class=\"pvc_clear\"><\/div><p id=\"pvc_stats_8447\" class=\"pvc_stats total_only  pvc_load_by_ajax_update\" data-element-id=\"8447\" style=\"\"><i class=\"pvc-stats-icon medium\" aria-hidden=\"true\"><svg aria-hidden=\"true\" focusable=\"false\" data-prefix=\"far\" data-icon=\"chart-bar\" role=\"img\" xmlns=\"http:\/\/www.w3.org\/2000\/svg\" viewBox=\"0 0 512 512\" class=\"svg-inline--fa fa-chart-bar fa-w-16 fa-2x\"><path fill=\"currentColor\" d=\"M396.8 352h22.4c6.4 0 12.8-6.4 12.8-12.8V108.8c0-6.4-6.4-12.8-12.8-12.8h-22.4c-6.4 0-12.8 6.4-12.8 12.8v230.4c0 6.4 6.4 12.8 12.8 12.8zm-192 0h22.4c6.4 0 12.8-6.4 12.8-12.8V140.8c0-6.4-6.4-12.8-12.8-12.8h-22.4c-6.4 0-12.8 6.4-12.8 12.8v198.4c0 6.4 6.4 12.8 12.8 12.8zm96 0h22.4c6.4 0 12.8-6.4 12.8-12.8V204.8c0-6.4-6.4-12.8-12.8-12.8h-22.4c-6.4 0-12.8 6.4-12.8 12.8v134.4c0 6.4 6.4 12.8 12.8 12.8zM496 400H48V80c0-8.84-7.16-16-16-16H16C7.16 64 0 71.16 0 80v336c0 17.67 14.33 32 32 32h464c8.84 0 16-7.16 16-16v-16c0-8.84-7.16-16-16-16zm-387.2-48h22.4c6.4 0 12.8-6.4 12.8-12.8v-70.4c0-6.4-6.4-12.8-12.8-12.8h-22.4c-6.4 0-12.8 6.4-12.8 12.8v70.4c0 6.4 6.4 12.8 12.8 12.8z\" class=\"\"><\/path><\/svg><\/i> <img decoding=\"async\" width=\"16\" height=\"16\" alt=\"Loading\" src=\"https:\/\/frontdeskhelpers.com\/wp-content\/plugins\/page-views-count\/ajax-loader-2x.gif\" border=0 \/><\/p><div class=\"pvc_clear\"><\/div>\n<\/div>\n\n\n\n<div class=\"wp-block-column is-vertically-aligned-center is-layout-flow wp-block-column-is-layout-flow\">\n<p class=\"has-text-align-center closed-vacancy-info\">VACANTE CERRADA<\/p>\n<\/div>\n<\/div>\n\n<p>Hola, \u00a1querido futuro empleado!<\/p>\n\n<p>Front Desk Helpers es una empresa con sede en Estados Unidos. Ahora buscamos un candidato para el puesto remoto de <strong>Ingeniero DevOps<\/strong> para una plataforma social de Igaming dedicada a los esports y juegos virtuales lanzada en 2018 con la ambici\u00f3n de servir a la generaci\u00f3n m\u00e1s joven de jugadores casuales y entusiastas de los videojuegos de todo el mundo. <\/p>\n\n<p><strong>Requisitos funcionales:<\/strong><\/p>\n\n<ul class=\"wp-block-list\">\n<li>Conocimiento y experiencia de nivel avanzado en las siguientes \u00e1reas:<\/li>\n\n\n\n<li>Kubernetes y despliegue de Kubernetes<\/li>\n\n\n\n<li>Conocimientos de Linux y scripting<\/li>\n\n\n\n<li>Experiencia muy s\u00f3lida en AWS en gesti\u00f3n de infraestructura y seguridad<\/li>\n\n\n\n<li>Experiencia en procesos de publicaci\u00f3n y herramientas de creaci\u00f3n est\u00e1ndar y en la creaci\u00f3n de un sistema de integraci\u00f3n continua mediante Jenkins y Gitlab, etc.<\/li>\n\n\n\n<li>Experiencia en la creaci\u00f3n de canalizaciones de entrega continua con Docker, Kubernetes, Jenkins y Gitlab, etc.<\/li>\n\n\n\n<li>Obligatorio Experiencia con diversas herramientas DevOps como Gitlab, Docker, Helm, Kubernetes, Jenkins, etc.<\/li>\n\n\n\n<li>Preferiblemente, conocimientos de PHP (Laravel)<\/li>\n<\/ul>\n\n<p><strong>Requisitos de admisi\u00f3n:<\/strong><\/p>\n\n<ul class=\"wp-block-list\">\n<li>Un m\u00ednimo de 10 a\u00f1os de experiencia general con al menos 3 a\u00f1os en devops<\/li>\n\n\n\n<li>Experiencia en el manejo de entornos de producci\u00f3n de alto tr\u00e1fico y su infraestructura<\/li>\n\n\n\n<li>Sentido de propiedad y orgullo por tu rendimiento y su impacto en el \u00e9xito de la empresa<\/li>\n\n\n\n<li>Pensador cr\u00edtico y capacidad para resolver problemas<\/li>\n\n\n\n<li>Buena gesti\u00f3n del tiempo<\/li>\n\n\n\n<li>Trabajador en equipo<\/li>\n<\/ul>\n\n<p><strong>Lo que ofrecemos:<\/strong><\/p>\n\n<ul class=\"wp-block-list\">\n<li>Crecimiento personal y profesional. Te ofrecemos oportunidades para liberar y hacer crecer tu potencial. <\/li>\n\n\n\n<li>Paquete competitivo. Cuidamos a nuestros empleados, ofreci\u00e9ndoles un salario competitivo y sus beneficios. <\/li>\n\n\n\n<li>Entorno de apoyo. Creemos en la colaboraci\u00f3n y en el trabajo en equipo, pero tambi\u00e9n damos importancia a la singularidad de cada uno de nosotros. <\/li>\n<\/ul>\n\n<p>Por favor, env\u00eda tu curr\u00edculum a <a href=\"mailto:career@frontdeskhelpers.com\" target=\"_blank\" rel=\"noreferrer noopener\">career@frontdeskhelpers.com<\/a><br\/>\u00a1Esperamos tener noticias tuyas!<\/p>\n","protected":false},"excerpt":{"rendered":"<p>Hola, \u00a1querido futuro empleado! Front Desk Helpers es una empresa con sede en Estados Unidos. Ahora buscamos un candidato para el puesto remoto de Ingeniero DevOps para una plataforma social de Igaming dedicada a los esports y juegos virtuales lanzada en 2018 con la ambici\u00f3n de servir a la generaci\u00f3n m\u00e1s joven de jugadores casuales [&hellip;]<\/p>\n","protected":false},"author":2,"featured_media":0,"parent":8531,"menu_order":0,"comment_status":"closed","ping_status":"closed","template":"","meta":{"inline_featured_image":false,"footnotes":""},"class_list":["post-8447","page","type-page","status-publish"],"yoast_head":"<!-- This site is optimized with the Yoast SEO plugin v27.3 - https:\/\/yoast.com\/product\/yoast-seo-wordpress\/ -->\n<title>Ingeniero DevOps - FDH | Vacantes | FDH<\/title>\n<meta name=\"description\" content=\"Buscamos un candidato para el puesto remoto de Ingeniero DevOps para una plataforma social de Igaming dedicada a los esports y juegos virtuales lanzada en 2018.\" \/>\n<meta name=\"robots\" content=\"index, follow, max-snippet:-1, max-image-preview:large, max-video-preview:-1\" \/>\n<link rel=\"canonical\" href=\"https:\/\/frontdeskhelpers.com\/es\/company\/%d1%81areers\/desarrollo\/ingeniero-devops\/\" \/>\n<meta property=\"og:locale\" content=\"es_ES\" \/>\n<meta property=\"og:type\" content=\"article\" \/>\n<meta property=\"og:title\" content=\"Ingeniero DevOps - FDH | Vacantes | FDH\" \/>\n<meta property=\"og:description\" content=\"Buscamos un candidato para el puesto remoto de Ingeniero DevOps para una plataforma social de Igaming dedicada a los esports y juegos virtuales lanzada en 2018.\" \/>\n<meta property=\"og:url\" content=\"https:\/\/frontdeskhelpers.com\/es\/company\/%d1%81areers\/desarrollo\/ingeniero-devops\/\" \/>\n<meta property=\"og:site_name\" content=\"FDH\" \/>\n<meta property=\"article:modified_time\" content=\"2024-12-19T20:55:40+00:00\" \/>\n<meta name=\"twitter:card\" content=\"summary_large_image\" \/>\n<meta name=\"twitter:label1\" content=\"Tiempo de lectura\" \/>\n\t<meta name=\"twitter:data1\" content=\"2 minutos\" \/>\n<!-- \/ Yoast SEO plugin. -->","yoast_head_json":{"title":"Ingeniero DevOps - FDH | Vacantes | FDH","description":"Buscamos un candidato para el puesto remoto de Ingeniero DevOps para una plataforma social de Igaming dedicada a los esports y juegos virtuales lanzada en 2018.","robots":{"index":"index","follow":"follow","max-snippet":"max-snippet:-1","max-image-preview":"max-image-preview:large","max-video-preview":"max-video-preview:-1"},"canonical":"https:\/\/frontdeskhelpers.com\/es\/company\/%d1%81areers\/desarrollo\/ingeniero-devops\/","og_locale":"es_ES","og_type":"article","og_title":"Ingeniero DevOps - FDH | Vacantes | FDH","og_description":"Buscamos un candidato para el puesto remoto de Ingeniero DevOps para una plataforma social de Igaming dedicada a los esports y juegos virtuales lanzada en 2018.","og_url":"https:\/\/frontdeskhelpers.com\/es\/company\/%d1%81areers\/desarrollo\/ingeniero-devops\/","og_site_name":"FDH","article_modified_time":"2024-12-19T20:55:40+00:00","twitter_card":"summary_large_image","twitter_misc":{"Tiempo de lectura":"2 minutos"},"schema":{"@context":"https:\/\/schema.org","@graph":[{"@type":"WebPage","@id":"https:\/\/frontdeskhelpers.com\/es\/company\/%d1%81areers\/desarrollo\/ingeniero-devops\/","url":"https:\/\/frontdeskhelpers.com\/es\/company\/%d1%81areers\/desarrollo\/ingeniero-devops\/","name":"Ingeniero DevOps - FDH | Vacantes | FDH","isPartOf":{"@id":"https:\/\/frontdeskhelpers.com\/es\/#website"},"datePublished":"2024-08-13T14:47:03+00:00","dateModified":"2024-12-19T20:55:40+00:00","description":"Buscamos un candidato para el puesto remoto de Ingeniero DevOps para una plataforma social de Igaming dedicada a los esports y juegos virtuales lanzada en 2018.","breadcrumb":{"@id":"https:\/\/frontdeskhelpers.com\/es\/company\/%d1%81areers\/desarrollo\/ingeniero-devops\/#breadcrumb"},"inLanguage":"es","potentialAction":[{"@type":"ReadAction","target":["https:\/\/frontdeskhelpers.com\/es\/company\/%d1%81areers\/desarrollo\/ingeniero-devops\/"]}]},{"@type":"BreadcrumbList","@id":"https:\/\/frontdeskhelpers.com\/es\/company\/%d1%81areers\/desarrollo\/ingeniero-devops\/#breadcrumb","itemListElement":[{"@type":"ListItem","position":1,"name":"Home","item":"https:\/\/frontdeskhelpers.com\/es\/"},{"@type":"ListItem","position":2,"name":"Company","item":"https:\/\/frontdeskhelpers.com\/es\/company\/"},{"@type":"ListItem","position":3,"name":"\u0421areers","item":"https:\/\/frontdeskhelpers.com\/es\/company\/careers-vacancies\/"},{"@type":"ListItem","position":4,"name":"Desarrollo","item":"https:\/\/frontdeskhelpers.com\/es\/company\/careers-vacancies\/development\/"},{"@type":"ListItem","position":5,"name":"Ingeniero DevOps"}]},{"@type":"WebSite","@id":"https:\/\/frontdeskhelpers.com\/es\/#website","url":"https:\/\/frontdeskhelpers.com\/es\/","name":"FDH","description":"","potentialAction":[{"@type":"SearchAction","target":{"@type":"EntryPoint","urlTemplate":"https:\/\/frontdeskhelpers.com\/es\/?s={search_term_string}"},"query-input":{"@type":"PropertyValueSpecification","valueRequired":true,"valueName":"search_term_string"}}],"inLanguage":"es"}]}},"_links":{"self":[{"href":"https:\/\/frontdeskhelpers.com\/es\/wp-json\/wp\/v2\/pages\/8447","targetHints":{"allow":["GET"]}}],"collection":[{"href":"https:\/\/frontdeskhelpers.com\/es\/wp-json\/wp\/v2\/pages"}],"about":[{"href":"https:\/\/frontdeskhelpers.com\/es\/wp-json\/wp\/v2\/types\/page"}],"author":[{"embeddable":true,"href":"https:\/\/frontdeskhelpers.com\/es\/wp-json\/wp\/v2\/users\/2"}],"replies":[{"embeddable":true,"href":"https:\/\/frontdeskhelpers.com\/es\/wp-json\/wp\/v2\/comments?post=8447"}],"version-history":[{"count":1,"href":"https:\/\/frontdeskhelpers.com\/es\/wp-json\/wp\/v2\/pages\/8447\/revisions"}],"predecessor-version":[{"id":8448,"href":"https:\/\/frontdeskhelpers.com\/es\/wp-json\/wp\/v2\/pages\/8447\/revisions\/8448"}],"up":[{"embeddable":true,"href":"https:\/\/frontdeskhelpers.com\/es\/wp-json\/wp\/v2\/pages\/8531"}],"wp:attachment":[{"href":"https:\/\/frontdeskhelpers.com\/es\/wp-json\/wp\/v2\/media?parent=8447"}],"curies":[{"name":"wp","href":"https:\/\/api.w.org\/{rel}","templated":true}]}}