{"id":8444,"date":"2024-08-13T14:39:01","date_gmt":"2024-08-13T14:39:01","guid":{"rendered":"https:\/\/frontdeskhelpers.com\/gestor-de-proyectos-senior\/"},"modified":"2024-12-19T20:55:40","modified_gmt":"2024-12-19T20:55:40","slug":"gestor-de-proyectos-senior","status":"publish","type":"page","link":"https:\/\/frontdeskhelpers.com\/es\/company\/%d1%81areers\/desarrollo\/gestor-de-proyectos-senior\/","title":{"rendered":"Gestor de Proyectos Senior"},"content":{"rendered":"\n<div class=\"wp-block-columns is-layout-flex wp-container-core-columns-is-layout-9d6595d7 wp-block-columns-is-layout-flex\">\n<div class=\"wp-block-column is-layout-flow wp-block-column-is-layout-flow\"><div class=\"pvc_clear\"><\/div><p id=\"pvc_stats_8444\" class=\"pvc_stats total_only  pvc_load_by_ajax_update\" data-element-id=\"8444\" style=\"\"><i class=\"pvc-stats-icon medium\" aria-hidden=\"true\"><svg aria-hidden=\"true\" focusable=\"false\" data-prefix=\"far\" data-icon=\"chart-bar\" role=\"img\" xmlns=\"http:\/\/www.w3.org\/2000\/svg\" viewBox=\"0 0 512 512\" class=\"svg-inline--fa fa-chart-bar fa-w-16 fa-2x\"><path fill=\"currentColor\" d=\"M396.8 352h22.4c6.4 0 12.8-6.4 12.8-12.8V108.8c0-6.4-6.4-12.8-12.8-12.8h-22.4c-6.4 0-12.8 6.4-12.8 12.8v230.4c0 6.4 6.4 12.8 12.8 12.8zm-192 0h22.4c6.4 0 12.8-6.4 12.8-12.8V140.8c0-6.4-6.4-12.8-12.8-12.8h-22.4c-6.4 0-12.8 6.4-12.8 12.8v198.4c0 6.4 6.4 12.8 12.8 12.8zm96 0h22.4c6.4 0 12.8-6.4 12.8-12.8V204.8c0-6.4-6.4-12.8-12.8-12.8h-22.4c-6.4 0-12.8 6.4-12.8 12.8v134.4c0 6.4 6.4 12.8 12.8 12.8zM496 400H48V80c0-8.84-7.16-16-16-16H16C7.16 64 0 71.16 0 80v336c0 17.67 14.33 32 32 32h464c8.84 0 16-7.16 16-16v-16c0-8.84-7.16-16-16-16zm-387.2-48h22.4c6.4 0 12.8-6.4 12.8-12.8v-70.4c0-6.4-6.4-12.8-12.8-12.8h-22.4c-6.4 0-12.8 6.4-12.8 12.8v70.4c0 6.4 6.4 12.8 12.8 12.8z\" class=\"\"><\/path><\/svg><\/i> <img decoding=\"async\" width=\"16\" height=\"16\" alt=\"Loading\" src=\"https:\/\/frontdeskhelpers.com\/wp-content\/plugins\/page-views-count\/ajax-loader-2x.gif\" border=0 \/><\/p><div class=\"pvc_clear\"><\/div>\n<\/div>\n\n\n\n<div class=\"wp-block-column is-vertically-aligned-center is-layout-flow wp-block-column-is-layout-flow\">\n<p class=\"has-text-align-center closed-vacancy-info\">VACANTE CERRADA<\/p>\n<\/div>\n<\/div>\n\n<p>Hola, \u00a1querido futuro empleado!  <\/p>\n\n<p>Front Desk Helpers es una empresa con sede en Estados Unidos. Ahora buscamos un candidato para el puesto remoto de <strong>Gestor de Proyectos Senior<\/strong> para una plataforma social de Igaming dedicada a los esports y los juegos virtuales lanzada en 2018 con la ambici\u00f3n de servir a la generaci\u00f3n m\u00e1s joven de jugadores ocasionales y entusiastas de los videojuegos de todo el mundo. <\/p>\n\n<p><strong>Responsabilidades<\/strong><\/p>\n\n<ul class=\"wp-block-list\">\n<li>Servir como Scrum Master para uno o m\u00e1s equipos<\/li>\n\n\n\n<li>Integrar los principios \u00e1giles en las pr\u00e1cticas de desarrollo de productos del equipo y en la administraci\u00f3n de Jira<\/li>\n\n\n\n<li>Ayudar a entregar la hoja de ruta del producto y las fases de desarrollo asociadas<\/li>\n\n\n\n<li>Utiliza los comentarios del equipo, las retrospectivas y las m\u00e9tricas para identificar \u00e1reas de oportunidad y trabajar con tu equipo para mejorar continuamente<\/li>\n\n\n\n<li>Impulsar la ejecuci\u00f3n de m\u00faltiples programas\/proyectos dirigidos por los departamentos de Producto e Ingenier\u00eda a lo largo de todo el ciclo de vida, desde el desarrollo hasta la salida al mercado Colaborar de forma interfuncional con un equipo descentralizado para definir el alcance y los objetivos del programa y prever la fecha de finalizaci\u00f3n<\/li>\n\n\n\n<li>Impulsar el progreso y comunicar el estado del programa a todas las partes interesadas<\/li>\n\n\n\n<li>Dirige el cambio de forma proactiva, identifica los riesgos potenciales y elabora planes de contingencia<\/li>\n\n\n\n<li>Coordinar entre equipos, a menudo utilizando diversas t\u00e9cnicas de gesti\u00f3n de proyectos Gestionar proyectos especiales seg\u00fan sea necesario<\/li>\n<\/ul>\n\n<p><strong>Requisitos<\/strong><\/p>\n\n<ul class=\"wp-block-list\">\n<li>5+ a\u00f1os de experiencia Agile como Scrum Master o Jefe de Proyecto y 5+ a\u00f1os como Desarrollador<\/li>\n\n\n\n<li>Experiencia en gesti\u00f3n de proyectos tecnol\u00f3gicos, llevando a cabo iniciativas tecnol\u00f3gicas en un entorno de alto crecimiento\/alta velocidad.<\/li>\n\n\n\n<li>Historial exitoso de gesti\u00f3n de programas de desarrollo complejos para ofrecer soluciones t\u00e9cnicas<\/li>\n\n\n\n<li>Historial probado de gesti\u00f3n con \u00e9xito de relaciones interfuncionales, colaboraci\u00f3n y comunicaci\u00f3n entre las partes interesadas del negocio y la tecnolog\u00eda en m\u00faltiples ubicaciones de todo el mundo.<\/li>\n\n\n\n<li>Experiencia con diferentes metodolog\u00edas de desarrollo de software, incluida la metodolog\u00eda de desarrollo \u00e1gil como Scrum, y herramientas asociadas como Jira, Confluence, etc.<\/li>\n\n\n\n<li>Impecables habilidades de colaboraci\u00f3n y resoluci\u00f3n de problemas Actitud firme y orientada a los resultados.<\/li>\n\n\n\n<li>Automotivado con gran atenci\u00f3n al detalle Capacidad para influir tanto en compa\u00f1eros como en l\u00edderes, para crear consenso mientras se trata con ambig\u00fcedad, y tomar o delegar decisiones cuando sea necesario.<\/li>\n\n\n\n<li>Aptitud demostrada para la identificaci\u00f3n y mitigaci\u00f3n de riesgos<\/li>\n\n\n\n<li>Excelentes habilidades de comunicaci\u00f3n oral y escrita, incluidas habilidades de presentaci\u00f3n<\/li>\n\n\n\n<li>Capacidad para gestionar m\u00faltiples proyectos y partes interesadas simult\u00e1neamente<\/li>\n\n\n\n<li>Preferiblemente biling\u00fce en ingl\u00e9s y ucraniano, para relacionarse con clientes de toda Europa desde Ucrania.<\/li>\n<\/ul>\n\n<p><strong>Lo que ofrecemos:<\/strong><\/p>\n\n<ul class=\"wp-block-list\">\n<li>Crecimiento personal y profesional. Te ofrecemos oportunidades para liberar y hacer crecer tu potencial. <\/li>\n\n\n\n<li>Paquete competitivo. Cuidamos a nuestros empleados, ofreci\u00e9ndoles un salario competitivo y sus beneficios. <\/li>\n\n\n\n<li>Entorno de apoyo. Creemos en la colaboraci\u00f3n y en el trabajo en equipo, pero tambi\u00e9n damos importancia a la singularidad de cada uno de nosotros. <\/li>\n<\/ul>\n\n<p>Por favor, env\u00eda tu curr\u00edculum a <a href=\"mailto:career@frontdeskhelpers.com\" target=\"_blank\" rel=\"noreferrer noopener\">career@frontdeskhelpers.com<\/a><br\/>\u00a1Esperamos tener noticias tuyas!<\/p>\n","protected":false},"excerpt":{"rendered":"<p>Hola, \u00a1querido futuro empleado! Front Desk Helpers es una empresa con sede en Estados Unidos. Ahora buscamos un candidato para el puesto remoto de Gestor de Proyectos Senior para una plataforma social de Igaming dedicada a los esports y los juegos virtuales lanzada en 2018 con la ambici\u00f3n de servir a la generaci\u00f3n m\u00e1s joven [&hellip;]<\/p>\n","protected":false},"author":2,"featured_media":0,"parent":8531,"menu_order":0,"comment_status":"closed","ping_status":"closed","template":"","meta":{"inline_featured_image":false,"footnotes":""},"class_list":["post-8444","page","type-page","status-publish"],"yoast_head":"<!-- This site is optimized with the Yoast SEO plugin v27.3 - https:\/\/yoast.com\/product\/yoast-seo-wordpress\/ -->\n<title>Gestor de Proyectos Senior - FDH Vacantes de Ayudante de Recepci\u00f3n<\/title>\n<meta name=\"description\" content=\"Buscamos un candidato para el puesto remoto de Gestor de Proyectos Senior para una plataforma de juegos sociales dedicada a los e-sports y juegos virtuales lanzada en 2018\" \/>\n<meta name=\"robots\" content=\"index, follow, max-snippet:-1, max-image-preview:large, max-video-preview:-1\" \/>\n<link rel=\"canonical\" href=\"https:\/\/frontdeskhelpers.com\/es\/company\/%d1%81areers\/desarrollo\/gestor-de-proyectos-senior\/\" \/>\n<meta property=\"og:locale\" content=\"es_ES\" \/>\n<meta property=\"og:type\" content=\"article\" \/>\n<meta property=\"og:title\" content=\"Gestor de Proyectos Senior - FDH Vacantes de Ayudante de Recepci\u00f3n\" \/>\n<meta property=\"og:description\" content=\"Buscamos un candidato para el puesto remoto de Gestor de Proyectos Senior para una plataforma de juegos sociales dedicada a los e-sports y juegos virtuales lanzada en 2018\" \/>\n<meta property=\"og:url\" content=\"https:\/\/frontdeskhelpers.com\/es\/company\/%d1%81areers\/desarrollo\/gestor-de-proyectos-senior\/\" \/>\n<meta property=\"og:site_name\" content=\"FDH\" \/>\n<meta property=\"article:modified_time\" content=\"2024-12-19T20:55:40+00:00\" \/>\n<meta name=\"twitter:card\" content=\"summary_large_image\" \/>\n<meta name=\"twitter:label1\" content=\"Tiempo de lectura\" \/>\n\t<meta name=\"twitter:data1\" content=\"3 minutos\" \/>\n<!-- \/ Yoast SEO plugin. -->","yoast_head_json":{"title":"Gestor de Proyectos Senior - FDH Vacantes de Ayudante de Recepci\u00f3n","description":"Buscamos un candidato para el puesto remoto de Gestor de Proyectos Senior para una plataforma de juegos sociales dedicada a los e-sports y juegos virtuales lanzada en 2018","robots":{"index":"index","follow":"follow","max-snippet":"max-snippet:-1","max-image-preview":"max-image-preview:large","max-video-preview":"max-video-preview:-1"},"canonical":"https:\/\/frontdeskhelpers.com\/es\/company\/%d1%81areers\/desarrollo\/gestor-de-proyectos-senior\/","og_locale":"es_ES","og_type":"article","og_title":"Gestor de Proyectos Senior - FDH Vacantes de Ayudante de Recepci\u00f3n","og_description":"Buscamos un candidato para el puesto remoto de Gestor de Proyectos Senior para una plataforma de juegos sociales dedicada a los e-sports y juegos virtuales lanzada en 2018","og_url":"https:\/\/frontdeskhelpers.com\/es\/company\/%d1%81areers\/desarrollo\/gestor-de-proyectos-senior\/","og_site_name":"FDH","article_modified_time":"2024-12-19T20:55:40+00:00","twitter_card":"summary_large_image","twitter_misc":{"Tiempo de lectura":"3 minutos"},"schema":{"@context":"https:\/\/schema.org","@graph":[{"@type":"WebPage","@id":"https:\/\/frontdeskhelpers.com\/es\/company\/%d1%81areers\/desarrollo\/gestor-de-proyectos-senior\/","url":"https:\/\/frontdeskhelpers.com\/es\/company\/%d1%81areers\/desarrollo\/gestor-de-proyectos-senior\/","name":"Gestor de Proyectos Senior - FDH Vacantes de Ayudante de Recepci\u00f3n","isPartOf":{"@id":"https:\/\/frontdeskhelpers.com\/es\/#website"},"datePublished":"2024-08-13T14:39:01+00:00","dateModified":"2024-12-19T20:55:40+00:00","description":"Buscamos un candidato para el puesto remoto de Gestor de Proyectos Senior para una plataforma de juegos sociales dedicada a los e-sports y juegos virtuales lanzada en 2018","breadcrumb":{"@id":"https:\/\/frontdeskhelpers.com\/es\/company\/%d1%81areers\/desarrollo\/gestor-de-proyectos-senior\/#breadcrumb"},"inLanguage":"es","potentialAction":[{"@type":"ReadAction","target":["https:\/\/frontdeskhelpers.com\/es\/company\/%d1%81areers\/desarrollo\/gestor-de-proyectos-senior\/"]}]},{"@type":"BreadcrumbList","@id":"https:\/\/frontdeskhelpers.com\/es\/company\/%d1%81areers\/desarrollo\/gestor-de-proyectos-senior\/#breadcrumb","itemListElement":[{"@type":"ListItem","position":1,"name":"Home","item":"https:\/\/frontdeskhelpers.com\/es\/"},{"@type":"ListItem","position":2,"name":"Company","item":"https:\/\/frontdeskhelpers.com\/es\/company\/"},{"@type":"ListItem","position":3,"name":"\u0421areers","item":"https:\/\/frontdeskhelpers.com\/es\/company\/careers-vacancies\/"},{"@type":"ListItem","position":4,"name":"Desarrollo","item":"https:\/\/frontdeskhelpers.com\/es\/company\/careers-vacancies\/development\/"},{"@type":"ListItem","position":5,"name":"Gestor de Proyectos Senior"}]},{"@type":"WebSite","@id":"https:\/\/frontdeskhelpers.com\/es\/#website","url":"https:\/\/frontdeskhelpers.com\/es\/","name":"FDH","description":"","potentialAction":[{"@type":"SearchAction","target":{"@type":"EntryPoint","urlTemplate":"https:\/\/frontdeskhelpers.com\/es\/?s={search_term_string}"},"query-input":{"@type":"PropertyValueSpecification","valueRequired":true,"valueName":"search_term_string"}}],"inLanguage":"es"}]}},"_links":{"self":[{"href":"https:\/\/frontdeskhelpers.com\/es\/wp-json\/wp\/v2\/pages\/8444","targetHints":{"allow":["GET"]}}],"collection":[{"href":"https:\/\/frontdeskhelpers.com\/es\/wp-json\/wp\/v2\/pages"}],"about":[{"href":"https:\/\/frontdeskhelpers.com\/es\/wp-json\/wp\/v2\/types\/page"}],"author":[{"embeddable":true,"href":"https:\/\/frontdeskhelpers.com\/es\/wp-json\/wp\/v2\/users\/2"}],"replies":[{"embeddable":true,"href":"https:\/\/frontdeskhelpers.com\/es\/wp-json\/wp\/v2\/comments?post=8444"}],"version-history":[{"count":1,"href":"https:\/\/frontdeskhelpers.com\/es\/wp-json\/wp\/v2\/pages\/8444\/revisions"}],"predecessor-version":[{"id":8446,"href":"https:\/\/frontdeskhelpers.com\/es\/wp-json\/wp\/v2\/pages\/8444\/revisions\/8446"}],"up":[{"embeddable":true,"href":"https:\/\/frontdeskhelpers.com\/es\/wp-json\/wp\/v2\/pages\/8531"}],"wp:attachment":[{"href":"https:\/\/frontdeskhelpers.com\/es\/wp-json\/wp\/v2\/media?parent=8444"}],"curies":[{"name":"wp","href":"https:\/\/api.w.org\/{rel}","templated":true}]}}