{"id":8440,"date":"2024-08-13T15:00:16","date_gmt":"2024-08-13T15:00:16","guid":{"rendered":"https:\/\/frontdeskhelpers.com\/responsable-de-ventas-ingles-fluido\/"},"modified":"2024-12-19T20:55:46","modified_gmt":"2024-12-19T20:55:46","slug":"responsable-de-ventas-ingles-fluido","status":"publish","type":"page","link":"https:\/\/frontdeskhelpers.com\/es\/company\/%d1%81areers\/ventas\/responsable-de-ventas-ingles-fluido\/","title":{"rendered":"Responsable de ventas (ingl\u00e9s fluido)"},"content":{"rendered":"\n<div class=\"wp-block-columns is-layout-flex wp-container-core-columns-is-layout-9d6595d7 wp-block-columns-is-layout-flex\">\n<div class=\"wp-block-column is-layout-flow wp-block-column-is-layout-flow\"><div class=\"pvc_clear\"><\/div><p id=\"pvc_stats_8440\" class=\"pvc_stats total_only  pvc_load_by_ajax_update\" data-element-id=\"8440\" style=\"\"><i class=\"pvc-stats-icon medium\" aria-hidden=\"true\"><svg aria-hidden=\"true\" focusable=\"false\" data-prefix=\"far\" data-icon=\"chart-bar\" role=\"img\" xmlns=\"http:\/\/www.w3.org\/2000\/svg\" viewBox=\"0 0 512 512\" class=\"svg-inline--fa fa-chart-bar fa-w-16 fa-2x\"><path fill=\"currentColor\" d=\"M396.8 352h22.4c6.4 0 12.8-6.4 12.8-12.8V108.8c0-6.4-6.4-12.8-12.8-12.8h-22.4c-6.4 0-12.8 6.4-12.8 12.8v230.4c0 6.4 6.4 12.8 12.8 12.8zm-192 0h22.4c6.4 0 12.8-6.4 12.8-12.8V140.8c0-6.4-6.4-12.8-12.8-12.8h-22.4c-6.4 0-12.8 6.4-12.8 12.8v198.4c0 6.4 6.4 12.8 12.8 12.8zm96 0h22.4c6.4 0 12.8-6.4 12.8-12.8V204.8c0-6.4-6.4-12.8-12.8-12.8h-22.4c-6.4 0-12.8 6.4-12.8 12.8v134.4c0 6.4 6.4 12.8 12.8 12.8zM496 400H48V80c0-8.84-7.16-16-16-16H16C7.16 64 0 71.16 0 80v336c0 17.67 14.33 32 32 32h464c8.84 0 16-7.16 16-16v-16c0-8.84-7.16-16-16-16zm-387.2-48h22.4c6.4 0 12.8-6.4 12.8-12.8v-70.4c0-6.4-6.4-12.8-12.8-12.8h-22.4c-6.4 0-12.8 6.4-12.8 12.8v70.4c0 6.4 6.4 12.8 12.8 12.8z\" class=\"\"><\/path><\/svg><\/i> <img decoding=\"async\" width=\"16\" height=\"16\" alt=\"Loading\" src=\"https:\/\/frontdeskhelpers.com\/wp-content\/plugins\/page-views-count\/ajax-loader-2x.gif\" border=0 \/><\/p><div class=\"pvc_clear\"><\/div>\n<\/div>\n\n\n\n<div class=\"wp-block-column is-vertically-aligned-center is-layout-flow wp-block-column-is-layout-flow\">\n<p class=\"has-text-align-center closed-vacancy-info\">VACANTE CERRADA<\/p>\n<\/div>\n<\/div>\n\n<p>Hola,<br\/>Front Desk Helpers ofrece una nueva oportunidad de trabajo. Para un nuevo proyecto, buscamos un representante de ventas con un ingl\u00e9s fluido. Te encargar\u00e1s de hablar sobre nuestros servicios de desarrollo y promoci\u00f3n de sitios web con nuevos clientes.  <\/p>\n\n<p><strong>Descripci\u00f3n<br\/><\/strong>Trabajar\u00e1s con clientes potenciales entrantes, y proporcionar\u00e1s una consulta sobre nuestros servicios por tel\u00e9fono. Utilizamos un sistema CRM interno para el proceso de trabajo. Se proporciona formaci\u00f3n.  <\/p>\n\n<p><strong>Requisitos:<\/strong><\/p>\n\n<ul class=\"wp-block-list\">\n<li>Conocimientos de ingl\u00e9s (fluido);<\/li>\n\n\n\n<li>Experiencia previa en el trabajo con sitios web (soporte, creaci\u00f3n de contenidos para web)<\/li>\n\n\n\n<li>Etiqueta telef\u00f3nica profesional;<\/li>\n\n\n\n<li>Se valorar\u00e1 la experiencia previa en ventas;<\/li>\n\n\n\n<li>Excelentes conocimientos inform\u00e1ticos,<\/li>\n\n\n\n<li>Capacidad para determinar las necesidades de los clientes, trabajar con rechazos, buen conocimiento del trabajo<br\/>(proporcionamos formaci\u00f3n)<\/li>\n\n\n\n<li>Conexi\u00f3n a Internet por cable sostenible, as\u00ed como un entorno tranquilo y un ordenador, y un cable LAN para tel\u00e9fono IP<\/li>\n<\/ul>\n\n<p><strong>Horario y salario:<br\/><\/strong>Lun-Vie 9 AM &#8211; 5 PM EST (40 horas a la semana)<br\/>Puede ser tambi\u00e9n un puesto a tiempo parcial, podemos discutirlo. Indica el horario que deseas y tus expectativas salariales <\/p>\n\n<p>Dir\u00edgete a nosotros o env\u00edalo a <a href=\"mailto:career@frontdeskhelpers.com\">career@frontdeskhelpers.com<\/a><br\/>\u00a1Gracias!<\/p>\n","protected":false},"excerpt":{"rendered":"<p>Hola,Front Desk Helpers ofrece una nueva oportunidad de trabajo. Para un nuevo proyecto, buscamos un representante de ventas con un ingl\u00e9s fluido. Te encargar\u00e1s de hablar sobre nuestros servicios de desarrollo y promoci\u00f3n de sitios web con nuevos clientes. Descripci\u00f3nTrabajar\u00e1s con clientes potenciales entrantes, y proporcionar\u00e1s una consulta sobre nuestros servicios por tel\u00e9fono. Utilizamos un [&hellip;]<\/p>\n","protected":false},"author":2,"featured_media":0,"parent":8539,"menu_order":0,"comment_status":"closed","ping_status":"closed","template":"","meta":{"inline_featured_image":false,"footnotes":""},"class_list":["post-8440","page","type-page","status-publish"],"yoast_head":"<!-- This site is optimized with the Yoast SEO plugin v27.3 - https:\/\/yoast.com\/product\/yoast-seo-wordpress\/ -->\n<title>Responsable de ventas (ingl\u00e9s fluido) - FDH Vacantes | FDH<\/title>\n<meta name=\"description\" content=\"Buscamos un representante de ventas (gestor) con un ingl\u00e9s fluido. Te encargar\u00e1s de hablar de nuestros servicios de desarrollo y promoci\u00f3n de sitios web con nuevos clientes.\" \/>\n<meta name=\"robots\" content=\"index, follow, max-snippet:-1, max-image-preview:large, max-video-preview:-1\" \/>\n<link rel=\"canonical\" href=\"https:\/\/frontdeskhelpers.com\/es\/company\/%d1%81areers\/ventas\/responsable-de-ventas-ingles-fluido\/\" \/>\n<meta property=\"og:locale\" content=\"es_ES\" \/>\n<meta property=\"og:type\" content=\"article\" \/>\n<meta property=\"og:title\" content=\"Responsable de ventas (ingl\u00e9s fluido) - FDH Vacantes | FDH\" \/>\n<meta property=\"og:description\" content=\"Buscamos un representante de ventas (gestor) con un ingl\u00e9s fluido. Te encargar\u00e1s de hablar de nuestros servicios de desarrollo y promoci\u00f3n de sitios web con nuevos clientes.\" \/>\n<meta property=\"og:url\" content=\"https:\/\/frontdeskhelpers.com\/es\/company\/%d1%81areers\/ventas\/responsable-de-ventas-ingles-fluido\/\" \/>\n<meta property=\"og:site_name\" content=\"FDH\" \/>\n<meta property=\"article:modified_time\" content=\"2024-12-19T20:55:46+00:00\" \/>\n<meta name=\"twitter:card\" content=\"summary_large_image\" \/>\n<meta name=\"twitter:label1\" content=\"Tiempo de lectura\" \/>\n\t<meta name=\"twitter:data1\" content=\"1 minuto\" \/>\n<!-- \/ Yoast SEO plugin. -->","yoast_head_json":{"title":"Responsable de ventas (ingl\u00e9s fluido) - FDH Vacantes | FDH","description":"Buscamos un representante de ventas (gestor) con un ingl\u00e9s fluido. Te encargar\u00e1s de hablar de nuestros servicios de desarrollo y promoci\u00f3n de sitios web con nuevos clientes.","robots":{"index":"index","follow":"follow","max-snippet":"max-snippet:-1","max-image-preview":"max-image-preview:large","max-video-preview":"max-video-preview:-1"},"canonical":"https:\/\/frontdeskhelpers.com\/es\/company\/%d1%81areers\/ventas\/responsable-de-ventas-ingles-fluido\/","og_locale":"es_ES","og_type":"article","og_title":"Responsable de ventas (ingl\u00e9s fluido) - FDH Vacantes | FDH","og_description":"Buscamos un representante de ventas (gestor) con un ingl\u00e9s fluido. Te encargar\u00e1s de hablar de nuestros servicios de desarrollo y promoci\u00f3n de sitios web con nuevos clientes.","og_url":"https:\/\/frontdeskhelpers.com\/es\/company\/%d1%81areers\/ventas\/responsable-de-ventas-ingles-fluido\/","og_site_name":"FDH","article_modified_time":"2024-12-19T20:55:46+00:00","twitter_card":"summary_large_image","twitter_misc":{"Tiempo de lectura":"1 minuto"},"schema":{"@context":"https:\/\/schema.org","@graph":[{"@type":"WebPage","@id":"https:\/\/frontdeskhelpers.com\/es\/company\/%d1%81areers\/ventas\/responsable-de-ventas-ingles-fluido\/","url":"https:\/\/frontdeskhelpers.com\/es\/company\/%d1%81areers\/ventas\/responsable-de-ventas-ingles-fluido\/","name":"Responsable de ventas (ingl\u00e9s fluido) - FDH Vacantes | FDH","isPartOf":{"@id":"https:\/\/frontdeskhelpers.com\/es\/#website"},"datePublished":"2024-08-13T15:00:16+00:00","dateModified":"2024-12-19T20:55:46+00:00","description":"Buscamos un representante de ventas (gestor) con un ingl\u00e9s fluido. Te encargar\u00e1s de hablar de nuestros servicios de desarrollo y promoci\u00f3n de sitios web con nuevos clientes.","breadcrumb":{"@id":"https:\/\/frontdeskhelpers.com\/es\/company\/%d1%81areers\/ventas\/responsable-de-ventas-ingles-fluido\/#breadcrumb"},"inLanguage":"es","potentialAction":[{"@type":"ReadAction","target":["https:\/\/frontdeskhelpers.com\/es\/company\/%d1%81areers\/ventas\/responsable-de-ventas-ingles-fluido\/"]}]},{"@type":"BreadcrumbList","@id":"https:\/\/frontdeskhelpers.com\/es\/company\/%d1%81areers\/ventas\/responsable-de-ventas-ingles-fluido\/#breadcrumb","itemListElement":[{"@type":"ListItem","position":1,"name":"Home","item":"https:\/\/frontdeskhelpers.com\/es\/"},{"@type":"ListItem","position":2,"name":"Company","item":"https:\/\/frontdeskhelpers.com\/es\/company\/"},{"@type":"ListItem","position":3,"name":"\u0421areers","item":"https:\/\/frontdeskhelpers.com\/es\/company\/careers-vacancies\/"},{"@type":"ListItem","position":4,"name":"Ventas","item":"https:\/\/frontdeskhelpers.com\/es\/company\/careers-vacancies\/sales\/"},{"@type":"ListItem","position":5,"name":"Responsable de ventas (ingl\u00e9s fluido)"}]},{"@type":"WebSite","@id":"https:\/\/frontdeskhelpers.com\/es\/#website","url":"https:\/\/frontdeskhelpers.com\/es\/","name":"FDH","description":"","potentialAction":[{"@type":"SearchAction","target":{"@type":"EntryPoint","urlTemplate":"https:\/\/frontdeskhelpers.com\/es\/?s={search_term_string}"},"query-input":{"@type":"PropertyValueSpecification","valueRequired":true,"valueName":"search_term_string"}}],"inLanguage":"es"}]}},"_links":{"self":[{"href":"https:\/\/frontdeskhelpers.com\/es\/wp-json\/wp\/v2\/pages\/8440","targetHints":{"allow":["GET"]}}],"collection":[{"href":"https:\/\/frontdeskhelpers.com\/es\/wp-json\/wp\/v2\/pages"}],"about":[{"href":"https:\/\/frontdeskhelpers.com\/es\/wp-json\/wp\/v2\/types\/page"}],"author":[{"embeddable":true,"href":"https:\/\/frontdeskhelpers.com\/es\/wp-json\/wp\/v2\/users\/2"}],"replies":[{"embeddable":true,"href":"https:\/\/frontdeskhelpers.com\/es\/wp-json\/wp\/v2\/comments?post=8440"}],"version-history":[{"count":1,"href":"https:\/\/frontdeskhelpers.com\/es\/wp-json\/wp\/v2\/pages\/8440\/revisions"}],"predecessor-version":[{"id":8441,"href":"https:\/\/frontdeskhelpers.com\/es\/wp-json\/wp\/v2\/pages\/8440\/revisions\/8441"}],"up":[{"embeddable":true,"href":"https:\/\/frontdeskhelpers.com\/es\/wp-json\/wp\/v2\/pages\/8539"}],"wp:attachment":[{"href":"https:\/\/frontdeskhelpers.com\/es\/wp-json\/wp\/v2\/media?parent=8440"}],"curies":[{"name":"wp","href":"https:\/\/api.w.org\/{rel}","templated":true}]}}