{"id":8439,"date":"2024-08-13T14:36:13","date_gmt":"2024-08-13T14:36:13","guid":{"rendered":"https:\/\/frontdeskhelpers.com\/coordinador-con-ingles-ruso-y-espanol\/"},"modified":"2024-12-19T20:55:51","modified_gmt":"2024-12-19T20:55:51","slug":"coordinador-con-ingles-ruso-y-espanol","status":"publish","type":"page","link":"https:\/\/frontdeskhelpers.com\/es\/company\/%d1%81areers\/marketing\/coordinador-con-ingles-ruso-y-espanol\/","title":{"rendered":"Coordinador con ingl\u00e9s, ruso y espa\u00f1ol"},"content":{"rendered":"\n<div class=\"wp-block-columns is-layout-flex wp-container-core-columns-is-layout-9d6595d7 wp-block-columns-is-layout-flex\">\n<div class=\"wp-block-column is-layout-flow wp-block-column-is-layout-flow\"><div class=\"pvc_clear\"><\/div><p id=\"pvc_stats_8439\" class=\"pvc_stats total_only  pvc_load_by_ajax_update\" data-element-id=\"8439\" style=\"\"><i class=\"pvc-stats-icon medium\" aria-hidden=\"true\"><svg aria-hidden=\"true\" focusable=\"false\" data-prefix=\"far\" data-icon=\"chart-bar\" role=\"img\" xmlns=\"http:\/\/www.w3.org\/2000\/svg\" viewBox=\"0 0 512 512\" class=\"svg-inline--fa fa-chart-bar fa-w-16 fa-2x\"><path fill=\"currentColor\" d=\"M396.8 352h22.4c6.4 0 12.8-6.4 12.8-12.8V108.8c0-6.4-6.4-12.8-12.8-12.8h-22.4c-6.4 0-12.8 6.4-12.8 12.8v230.4c0 6.4 6.4 12.8 12.8 12.8zm-192 0h22.4c6.4 0 12.8-6.4 12.8-12.8V140.8c0-6.4-6.4-12.8-12.8-12.8h-22.4c-6.4 0-12.8 6.4-12.8 12.8v198.4c0 6.4 6.4 12.8 12.8 12.8zm96 0h22.4c6.4 0 12.8-6.4 12.8-12.8V204.8c0-6.4-6.4-12.8-12.8-12.8h-22.4c-6.4 0-12.8 6.4-12.8 12.8v134.4c0 6.4 6.4 12.8 12.8 12.8zM496 400H48V80c0-8.84-7.16-16-16-16H16C7.16 64 0 71.16 0 80v336c0 17.67 14.33 32 32 32h464c8.84 0 16-7.16 16-16v-16c0-8.84-7.16-16-16-16zm-387.2-48h22.4c6.4 0 12.8-6.4 12.8-12.8v-70.4c0-6.4-6.4-12.8-12.8-12.8h-22.4c-6.4 0-12.8 6.4-12.8 12.8v70.4c0 6.4 6.4 12.8 12.8 12.8z\" class=\"\"><\/path><\/svg><\/i> <img decoding=\"async\" width=\"16\" height=\"16\" alt=\"Loading\" src=\"https:\/\/frontdeskhelpers.com\/wp-content\/plugins\/page-views-count\/ajax-loader-2x.gif\" border=0 \/><\/p><div class=\"pvc_clear\"><\/div>\n<\/div>\n\n\n\n<div class=\"wp-block-column is-vertically-aligned-center is-layout-flow wp-block-column-is-layout-flow\">\n<p class=\"has-text-align-center closed-vacancy-info\">VACANTE CERRADA<\/p>\n<\/div>\n<\/div>\n\n<p>Hola, \u00a1querido futuro empleado! Si eres una persona segura de s\u00ed misma, que aprende r\u00e1pido y es aplicada, y buscas el equipo perfecto al que unirte, \u00a1est\u00e1s en el lugar adecuado! <\/p>\n\n<p>Somos una empresa con sede en EE.UU. Buscamos un candidato a Coordinador a distancia que hable ingl\u00e9s, ruso y espa\u00f1ol para una agencia estadounidense de asistencia domiciliaria (organizamos servicios de asistencia domiciliaria para personas mayores). <\/p>\n\n<p>Nuestros especialistas est\u00e1n dispuestos a ense\u00f1arte todo lo que saben, para asegurarse de que ser\u00e1s un miembro fiable del equipo. Por favor, ten en cuenta que trabajamos seg\u00fan la zona horaria de EEUU. <\/p>\n\n<p><strong>Nuestros requisitos:<\/strong><\/p>\n\n<ul class=\"wp-block-list\">\n<li>Ingl\u00e9s (Intermedio-Avanzado) \/\/ Ruso (Nativo-Fluente)\/\/ Espa\u00f1ol &#8211; (Intermedio-Alto\/Avanzado)<\/li>\n\n\n\n<li>Excelentes conocimientos inform\u00e1ticos<\/li>\n\n\n\n<li>Etiqueta profesional<\/li>\n\n\n\n<li>Capacidad para realizar m\u00faltiples tareas y establecer prioridades<\/li>\n\n\n\n<li>Capacidad para trabajar en equipo<\/li>\n\n\n\n<li>Experiencia en el \u00e1mbito de la atenci\u00f3n al cliente<\/li>\n\n\n\n<li>Resistencia al estr\u00e9s<\/li>\n<\/ul>\n\n<p><strong>Responsabilidades:<\/strong><\/p>\n\n<ul class=\"wp-block-list\">\n<li>Controlar a las ni\u00f1eras en sus visitas a los pacientes en el sistema CRM<\/li>\n\n\n\n<li>Habla con los pacientes y ay\u00fadales a resolver cualquier duda que tengan<\/li>\n\n\n\n<li>Llama a hospitales y seguros por si acaso<\/li>\n\n\n\n<li>Busca un sustituto de ni\u00f1era en caso de necesidad<\/li>\n\n\n\n<li>Prepara informes y notas de comunicaci\u00f3n sobre cualquier cambio en la agenda o las condiciones de salud del paciente.<\/li>\n<\/ul>\n\n<p><strong>Horario:  <\/strong><\/p>\n\n<ul class=\"wp-block-list\">\n<li>De lunes a viernes, de 09.00 a 17.00, hora de Nueva York (de lunes a viernes, de 16.00 a 00.00, seg\u00fan la zona horaria de Kiev).<\/li>\n<\/ul>\n\n<p><strong>Qu\u00e9 ofrecemos:<\/strong><\/p>\n\n<ul class=\"wp-block-list\">\n<li>Ofrecemos 2-3 semanas de formaci\u00f3n remunerada a los nuevos empleados.<\/li>\n\n\n\n<li>Reevaluamos la tarifa en funci\u00f3n de los resultados laborales de los empleados para aumentar el salario.  <\/li>\n\n\n\n<li>Las horas extraordinarias se pagan 1,5 veces la tarifa horaria habitual.<\/li>\n\n\n\n<li>Trabaja en un equipo experimentado, bajo la supervisi\u00f3n de un jefe.<\/li>\n\n\n\n<li>Capacidad para trabajar a distancia en horario de tarde.<\/li>\n\n\n\n<li>Vacaciones pagadas tras un a\u00f1o de empleo.<\/li>\n\n\n\n<li>Sistema de primas como forma de que los empleados se expresen su agradecimiento mutuo.<\/li>\n\n\n\n<li>Proporcionamos a nuestros empleados tel\u00e9fonos IP, como instrumento de conexi\u00f3n con los clientes de EE.UU., as\u00ed como todo el software necesario (CRM, fax virtual, servicio SMS, VPN).<\/li>\n\n\n\n<li>Una direcci\u00f3n abierta, con la que es f\u00e1cil ponerse en contacto.<\/li>\n\n\n\n<li>Igualdad de oportunidades para todos: sin importar la edad, el sexo o la nacionalidad.<\/li>\n<\/ul>\n\n<p>Por favor, env\u00eda tu curr\u00edculum a <a href=\"mailto:career@frontdeskhelpers.com\">career@frontdeskhelpers.com<\/a><\/p>\n\n<p><strong>\u00a1Esperamos tener noticias tuyas!<\/strong><\/p>\n","protected":false},"excerpt":{"rendered":"<p>Hola, \u00a1querido futuro empleado! Si eres una persona segura de s\u00ed misma, que aprende r\u00e1pido y es aplicada, y buscas el equipo perfecto al que unirte, \u00a1est\u00e1s en el lugar adecuado! Somos una empresa con sede en EE.UU. Buscamos un candidato a Coordinador a distancia que hable ingl\u00e9s, ruso y espa\u00f1ol para una agencia estadounidense [&hellip;]<\/p>\n","protected":false},"author":2,"featured_media":0,"parent":8553,"menu_order":0,"comment_status":"closed","ping_status":"closed","template":"","meta":{"inline_featured_image":false,"footnotes":""},"class_list":["post-8439","page","type-page","status-publish"],"yoast_head":"<!-- This site is optimized with the Yoast SEO plugin v27.3 - https:\/\/yoast.com\/product\/yoast-seo-wordpress\/ -->\n<title>Coordinador a distancia - Vacantes de ayudante de recepci\u00f3n<\/title>\n<meta name=\"description\" content=\"Se busca un candidato a Coordinador a distancia que hable ingl\u00e9s, ruso y espa\u00f1ol para una agencia americana de asistencia domiciliaria\" \/>\n<meta name=\"robots\" content=\"index, follow, max-snippet:-1, max-image-preview:large, max-video-preview:-1\" \/>\n<link rel=\"canonical\" href=\"https:\/\/frontdeskhelpers.com\/es\/company\/%d1%81areers\/marketing\/coordinador-con-ingles-ruso-y-espanol\/\" \/>\n<meta property=\"og:locale\" content=\"es_ES\" \/>\n<meta property=\"og:type\" content=\"article\" \/>\n<meta property=\"og:title\" content=\"Coordinador a distancia - Vacantes de ayudante de recepci\u00f3n\" \/>\n<meta property=\"og:description\" content=\"Se busca un candidato a Coordinador a distancia que hable ingl\u00e9s, ruso y espa\u00f1ol para una agencia americana de asistencia domiciliaria\" \/>\n<meta property=\"og:url\" content=\"https:\/\/frontdeskhelpers.com\/es\/company\/%d1%81areers\/marketing\/coordinador-con-ingles-ruso-y-espanol\/\" \/>\n<meta property=\"og:site_name\" content=\"FDH\" \/>\n<meta property=\"article:modified_time\" content=\"2024-12-19T20:55:51+00:00\" \/>\n<meta name=\"twitter:card\" content=\"summary_large_image\" \/>\n<meta name=\"twitter:label1\" content=\"Tiempo de lectura\" \/>\n\t<meta name=\"twitter:data1\" content=\"2 minutos\" \/>\n<!-- \/ Yoast SEO plugin. -->","yoast_head_json":{"title":"Coordinador a distancia - Vacantes de ayudante de recepci\u00f3n","description":"Se busca un candidato a Coordinador a distancia que hable ingl\u00e9s, ruso y espa\u00f1ol para una agencia americana de asistencia domiciliaria","robots":{"index":"index","follow":"follow","max-snippet":"max-snippet:-1","max-image-preview":"max-image-preview:large","max-video-preview":"max-video-preview:-1"},"canonical":"https:\/\/frontdeskhelpers.com\/es\/company\/%d1%81areers\/marketing\/coordinador-con-ingles-ruso-y-espanol\/","og_locale":"es_ES","og_type":"article","og_title":"Coordinador a distancia - Vacantes de ayudante de recepci\u00f3n","og_description":"Se busca un candidato a Coordinador a distancia que hable ingl\u00e9s, ruso y espa\u00f1ol para una agencia americana de asistencia domiciliaria","og_url":"https:\/\/frontdeskhelpers.com\/es\/company\/%d1%81areers\/marketing\/coordinador-con-ingles-ruso-y-espanol\/","og_site_name":"FDH","article_modified_time":"2024-12-19T20:55:51+00:00","twitter_card":"summary_large_image","twitter_misc":{"Tiempo de lectura":"2 minutos"},"schema":{"@context":"https:\/\/schema.org","@graph":[{"@type":"WebPage","@id":"https:\/\/frontdeskhelpers.com\/es\/company\/%d1%81areers\/marketing\/coordinador-con-ingles-ruso-y-espanol\/","url":"https:\/\/frontdeskhelpers.com\/es\/company\/%d1%81areers\/marketing\/coordinador-con-ingles-ruso-y-espanol\/","name":"Coordinador a distancia - Vacantes de ayudante de recepci\u00f3n","isPartOf":{"@id":"https:\/\/frontdeskhelpers.com\/es\/#website"},"datePublished":"2024-08-13T14:36:13+00:00","dateModified":"2024-12-19T20:55:51+00:00","description":"Se busca un candidato a Coordinador a distancia que hable ingl\u00e9s, ruso y espa\u00f1ol para una agencia americana de asistencia domiciliaria","breadcrumb":{"@id":"https:\/\/frontdeskhelpers.com\/es\/company\/%d1%81areers\/marketing\/coordinador-con-ingles-ruso-y-espanol\/#breadcrumb"},"inLanguage":"es","potentialAction":[{"@type":"ReadAction","target":["https:\/\/frontdeskhelpers.com\/es\/company\/%d1%81areers\/marketing\/coordinador-con-ingles-ruso-y-espanol\/"]}]},{"@type":"BreadcrumbList","@id":"https:\/\/frontdeskhelpers.com\/es\/company\/%d1%81areers\/marketing\/coordinador-con-ingles-ruso-y-espanol\/#breadcrumb","itemListElement":[{"@type":"ListItem","position":1,"name":"Home","item":"https:\/\/frontdeskhelpers.com\/es\/"},{"@type":"ListItem","position":2,"name":"Company","item":"https:\/\/frontdeskhelpers.com\/es\/company\/"},{"@type":"ListItem","position":3,"name":"\u0421areers","item":"https:\/\/frontdeskhelpers.com\/es\/company\/careers-vacancies\/"},{"@type":"ListItem","position":4,"name":"Marketing","item":"https:\/\/frontdeskhelpers.com\/es\/company\/careers-vacancies\/marketing\/"},{"@type":"ListItem","position":5,"name":"Coordinador con ingl\u00e9s, ruso y espa\u00f1ol"}]},{"@type":"WebSite","@id":"https:\/\/frontdeskhelpers.com\/es\/#website","url":"https:\/\/frontdeskhelpers.com\/es\/","name":"FDH","description":"","potentialAction":[{"@type":"SearchAction","target":{"@type":"EntryPoint","urlTemplate":"https:\/\/frontdeskhelpers.com\/es\/?s={search_term_string}"},"query-input":{"@type":"PropertyValueSpecification","valueRequired":true,"valueName":"search_term_string"}}],"inLanguage":"es"}]}},"_links":{"self":[{"href":"https:\/\/frontdeskhelpers.com\/es\/wp-json\/wp\/v2\/pages\/8439","targetHints":{"allow":["GET"]}}],"collection":[{"href":"https:\/\/frontdeskhelpers.com\/es\/wp-json\/wp\/v2\/pages"}],"about":[{"href":"https:\/\/frontdeskhelpers.com\/es\/wp-json\/wp\/v2\/types\/page"}],"author":[{"embeddable":true,"href":"https:\/\/frontdeskhelpers.com\/es\/wp-json\/wp\/v2\/users\/2"}],"replies":[{"embeddable":true,"href":"https:\/\/frontdeskhelpers.com\/es\/wp-json\/wp\/v2\/comments?post=8439"}],"version-history":[{"count":1,"href":"https:\/\/frontdeskhelpers.com\/es\/wp-json\/wp\/v2\/pages\/8439\/revisions"}],"predecessor-version":[{"id":8442,"href":"https:\/\/frontdeskhelpers.com\/es\/wp-json\/wp\/v2\/pages\/8439\/revisions\/8442"}],"up":[{"embeddable":true,"href":"https:\/\/frontdeskhelpers.com\/es\/wp-json\/wp\/v2\/pages\/8553"}],"wp:attachment":[{"href":"https:\/\/frontdeskhelpers.com\/es\/wp-json\/wp\/v2\/media?parent=8439"}],"curies":[{"name":"wp","href":"https:\/\/api.w.org\/{rel}","templated":true}]}}