{"id":8436,"date":"2024-08-13T14:57:47","date_gmt":"2024-08-13T14:57:47","guid":{"rendered":"https:\/\/frontdeskhelpers.com\/desarrollador-con-experiencia-en-wix\/"},"modified":"2024-12-19T20:55:40","modified_gmt":"2024-12-19T20:55:40","slug":"desarrollador-con-experiencia-en-wix","status":"publish","type":"page","link":"https:\/\/frontdeskhelpers.com\/es\/company\/%d1%81areers\/desarrollo\/desarrollador-con-experiencia-en-wix\/","title":{"rendered":"Desarrollador con experiencia en WIX"},"content":{"rendered":"\n<div class=\"wp-block-columns is-layout-flex wp-container-core-columns-is-layout-9d6595d7 wp-block-columns-is-layout-flex\">\n<div class=\"wp-block-column is-layout-flow wp-block-column-is-layout-flow\"><div class=\"pvc_clear\"><\/div><p id=\"pvc_stats_8436\" class=\"pvc_stats total_only  pvc_load_by_ajax_update\" data-element-id=\"8436\" style=\"\"><i class=\"pvc-stats-icon medium\" aria-hidden=\"true\"><svg aria-hidden=\"true\" focusable=\"false\" data-prefix=\"far\" data-icon=\"chart-bar\" role=\"img\" xmlns=\"http:\/\/www.w3.org\/2000\/svg\" viewBox=\"0 0 512 512\" class=\"svg-inline--fa fa-chart-bar fa-w-16 fa-2x\"><path fill=\"currentColor\" d=\"M396.8 352h22.4c6.4 0 12.8-6.4 12.8-12.8V108.8c0-6.4-6.4-12.8-12.8-12.8h-22.4c-6.4 0-12.8 6.4-12.8 12.8v230.4c0 6.4 6.4 12.8 12.8 12.8zm-192 0h22.4c6.4 0 12.8-6.4 12.8-12.8V140.8c0-6.4-6.4-12.8-12.8-12.8h-22.4c-6.4 0-12.8 6.4-12.8 12.8v198.4c0 6.4 6.4 12.8 12.8 12.8zm96 0h22.4c6.4 0 12.8-6.4 12.8-12.8V204.8c0-6.4-6.4-12.8-12.8-12.8h-22.4c-6.4 0-12.8 6.4-12.8 12.8v134.4c0 6.4 6.4 12.8 12.8 12.8zM496 400H48V80c0-8.84-7.16-16-16-16H16C7.16 64 0 71.16 0 80v336c0 17.67 14.33 32 32 32h464c8.84 0 16-7.16 16-16v-16c0-8.84-7.16-16-16-16zm-387.2-48h22.4c6.4 0 12.8-6.4 12.8-12.8v-70.4c0-6.4-6.4-12.8-12.8-12.8h-22.4c-6.4 0-12.8 6.4-12.8 12.8v70.4c0 6.4 6.4 12.8 12.8 12.8z\" class=\"\"><\/path><\/svg><\/i> <img decoding=\"async\" width=\"16\" height=\"16\" alt=\"Loading\" src=\"https:\/\/frontdeskhelpers.com\/wp-content\/plugins\/page-views-count\/ajax-loader-2x.gif\" border=0 \/><\/p><div class=\"pvc_clear\"><\/div>\n<\/div>\n\n\n\n<div class=\"wp-block-column is-vertically-aligned-center is-layout-flow wp-block-column-is-layout-flow\">\n<p class=\"has-text-align-center closed-vacancy-info\">VACANTE CERRADA<\/p>\n<\/div>\n<\/div>\n\n<p>Hola,<br\/>Front Desk Helpers ofrece una nueva oportunidad de trabajo. Para un nuevo proyecto, buscamos desarrolladores con experiencia previa en sitios web WIX. La tarea consiste en crear sitios web y proporcionar asistencia. Dependiendo de las habilidades, las tareas pueden variar.   <\/p>\n\n<p><strong>Requisitos:<\/strong><\/p>\n\n<ul class=\"wp-block-list\">\n<li>Conocimientos de HTML, JavaScript, CSS, jQuery, PHP (Nativo)<\/li>\n\n\n\n<li>Automatizaci\u00f3n de procesos empresariales<\/li>\n\n\n\n<li>Dispuesto a ayudar a los dem\u00e1s y a trabajar en equipo<\/li>\n\n\n\n<li>Conexi\u00f3n a Internet por cable sostenible, as\u00ed como un entorno tranquilo y un ordenador, y un cable LAN para tel\u00e9fono IP<\/li>\n<\/ul>\n\n<p><strong>Horario y salario:<\/strong><\/p>\n\n<p>De lunes a viernes de 9 a 17 h EST (40 horas a la semana)<\/p>\n\n<p>Tambi\u00e9n puede ser un puesto a tiempo parcial, podemos discutirlo. Indica el horario que deseas y tus expectativas salariales <\/p>\n\n<p>Dir\u00edgete a nosotros o env\u00edalo a <a href=\"mailto:career@frontdeskhelpers.com\" target=\"_blank\" rel=\"noreferrer noopener\">career@frontdeskhelpers.com<\/a><\/p>\n\n<p>Gracias.  <\/p>\n","protected":false},"excerpt":{"rendered":"<p>Hola,Front Desk Helpers ofrece una nueva oportunidad de trabajo. Para un nuevo proyecto, buscamos desarrolladores con experiencia previa en sitios web WIX. La tarea consiste en crear sitios web y proporcionar asistencia. Dependiendo de las habilidades, las tareas pueden variar. Requisitos: Horario y salario: De lunes a viernes de 9 a 17 h EST (40 [&hellip;]<\/p>\n","protected":false},"author":2,"featured_media":0,"parent":8531,"menu_order":0,"comment_status":"closed","ping_status":"closed","template":"","meta":{"inline_featured_image":false,"footnotes":""},"class_list":["post-8436","page","type-page","status-publish"],"yoast_head":"<!-- This site is optimized with the Yoast SEO plugin v27.3 - https:\/\/yoast.com\/product\/yoast-seo-wordpress\/ -->\n<title>Desarrollador Web Con WIX | Vacantes | FDH<\/title>\n<meta name=\"description\" content=\"Buscamos desarrollador web con experiencia previa con sitios web WIX. La tarea consiste en crear sitios web y proporcionar asistencia. Dependiendo de las habilidades, las tareas pueden variar.\" \/>\n<meta name=\"robots\" content=\"index, follow, max-snippet:-1, max-image-preview:large, max-video-preview:-1\" \/>\n<link rel=\"canonical\" href=\"https:\/\/frontdeskhelpers.com\/es\/company\/%d1%81areers\/desarrollo\/desarrollador-con-experiencia-en-wix\/\" \/>\n<meta property=\"og:locale\" content=\"es_ES\" \/>\n<meta property=\"og:type\" content=\"article\" \/>\n<meta property=\"og:title\" content=\"Desarrollador Web Con WIX | Vacantes | FDH\" \/>\n<meta property=\"og:description\" content=\"Buscamos desarrollador web con experiencia previa con sitios web WIX. La tarea consiste en crear sitios web y proporcionar asistencia. Dependiendo de las habilidades, las tareas pueden variar.\" \/>\n<meta property=\"og:url\" content=\"https:\/\/frontdeskhelpers.com\/es\/company\/%d1%81areers\/desarrollo\/desarrollador-con-experiencia-en-wix\/\" \/>\n<meta property=\"og:site_name\" content=\"FDH\" \/>\n<meta property=\"article:modified_time\" content=\"2024-12-19T20:55:40+00:00\" \/>\n<meta name=\"twitter:card\" content=\"summary_large_image\" \/>\n<meta name=\"twitter:label1\" content=\"Tiempo de lectura\" \/>\n\t<meta name=\"twitter:data1\" content=\"1 minuto\" \/>\n<!-- \/ Yoast SEO plugin. -->","yoast_head_json":{"title":"Desarrollador Web Con WIX | Vacantes | FDH","description":"Buscamos desarrollador web con experiencia previa con sitios web WIX. La tarea consiste en crear sitios web y proporcionar asistencia. Dependiendo de las habilidades, las tareas pueden variar.","robots":{"index":"index","follow":"follow","max-snippet":"max-snippet:-1","max-image-preview":"max-image-preview:large","max-video-preview":"max-video-preview:-1"},"canonical":"https:\/\/frontdeskhelpers.com\/es\/company\/%d1%81areers\/desarrollo\/desarrollador-con-experiencia-en-wix\/","og_locale":"es_ES","og_type":"article","og_title":"Desarrollador Web Con WIX | Vacantes | FDH","og_description":"Buscamos desarrollador web con experiencia previa con sitios web WIX. La tarea consiste en crear sitios web y proporcionar asistencia. Dependiendo de las habilidades, las tareas pueden variar.","og_url":"https:\/\/frontdeskhelpers.com\/es\/company\/%d1%81areers\/desarrollo\/desarrollador-con-experiencia-en-wix\/","og_site_name":"FDH","article_modified_time":"2024-12-19T20:55:40+00:00","twitter_card":"summary_large_image","twitter_misc":{"Tiempo de lectura":"1 minuto"},"schema":{"@context":"https:\/\/schema.org","@graph":[{"@type":"WebPage","@id":"https:\/\/frontdeskhelpers.com\/es\/company\/%d1%81areers\/desarrollo\/desarrollador-con-experiencia-en-wix\/","url":"https:\/\/frontdeskhelpers.com\/es\/company\/%d1%81areers\/desarrollo\/desarrollador-con-experiencia-en-wix\/","name":"Desarrollador Web Con WIX | Vacantes | FDH","isPartOf":{"@id":"https:\/\/frontdeskhelpers.com\/es\/#website"},"datePublished":"2024-08-13T14:57:47+00:00","dateModified":"2024-12-19T20:55:40+00:00","description":"Buscamos desarrollador web con experiencia previa con sitios web WIX. La tarea consiste en crear sitios web y proporcionar asistencia. Dependiendo de las habilidades, las tareas pueden variar.","breadcrumb":{"@id":"https:\/\/frontdeskhelpers.com\/es\/company\/%d1%81areers\/desarrollo\/desarrollador-con-experiencia-en-wix\/#breadcrumb"},"inLanguage":"es","potentialAction":[{"@type":"ReadAction","target":["https:\/\/frontdeskhelpers.com\/es\/company\/%d1%81areers\/desarrollo\/desarrollador-con-experiencia-en-wix\/"]}]},{"@type":"BreadcrumbList","@id":"https:\/\/frontdeskhelpers.com\/es\/company\/%d1%81areers\/desarrollo\/desarrollador-con-experiencia-en-wix\/#breadcrumb","itemListElement":[{"@type":"ListItem","position":1,"name":"Home","item":"https:\/\/frontdeskhelpers.com\/es\/"},{"@type":"ListItem","position":2,"name":"Company","item":"https:\/\/frontdeskhelpers.com\/es\/company\/"},{"@type":"ListItem","position":3,"name":"\u0421areers","item":"https:\/\/frontdeskhelpers.com\/es\/company\/careers-vacancies\/"},{"@type":"ListItem","position":4,"name":"Desarrollo","item":"https:\/\/frontdeskhelpers.com\/es\/company\/careers-vacancies\/development\/"},{"@type":"ListItem","position":5,"name":"Desarrollador con experiencia en WIX"}]},{"@type":"WebSite","@id":"https:\/\/frontdeskhelpers.com\/es\/#website","url":"https:\/\/frontdeskhelpers.com\/es\/","name":"FDH","description":"","potentialAction":[{"@type":"SearchAction","target":{"@type":"EntryPoint","urlTemplate":"https:\/\/frontdeskhelpers.com\/es\/?s={search_term_string}"},"query-input":{"@type":"PropertyValueSpecification","valueRequired":true,"valueName":"search_term_string"}}],"inLanguage":"es"}]}},"_links":{"self":[{"href":"https:\/\/frontdeskhelpers.com\/es\/wp-json\/wp\/v2\/pages\/8436","targetHints":{"allow":["GET"]}}],"collection":[{"href":"https:\/\/frontdeskhelpers.com\/es\/wp-json\/wp\/v2\/pages"}],"about":[{"href":"https:\/\/frontdeskhelpers.com\/es\/wp-json\/wp\/v2\/types\/page"}],"author":[{"embeddable":true,"href":"https:\/\/frontdeskhelpers.com\/es\/wp-json\/wp\/v2\/users\/2"}],"replies":[{"embeddable":true,"href":"https:\/\/frontdeskhelpers.com\/es\/wp-json\/wp\/v2\/comments?post=8436"}],"version-history":[{"count":1,"href":"https:\/\/frontdeskhelpers.com\/es\/wp-json\/wp\/v2\/pages\/8436\/revisions"}],"predecessor-version":[{"id":8438,"href":"https:\/\/frontdeskhelpers.com\/es\/wp-json\/wp\/v2\/pages\/8436\/revisions\/8438"}],"up":[{"embeddable":true,"href":"https:\/\/frontdeskhelpers.com\/es\/wp-json\/wp\/v2\/pages\/8531"}],"wp:attachment":[{"href":"https:\/\/frontdeskhelpers.com\/es\/wp-json\/wp\/v2\/media?parent=8436"}],"curies":[{"name":"wp","href":"https:\/\/api.w.org\/{rel}","templated":true}]}}