{"id":8434,"date":"2024-08-13T14:33:13","date_gmt":"2024-08-13T14:33:13","guid":{"rendered":"https:\/\/frontdeskhelpers.com\/rrhh-con-espanol-e-ingles-de-forma-inactiva\/"},"modified":"2024-12-19T20:55:46","modified_gmt":"2024-12-19T20:55:46","slug":"rrhh-con-espanol-e-ingles-de-forma-inactiva","status":"publish","type":"page","link":"https:\/\/frontdeskhelpers.com\/es\/company\/%d1%81areers\/rrhh\/rrhh-con-espanol-e-ingles-de-forma-inactiva\/","title":{"rendered":"RRHH con espa\u00f1ol e ingl\u00e9s (de forma inactiva)"},"content":{"rendered":"\n<div class=\"wp-block-columns is-layout-flex wp-container-core-columns-is-layout-9d6595d7 wp-block-columns-is-layout-flex\">\n<div class=\"wp-block-column is-layout-flow wp-block-column-is-layout-flow\"><div class=\"pvc_clear\"><\/div><p id=\"pvc_stats_8434\" class=\"pvc_stats total_only  pvc_load_by_ajax_update\" data-element-id=\"8434\" style=\"\"><i class=\"pvc-stats-icon medium\" aria-hidden=\"true\"><svg aria-hidden=\"true\" focusable=\"false\" data-prefix=\"far\" data-icon=\"chart-bar\" role=\"img\" xmlns=\"http:\/\/www.w3.org\/2000\/svg\" viewBox=\"0 0 512 512\" class=\"svg-inline--fa fa-chart-bar fa-w-16 fa-2x\"><path fill=\"currentColor\" d=\"M396.8 352h22.4c6.4 0 12.8-6.4 12.8-12.8V108.8c0-6.4-6.4-12.8-12.8-12.8h-22.4c-6.4 0-12.8 6.4-12.8 12.8v230.4c0 6.4 6.4 12.8 12.8 12.8zm-192 0h22.4c6.4 0 12.8-6.4 12.8-12.8V140.8c0-6.4-6.4-12.8-12.8-12.8h-22.4c-6.4 0-12.8 6.4-12.8 12.8v198.4c0 6.4 6.4 12.8 12.8 12.8zm96 0h22.4c6.4 0 12.8-6.4 12.8-12.8V204.8c0-6.4-6.4-12.8-12.8-12.8h-22.4c-6.4 0-12.8 6.4-12.8 12.8v134.4c0 6.4 6.4 12.8 12.8 12.8zM496 400H48V80c0-8.84-7.16-16-16-16H16C7.16 64 0 71.16 0 80v336c0 17.67 14.33 32 32 32h464c8.84 0 16-7.16 16-16v-16c0-8.84-7.16-16-16-16zm-387.2-48h22.4c6.4 0 12.8-6.4 12.8-12.8v-70.4c0-6.4-6.4-12.8-12.8-12.8h-22.4c-6.4 0-12.8 6.4-12.8 12.8v70.4c0 6.4 6.4 12.8 12.8 12.8z\" class=\"\"><\/path><\/svg><\/i> <img decoding=\"async\" width=\"16\" height=\"16\" alt=\"Loading\" src=\"https:\/\/frontdeskhelpers.com\/wp-content\/plugins\/page-views-count\/ajax-loader-2x.gif\" border=0 \/><\/p><div class=\"pvc_clear\"><\/div>\n<\/div>\n\n\n\n<div class=\"wp-block-column is-vertically-aligned-center is-layout-flow wp-block-column-is-layout-flow\">\n<p class=\"has-text-align-center closed-vacancy-info\">VACANTE CERRADA<\/p>\n<\/div>\n<\/div>\n\n<p>Hola, \u00a1querido futuro empleado! Si eres responsable, atento a los detalles, un especialista bien organizado, capaz de realizar varias tareas a la vez y priorizarlas, \u00a1est\u00e1s en el lugar adecuado! <\/p>\n\n<p>Somos una empresa con sede en EEUU. Nuestros clientes son personas mayores que necesitan la asistencia de auxiliares sanitarios, para los que organizamos servicios de atenci\u00f3n domiciliaria. En este momento estamos buscando un miembro remoto en nuestro equipo de RRHH para trabajar con los candidatos a un puesto de auxiliar sanitario.  <\/p>\n\n<p><strong>Requisitos:<\/strong><\/p>\n\n<ul class=\"wp-block-list\">\n<li>Ingl\u00e9s &#8211; Intermedio alto\/Avanzado;<\/li>\n\n\n\n<li>Ruso &#8211; Nativo;<\/li>\n\n\n\n<li>Espa\u00f1ol &#8211; Intermedio alto\/Avanzado;  <\/li>\n\n\n\n<li>Conexi\u00f3n Ethernet (LAN) y tu propio ordenador, ya que trabajamos a distancia;<\/li>\n\n\n\n<li>Experiencia en el \u00e1mbito de los RRHH;<\/li>\n\n\n\n<li>Experiencia en atenci\u00f3n al cliente;<\/li>\n\n\n\n<li>Excelente capacidad de organizaci\u00f3n;<\/li>\n\n\n\n<li>Persona orientada a los detalles;<\/li>\n\n\n\n<li>Actitud positiva y profesionalidad<\/li>\n<\/ul>\n\n<p><strong>Responsabilidades:<\/strong><\/p>\n\n<ul class=\"wp-block-list\">\n<li>Proceso de solicitud;<\/li>\n\n\n\n<li>Atender las llamadas entrantes\/salientes de\/para posibles candidatos;<\/li>\n\n\n\n<li>Seguimiento de los solicitantes potenciales en relaci\u00f3n con la documentaci\u00f3n que falta, la programaci\u00f3n de citas, etc;<\/li>\n\n\n\n<li>Llamadas salientes a nuevos candidatos potenciales para ofrecerles trabajo;<\/li>\n\n\n\n<li>Introducci\u00f3n de datos;<\/li>\n\n\n\n<li>Algunas otras tareas y seguimientos relacionados con RRHH.<\/li>\n<\/ul>\n\n<p><strong>Horario:<\/strong><\/p>\n\n<ul class=\"wp-block-list\">\n<li>De lunes a viernes, de 9.00 a 17.00 h seg\u00fan el huso horario de Nueva York (de lunes a viernes, de 16.00 a 00.00 h seg\u00fan el huso horario de Kiev)<\/li>\n<\/ul>\n\n<p><strong>Qu\u00e9 ofrecemos:<\/strong><\/p>\n\n<ul class=\"wp-block-list\">\n<li>Ofrecemos 2-3 semanas de formaci\u00f3n remunerada a los nuevos empleados.<\/li>\n\n\n\n<li>Trabaja en un equipo experimentado, bajo la supervisi\u00f3n de un jefe.<\/li>\n\n\n\n<li>Capacidad para trabajar a distancia en horario de tarde.<\/li>\n\n\n\n<li>Vacaciones pagadas tras un a\u00f1o de empleo.<\/li>\n\n\n\n<li>Sistema de primas como forma de que los empleados se expresen su agradecimiento mutuo.<\/li>\n\n\n\n<li>Proporcionamos a nuestros empleados tel\u00e9fonos IP, como instrumento de conexi\u00f3n con los clientes de EE.UU., as\u00ed como todo el software necesario (CRM, fax virtual, servicio SMS, VPN).<\/li>\n\n\n\n<li>Una direcci\u00f3n abierta, con la que es f\u00e1cil ponerse en contacto.<\/li>\n\n\n\n<li>Igualdad de oportunidades para todos: no importa la edad, el sexo o la nacionalidad<\/li>\n<\/ul>\n\n<p>Por favor, env\u00eda tu curr\u00edculum a <a href=\"mailto:career@frontdeskhelpers.com\">career@frontdeskhelpers.com<\/a><\/p>\n\n<p><strong>\u00a1Esperamos tener noticias tuyas!<\/strong><\/p>\n","protected":false},"excerpt":{"rendered":"<p>Hola, \u00a1querido futuro empleado! Si eres responsable, atento a los detalles, un especialista bien organizado, capaz de realizar varias tareas a la vez y priorizarlas, \u00a1est\u00e1s en el lugar adecuado! Somos una empresa con sede en EEUU. Nuestros clientes son personas mayores que necesitan la asistencia de auxiliares sanitarios, para los que organizamos servicios de [&hellip;]<\/p>\n","protected":false},"author":2,"featured_media":0,"parent":8540,"menu_order":0,"comment_status":"closed","ping_status":"closed","template":"","meta":{"inline_featured_image":false,"footnotes":""},"class_list":["post-8434","page","type-page","status-publish"],"yoast_head":"<!-- This site is optimized with the Yoast SEO plugin v27.3 - https:\/\/yoast.com\/product\/yoast-seo-wordpress\/ -->\n<title>RRHH con espa\u00f1ol e ingl\u00e9s (de forma inactiva) - FDH | Vacantes | FDH<\/title>\n<meta name=\"description\" content=\"RRHH a distancia - Buscamos un miembro a distancia en nuestro equipo de RRHH para trabajar con los candidatos a un puesto de auxiliar sanitario.\" \/>\n<meta name=\"robots\" content=\"index, follow, max-snippet:-1, max-image-preview:large, max-video-preview:-1\" \/>\n<link rel=\"canonical\" href=\"https:\/\/frontdeskhelpers.com\/es\/company\/%d1%81areers\/rrhh\/rrhh-con-espanol-e-ingles-de-forma-inactiva\/\" \/>\n<meta property=\"og:locale\" content=\"es_ES\" \/>\n<meta property=\"og:type\" content=\"article\" \/>\n<meta property=\"og:title\" content=\"RRHH con espa\u00f1ol e ingl\u00e9s (de forma inactiva) - FDH | Vacantes | FDH\" \/>\n<meta property=\"og:description\" content=\"RRHH a distancia - Buscamos un miembro a distancia en nuestro equipo de RRHH para trabajar con los candidatos a un puesto de auxiliar sanitario.\" \/>\n<meta property=\"og:url\" content=\"https:\/\/frontdeskhelpers.com\/es\/company\/%d1%81areers\/rrhh\/rrhh-con-espanol-e-ingles-de-forma-inactiva\/\" \/>\n<meta property=\"og:site_name\" content=\"FDH\" \/>\n<meta property=\"article:modified_time\" content=\"2024-12-19T20:55:46+00:00\" \/>\n<meta name=\"twitter:card\" content=\"summary_large_image\" \/>\n<meta name=\"twitter:label1\" content=\"Tiempo de lectura\" \/>\n\t<meta name=\"twitter:data1\" content=\"2 minutos\" \/>\n<!-- \/ Yoast SEO plugin. -->","yoast_head_json":{"title":"RRHH con espa\u00f1ol e ingl\u00e9s (de forma inactiva) - FDH | Vacantes | FDH","description":"RRHH a distancia - Buscamos un miembro a distancia en nuestro equipo de RRHH para trabajar con los candidatos a un puesto de auxiliar sanitario.","robots":{"index":"index","follow":"follow","max-snippet":"max-snippet:-1","max-image-preview":"max-image-preview:large","max-video-preview":"max-video-preview:-1"},"canonical":"https:\/\/frontdeskhelpers.com\/es\/company\/%d1%81areers\/rrhh\/rrhh-con-espanol-e-ingles-de-forma-inactiva\/","og_locale":"es_ES","og_type":"article","og_title":"RRHH con espa\u00f1ol e ingl\u00e9s (de forma inactiva) - FDH | Vacantes | FDH","og_description":"RRHH a distancia - Buscamos un miembro a distancia en nuestro equipo de RRHH para trabajar con los candidatos a un puesto de auxiliar sanitario.","og_url":"https:\/\/frontdeskhelpers.com\/es\/company\/%d1%81areers\/rrhh\/rrhh-con-espanol-e-ingles-de-forma-inactiva\/","og_site_name":"FDH","article_modified_time":"2024-12-19T20:55:46+00:00","twitter_card":"summary_large_image","twitter_misc":{"Tiempo de lectura":"2 minutos"},"schema":{"@context":"https:\/\/schema.org","@graph":[{"@type":"WebPage","@id":"https:\/\/frontdeskhelpers.com\/es\/company\/%d1%81areers\/rrhh\/rrhh-con-espanol-e-ingles-de-forma-inactiva\/","url":"https:\/\/frontdeskhelpers.com\/es\/company\/%d1%81areers\/rrhh\/rrhh-con-espanol-e-ingles-de-forma-inactiva\/","name":"RRHH con espa\u00f1ol e ingl\u00e9s (de forma inactiva) - FDH | Vacantes | FDH","isPartOf":{"@id":"https:\/\/frontdeskhelpers.com\/es\/#website"},"datePublished":"2024-08-13T14:33:13+00:00","dateModified":"2024-12-19T20:55:46+00:00","description":"RRHH a distancia - Buscamos un miembro a distancia en nuestro equipo de RRHH para trabajar con los candidatos a un puesto de auxiliar sanitario.","breadcrumb":{"@id":"https:\/\/frontdeskhelpers.com\/es\/company\/%d1%81areers\/rrhh\/rrhh-con-espanol-e-ingles-de-forma-inactiva\/#breadcrumb"},"inLanguage":"es","potentialAction":[{"@type":"ReadAction","target":["https:\/\/frontdeskhelpers.com\/es\/company\/%d1%81areers\/rrhh\/rrhh-con-espanol-e-ingles-de-forma-inactiva\/"]}]},{"@type":"BreadcrumbList","@id":"https:\/\/frontdeskhelpers.com\/es\/company\/%d1%81areers\/rrhh\/rrhh-con-espanol-e-ingles-de-forma-inactiva\/#breadcrumb","itemListElement":[{"@type":"ListItem","position":1,"name":"Home","item":"https:\/\/frontdeskhelpers.com\/es\/"},{"@type":"ListItem","position":2,"name":"Company","item":"https:\/\/frontdeskhelpers.com\/es\/company\/"},{"@type":"ListItem","position":3,"name":"\u0421areers","item":"https:\/\/frontdeskhelpers.com\/es\/company\/careers-vacancies\/"},{"@type":"ListItem","position":4,"name":"RRHH","item":"https:\/\/frontdeskhelpers.com\/es\/company\/careers-vacancies\/hr\/"},{"@type":"ListItem","position":5,"name":"RRHH con espa\u00f1ol e ingl\u00e9s (de forma inactiva)"}]},{"@type":"WebSite","@id":"https:\/\/frontdeskhelpers.com\/es\/#website","url":"https:\/\/frontdeskhelpers.com\/es\/","name":"FDH","description":"","potentialAction":[{"@type":"SearchAction","target":{"@type":"EntryPoint","urlTemplate":"https:\/\/frontdeskhelpers.com\/es\/?s={search_term_string}"},"query-input":{"@type":"PropertyValueSpecification","valueRequired":true,"valueName":"search_term_string"}}],"inLanguage":"es"}]}},"_links":{"self":[{"href":"https:\/\/frontdeskhelpers.com\/es\/wp-json\/wp\/v2\/pages\/8434","targetHints":{"allow":["GET"]}}],"collection":[{"href":"https:\/\/frontdeskhelpers.com\/es\/wp-json\/wp\/v2\/pages"}],"about":[{"href":"https:\/\/frontdeskhelpers.com\/es\/wp-json\/wp\/v2\/types\/page"}],"author":[{"embeddable":true,"href":"https:\/\/frontdeskhelpers.com\/es\/wp-json\/wp\/v2\/users\/2"}],"replies":[{"embeddable":true,"href":"https:\/\/frontdeskhelpers.com\/es\/wp-json\/wp\/v2\/comments?post=8434"}],"version-history":[{"count":1,"href":"https:\/\/frontdeskhelpers.com\/es\/wp-json\/wp\/v2\/pages\/8434\/revisions"}],"predecessor-version":[{"id":8437,"href":"https:\/\/frontdeskhelpers.com\/es\/wp-json\/wp\/v2\/pages\/8434\/revisions\/8437"}],"up":[{"embeddable":true,"href":"https:\/\/frontdeskhelpers.com\/es\/wp-json\/wp\/v2\/pages\/8540"}],"wp:attachment":[{"href":"https:\/\/frontdeskhelpers.com\/es\/wp-json\/wp\/v2\/media?parent=8434"}],"curies":[{"name":"wp","href":"https:\/\/api.w.org\/{rel}","templated":true}]}}