{"id":8429,"date":"2024-08-13T14:50:07","date_gmt":"2024-08-13T14:50:07","guid":{"rendered":"https:\/\/frontdeskhelpers.com\/disenador-de-paginas-web-y-contenidos\/"},"modified":"2024-12-19T20:55:51","modified_gmt":"2024-12-19T20:55:51","slug":"disenador-de-paginas-web-y-contenidos","status":"publish","type":"page","link":"https:\/\/frontdeskhelpers.com\/es\/company\/%d1%81areers\/marketing\/disenador-de-paginas-web-y-contenidos\/","title":{"rendered":"Dise\u00f1ador de p\u00e1ginas web y contenidos"},"content":{"rendered":"\n<div class=\"wp-block-columns is-layout-flex wp-container-core-columns-is-layout-9d6595d7 wp-block-columns-is-layout-flex\">\n<div class=\"wp-block-column is-layout-flow wp-block-column-is-layout-flow\"><div class=\"pvc_clear\"><\/div><p id=\"pvc_stats_8429\" class=\"pvc_stats total_only  pvc_load_by_ajax_update\" data-element-id=\"8429\" style=\"\"><i class=\"pvc-stats-icon medium\" aria-hidden=\"true\"><svg aria-hidden=\"true\" focusable=\"false\" data-prefix=\"far\" data-icon=\"chart-bar\" role=\"img\" xmlns=\"http:\/\/www.w3.org\/2000\/svg\" viewBox=\"0 0 512 512\" class=\"svg-inline--fa fa-chart-bar fa-w-16 fa-2x\"><path fill=\"currentColor\" d=\"M396.8 352h22.4c6.4 0 12.8-6.4 12.8-12.8V108.8c0-6.4-6.4-12.8-12.8-12.8h-22.4c-6.4 0-12.8 6.4-12.8 12.8v230.4c0 6.4 6.4 12.8 12.8 12.8zm-192 0h22.4c6.4 0 12.8-6.4 12.8-12.8V140.8c0-6.4-6.4-12.8-12.8-12.8h-22.4c-6.4 0-12.8 6.4-12.8 12.8v198.4c0 6.4 6.4 12.8 12.8 12.8zm96 0h22.4c6.4 0 12.8-6.4 12.8-12.8V204.8c0-6.4-6.4-12.8-12.8-12.8h-22.4c-6.4 0-12.8 6.4-12.8 12.8v134.4c0 6.4 6.4 12.8 12.8 12.8zM496 400H48V80c0-8.84-7.16-16-16-16H16C7.16 64 0 71.16 0 80v336c0 17.67 14.33 32 32 32h464c8.84 0 16-7.16 16-16v-16c0-8.84-7.16-16-16-16zm-387.2-48h22.4c6.4 0 12.8-6.4 12.8-12.8v-70.4c0-6.4-6.4-12.8-12.8-12.8h-22.4c-6.4 0-12.8 6.4-12.8 12.8v70.4c0 6.4 6.4 12.8 12.8 12.8z\" class=\"\"><\/path><\/svg><\/i> <img decoding=\"async\" width=\"16\" height=\"16\" alt=\"Loading\" src=\"https:\/\/frontdeskhelpers.com\/wp-content\/plugins\/page-views-count\/ajax-loader-2x.gif\" border=0 \/><\/p><div class=\"pvc_clear\"><\/div>\n<\/div>\n\n\n\n<div class=\"wp-block-column is-vertically-aligned-center is-layout-flow wp-block-column-is-layout-flow\">\n<p class=\"has-text-align-center closed-vacancy-info\">VACANTE CERRADA<\/p>\n<\/div>\n<\/div>\n\n<p>Somos una empresa americana de inform\u00e1tica, y buscamos para un nuevo proyecto dise\u00f1adores a distancia para p\u00e1ginas web y creaci\u00f3n de contenidos.<\/p>\n\n<p><strong>Responsabilidades:<\/strong><\/p>\n\n<ul class=\"wp-block-list\">\n<li>Crear plantillas y bloques de contenido para un creador de sitios web<\/li>\n\n\n\n<li>Prepara im\u00e1genes para publicaciones en el sitio web y en las redes sociales<\/li>\n<\/ul>\n\n<p><strong>Requisitos:<\/strong><\/p>\n\n<ul class=\"wp-block-list\">\n<li>Experiencia demostrada como dise\u00f1ador de sitios web o afines<\/li>\n\n\n\n<li>Conocimiento de los principios de optimizaci\u00f3n y marketing online<\/li>\n\n\n\n<li>Comprensi\u00f3n de la orientaci\u00f3n del cliente y del p\u00fablico objetivo<\/li>\n\n\n\n<li>Capacidad para crear y retocar im\u00e1genes tem\u00e1ticas<\/li>\n\n\n\n<li>Creatividad y esp\u00edritu de colaboraci\u00f3n<\/li>\n\n\n\n<li>Conexi\u00f3n Ethernet<\/li>\n<\/ul>\n\n<p><strong>Horario:<br\/><\/strong>Trabajamos en EST (zona horaria de Nueva York). Es preferible, pero no obligatorio, trabajar en el mismo horario.<br\/>A veces, podemos tener llamadas\/reuniones breves por la tarde para discutir los temas. <\/p>\n\n<p>Indica tu horario deseado y tus expectativas salariales<\/p>\n\n<p><br\/>Dir\u00edgete a nosotros o env\u00edalo a <a href=\"mailto:career@frontdeskhelpers.com\">career@frontdeskhelpers.com<\/a><br\/>\u00a1Gracias!<\/p>\n","protected":false},"excerpt":{"rendered":"<p>Somos una empresa americana de inform\u00e1tica, y buscamos para un nuevo proyecto dise\u00f1adores a distancia para p\u00e1ginas web y creaci\u00f3n de contenidos. Responsabilidades: Requisitos: Horario:Trabajamos en EST (zona horaria de Nueva York). Es preferible, pero no obligatorio, trabajar en el mismo horario.A veces, podemos tener llamadas\/reuniones breves por la tarde para discutir los temas. Indica [&hellip;]<\/p>\n","protected":false},"author":2,"featured_media":0,"parent":8553,"menu_order":0,"comment_status":"closed","ping_status":"closed","template":"","meta":{"inline_featured_image":false,"footnotes":""},"class_list":["post-8429","page","type-page","status-publish"],"yoast_head":"<!-- This site is optimized with the Yoast SEO plugin v27.3 - https:\/\/yoast.com\/product\/yoast-seo-wordpress\/ -->\n<title>Dise\u00f1ador Remoto Para P\u00e1gina Web | Vacantes | FDH<\/title>\n<meta name=\"description\" content=\"Buscamos para nuestro nuevo proyecto dise\u00f1adores a distancia para p\u00e1ginas web y creaci\u00f3n de contenidos con experiencia con el programa Adobe Photoshop.\" \/>\n<meta name=\"robots\" content=\"index, follow, max-snippet:-1, max-image-preview:large, max-video-preview:-1\" \/>\n<link rel=\"canonical\" href=\"https:\/\/frontdeskhelpers.com\/es\/company\/%d1%81areers\/marketing\/disenador-de-paginas-web-y-contenidos\/\" \/>\n<meta property=\"og:locale\" content=\"es_ES\" \/>\n<meta property=\"og:type\" content=\"article\" \/>\n<meta property=\"og:title\" content=\"Dise\u00f1ador Remoto Para P\u00e1gina Web | Vacantes | FDH\" \/>\n<meta property=\"og:description\" content=\"Buscamos para nuestro nuevo proyecto dise\u00f1adores a distancia para p\u00e1ginas web y creaci\u00f3n de contenidos con experiencia con el programa Adobe Photoshop.\" \/>\n<meta property=\"og:url\" content=\"https:\/\/frontdeskhelpers.com\/es\/company\/%d1%81areers\/marketing\/disenador-de-paginas-web-y-contenidos\/\" \/>\n<meta property=\"og:site_name\" content=\"FDH\" \/>\n<meta property=\"article:modified_time\" content=\"2024-12-19T20:55:51+00:00\" \/>\n<meta name=\"twitter:card\" content=\"summary_large_image\" \/>\n<meta name=\"twitter:label1\" content=\"Tiempo de lectura\" \/>\n\t<meta name=\"twitter:data1\" content=\"1 minuto\" \/>\n<!-- \/ Yoast SEO plugin. -->","yoast_head_json":{"title":"Dise\u00f1ador Remoto Para P\u00e1gina Web | Vacantes | FDH","description":"Buscamos para nuestro nuevo proyecto dise\u00f1adores a distancia para p\u00e1ginas web y creaci\u00f3n de contenidos con experiencia con el programa Adobe Photoshop.","robots":{"index":"index","follow":"follow","max-snippet":"max-snippet:-1","max-image-preview":"max-image-preview:large","max-video-preview":"max-video-preview:-1"},"canonical":"https:\/\/frontdeskhelpers.com\/es\/company\/%d1%81areers\/marketing\/disenador-de-paginas-web-y-contenidos\/","og_locale":"es_ES","og_type":"article","og_title":"Dise\u00f1ador Remoto Para P\u00e1gina Web | Vacantes | FDH","og_description":"Buscamos para nuestro nuevo proyecto dise\u00f1adores a distancia para p\u00e1ginas web y creaci\u00f3n de contenidos con experiencia con el programa Adobe Photoshop.","og_url":"https:\/\/frontdeskhelpers.com\/es\/company\/%d1%81areers\/marketing\/disenador-de-paginas-web-y-contenidos\/","og_site_name":"FDH","article_modified_time":"2024-12-19T20:55:51+00:00","twitter_card":"summary_large_image","twitter_misc":{"Tiempo de lectura":"1 minuto"},"schema":{"@context":"https:\/\/schema.org","@graph":[{"@type":"WebPage","@id":"https:\/\/frontdeskhelpers.com\/es\/company\/%d1%81areers\/marketing\/disenador-de-paginas-web-y-contenidos\/","url":"https:\/\/frontdeskhelpers.com\/es\/company\/%d1%81areers\/marketing\/disenador-de-paginas-web-y-contenidos\/","name":"Dise\u00f1ador Remoto Para P\u00e1gina Web | Vacantes | FDH","isPartOf":{"@id":"https:\/\/frontdeskhelpers.com\/es\/#website"},"datePublished":"2024-08-13T14:50:07+00:00","dateModified":"2024-12-19T20:55:51+00:00","description":"Buscamos para nuestro nuevo proyecto dise\u00f1adores a distancia para p\u00e1ginas web y creaci\u00f3n de contenidos con experiencia con el programa Adobe Photoshop.","breadcrumb":{"@id":"https:\/\/frontdeskhelpers.com\/es\/company\/%d1%81areers\/marketing\/disenador-de-paginas-web-y-contenidos\/#breadcrumb"},"inLanguage":"es","potentialAction":[{"@type":"ReadAction","target":["https:\/\/frontdeskhelpers.com\/es\/company\/%d1%81areers\/marketing\/disenador-de-paginas-web-y-contenidos\/"]}]},{"@type":"BreadcrumbList","@id":"https:\/\/frontdeskhelpers.com\/es\/company\/%d1%81areers\/marketing\/disenador-de-paginas-web-y-contenidos\/#breadcrumb","itemListElement":[{"@type":"ListItem","position":1,"name":"Home","item":"https:\/\/frontdeskhelpers.com\/es\/"},{"@type":"ListItem","position":2,"name":"Company","item":"https:\/\/frontdeskhelpers.com\/es\/company\/"},{"@type":"ListItem","position":3,"name":"\u0421areers","item":"https:\/\/frontdeskhelpers.com\/es\/company\/careers-vacancies\/"},{"@type":"ListItem","position":4,"name":"Marketing","item":"https:\/\/frontdeskhelpers.com\/es\/company\/careers-vacancies\/marketing\/"},{"@type":"ListItem","position":5,"name":"Dise\u00f1ador de p\u00e1ginas web y contenidos"}]},{"@type":"WebSite","@id":"https:\/\/frontdeskhelpers.com\/es\/#website","url":"https:\/\/frontdeskhelpers.com\/es\/","name":"FDH","description":"","potentialAction":[{"@type":"SearchAction","target":{"@type":"EntryPoint","urlTemplate":"https:\/\/frontdeskhelpers.com\/es\/?s={search_term_string}"},"query-input":{"@type":"PropertyValueSpecification","valueRequired":true,"valueName":"search_term_string"}}],"inLanguage":"es"}]}},"_links":{"self":[{"href":"https:\/\/frontdeskhelpers.com\/es\/wp-json\/wp\/v2\/pages\/8429","targetHints":{"allow":["GET"]}}],"collection":[{"href":"https:\/\/frontdeskhelpers.com\/es\/wp-json\/wp\/v2\/pages"}],"about":[{"href":"https:\/\/frontdeskhelpers.com\/es\/wp-json\/wp\/v2\/types\/page"}],"author":[{"embeddable":true,"href":"https:\/\/frontdeskhelpers.com\/es\/wp-json\/wp\/v2\/users\/2"}],"replies":[{"embeddable":true,"href":"https:\/\/frontdeskhelpers.com\/es\/wp-json\/wp\/v2\/comments?post=8429"}],"version-history":[{"count":1,"href":"https:\/\/frontdeskhelpers.com\/es\/wp-json\/wp\/v2\/pages\/8429\/revisions"}],"predecessor-version":[{"id":8431,"href":"https:\/\/frontdeskhelpers.com\/es\/wp-json\/wp\/v2\/pages\/8429\/revisions\/8431"}],"up":[{"embeddable":true,"href":"https:\/\/frontdeskhelpers.com\/es\/wp-json\/wp\/v2\/pages\/8553"}],"wp:attachment":[{"href":"https:\/\/frontdeskhelpers.com\/es\/wp-json\/wp\/v2\/media?parent=8429"}],"curies":[{"name":"wp","href":"https:\/\/api.w.org\/{rel}","templated":true}]}}