{"id":8414,"date":"2024-08-12T13:44:11","date_gmt":"2024-08-12T13:44:11","guid":{"rendered":"https:\/\/frontdeskhelpers.com\/especialista-en-smm-pcc\/"},"modified":"2024-12-19T20:55:51","modified_gmt":"2024-12-19T20:55:51","slug":"especialista-en-smm-pcc","status":"publish","type":"page","link":"https:\/\/frontdeskhelpers.com\/es\/company\/%d1%81areers\/marketing\/especialista-en-smm-pcc\/","title":{"rendered":"Especialista en SMM\/PCC"},"content":{"rendered":"\n<div class=\"wp-block-columns is-layout-flex wp-container-core-columns-is-layout-9d6595d7 wp-block-columns-is-layout-flex\">\n<div class=\"wp-block-column is-layout-flow wp-block-column-is-layout-flow\"><div class=\"pvc_clear\"><\/div><p id=\"pvc_stats_8414\" class=\"pvc_stats total_only  pvc_load_by_ajax_update\" data-element-id=\"8414\" style=\"\"><i class=\"pvc-stats-icon medium\" aria-hidden=\"true\"><svg aria-hidden=\"true\" focusable=\"false\" data-prefix=\"far\" data-icon=\"chart-bar\" role=\"img\" xmlns=\"http:\/\/www.w3.org\/2000\/svg\" viewBox=\"0 0 512 512\" class=\"svg-inline--fa fa-chart-bar fa-w-16 fa-2x\"><path fill=\"currentColor\" d=\"M396.8 352h22.4c6.4 0 12.8-6.4 12.8-12.8V108.8c0-6.4-6.4-12.8-12.8-12.8h-22.4c-6.4 0-12.8 6.4-12.8 12.8v230.4c0 6.4 6.4 12.8 12.8 12.8zm-192 0h22.4c6.4 0 12.8-6.4 12.8-12.8V140.8c0-6.4-6.4-12.8-12.8-12.8h-22.4c-6.4 0-12.8 6.4-12.8 12.8v198.4c0 6.4 6.4 12.8 12.8 12.8zm96 0h22.4c6.4 0 12.8-6.4 12.8-12.8V204.8c0-6.4-6.4-12.8-12.8-12.8h-22.4c-6.4 0-12.8 6.4-12.8 12.8v134.4c0 6.4 6.4 12.8 12.8 12.8zM496 400H48V80c0-8.84-7.16-16-16-16H16C7.16 64 0 71.16 0 80v336c0 17.67 14.33 32 32 32h464c8.84 0 16-7.16 16-16v-16c0-8.84-7.16-16-16-16zm-387.2-48h22.4c6.4 0 12.8-6.4 12.8-12.8v-70.4c0-6.4-6.4-12.8-12.8-12.8h-22.4c-6.4 0-12.8 6.4-12.8 12.8v70.4c0 6.4 6.4 12.8 12.8 12.8z\" class=\"\"><\/path><\/svg><\/i> <img decoding=\"async\" width=\"16\" height=\"16\" alt=\"Loading\" src=\"https:\/\/frontdeskhelpers.com\/wp-content\/plugins\/page-views-count\/ajax-loader-2x.gif\" border=0 \/><\/p><div class=\"pvc_clear\"><\/div>\n<\/div>\n\n\n\n<div class=\"wp-block-column is-vertically-aligned-center is-layout-flow wp-block-column-is-layout-flow\">\n<p class=\"has-text-align-center closed-vacancy-info\">VACANTE CERRADA<\/p>\n<\/div>\n<\/div>\n\n<p>Somos una empresa con sede en EE.UU., Nueva Jersey, que trabaja como oficina remota a tiempo completo. Desde 2015 prestamos una amplia gama de servicios de telecomunicaciones, TI y atenci\u00f3n al cliente a diferentes proyectos en EE.UU. y Canad\u00e1. <\/p>\n\n<p>En este momento necesitamos un Target\u00f3logo con experiencia y dedicaci\u00f3n, que establezca campa\u00f1as publicitarias en Facebook y Google.<\/p>\n\n<p><strong>Requisitos:<\/strong><\/p>\n\n<ul class=\"wp-block-list\">\n<li>Ingl\u00e9s (Intermedio-Avanzado) \/\/ opcional Ruso (Nativo-Fluente)  <\/li>\n\n\n\n<li>Persona muy responsable y atenta a los detalles, con excelentes dotes anal\u00edticas y de comunicaci\u00f3n;<\/li>\n\n\n\n<li>Experiencia en Google Ads &#8211; no inferior a 3 a\u00f1os;<\/li>\n\n\n\n<li>Experiencia en GA\/GSC\/GTM\/GMB;<\/li>\n\n\n\n<li>3 a\u00f1os de experiencia como Especialista en Medios Sociales o puesto similar;<\/li>\n\n\n\n<li>Buen conocimiento de los KPI de las redes sociales;<\/li>\n\n\n\n<li>Experiencia laboral en el mercado estadounidense como gran ventaja;<\/li>\n\n\n\n<li>Capacidad para establecer prioridades y trabajar en equipo.<\/li>\n<\/ul>\n\n<p><strong>Responsabilidades:<\/strong><\/p>\n\n<ul class=\"wp-block-list\">\n<li>Crea un plan de Google Ads de acuerdo con el plan de marketing;<\/li>\n\n\n\n<li>Realiza b\u00fasquedas\/actualizaciones de palabras clave para asegurarte de que nos dirigimos a las relevantes y eficaces;<\/li>\n\n\n\n<li>Configura Google Ads;<\/li>\n\n\n\n<li>Configurar y gestionar campa\u00f1as de Google Ads y Redes Sociales: resultados, presupuesto, etc. Haz cambios si es necesario, para garantizar el cumplimiento del presupuesto y los resultados; <\/li>\n\n\n\n<li>Crea informes mensuales de ROI;<\/li>\n\n\n\n<li>Crea un Plan de Redes Sociales de acuerdo con el plan de marketing.<\/li>\n<\/ul>\n\n<p><strong>Horario:<\/strong><\/p>\n\n<ul class=\"wp-block-list\">\n<li>De lunes a viernes, 3-4 horas al d\u00eda durante el horario de oficina de Nueva York (en un intervalo de 16:00 a 00:00, zona horaria de Kiev).<\/li>\n<\/ul>\n\n<p><strong>Qu\u00e9 ofrecemos:<\/strong><\/p>\n\n<ul class=\"wp-block-list\">\n<li>El salario competitivo por hora se paga dos veces al mes;<\/li>\n\n\n\n<li>Trabaja en un equipo experimentado, bajo la supervisi\u00f3n de un jefe;<\/li>\n\n\n\n<li>Capacidad para trabajar a distancia en horario de tarde;<\/li>\n\n\n\n<li>Vacaciones pagadas tras un a\u00f1o de empleo;<\/li>\n\n\n\n<li>Proporcionamos a nuestros empleados todo el software necesario (CRM, fax virtual, servicio SMS, VPN);<\/li>\n\n\n\n<li>Una direcci\u00f3n abierta, con la que es f\u00e1cil ponerse en contacto.<\/li>\n<\/ul>\n\n<p>Para m\u00e1s preguntas, env\u00eda tu curr\u00edculum a <a href=\"mailto:career@frontdeskhelpers.com\">career@frontdeskhelpers.com<\/a><\/p>\n\n<p><strong>\u00a1Esperamos tener noticias tuyas!<\/strong><\/p>\n","protected":false},"excerpt":{"rendered":"<p>Somos una empresa con sede en EE.UU., Nueva Jersey, que trabaja como oficina remota a tiempo completo. Desde 2015 prestamos una amplia gama de servicios de telecomunicaciones, TI y atenci\u00f3n al cliente a diferentes proyectos en EE.UU. y Canad\u00e1. En este momento necesitamos un Target\u00f3logo con experiencia y dedicaci\u00f3n, que establezca campa\u00f1as publicitarias en Facebook [&hellip;]<\/p>\n","protected":false},"author":2,"featured_media":0,"parent":8553,"menu_order":0,"comment_status":"closed","ping_status":"closed","template":"","meta":{"inline_featured_image":false,"footnotes":""},"class_list":["post-8414","page","type-page","status-publish"],"yoast_head":"<!-- This site is optimized with the Yoast SEO plugin v27.3 - https:\/\/yoast.com\/product\/yoast-seo-wordpress\/ -->\n<title>Especialista en SMM\/PCC - FDH<\/title>\n<meta name=\"description\" content=\"Necesitamos un Target\u00f3logo con experiencia y dedicaci\u00f3n, que establezca campa\u00f1as publicitarias en Facebook y Google.\" \/>\n<meta name=\"robots\" content=\"index, follow, max-snippet:-1, max-image-preview:large, max-video-preview:-1\" \/>\n<link rel=\"canonical\" href=\"https:\/\/frontdeskhelpers.com\/es\/company\/%d1%81areers\/marketing\/especialista-en-smm-pcc\/\" \/>\n<meta property=\"og:locale\" content=\"es_ES\" \/>\n<meta property=\"og:type\" content=\"article\" \/>\n<meta property=\"og:title\" content=\"Especialista en SMM\/PCC - FDH\" \/>\n<meta property=\"og:description\" content=\"Necesitamos un Target\u00f3logo con experiencia y dedicaci\u00f3n, que establezca campa\u00f1as publicitarias en Facebook y Google.\" \/>\n<meta property=\"og:url\" content=\"https:\/\/frontdeskhelpers.com\/es\/company\/%d1%81areers\/marketing\/especialista-en-smm-pcc\/\" \/>\n<meta property=\"og:site_name\" content=\"FDH\" \/>\n<meta property=\"article:modified_time\" content=\"2024-12-19T20:55:51+00:00\" \/>\n<meta name=\"twitter:card\" content=\"summary_large_image\" \/>\n<meta name=\"twitter:label1\" content=\"Tiempo de lectura\" \/>\n\t<meta name=\"twitter:data1\" content=\"2 minutos\" \/>\n<!-- \/ Yoast SEO plugin. -->","yoast_head_json":{"title":"Especialista en SMM\/PCC - FDH","description":"Necesitamos un Target\u00f3logo con experiencia y dedicaci\u00f3n, que establezca campa\u00f1as publicitarias en Facebook y Google.","robots":{"index":"index","follow":"follow","max-snippet":"max-snippet:-1","max-image-preview":"max-image-preview:large","max-video-preview":"max-video-preview:-1"},"canonical":"https:\/\/frontdeskhelpers.com\/es\/company\/%d1%81areers\/marketing\/especialista-en-smm-pcc\/","og_locale":"es_ES","og_type":"article","og_title":"Especialista en SMM\/PCC - FDH","og_description":"Necesitamos un Target\u00f3logo con experiencia y dedicaci\u00f3n, que establezca campa\u00f1as publicitarias en Facebook y Google.","og_url":"https:\/\/frontdeskhelpers.com\/es\/company\/%d1%81areers\/marketing\/especialista-en-smm-pcc\/","og_site_name":"FDH","article_modified_time":"2024-12-19T20:55:51+00:00","twitter_card":"summary_large_image","twitter_misc":{"Tiempo de lectura":"2 minutos"},"schema":{"@context":"https:\/\/schema.org","@graph":[{"@type":"WebPage","@id":"https:\/\/frontdeskhelpers.com\/es\/company\/%d1%81areers\/marketing\/especialista-en-smm-pcc\/","url":"https:\/\/frontdeskhelpers.com\/es\/company\/%d1%81areers\/marketing\/especialista-en-smm-pcc\/","name":"Especialista en SMM\/PCC - FDH","isPartOf":{"@id":"https:\/\/frontdeskhelpers.com\/es\/#website"},"datePublished":"2024-08-12T13:44:11+00:00","dateModified":"2024-12-19T20:55:51+00:00","description":"Necesitamos un Target\u00f3logo con experiencia y dedicaci\u00f3n, que establezca campa\u00f1as publicitarias en Facebook y Google.","breadcrumb":{"@id":"https:\/\/frontdeskhelpers.com\/es\/company\/%d1%81areers\/marketing\/especialista-en-smm-pcc\/#breadcrumb"},"inLanguage":"es","potentialAction":[{"@type":"ReadAction","target":["https:\/\/frontdeskhelpers.com\/es\/company\/%d1%81areers\/marketing\/especialista-en-smm-pcc\/"]}]},{"@type":"BreadcrumbList","@id":"https:\/\/frontdeskhelpers.com\/es\/company\/%d1%81areers\/marketing\/especialista-en-smm-pcc\/#breadcrumb","itemListElement":[{"@type":"ListItem","position":1,"name":"Home","item":"https:\/\/frontdeskhelpers.com\/es\/"},{"@type":"ListItem","position":2,"name":"Company","item":"https:\/\/frontdeskhelpers.com\/es\/company\/"},{"@type":"ListItem","position":3,"name":"\u0421areers","item":"https:\/\/frontdeskhelpers.com\/es\/company\/careers-vacancies\/"},{"@type":"ListItem","position":4,"name":"Marketing","item":"https:\/\/frontdeskhelpers.com\/es\/company\/careers-vacancies\/marketing\/"},{"@type":"ListItem","position":5,"name":"Especialista en SMM\/PCC"}]},{"@type":"WebSite","@id":"https:\/\/frontdeskhelpers.com\/es\/#website","url":"https:\/\/frontdeskhelpers.com\/es\/","name":"FDH","description":"","potentialAction":[{"@type":"SearchAction","target":{"@type":"EntryPoint","urlTemplate":"https:\/\/frontdeskhelpers.com\/es\/?s={search_term_string}"},"query-input":{"@type":"PropertyValueSpecification","valueRequired":true,"valueName":"search_term_string"}}],"inLanguage":"es"}]}},"_links":{"self":[{"href":"https:\/\/frontdeskhelpers.com\/es\/wp-json\/wp\/v2\/pages\/8414","targetHints":{"allow":["GET"]}}],"collection":[{"href":"https:\/\/frontdeskhelpers.com\/es\/wp-json\/wp\/v2\/pages"}],"about":[{"href":"https:\/\/frontdeskhelpers.com\/es\/wp-json\/wp\/v2\/types\/page"}],"author":[{"embeddable":true,"href":"https:\/\/frontdeskhelpers.com\/es\/wp-json\/wp\/v2\/users\/2"}],"replies":[{"embeddable":true,"href":"https:\/\/frontdeskhelpers.com\/es\/wp-json\/wp\/v2\/comments?post=8414"}],"version-history":[{"count":1,"href":"https:\/\/frontdeskhelpers.com\/es\/wp-json\/wp\/v2\/pages\/8414\/revisions"}],"predecessor-version":[{"id":8416,"href":"https:\/\/frontdeskhelpers.com\/es\/wp-json\/wp\/v2\/pages\/8414\/revisions\/8416"}],"up":[{"embeddable":true,"href":"https:\/\/frontdeskhelpers.com\/es\/wp-json\/wp\/v2\/pages\/8553"}],"wp:attachment":[{"href":"https:\/\/frontdeskhelpers.com\/es\/wp-json\/wp\/v2\/media?parent=8414"}],"curies":[{"name":"wp","href":"https:\/\/api.w.org\/{rel}","templated":true}]}}