{"id":8410,"date":"2024-08-12T13:13:06","date_gmt":"2024-08-12T13:13:06","guid":{"rendered":"https:\/\/frontdeskhelpers.com\/disenador-ui-ux\/"},"modified":"2024-12-19T20:55:51","modified_gmt":"2024-12-19T20:55:51","slug":"disenador-ui-ux","status":"publish","type":"page","link":"https:\/\/frontdeskhelpers.com\/es\/company\/%d1%81areers\/marketing\/disenador-ui-ux\/","title":{"rendered":"Dise\u00f1ador UI\/UX"},"content":{"rendered":"\n<div class=\"wp-block-columns is-layout-flex wp-container-core-columns-is-layout-9d6595d7 wp-block-columns-is-layout-flex\">\n<div class=\"wp-block-column is-layout-flow wp-block-column-is-layout-flow\"><div class=\"pvc_clear\"><\/div><p id=\"pvc_stats_8410\" class=\"pvc_stats total_only  pvc_load_by_ajax_update\" data-element-id=\"8410\" style=\"\"><i class=\"pvc-stats-icon medium\" aria-hidden=\"true\"><svg aria-hidden=\"true\" focusable=\"false\" data-prefix=\"far\" data-icon=\"chart-bar\" role=\"img\" xmlns=\"http:\/\/www.w3.org\/2000\/svg\" viewBox=\"0 0 512 512\" class=\"svg-inline--fa fa-chart-bar fa-w-16 fa-2x\"><path fill=\"currentColor\" d=\"M396.8 352h22.4c6.4 0 12.8-6.4 12.8-12.8V108.8c0-6.4-6.4-12.8-12.8-12.8h-22.4c-6.4 0-12.8 6.4-12.8 12.8v230.4c0 6.4 6.4 12.8 12.8 12.8zm-192 0h22.4c6.4 0 12.8-6.4 12.8-12.8V140.8c0-6.4-6.4-12.8-12.8-12.8h-22.4c-6.4 0-12.8 6.4-12.8 12.8v198.4c0 6.4 6.4 12.8 12.8 12.8zm96 0h22.4c6.4 0 12.8-6.4 12.8-12.8V204.8c0-6.4-6.4-12.8-12.8-12.8h-22.4c-6.4 0-12.8 6.4-12.8 12.8v134.4c0 6.4 6.4 12.8 12.8 12.8zM496 400H48V80c0-8.84-7.16-16-16-16H16C7.16 64 0 71.16 0 80v336c0 17.67 14.33 32 32 32h464c8.84 0 16-7.16 16-16v-16c0-8.84-7.16-16-16-16zm-387.2-48h22.4c6.4 0 12.8-6.4 12.8-12.8v-70.4c0-6.4-6.4-12.8-12.8-12.8h-22.4c-6.4 0-12.8 6.4-12.8 12.8v70.4c0 6.4 6.4 12.8 12.8 12.8z\" class=\"\"><\/path><\/svg><\/i> <img decoding=\"async\" width=\"16\" height=\"16\" alt=\"Loading\" src=\"https:\/\/frontdeskhelpers.com\/wp-content\/plugins\/page-views-count\/ajax-loader-2x.gif\" border=0 \/><\/p><div class=\"pvc_clear\"><\/div>\n<\/div>\n\n\n\n<div class=\"wp-block-column is-vertically-aligned-center is-layout-flow wp-block-column-is-layout-flow\">\n<p class=\"has-text-align-center closed-vacancy-info\">VACANTE CERRADA<\/p>\n<\/div>\n<\/div>\n\n<p>Somos una empresa con sede en EE.UU. Una empresa fundada y dirigida por mujeres en 2015 que ofrece una amplia gama de servicios de TI, telecomunicaciones, atenci\u00f3n al cliente y otros servicios a nuestros clientes. En estos momentos buscamos un dise\u00f1ador UI\/UX con experiencia para nuestro equipo remoto que cree un dise\u00f1o innovador y \u00fanico para sitios web, p\u00e1ginas de aterrizaje, aplicaciones web, etc.  <\/p>\n\n<p><br\/><strong>Nuestros requisitos:<\/strong><\/p>\n\n<ul class=\"wp-block-list\">\n<li>Ruso (Nativo-Fluente) \/\/ Ingl\u00e9s opcional (Pre-Intermedio-Avanzado).<\/li>\n\n\n\n<li>Dominio de programas de dise\u00f1o visual (Illustrator, Photoshop, Figma, Tilda, etc.).<\/li>\n\n\n\n<li>3 a\u00f1os de experiencia como Dise\u00f1ador UI-UX o puesto similar.<\/li>\n\n\n\n<li>Forma creativa de pensar.<\/li>\n\n\n\n<li>Capacidad para debatir y explicar las opciones de dise\u00f1o.<\/li>\n\n\n\n<li>Un portafolio de tus trabajos de dise\u00f1o UI\/UX.<\/li>\n\n\n\n<li>Etiqueta profesional.<\/li>\n\n\n\n<li>Esp\u00edritu de colaboraci\u00f3n.<\/li>\n<\/ul>\n\n<p><strong>Horario:<\/strong><\/p>\n\n<p>Estamos trabajando en la zona horaria EST (UTC-5), pero puedes trabajar en un horario c\u00f3modo, s\u00f3lo aseg\u00farate de estar presente en las reuniones del equipo (normalmente ayuda entre las 16:00-00:00)<\/p>\n\n<p><br\/><strong>Qu\u00e9 ofrecemos:<\/strong><\/p>\n\n<ul class=\"wp-block-list\">\n<li>Salario competitivo pagado dos veces al mes.<\/li>\n\n\n\n<li>Trabaja en un equipo experimentado, bajo la supervisi\u00f3n de un jefe.<\/li>\n\n\n\n<li>Proyectos interesantes para los mercados estadounidense y canadiense.<\/li>\n\n\n\n<li>Capacidad para trabajar a distancia.<\/li>\n\n\n\n<li>Una direcci\u00f3n abierta, con la que es f\u00e1cil ponerse en contacto.<\/li>\n<\/ul>\n\n<p><strong>Responsabilidades:<\/strong><\/p>\n\n<ul class=\"wp-block-list\">\n<li>Dise\u00f1ar elementos gr\u00e1ficos de interfaz de usuario, como men\u00fas, pesta\u00f1as, formularios y widgets.<\/li>\n\n\n\n<li>Optimizar los dise\u00f1os de interfaz de usuario existentes.<\/li>\n\n\n\n<li>Aseg\u00farate de que todos los elementos de la experiencia del usuario online est\u00e1n optimizados para mejorar la usabilidad, la utilidad y un dise\u00f1o visual excepcional.<\/li>\n\n\n\n<li>Probar elementos de interfaz de usuario como banners, dise\u00f1os de p\u00e1ginas, flujos de p\u00e1ginas y p\u00e1ginas de destino<\/li>\n\n\n\n<li>Trabajar\u00e1s en estrecha colaboraci\u00f3n con nuestro equipo de desarrollo web para garantizar una implementaci\u00f3n adecuada y sin complicaciones.<\/li>\n<\/ul>\n\n<p>Env\u00edanos tu CV a <a href=\"mailto:career@frontdeskhelpers.com\" target=\"_blank\" rel=\"noreferrer noopener\">career@frontdeskhelpers.com<\/a><\/p>\n\n<p><strong>\u00a1Esperamos tener noticias tuyas!<\/strong><\/p>\n","protected":false},"excerpt":{"rendered":"<p>Somos una empresa con sede en EE.UU. Una empresa fundada y dirigida por mujeres en 2015 que ofrece una amplia gama de servicios de TI, telecomunicaciones, atenci\u00f3n al cliente y otros servicios a nuestros clientes. En estos momentos buscamos un dise\u00f1ador UI\/UX con experiencia para nuestro equipo remoto que cree un dise\u00f1o innovador y \u00fanico [&hellip;]<\/p>\n","protected":false},"author":2,"featured_media":0,"parent":8553,"menu_order":0,"comment_status":"closed","ping_status":"closed","template":"","meta":{"inline_featured_image":false,"footnotes":""},"class_list":["post-8410","page","type-page","status-publish"],"yoast_head":"<!-- This site is optimized with the Yoast SEO plugin v27.3 - https:\/\/yoast.com\/product\/yoast-seo-wordpress\/ -->\n<title>Dise\u00f1ador UI\/UX - FDH<\/title>\n<meta name=\"description\" content=\"Buscamos un dise\u00f1ador UI\/UX con experiencia para nuestro equipo remoto para crear un dise\u00f1o innovador y \u00fanico para sitios web, p\u00e1ginas de aterrizaje, aplicaciones web, etc.\" \/>\n<meta name=\"robots\" content=\"index, follow, max-snippet:-1, max-image-preview:large, max-video-preview:-1\" \/>\n<link rel=\"canonical\" href=\"https:\/\/frontdeskhelpers.com\/es\/company\/%d1%81areers\/marketing\/disenador-ui-ux\/\" \/>\n<meta property=\"og:locale\" content=\"es_ES\" \/>\n<meta property=\"og:type\" content=\"article\" \/>\n<meta property=\"og:title\" content=\"Dise\u00f1ador UI\/UX - FDH\" \/>\n<meta property=\"og:description\" content=\"Buscamos un dise\u00f1ador UI\/UX con experiencia para nuestro equipo remoto para crear un dise\u00f1o innovador y \u00fanico para sitios web, p\u00e1ginas de aterrizaje, aplicaciones web, etc.\" \/>\n<meta property=\"og:url\" content=\"https:\/\/frontdeskhelpers.com\/es\/company\/%d1%81areers\/marketing\/disenador-ui-ux\/\" \/>\n<meta property=\"og:site_name\" content=\"FDH\" \/>\n<meta property=\"article:modified_time\" content=\"2024-12-19T20:55:51+00:00\" \/>\n<meta name=\"twitter:card\" content=\"summary_large_image\" \/>\n<meta name=\"twitter:label1\" content=\"Tiempo de lectura\" \/>\n\t<meta name=\"twitter:data1\" content=\"2 minutos\" \/>\n<!-- \/ Yoast SEO plugin. -->","yoast_head_json":{"title":"Dise\u00f1ador UI\/UX - FDH","description":"Buscamos un dise\u00f1ador UI\/UX con experiencia para nuestro equipo remoto para crear un dise\u00f1o innovador y \u00fanico para sitios web, p\u00e1ginas de aterrizaje, aplicaciones web, etc.","robots":{"index":"index","follow":"follow","max-snippet":"max-snippet:-1","max-image-preview":"max-image-preview:large","max-video-preview":"max-video-preview:-1"},"canonical":"https:\/\/frontdeskhelpers.com\/es\/company\/%d1%81areers\/marketing\/disenador-ui-ux\/","og_locale":"es_ES","og_type":"article","og_title":"Dise\u00f1ador UI\/UX - FDH","og_description":"Buscamos un dise\u00f1ador UI\/UX con experiencia para nuestro equipo remoto para crear un dise\u00f1o innovador y \u00fanico para sitios web, p\u00e1ginas de aterrizaje, aplicaciones web, etc.","og_url":"https:\/\/frontdeskhelpers.com\/es\/company\/%d1%81areers\/marketing\/disenador-ui-ux\/","og_site_name":"FDH","article_modified_time":"2024-12-19T20:55:51+00:00","twitter_card":"summary_large_image","twitter_misc":{"Tiempo de lectura":"2 minutos"},"schema":{"@context":"https:\/\/schema.org","@graph":[{"@type":"WebPage","@id":"https:\/\/frontdeskhelpers.com\/es\/company\/%d1%81areers\/marketing\/disenador-ui-ux\/","url":"https:\/\/frontdeskhelpers.com\/es\/company\/%d1%81areers\/marketing\/disenador-ui-ux\/","name":"Dise\u00f1ador UI\/UX - FDH","isPartOf":{"@id":"https:\/\/frontdeskhelpers.com\/es\/#website"},"datePublished":"2024-08-12T13:13:06+00:00","dateModified":"2024-12-19T20:55:51+00:00","description":"Buscamos un dise\u00f1ador UI\/UX con experiencia para nuestro equipo remoto para crear un dise\u00f1o innovador y \u00fanico para sitios web, p\u00e1ginas de aterrizaje, aplicaciones web, etc.","breadcrumb":{"@id":"https:\/\/frontdeskhelpers.com\/es\/company\/%d1%81areers\/marketing\/disenador-ui-ux\/#breadcrumb"},"inLanguage":"es","potentialAction":[{"@type":"ReadAction","target":["https:\/\/frontdeskhelpers.com\/es\/company\/%d1%81areers\/marketing\/disenador-ui-ux\/"]}]},{"@type":"BreadcrumbList","@id":"https:\/\/frontdeskhelpers.com\/es\/company\/%d1%81areers\/marketing\/disenador-ui-ux\/#breadcrumb","itemListElement":[{"@type":"ListItem","position":1,"name":"Home","item":"https:\/\/frontdeskhelpers.com\/es\/"},{"@type":"ListItem","position":2,"name":"Company","item":"https:\/\/frontdeskhelpers.com\/es\/company\/"},{"@type":"ListItem","position":3,"name":"\u0421areers","item":"https:\/\/frontdeskhelpers.com\/es\/company\/careers-vacancies\/"},{"@type":"ListItem","position":4,"name":"Marketing","item":"https:\/\/frontdeskhelpers.com\/es\/company\/careers-vacancies\/marketing\/"},{"@type":"ListItem","position":5,"name":"Dise\u00f1ador UI\/UX"}]},{"@type":"WebSite","@id":"https:\/\/frontdeskhelpers.com\/es\/#website","url":"https:\/\/frontdeskhelpers.com\/es\/","name":"FDH","description":"","potentialAction":[{"@type":"SearchAction","target":{"@type":"EntryPoint","urlTemplate":"https:\/\/frontdeskhelpers.com\/es\/?s={search_term_string}"},"query-input":{"@type":"PropertyValueSpecification","valueRequired":true,"valueName":"search_term_string"}}],"inLanguage":"es"}]}},"_links":{"self":[{"href":"https:\/\/frontdeskhelpers.com\/es\/wp-json\/wp\/v2\/pages\/8410","targetHints":{"allow":["GET"]}}],"collection":[{"href":"https:\/\/frontdeskhelpers.com\/es\/wp-json\/wp\/v2\/pages"}],"about":[{"href":"https:\/\/frontdeskhelpers.com\/es\/wp-json\/wp\/v2\/types\/page"}],"author":[{"embeddable":true,"href":"https:\/\/frontdeskhelpers.com\/es\/wp-json\/wp\/v2\/users\/2"}],"replies":[{"embeddable":true,"href":"https:\/\/frontdeskhelpers.com\/es\/wp-json\/wp\/v2\/comments?post=8410"}],"version-history":[{"count":1,"href":"https:\/\/frontdeskhelpers.com\/es\/wp-json\/wp\/v2\/pages\/8410\/revisions"}],"predecessor-version":[{"id":8411,"href":"https:\/\/frontdeskhelpers.com\/es\/wp-json\/wp\/v2\/pages\/8410\/revisions\/8411"}],"up":[{"embeddable":true,"href":"https:\/\/frontdeskhelpers.com\/es\/wp-json\/wp\/v2\/pages\/8553"}],"wp:attachment":[{"href":"https:\/\/frontdeskhelpers.com\/es\/wp-json\/wp\/v2\/media?parent=8410"}],"curies":[{"name":"wp","href":"https:\/\/api.w.org\/{rel}","templated":true}]}}