{"id":8409,"date":"2024-08-12T13:42:06","date_gmt":"2024-08-12T13:42:06","guid":{"rendered":"https:\/\/frontdeskhelpers.com\/empleado-contable\/"},"modified":"2024-12-19T20:55:35","modified_gmt":"2024-12-19T20:55:35","slug":"empleado-contable","status":"publish","type":"page","link":"https:\/\/frontdeskhelpers.com\/es\/company\/%d1%81areers\/contabilidad\/empleado-contable\/","title":{"rendered":"Empleado contable"},"content":{"rendered":"\n<div class=\"wp-block-columns is-layout-flex wp-container-core-columns-is-layout-9d6595d7 wp-block-columns-is-layout-flex\">\n<div class=\"wp-block-column is-layout-flow wp-block-column-is-layout-flow\"><div class=\"pvc_clear\"><\/div><p id=\"pvc_stats_8409\" class=\"pvc_stats total_only  pvc_load_by_ajax_update\" data-element-id=\"8409\" style=\"\"><i class=\"pvc-stats-icon medium\" aria-hidden=\"true\"><svg aria-hidden=\"true\" focusable=\"false\" data-prefix=\"far\" data-icon=\"chart-bar\" role=\"img\" xmlns=\"http:\/\/www.w3.org\/2000\/svg\" viewBox=\"0 0 512 512\" class=\"svg-inline--fa fa-chart-bar fa-w-16 fa-2x\"><path fill=\"currentColor\" d=\"M396.8 352h22.4c6.4 0 12.8-6.4 12.8-12.8V108.8c0-6.4-6.4-12.8-12.8-12.8h-22.4c-6.4 0-12.8 6.4-12.8 12.8v230.4c0 6.4 6.4 12.8 12.8 12.8zm-192 0h22.4c6.4 0 12.8-6.4 12.8-12.8V140.8c0-6.4-6.4-12.8-12.8-12.8h-22.4c-6.4 0-12.8 6.4-12.8 12.8v198.4c0 6.4 6.4 12.8 12.8 12.8zm96 0h22.4c6.4 0 12.8-6.4 12.8-12.8V204.8c0-6.4-6.4-12.8-12.8-12.8h-22.4c-6.4 0-12.8 6.4-12.8 12.8v134.4c0 6.4 6.4 12.8 12.8 12.8zM496 400H48V80c0-8.84-7.16-16-16-16H16C7.16 64 0 71.16 0 80v336c0 17.67 14.33 32 32 32h464c8.84 0 16-7.16 16-16v-16c0-8.84-7.16-16-16-16zm-387.2-48h22.4c6.4 0 12.8-6.4 12.8-12.8v-70.4c0-6.4-6.4-12.8-12.8-12.8h-22.4c-6.4 0-12.8 6.4-12.8 12.8v70.4c0 6.4 6.4 12.8 12.8 12.8z\" class=\"\"><\/path><\/svg><\/i> <img decoding=\"async\" width=\"16\" height=\"16\" alt=\"Loading\" src=\"https:\/\/frontdeskhelpers.com\/wp-content\/plugins\/page-views-count\/ajax-loader-2x.gif\" border=0 \/><\/p><div class=\"pvc_clear\"><\/div>\n<\/div>\n\n\n\n<div class=\"wp-block-column is-vertically-aligned-center is-layout-flow wp-block-column-is-layout-flow\">\n<p class=\"has-text-align-center closed-vacancy-info\">VACANTE CERRADA<\/p>\n<\/div>\n<\/div>\n\n<p>Somos una empresa con sede en EE.UU. Buscamos un Empleado Contable cualificado en una empresa inmobiliaria de Boston para realizar diversas tareas de contabilidad, tenedur\u00eda de libros y finanzas. Las responsabilidades del empleado contable incluyen mantener actualizados los registros financieros, preparar informes y conciliar los extractos bancarios.  <\/p>\n\n<p>Utilizar\u00e1s programas inform\u00e1ticos de contabilidad para procesar transacciones empresariales, como cuentas por pagar y por cobrar, desembolsos, comprobantes de gastos y recibos. Un asistente contable de \u00e9xito debe estar familiarizado con todos los procedimientos contables y tener facilidad para los n\u00fameros. <\/p>\n\n<p>En \u00faltima instancia, un empleado contable con \u00e9xito se asegurar\u00e1 de que las funciones contables diarias de la empresa se desarrollen con precisi\u00f3n y eficacia.<\/p>\n\n<h2 class=\"wp-block-heading\"><strong>Requisitos:<\/strong><\/h2>\n\n<ul class=\"wp-block-list\">\n<li>Ingl\u00e9s &#8211; Intermedio alto\/Avanzado;<\/li>\n\n\n\n<li>Ordenador propio y conexi\u00f3n estable a Internet;<\/li>\n\n\n\n<li>Experiencia contable demostrada, preferiblemente como empleado de Cuentas por cobrar o de Cuentas por pagar;<\/li>\n\n\n\n<li>Familiaridad con la tenedur\u00eda de libros y los procedimientos contables b\u00e1sicos;<\/li>\n\n\n\n<li>Competencia en MS Office, bases de datos y programas de contabilidad como QuickBooks;<\/li>\n\n\n\n<li>Experiencia pr\u00e1ctica con hojas de c\u00e1lculo e informes financieros;<\/li>\n\n\n\n<li>Precisi\u00f3n y atenci\u00f3n al detalle;<\/li>\n\n\n\n<li>Aptitud para los n\u00fameros;<\/li>\n\n\n\n<li>Capacidad para realizar tareas de archivo y mantenimiento de registros;<\/li>\n\n\n\n<li>Habilidades de introducci\u00f3n de datos y procesamiento de textos;<\/li>\n\n\n\n<li>Bien organizado;<\/li>\n\n\n\n<li>T\u00edtulo de bachillerato;<\/li>\n\n\n\n<li>Se valorar\u00e1 la titulaci\u00f3n universitaria o la certificaci\u00f3n pertinente.<\/li>\n<\/ul>\n\n<h2 class=\"wp-block-heading\"><strong>Responsabilidades:<\/strong><\/h2>\n\n<ul class=\"wp-block-list\">\n<li>Proporcionar apoyo contable y administrativo al departamento de contabilidad<\/li>\n\n\n\n<li>Mecanografiar con precisi\u00f3n, preparar y mantener documentos y registros contables<\/li>\n\n\n\n<li>Preparar dep\u00f3sitos bancarios, contabilizaciones en el libro mayor y extractos<\/li>\n\n\n\n<li>Conciliar las cuentas a tiempo<\/li>\n\n\n\n<li>Introducir diariamente los datos clave de las transacciones financieras en la base de datos<\/li>\n\n\n\n<li>Proporcionar asistencia y apoyo al personal de la empresa<\/li>\n\n\n\n<li>Investiga, rastrea y restaura los problemas y discrepancias contables o de documentaci\u00f3n<\/li>\n\n\n\n<li>Informar a la direcci\u00f3n y elaborar informes\/res\u00famenes sobre las \u00e1reas de actividad<\/li>\n\n\n\n<li>Funcionar de acuerdo con las normas establecidas, los procedimientos y las leyes aplicables<\/li>\n\n\n\n<li>Actualizar constantemente los conocimientos laborales<\/li>\n<\/ul>\n\n<h2 class=\"wp-block-heading\"><strong>Horario:<\/strong><\/h2>\n\n<ul class=\"wp-block-list\">\n<li>De lunes a viernes, de 9.00 a 17.00 h seg\u00fan el huso horario de Nueva York (de lunes a viernes, de 16.00 a 00.00 h seg\u00fan el huso horario de Kiev)<\/li>\n<\/ul>\n\n<h2 class=\"wp-block-heading\"><strong>Qu\u00e9 ofrecemos:<\/strong><\/h2>\n\n<ul class=\"wp-block-list\">\n<li>Salario competitivo pagado dos veces al mes.<\/li>\n\n\n\n<li>Trabaja en un equipo experimentado, bajo la supervisi\u00f3n de un jefe.<\/li>\n\n\n\n<li>Capacidad para trabajar a distancia en horario de tarde.  <\/li>\n\n\n\n<li>Vacaciones pagadas tras un a\u00f1o de empleo.<\/li>\n\n\n\n<li>Proporcionamos a nuestros empleados tel\u00e9fonos IP, como instrumento de conexi\u00f3n con los clientes de EE.UU., as\u00ed como todo el software necesario (CRM, fax virtual, servicio SMS, VPN).<\/li>\n\n\n\n<li>Una direcci\u00f3n abierta, con la que es f\u00e1cil ponerse en contacto.<\/li>\n\n\n\n<li>Igualdad de oportunidades para todos: sin importar la edad, el sexo o la nacionalidad.<\/li>\n<\/ul>\n\n<p>Para m\u00e1s preguntas, env\u00eda tu curr\u00edculum a <a href=\"mailto:career@frontdeskhelpers.com\">career@frontdeskhelpers.com<\/a><\/p>\n\n<p><strong>\u00a1Esperamos tener noticias tuyas!<\/strong><\/p>\n","protected":false},"excerpt":{"rendered":"<p>Somos una empresa con sede en EE.UU. Buscamos un Empleado Contable cualificado en una empresa inmobiliaria de Boston para realizar diversas tareas de contabilidad, tenedur\u00eda de libros y finanzas. Las responsabilidades del empleado contable incluyen mantener actualizados los registros financieros, preparar informes y conciliar los extractos bancarios. Utilizar\u00e1s programas inform\u00e1ticos de contabilidad para procesar transacciones [&hellip;]<\/p>\n","protected":false},"author":2,"featured_media":0,"parent":8514,"menu_order":0,"comment_status":"closed","ping_status":"closed","template":"","meta":{"inline_featured_image":false,"footnotes":""},"class_list":["post-8409","page","type-page","status-publish"],"yoast_head":"<!-- This site is optimized with the Yoast SEO plugin v27.3 - https:\/\/yoast.com\/product\/yoast-seo-wordpress\/ -->\n<title>Empleado contable - FDH<\/title>\n<meta name=\"description\" content=\"Se busca empleado contable cualificado en empresa inmobiliaria de Boston para realizar diversas tareas de contabilidad, tenedur\u00eda de libros y finanzas.\" \/>\n<meta name=\"robots\" content=\"index, follow, max-snippet:-1, max-image-preview:large, max-video-preview:-1\" \/>\n<link rel=\"canonical\" href=\"https:\/\/frontdeskhelpers.com\/es\/company\/%d1%81areers\/contabilidad\/empleado-contable\/\" \/>\n<meta property=\"og:locale\" content=\"es_ES\" \/>\n<meta property=\"og:type\" content=\"article\" \/>\n<meta property=\"og:title\" content=\"Empleado contable - FDH\" \/>\n<meta property=\"og:description\" content=\"Se busca empleado contable cualificado en empresa inmobiliaria de Boston para realizar diversas tareas de contabilidad, tenedur\u00eda de libros y finanzas.\" \/>\n<meta property=\"og:url\" content=\"https:\/\/frontdeskhelpers.com\/es\/company\/%d1%81areers\/contabilidad\/empleado-contable\/\" \/>\n<meta property=\"og:site_name\" content=\"FDH\" \/>\n<meta property=\"article:modified_time\" content=\"2024-12-19T20:55:35+00:00\" \/>\n<meta name=\"twitter:card\" content=\"summary_large_image\" \/>\n<meta name=\"twitter:label1\" content=\"Tiempo de lectura\" \/>\n\t<meta name=\"twitter:data1\" content=\"2 minutos\" \/>\n<!-- \/ Yoast SEO plugin. -->","yoast_head_json":{"title":"Empleado contable - FDH","description":"Se busca empleado contable cualificado en empresa inmobiliaria de Boston para realizar diversas tareas de contabilidad, tenedur\u00eda de libros y finanzas.","robots":{"index":"index","follow":"follow","max-snippet":"max-snippet:-1","max-image-preview":"max-image-preview:large","max-video-preview":"max-video-preview:-1"},"canonical":"https:\/\/frontdeskhelpers.com\/es\/company\/%d1%81areers\/contabilidad\/empleado-contable\/","og_locale":"es_ES","og_type":"article","og_title":"Empleado contable - FDH","og_description":"Se busca empleado contable cualificado en empresa inmobiliaria de Boston para realizar diversas tareas de contabilidad, tenedur\u00eda de libros y finanzas.","og_url":"https:\/\/frontdeskhelpers.com\/es\/company\/%d1%81areers\/contabilidad\/empleado-contable\/","og_site_name":"FDH","article_modified_time":"2024-12-19T20:55:35+00:00","twitter_card":"summary_large_image","twitter_misc":{"Tiempo de lectura":"2 minutos"},"schema":{"@context":"https:\/\/schema.org","@graph":[{"@type":"WebPage","@id":"https:\/\/frontdeskhelpers.com\/es\/company\/%d1%81areers\/contabilidad\/empleado-contable\/","url":"https:\/\/frontdeskhelpers.com\/es\/company\/%d1%81areers\/contabilidad\/empleado-contable\/","name":"Empleado contable - FDH","isPartOf":{"@id":"https:\/\/frontdeskhelpers.com\/es\/#website"},"datePublished":"2024-08-12T13:42:06+00:00","dateModified":"2024-12-19T20:55:35+00:00","description":"Se busca empleado contable cualificado en empresa inmobiliaria de Boston para realizar diversas tareas de contabilidad, tenedur\u00eda de libros y finanzas.","breadcrumb":{"@id":"https:\/\/frontdeskhelpers.com\/es\/company\/%d1%81areers\/contabilidad\/empleado-contable\/#breadcrumb"},"inLanguage":"es","potentialAction":[{"@type":"ReadAction","target":["https:\/\/frontdeskhelpers.com\/es\/company\/%d1%81areers\/contabilidad\/empleado-contable\/"]}]},{"@type":"BreadcrumbList","@id":"https:\/\/frontdeskhelpers.com\/es\/company\/%d1%81areers\/contabilidad\/empleado-contable\/#breadcrumb","itemListElement":[{"@type":"ListItem","position":1,"name":"Home","item":"https:\/\/frontdeskhelpers.com\/es\/"},{"@type":"ListItem","position":2,"name":"Company","item":"https:\/\/frontdeskhelpers.com\/es\/company\/"},{"@type":"ListItem","position":3,"name":"\u0421areers","item":"https:\/\/frontdeskhelpers.com\/es\/company\/careers-vacancies\/"},{"@type":"ListItem","position":4,"name":"Contabilidad","item":"https:\/\/frontdeskhelpers.com\/es\/company\/careers-vacancies\/accounting\/"},{"@type":"ListItem","position":5,"name":"Empleado contable"}]},{"@type":"WebSite","@id":"https:\/\/frontdeskhelpers.com\/es\/#website","url":"https:\/\/frontdeskhelpers.com\/es\/","name":"FDH","description":"","potentialAction":[{"@type":"SearchAction","target":{"@type":"EntryPoint","urlTemplate":"https:\/\/frontdeskhelpers.com\/es\/?s={search_term_string}"},"query-input":{"@type":"PropertyValueSpecification","valueRequired":true,"valueName":"search_term_string"}}],"inLanguage":"es"}]}},"_links":{"self":[{"href":"https:\/\/frontdeskhelpers.com\/es\/wp-json\/wp\/v2\/pages\/8409","targetHints":{"allow":["GET"]}}],"collection":[{"href":"https:\/\/frontdeskhelpers.com\/es\/wp-json\/wp\/v2\/pages"}],"about":[{"href":"https:\/\/frontdeskhelpers.com\/es\/wp-json\/wp\/v2\/types\/page"}],"author":[{"embeddable":true,"href":"https:\/\/frontdeskhelpers.com\/es\/wp-json\/wp\/v2\/users\/2"}],"replies":[{"embeddable":true,"href":"https:\/\/frontdeskhelpers.com\/es\/wp-json\/wp\/v2\/comments?post=8409"}],"version-history":[{"count":1,"href":"https:\/\/frontdeskhelpers.com\/es\/wp-json\/wp\/v2\/pages\/8409\/revisions"}],"predecessor-version":[{"id":8412,"href":"https:\/\/frontdeskhelpers.com\/es\/wp-json\/wp\/v2\/pages\/8409\/revisions\/8412"}],"up":[{"embeddable":true,"href":"https:\/\/frontdeskhelpers.com\/es\/wp-json\/wp\/v2\/pages\/8514"}],"wp:attachment":[{"href":"https:\/\/frontdeskhelpers.com\/es\/wp-json\/wp\/v2\/media?parent=8409"}],"curies":[{"name":"wp","href":"https:\/\/api.w.org\/{rel}","templated":true}]}}