{"id":8407,"date":"2024-12-06T19:05:42","date_gmt":"2024-12-06T19:05:42","guid":{"rendered":"https:\/\/frontdeskhelpers.com\/especialista-en-admision-inscripcion-en-agencia-de-asistencia-domiciliaria\/"},"modified":"2024-12-19T20:55:48","modified_gmt":"2024-12-19T20:55:48","slug":"especialista-en-admision-inscripcion-en-agencia-de-asistencia-domiciliaria","status":"publish","type":"page","link":"https:\/\/frontdeskhelpers.com\/es\/company\/%d1%81areers\/gestion\/especialista-en-admision-inscripcion-en-agencia-de-asistencia-domiciliaria\/","title":{"rendered":"Especialista en admisi\u00f3n\/inscripci\u00f3n en agencia de asistencia domiciliaria"},"content":{"rendered":"\n<div class=\"wp-block-columns is-layout-flex wp-container-core-columns-is-layout-9d6595d7 wp-block-columns-is-layout-flex\">\n<div class=\"wp-block-column is-layout-flow wp-block-column-is-layout-flow\"><div class=\"pvc_clear\"><\/div><p id=\"pvc_stats_8407\" class=\"pvc_stats total_only  pvc_load_by_ajax_update\" data-element-id=\"8407\" style=\"\"><i class=\"pvc-stats-icon medium\" aria-hidden=\"true\"><svg aria-hidden=\"true\" focusable=\"false\" data-prefix=\"far\" data-icon=\"chart-bar\" role=\"img\" xmlns=\"http:\/\/www.w3.org\/2000\/svg\" viewBox=\"0 0 512 512\" class=\"svg-inline--fa fa-chart-bar fa-w-16 fa-2x\"><path fill=\"currentColor\" d=\"M396.8 352h22.4c6.4 0 12.8-6.4 12.8-12.8V108.8c0-6.4-6.4-12.8-12.8-12.8h-22.4c-6.4 0-12.8 6.4-12.8 12.8v230.4c0 6.4 6.4 12.8 12.8 12.8zm-192 0h22.4c6.4 0 12.8-6.4 12.8-12.8V140.8c0-6.4-6.4-12.8-12.8-12.8h-22.4c-6.4 0-12.8 6.4-12.8 12.8v198.4c0 6.4 6.4 12.8 12.8 12.8zm96 0h22.4c6.4 0 12.8-6.4 12.8-12.8V204.8c0-6.4-6.4-12.8-12.8-12.8h-22.4c-6.4 0-12.8 6.4-12.8 12.8v134.4c0 6.4 6.4 12.8 12.8 12.8zM496 400H48V80c0-8.84-7.16-16-16-16H16C7.16 64 0 71.16 0 80v336c0 17.67 14.33 32 32 32h464c8.84 0 16-7.16 16-16v-16c0-8.84-7.16-16-16-16zm-387.2-48h22.4c6.4 0 12.8-6.4 12.8-12.8v-70.4c0-6.4-6.4-12.8-12.8-12.8h-22.4c-6.4 0-12.8 6.4-12.8 12.8v70.4c0 6.4 6.4 12.8 12.8 12.8z\" class=\"\"><\/path><\/svg><\/i> <img decoding=\"async\" width=\"16\" height=\"16\" alt=\"Loading\" src=\"https:\/\/frontdeskhelpers.com\/wp-content\/plugins\/page-views-count\/ajax-loader-2x.gif\" border=0 \/><\/p><div class=\"pvc_clear\"><\/div>\n<\/div>\n\n\n\n<div class=\"wp-block-column is-vertically-aligned-center is-layout-flow wp-block-column-is-layout-flow\">\n<p class=\"has-text-align-center active-vacancy-info\">VACANTE ACTIVA<\/p>\n<\/div>\n<\/div>\n\n<p>Hola, \u00a1y gracias por tu inter\u00e9s en el puesto!  <\/p>\n\n<p>Front Desk Helpers es una empresa de subcontrataci\u00f3n fundada por mujeres con sede en Nueva Jersey (EE.UU.), fundada en 2015. Nuestras \u00e1reas de especializaci\u00f3n son las soluciones de talento para sanidad, TI, telecomunicaciones, transporte, arquitectura, gesti\u00f3n de RRHH y otros campos. Nuestra empresa opera y hace negocios con nuestros clientes bas\u00e1ndose en los principios de transparencia, respeto mutuo y comunicaci\u00f3n abierta.  <\/p>\n\n<p>En estos momentos estamos buscando un <strong>Gestor de Admisi\u00f3n\/Inscripci\u00f3n<\/strong> para incorporarse a la agencia de asistencia sanitaria a domicilio de Nueva York. Ser\u00e1s responsable de gestionar y convertir todos los contactos de pacientes de pago privado y de ayudar tanto en la inscripci\u00f3n de nuevos pacientes como en los cambios de servicio para los miembros existentes. Este papel es crucial para garantizar la inscripci\u00f3n sin problemas y el apoyo a nuestra base de clientes a trav\u00e9s de un servicio profesional y compasivo.  <\/p>\n\n<p><strong>Las competencias que buscamos:<\/strong><\/p>\n\n<ul class=\"wp-block-list\">\n<li>Dominio del ingl\u00e9s hablado y escrito (preferiblemente triling\u00fce, pero tambi\u00e9n se acepta biling\u00fce en ingl\u00e9s y ruso o ingl\u00e9s y espa\u00f1ol).<\/li>\n\n\n\n<li>Conocimientos inform\u00e1ticos (Gmail, Excel, CRM, trabajo con archivos en diferentes formatos).<\/li>\n\n\n\n<li>Excelentes habilidades comunicativas e interpersonales, con capacidad para empatizar y conectar con las personas mayores y sus familias.<\/li>\n\n\n\n<li>Paciencia y persistencia en la consecuci\u00f3n de resultados.<\/li>\n\n\n\n<li>Tu propio ordenador y acceso a internet.<\/li>\n\n\n\n<li>Altamente organizado, con gran atenci\u00f3n al detalle y capacidad para gestionar m\u00faltiples tareas simult\u00e1neamente.<\/li>\n\n\n\n<li>Aut\u00f3nomo motivado con una actitud positiva y una fuerte \u00e9tica de trabajo.<\/li>\n\n\n\n<li>Capacidad para trabajar de forma independiente y como parte de un equipo.<\/li>\n<\/ul>\n\n<p><strong>Cu\u00e1l es el horario de trabajo:<\/strong><\/p>\n\n<p>De lunes a viernes, de 9:00 a 17:00 o de 10:00 a 18:00, seg\u00fan la hora de Nueva York.<\/p>\n\n<p><strong>Qu\u00e9 ofrecemos:<\/strong><\/p>\n\n<ul class=\"wp-block-list\">\n<li>Salario competitivo pagado quincenalmente en USD.<\/li>\n\n\n\n<li>Bonificaciones por cada paciente inscrito.<\/li>\n\n\n\n<li>Trabaja en un equipo experimentado, bajo la supervisi\u00f3n de un jefe.<\/li>\n\n\n\n<li>Capacidad para trabajar a distancia en horario de tarde.<\/li>\n\n\n\n<li>7 d\u00edas de vacaciones anuales pagadas tras un a\u00f1o de empleo.<\/li>\n\n\n\n<li>Sistema de primas como forma de que los empleados se expresen mutuamente su agradecimiento.<\/li>\n\n\n\n<li>Cursos de autodesarrollo impulsados por plataformas populares.<\/li>\n\n\n\n<li>Proporcionamos a nuestros empleados tel\u00e9fonos IP como instrumento de conexi\u00f3n con los clientes de EE.UU., as\u00ed como todo el software necesario (CRM, fax virtual, servicio SMS, VPN).<\/li>\n\n\n\n<li>Una direcci\u00f3n abierta, con la que es f\u00e1cil ponerse en contacto.<\/li>\n\n\n\n<li>Igualdad de oportunidades para personas de cualquier edad, sexo o nacionalidad.<\/li>\n\n\n\n<li>Oportunidad de aprender habilidades como adaptabilidad, resoluci\u00f3n de conflictos, priorizaci\u00f3n y gesti\u00f3n del tiempo, \u00e9tica del trabajo, comunicaci\u00f3n profesional por correo electr\u00f3nico, preparaci\u00f3n de informes, etc.<\/li>\n<\/ul>\n\n<p><strong>Cu\u00e1les ser\u00edan tus responsabilidades:<\/strong><\/p>\n\n<ul class=\"wp-block-list\">\n<li>Actuar como principal punto de contacto para todos los clientes potenciales de pacientes de Pago Privado. Trata las consultas con compasi\u00f3n y profesionalidad, guiando a los clientes potenciales a trav\u00e9s de las fases iniciales y convirtiendo los contactos en inscripciones. <\/li>\n\n\n\n<li>Proporciona informaci\u00f3n completa sobre los servicios de la empresa, las ventajas y las opciones de asistencia profesional.<\/li>\n\n\n\n<li>Revisa y eval\u00faa los planes de seguro de los clientes potenciales para determinar la elegibilidad para los servicios.<\/li>\n\n\n\n<li>Haz un seguimiento de los clientes potenciales para resolver cualquier duda o preocupaci\u00f3n y fomentar la inscripci\u00f3n en el servicio.<\/li>\n\n\n\n<li>Documenta con precisi\u00f3n todas las interacciones con los clientes, las evaluaciones y los detalles de inscripci\u00f3n en el sistema CRM de la empresa.<\/li>\n\n\n\n<li>Garantizar el cumplimiento de toda la normativa pertinente y de las pol\u00edticas de la empresa en materia de informaci\u00f3n al cliente y prestaci\u00f3n de servicios.<\/li>\n\n\n\n<li>Coord\u00ednate con el equipo del coordinador para garantizar una transici\u00f3n fluida de la inscripci\u00f3n a la prestaci\u00f3n de servicios.<\/li>\n\n\n\n<li>Proporcionar apoyo continuo a los clientes y sus familias para abordar cualquier problema o cambio en las necesidades de servicio.<\/li>\n\n\n\n<li>Realiza un seguimiento de las m\u00e9tricas de ventas y las tasas de inscripci\u00f3n de clientes, e informa al respecto.<\/li>\n\n\n\n<li>Participa en reuniones peri\u00f3dicas de admisi\u00f3n y en sesiones de formaci\u00f3n para mantenerte al d\u00eda sobre las mejores pr\u00e1cticas y las tendencias del sector.<\/li>\n<\/ul>\n\n<p>Presenta tu candidatura enviando tu curr\u00edculum en ingl\u00e9s a nuestro correo electr\u00f3nico <a href=\"mailto:career@frontdeskhelpers.com\">career@frontdeskhelpers.com,<\/a> junto con una carta de presentaci\u00f3n y tus expectativas salariales.<\/p>\n\n<p><strong>\u00a1Esperamos tener noticias tuyas!<\/strong><\/p>\n\n<div class=\"wp-block-columns vacancy-apply-bitrix-form is-layout-flex wp-container-core-columns-is-layout-9d6595d7 wp-block-columns-is-layout-flex\">\n<div class=\"wp-block-column is-layout-flow wp-block-column-is-layout-flow\">\n<h2 class=\"wp-block-heading has-text-align-center\">Solicitar un puesto disponible<\/h2>\n\n\n\n<p class=\"has-text-align-center\">Creemos en el Ma\u00f1ana, y la pasi\u00f3n es contagiosa. \u00a1Apuntamos alto! Construimos una empresa en la que cada uno de los miembros de nuestro equipo se preocupa por los dem\u00e1s, por nuestros productos y por nuestros clientes.  <\/p>\n\n\n\n<script data-b24-form=\"inline\/21\/eh3qjs\" data-skip-moving=\"true\">(function(w,d,u){var s=d.createElement('script');s.async=true;s.src=u+'?'+(Date.now()\/180000|0);var h=d.getElementsByTagName('script')[0];h.parentNode.insertBefore(s,h);})(window,document,'https:\/\/cdn.bitrix24.com\/b19450961\/crm\/form\/loader_21.js');<\/script>\n<\/div>\n<\/div>\n","protected":false},"excerpt":{"rendered":"<p>Hola, \u00a1y gracias por tu inter\u00e9s en el puesto! Front Desk Helpers es una empresa de subcontrataci\u00f3n fundada por mujeres con sede en Nueva Jersey (EE.UU.), fundada en 2015. Nuestras \u00e1reas de especializaci\u00f3n son las soluciones de talento para sanidad, TI, telecomunicaciones, transporte, arquitectura, gesti\u00f3n de RRHH y otros campos. Nuestra empresa opera y hace [&hellip;]<\/p>\n","protected":false},"author":2,"featured_media":0,"parent":8544,"menu_order":0,"comment_status":"closed","ping_status":"closed","template":"","meta":{"inline_featured_image":false,"footnotes":""},"class_list":["post-8407","page","type-page","status-publish"],"yoast_head":"<!-- This site is optimized with the Yoast SEO plugin v27.3 - https:\/\/yoast.com\/product\/yoast-seo-wordpress\/ -->\n<title>Especialista en admisi\u00f3n\/inscripci\u00f3n en agencia de asistencia domiciliaria - FDH<\/title>\n<meta name=\"description\" content=\"Oportunidades de trabajo a distancia. Especialista en admisi\u00f3n\/inscripci\u00f3n remota en agencia de asistencia domiciliaria Puesto vacante. \u00a1\u00danete al equipo de profesionales de FDH!\" \/>\n<meta name=\"robots\" content=\"index, follow, max-snippet:-1, max-image-preview:large, max-video-preview:-1\" \/>\n<link rel=\"canonical\" href=\"https:\/\/frontdeskhelpers.com\/es\/company\/%d1%81areers\/gestion\/especialista-en-admision-inscripcion-en-agencia-de-asistencia-domiciliaria\/\" \/>\n<meta property=\"og:locale\" content=\"es_ES\" \/>\n<meta property=\"og:type\" content=\"article\" \/>\n<meta property=\"og:title\" content=\"Especialista en admisi\u00f3n\/inscripci\u00f3n en agencia de asistencia domiciliaria - FDH\" \/>\n<meta property=\"og:description\" content=\"Oportunidades de trabajo a distancia. Especialista en admisi\u00f3n\/inscripci\u00f3n remota en agencia de asistencia domiciliaria Puesto vacante. \u00a1\u00danete al equipo de profesionales de FDH!\" \/>\n<meta property=\"og:url\" content=\"https:\/\/frontdeskhelpers.com\/es\/company\/%d1%81areers\/gestion\/especialista-en-admision-inscripcion-en-agencia-de-asistencia-domiciliaria\/\" \/>\n<meta property=\"og:site_name\" content=\"FDH\" \/>\n<meta property=\"article:modified_time\" content=\"2024-12-19T20:55:48+00:00\" \/>\n<meta name=\"twitter:card\" content=\"summary_large_image\" \/>\n<meta name=\"twitter:label1\" content=\"Tiempo de lectura\" \/>\n\t<meta name=\"twitter:data1\" content=\"4 minutos\" \/>\n<!-- \/ Yoast SEO plugin. -->","yoast_head_json":{"title":"Especialista en admisi\u00f3n\/inscripci\u00f3n en agencia de asistencia domiciliaria - FDH","description":"Oportunidades de trabajo a distancia. Especialista en admisi\u00f3n\/inscripci\u00f3n remota en agencia de asistencia domiciliaria Puesto vacante. \u00a1\u00danete al equipo de profesionales de FDH!","robots":{"index":"index","follow":"follow","max-snippet":"max-snippet:-1","max-image-preview":"max-image-preview:large","max-video-preview":"max-video-preview:-1"},"canonical":"https:\/\/frontdeskhelpers.com\/es\/company\/%d1%81areers\/gestion\/especialista-en-admision-inscripcion-en-agencia-de-asistencia-domiciliaria\/","og_locale":"es_ES","og_type":"article","og_title":"Especialista en admisi\u00f3n\/inscripci\u00f3n en agencia de asistencia domiciliaria - FDH","og_description":"Oportunidades de trabajo a distancia. Especialista en admisi\u00f3n\/inscripci\u00f3n remota en agencia de asistencia domiciliaria Puesto vacante. \u00a1\u00danete al equipo de profesionales de FDH!","og_url":"https:\/\/frontdeskhelpers.com\/es\/company\/%d1%81areers\/gestion\/especialista-en-admision-inscripcion-en-agencia-de-asistencia-domiciliaria\/","og_site_name":"FDH","article_modified_time":"2024-12-19T20:55:48+00:00","twitter_card":"summary_large_image","twitter_misc":{"Tiempo de lectura":"4 minutos"},"schema":{"@context":"https:\/\/schema.org","@graph":[{"@type":"WebPage","@id":"https:\/\/frontdeskhelpers.com\/es\/company\/%d1%81areers\/gestion\/especialista-en-admision-inscripcion-en-agencia-de-asistencia-domiciliaria\/","url":"https:\/\/frontdeskhelpers.com\/es\/company\/%d1%81areers\/gestion\/especialista-en-admision-inscripcion-en-agencia-de-asistencia-domiciliaria\/","name":"Especialista en admisi\u00f3n\/inscripci\u00f3n en agencia de asistencia domiciliaria - FDH","isPartOf":{"@id":"https:\/\/frontdeskhelpers.com\/es\/#website"},"datePublished":"2024-12-06T19:05:42+00:00","dateModified":"2024-12-19T20:55:48+00:00","description":"Oportunidades de trabajo a distancia. Especialista en admisi\u00f3n\/inscripci\u00f3n remota en agencia de asistencia domiciliaria Puesto vacante. \u00a1\u00danete al equipo de profesionales de FDH!","breadcrumb":{"@id":"https:\/\/frontdeskhelpers.com\/es\/company\/%d1%81areers\/gestion\/especialista-en-admision-inscripcion-en-agencia-de-asistencia-domiciliaria\/#breadcrumb"},"inLanguage":"es","potentialAction":[{"@type":"ReadAction","target":["https:\/\/frontdeskhelpers.com\/es\/company\/%d1%81areers\/gestion\/especialista-en-admision-inscripcion-en-agencia-de-asistencia-domiciliaria\/"]}]},{"@type":"BreadcrumbList","@id":"https:\/\/frontdeskhelpers.com\/es\/company\/%d1%81areers\/gestion\/especialista-en-admision-inscripcion-en-agencia-de-asistencia-domiciliaria\/#breadcrumb","itemListElement":[{"@type":"ListItem","position":1,"name":"Home","item":"https:\/\/frontdeskhelpers.com\/es\/"},{"@type":"ListItem","position":2,"name":"Company","item":"https:\/\/frontdeskhelpers.com\/es\/company\/"},{"@type":"ListItem","position":3,"name":"\u0421areers","item":"https:\/\/frontdeskhelpers.com\/es\/company\/careers-vacancies\/"},{"@type":"ListItem","position":4,"name":"Gesti\u00f3n","item":"https:\/\/frontdeskhelpers.com\/es\/company\/careers-vacancies\/management\/"},{"@type":"ListItem","position":5,"name":"Especialista en admisi\u00f3n\/inscripci\u00f3n en agencia de asistencia domiciliaria"}]},{"@type":"WebSite","@id":"https:\/\/frontdeskhelpers.com\/es\/#website","url":"https:\/\/frontdeskhelpers.com\/es\/","name":"FDH","description":"","potentialAction":[{"@type":"SearchAction","target":{"@type":"EntryPoint","urlTemplate":"https:\/\/frontdeskhelpers.com\/es\/?s={search_term_string}"},"query-input":{"@type":"PropertyValueSpecification","valueRequired":true,"valueName":"search_term_string"}}],"inLanguage":"es"}]}},"_links":{"self":[{"href":"https:\/\/frontdeskhelpers.com\/es\/wp-json\/wp\/v2\/pages\/8407","targetHints":{"allow":["GET"]}}],"collection":[{"href":"https:\/\/frontdeskhelpers.com\/es\/wp-json\/wp\/v2\/pages"}],"about":[{"href":"https:\/\/frontdeskhelpers.com\/es\/wp-json\/wp\/v2\/types\/page"}],"author":[{"embeddable":true,"href":"https:\/\/frontdeskhelpers.com\/es\/wp-json\/wp\/v2\/users\/2"}],"replies":[{"embeddable":true,"href":"https:\/\/frontdeskhelpers.com\/es\/wp-json\/wp\/v2\/comments?post=8407"}],"version-history":[{"count":1,"href":"https:\/\/frontdeskhelpers.com\/es\/wp-json\/wp\/v2\/pages\/8407\/revisions"}],"predecessor-version":[{"id":8408,"href":"https:\/\/frontdeskhelpers.com\/es\/wp-json\/wp\/v2\/pages\/8407\/revisions\/8408"}],"up":[{"embeddable":true,"href":"https:\/\/frontdeskhelpers.com\/es\/wp-json\/wp\/v2\/pages\/8544"}],"wp:attachment":[{"href":"https:\/\/frontdeskhelpers.com\/es\/wp-json\/wp\/v2\/media?parent=8407"}],"curies":[{"name":"wp","href":"https:\/\/api.w.org\/{rel}","templated":true}]}}