{"id":8399,"date":"2024-12-06T16:42:36","date_gmt":"2024-12-06T16:42:36","guid":{"rendered":"https:\/\/frontdeskhelpers.com\/coordinadora-en-agencia-de-ayuda-a-domicilio-con-ingles-y-ruso\/"},"modified":"2024-12-19T20:55:46","modified_gmt":"2024-12-19T20:55:46","slug":"coordinadora-en-agencia-de-ayuda-a-domicilio-con-ingles-y-ruso","status":"publish","type":"page","link":"https:\/\/frontdeskhelpers.com\/es\/company\/%d1%81areers\/rrhh\/coordinadora-en-agencia-de-ayuda-a-domicilio-con-ingles-y-ruso\/","title":{"rendered":"Coordinadora en agencia de ayuda a domicilio (con ingl\u00e9s y ruso)"},"content":{"rendered":"\n<div class=\"wp-block-columns is-layout-flex wp-container-core-columns-is-layout-9d6595d7 wp-block-columns-is-layout-flex\">\n<div class=\"wp-block-column is-layout-flow wp-block-column-is-layout-flow\"><div class=\"pvc_clear\"><\/div><p id=\"pvc_stats_8399\" class=\"pvc_stats total_only  pvc_load_by_ajax_update\" data-element-id=\"8399\" style=\"\"><i class=\"pvc-stats-icon medium\" aria-hidden=\"true\"><svg aria-hidden=\"true\" focusable=\"false\" data-prefix=\"far\" data-icon=\"chart-bar\" role=\"img\" xmlns=\"http:\/\/www.w3.org\/2000\/svg\" viewBox=\"0 0 512 512\" class=\"svg-inline--fa fa-chart-bar fa-w-16 fa-2x\"><path fill=\"currentColor\" d=\"M396.8 352h22.4c6.4 0 12.8-6.4 12.8-12.8V108.8c0-6.4-6.4-12.8-12.8-12.8h-22.4c-6.4 0-12.8 6.4-12.8 12.8v230.4c0 6.4 6.4 12.8 12.8 12.8zm-192 0h22.4c6.4 0 12.8-6.4 12.8-12.8V140.8c0-6.4-6.4-12.8-12.8-12.8h-22.4c-6.4 0-12.8 6.4-12.8 12.8v198.4c0 6.4 6.4 12.8 12.8 12.8zm96 0h22.4c6.4 0 12.8-6.4 12.8-12.8V204.8c0-6.4-6.4-12.8-12.8-12.8h-22.4c-6.4 0-12.8 6.4-12.8 12.8v134.4c0 6.4 6.4 12.8 12.8 12.8zM496 400H48V80c0-8.84-7.16-16-16-16H16C7.16 64 0 71.16 0 80v336c0 17.67 14.33 32 32 32h464c8.84 0 16-7.16 16-16v-16c0-8.84-7.16-16-16-16zm-387.2-48h22.4c6.4 0 12.8-6.4 12.8-12.8v-70.4c0-6.4-6.4-12.8-12.8-12.8h-22.4c-6.4 0-12.8 6.4-12.8 12.8v70.4c0 6.4 6.4 12.8 12.8 12.8z\" class=\"\"><\/path><\/svg><\/i> <img decoding=\"async\" width=\"16\" height=\"16\" alt=\"Loading\" src=\"https:\/\/frontdeskhelpers.com\/wp-content\/plugins\/page-views-count\/ajax-loader-2x.gif\" border=0 \/><\/p><div class=\"pvc_clear\"><\/div>\n<\/div>\n\n\n\n<div class=\"wp-block-column is-vertically-aligned-center is-layout-flow wp-block-column-is-layout-flow\">\n<p class=\"has-text-align-center active-vacancy-info\">VACANTE ACTIVA<\/p>\n<\/div>\n<\/div>\n\n<p>Hola, \u00a1y gracias por tu inter\u00e9s en el puesto!  <\/p>\n\n<p>Front Desk Helpers es una empresa de subcontrataci\u00f3n fundada por mujeres con sede en Nueva Jersey (EE.UU.), fundada en 2015. Nuestras \u00e1reas de especializaci\u00f3n son las soluciones de talento para sanidad, TI, telecomunicaciones, transporte, arquitectura, gesti\u00f3n de RRHH y otros campos.   <\/p>\n\n<p>Nuestra empresa opera y hace negocios con nuestros clientes bas\u00e1ndose en los principios de transparencia, respeto mutuo y comunicaci\u00f3n abierta.<\/p>\n\n<p>Front Desk Helpers se encarga de ofrecer oportunidades de trabajo estables, crecimiento personal continuo y colaboraci\u00f3n con profesionales internacionales de primer nivel. Si nuestros valores coinciden, \u00a1no dudes en enviar tu candidatura! <\/p>\n\n<p>Buscamos un <strong>Coordinador a distancia<\/strong> en una agencia de asistencia domiciliaria de Nueva York. Nuestros clientes son personas mayores que requieren asistencia de auxiliares sanitarios a domicilio. Nuestra tarea consiste en organizar y controlar la calidad de los servicios de asistencia domiciliaria para personas mayores.  <\/p>\n\n<p>Disfrutar\u00e1s del puesto si sabes trabajar con personas, escuchar sus necesidades, coordinar sus acciones y tienes capacidad de decisi\u00f3n y planificaci\u00f3n. Contamos con un s\u00f3lido equipo de apoyo y un supervisor que tiene fama de ser una persona exigente, pero ejecutiva. <\/p>\n\n<p><strong>Las competencias que buscamos:<\/strong><\/p>\n\n<ul class=\"wp-block-list\">\n<li>Ingl\u00e9s y ruso hablados y escritos como m\u00ednimo a nivel intermedio-alto (nuestros pacientes son ciudadanos estadounidenses, pero tambi\u00e9n inmigrantes de pa\u00edses de la CEI)<\/li>\n\n\n\n<li>Conocimientos inform\u00e1ticos (Gmail, Excel, CRM, trabajo con archivos en diferentes formatos).<\/li>\n\n\n\n<li>Tu propio ordenador y acceso a internet.<\/li>\n\n\n\n<li>Capacidad para realizar varias tareas a la vez y establecer prioridades.<\/li>\n\n\n\n<li>Se valorar\u00e1 la experiencia en el campo de la atenci\u00f3n al cliente.<\/li>\n\n\n\n<li>Alto nivel de resistencia al estr\u00e9s.<\/li>\n<\/ul>\n\n<p>El puesto encajar\u00e1 con personas a las que les gusten los retos, est\u00e9n dispuestas a aprender nuevas habilidades blandas mediante la resoluci\u00f3n de problemas complejos, puedan soportar una gran carga de trabajo y disfruten trabajando con personas mayores (incluidas personas con trastornos mentales y f\u00edsicos, y personas que viven en malas condiciones). El especialista debe estar preparado para complejidades y tareas nuevas o inesperadas durante los turnos. <\/p>\n\n<p><strong>Cu\u00e1l es el horario de trabajo:<\/strong><\/p>\n\n<p>De lunes a viernes, de 9:00 a 17:00, seg\u00fan la hora de Nueva York. A veces es posible hacer horas extras, que se pagan x1,5 de la tarifa horaria. <\/p>\n\n<p><strong>Qu\u00e9 ofrecemos:<\/strong><\/p>\n\n<ul class=\"wp-block-list\">\n<li>Proporcionamos 1 semana de formaci\u00f3n a los nuevos empleados<\/li>\n\n\n\n<li>Las horas extraordinarias se pagan 1,5 veces la tarifa horaria habitual.<\/li>\n\n\n\n<li>Trabaja en un equipo experimentado, bajo la supervisi\u00f3n de un jefe.<\/li>\n\n\n\n<li>Capacidad para trabajar a distancia en horario de tarde.<\/li>\n\n\n\n<li>Vacaciones pagadas tras un a\u00f1o de empleo.<\/li>\n\n\n\n<li>Sistema de primas como forma de que los empleados se expresen mutuamente su agradecimiento.<\/li>\n\n\n\n<li>Proporcionamos a nuestros empleados tel\u00e9fonos IP como instrumento de conexi\u00f3n con los clientes de EE.UU., as\u00ed como todo el software necesario (CRM, fax virtual, servicio SMS, VPN).<\/li>\n\n\n\n<li>Una direcci\u00f3n abierta, con la que es f\u00e1cil ponerse en contacto.<\/li>\n\n\n\n<li>Igualdad de oportunidades para personas de cualquier edad, sexo o nacionalidad.<\/li>\n\n\n\n<li>Oportunidad de aprender habilidades como adaptabilidad, resoluci\u00f3n de conflictos, priorizaci\u00f3n y gesti\u00f3n del tiempo, \u00e9tica del trabajo, comunicaci\u00f3n profesional por correo electr\u00f3nico, preparaci\u00f3n de informes, etc.<\/li>\n<\/ul>\n\n<p><strong>Cu\u00e1les ser\u00edan tus responsabilidades:<\/strong><\/p>\n\n<ul class=\"wp-block-list\">\n<li>Controla a los auxiliares sanitarios a domicilio en sus visitas a pacientes en el sistema CRM.<\/li>\n\n\n\n<li>Habla por tel\u00e9fono con los pacientes y los asistentes domiciliarios para ayudarles a resolver cualquier duda.<\/li>\n\n\n\n<li>Comun\u00edcate con hospitales, centros de d\u00eda para adultos, centros de rehabilitaci\u00f3n y familiares de pacientes.<\/li>\n\n\n\n<li>Ponte en contacto con los planes de seguros para la aprobaci\u00f3n de horas extraordinarias, pr\u00f3rrogas de autorizaci\u00f3n y asesoramiento en diversas situaciones.<\/li>\n\n\n\n<li>Busca asistentes a domicilio en nuestra base de datos para sustituciones en caso de bajas por enfermedad, d\u00edas libres, vacaciones y negativas.<\/li>\n\n\n\n<li>Trabaja en el sistema CRM para configurar los horarios, las visitas, los nuevos asistentes domiciliarios y los cambios de turno.<\/li>\n\n\n\n<li>Prepara informes y notas de comunicaci\u00f3n sobre los cambios de horario o las condiciones de salud de los pacientes.<\/li>\n<\/ul>\n\n<p><strong>Gracias.<\/strong><\/p>\n\n<div class=\"wp-block-columns vacancy-apply-bitrix-form is-layout-flex wp-container-core-columns-is-layout-9d6595d7 wp-block-columns-is-layout-flex\">\n<div class=\"wp-block-column is-layout-flow wp-block-column-is-layout-flow\">\n<h2 class=\"wp-block-heading has-text-align-center\">Solicitar un puesto disponible<\/h2>\n\n\n\n<p class=\"has-text-align-center\">Creemos en el Ma\u00f1ana, y la pasi\u00f3n es contagiosa. \u00a1Apuntamos alto! Construimos una empresa en la que cada uno de los miembros de nuestro equipo se preocupa por los dem\u00e1s, por nuestros productos y por nuestros clientes.  <\/p>\n\n\n\n<script data-b24-form=\"inline\/21\/eh3qjs\" data-skip-moving=\"true\">(function(w,d,u){var s=d.createElement('script');s.async=true;s.src=u+'?'+(Date.now()\/180000|0);var h=d.getElementsByTagName('script')[0];h.parentNode.insertBefore(s,h);})(window,document,'https:\/\/cdn.bitrix24.com\/b19450961\/crm\/form\/loader_21.js');<\/script>\n<\/div>\n<\/div>\n\n<p><\/p>\n","protected":false},"excerpt":{"rendered":"<p>Hola, \u00a1y gracias por tu inter\u00e9s en el puesto! Front Desk Helpers es una empresa de subcontrataci\u00f3n fundada por mujeres con sede en Nueva Jersey (EE.UU.), fundada en 2015. Nuestras \u00e1reas de especializaci\u00f3n son las soluciones de talento para sanidad, TI, telecomunicaciones, transporte, arquitectura, gesti\u00f3n de RRHH y otros campos. Nuestra empresa opera y hace [&hellip;]<\/p>\n","protected":false},"author":2,"featured_media":0,"parent":8540,"menu_order":0,"comment_status":"closed","ping_status":"closed","template":"","meta":{"inline_featured_image":false,"footnotes":""},"class_list":["post-8399","page","type-page","status-publish"],"yoast_head":"<!-- This site is optimized with the Yoast SEO plugin v27.3 - https:\/\/yoast.com\/product\/yoast-seo-wordpress\/ -->\n<title>Coordinador Remoto | Carrera | FDH<\/title>\n<meta name=\"description\" content=\"Oportunidades de trabajo a distancia. Puesto vacante de Coordinador a distancia. Estamos contratando coordinador multiling\u00fce con experiencia. \u00a1\u00danete al equipo de profesionales de la FDH!\" \/>\n<meta name=\"robots\" content=\"index, follow, max-snippet:-1, max-image-preview:large, max-video-preview:-1\" \/>\n<link rel=\"canonical\" href=\"https:\/\/frontdeskhelpers.com\/es\/company\/%d1%81areers\/rrhh\/coordinadora-en-agencia-de-ayuda-a-domicilio-con-ingles-y-ruso\/\" \/>\n<meta property=\"og:locale\" content=\"es_ES\" \/>\n<meta property=\"og:type\" content=\"article\" \/>\n<meta property=\"og:title\" content=\"Coordinador Remoto | Carrera | FDH\" \/>\n<meta property=\"og:description\" content=\"Oportunidades de trabajo a distancia. Puesto vacante de Coordinador a distancia. Estamos contratando coordinador multiling\u00fce con experiencia. \u00a1\u00danete al equipo de profesionales de la FDH!\" \/>\n<meta property=\"og:url\" content=\"https:\/\/frontdeskhelpers.com\/es\/company\/%d1%81areers\/rrhh\/coordinadora-en-agencia-de-ayuda-a-domicilio-con-ingles-y-ruso\/\" \/>\n<meta property=\"og:site_name\" content=\"FDH\" \/>\n<meta property=\"article:modified_time\" content=\"2024-12-19T20:55:46+00:00\" \/>\n<meta name=\"twitter:card\" content=\"summary_large_image\" \/>\n<meta name=\"twitter:label1\" content=\"Tiempo de lectura\" \/>\n\t<meta name=\"twitter:data1\" content=\"3 minutos\" \/>\n<!-- \/ Yoast SEO plugin. -->","yoast_head_json":{"title":"Coordinador Remoto | Carrera | FDH","description":"Oportunidades de trabajo a distancia. Puesto vacante de Coordinador a distancia. Estamos contratando coordinador multiling\u00fce con experiencia. \u00a1\u00danete al equipo de profesionales de la FDH!","robots":{"index":"index","follow":"follow","max-snippet":"max-snippet:-1","max-image-preview":"max-image-preview:large","max-video-preview":"max-video-preview:-1"},"canonical":"https:\/\/frontdeskhelpers.com\/es\/company\/%d1%81areers\/rrhh\/coordinadora-en-agencia-de-ayuda-a-domicilio-con-ingles-y-ruso\/","og_locale":"es_ES","og_type":"article","og_title":"Coordinador Remoto | Carrera | FDH","og_description":"Oportunidades de trabajo a distancia. Puesto vacante de Coordinador a distancia. Estamos contratando coordinador multiling\u00fce con experiencia. \u00a1\u00danete al equipo de profesionales de la FDH!","og_url":"https:\/\/frontdeskhelpers.com\/es\/company\/%d1%81areers\/rrhh\/coordinadora-en-agencia-de-ayuda-a-domicilio-con-ingles-y-ruso\/","og_site_name":"FDH","article_modified_time":"2024-12-19T20:55:46+00:00","twitter_card":"summary_large_image","twitter_misc":{"Tiempo de lectura":"3 minutos"},"schema":{"@context":"https:\/\/schema.org","@graph":[{"@type":"WebPage","@id":"https:\/\/frontdeskhelpers.com\/es\/company\/%d1%81areers\/rrhh\/coordinadora-en-agencia-de-ayuda-a-domicilio-con-ingles-y-ruso\/","url":"https:\/\/frontdeskhelpers.com\/es\/company\/%d1%81areers\/rrhh\/coordinadora-en-agencia-de-ayuda-a-domicilio-con-ingles-y-ruso\/","name":"Coordinador Remoto | Carrera | FDH","isPartOf":{"@id":"https:\/\/frontdeskhelpers.com\/es\/#website"},"datePublished":"2024-12-06T16:42:36+00:00","dateModified":"2024-12-19T20:55:46+00:00","description":"Oportunidades de trabajo a distancia. Puesto vacante de Coordinador a distancia. Estamos contratando coordinador multiling\u00fce con experiencia. \u00a1\u00danete al equipo de profesionales de la FDH!","breadcrumb":{"@id":"https:\/\/frontdeskhelpers.com\/es\/company\/%d1%81areers\/rrhh\/coordinadora-en-agencia-de-ayuda-a-domicilio-con-ingles-y-ruso\/#breadcrumb"},"inLanguage":"es","potentialAction":[{"@type":"ReadAction","target":["https:\/\/frontdeskhelpers.com\/es\/company\/%d1%81areers\/rrhh\/coordinadora-en-agencia-de-ayuda-a-domicilio-con-ingles-y-ruso\/"]}]},{"@type":"BreadcrumbList","@id":"https:\/\/frontdeskhelpers.com\/es\/company\/%d1%81areers\/rrhh\/coordinadora-en-agencia-de-ayuda-a-domicilio-con-ingles-y-ruso\/#breadcrumb","itemListElement":[{"@type":"ListItem","position":1,"name":"Home","item":"https:\/\/frontdeskhelpers.com\/es\/"},{"@type":"ListItem","position":2,"name":"Company","item":"https:\/\/frontdeskhelpers.com\/es\/company\/"},{"@type":"ListItem","position":3,"name":"\u0421areers","item":"https:\/\/frontdeskhelpers.com\/es\/company\/careers-vacancies\/"},{"@type":"ListItem","position":4,"name":"RRHH","item":"https:\/\/frontdeskhelpers.com\/es\/company\/careers-vacancies\/hr\/"},{"@type":"ListItem","position":5,"name":"Coordinadora en agencia de ayuda a domicilio (con ingl\u00e9s y ruso)"}]},{"@type":"WebSite","@id":"https:\/\/frontdeskhelpers.com\/es\/#website","url":"https:\/\/frontdeskhelpers.com\/es\/","name":"FDH","description":"","potentialAction":[{"@type":"SearchAction","target":{"@type":"EntryPoint","urlTemplate":"https:\/\/frontdeskhelpers.com\/es\/?s={search_term_string}"},"query-input":{"@type":"PropertyValueSpecification","valueRequired":true,"valueName":"search_term_string"}}],"inLanguage":"es"}]}},"_links":{"self":[{"href":"https:\/\/frontdeskhelpers.com\/es\/wp-json\/wp\/v2\/pages\/8399","targetHints":{"allow":["GET"]}}],"collection":[{"href":"https:\/\/frontdeskhelpers.com\/es\/wp-json\/wp\/v2\/pages"}],"about":[{"href":"https:\/\/frontdeskhelpers.com\/es\/wp-json\/wp\/v2\/types\/page"}],"author":[{"embeddable":true,"href":"https:\/\/frontdeskhelpers.com\/es\/wp-json\/wp\/v2\/users\/2"}],"replies":[{"embeddable":true,"href":"https:\/\/frontdeskhelpers.com\/es\/wp-json\/wp\/v2\/comments?post=8399"}],"version-history":[{"count":1,"href":"https:\/\/frontdeskhelpers.com\/es\/wp-json\/wp\/v2\/pages\/8399\/revisions"}],"predecessor-version":[{"id":8400,"href":"https:\/\/frontdeskhelpers.com\/es\/wp-json\/wp\/v2\/pages\/8399\/revisions\/8400"}],"up":[{"embeddable":true,"href":"https:\/\/frontdeskhelpers.com\/es\/wp-json\/wp\/v2\/pages\/8540"}],"wp:attachment":[{"href":"https:\/\/frontdeskhelpers.com\/es\/wp-json\/wp\/v2\/media?parent=8399"}],"curies":[{"name":"wp","href":"https:\/\/api.w.org\/{rel}","templated":true}]}}