{"id":8380,"date":"2024-07-10T19:01:49","date_gmt":"2024-07-10T19:01:49","guid":{"rendered":"https:\/\/frontdeskhelpers.com\/mapa-del-sitio\/"},"modified":"2024-12-19T20:54:47","modified_gmt":"2024-12-19T20:54:47","slug":"mapa-del-sitio","status":"publish","type":"page","link":"https:\/\/frontdeskhelpers.com\/es\/mapa-del-sitio\/","title":{"rendered":"Mapa del sitio"},"content":{"rendered":"<div class=\"wsp-container\"><h2 class=\"wsp-pages-title\">P\u00e1ginas<\/h2>\n<ul class=\"wsp-pages-list\">\n<li class=\"page_item page-item-8513 page_item_has_children\"><a href=\"https:\/\/frontdeskhelpers.com\/es\/aviso-legal\/\">Aviso legal<\/a>\n<ul class='children'>\n\t<li class=\"page_item page-item-8582\"><a href=\"https:\/\/frontdeskhelpers.com\/es\/aviso-legal\/ayudantes-de-recepcion-pequena-empresa-propiedad-de-mujeres-certificada-wosb\/\">Ayudantes de recepci\u00f3n: Peque\u00f1a empresa propiedad de mujeres certificada (WOSB)<\/a><\/li>\n\t<li class=\"page_item page-item-8516\"><a href=\"https:\/\/frontdeskhelpers.com\/es\/aviso-legal\/ayudantes-de-recepcion-socio-que-cumple-la-hipaa-para-una-externalizacion-segura\/\">Ayudantes de recepci\u00f3n: Socio que cumple la HIPAA para una externalizaci\u00f3n segura<\/a><\/li>\n\t<li class=\"page_item page-item-8605\"><a href=\"https:\/\/frontdeskhelpers.com\/es\/aviso-legal\/condiciones-de-uso\/\">Condiciones de uso<\/a><\/li>\n\t<li class=\"page_item page-item-8519\"><a href=\"https:\/\/frontdeskhelpers.com\/es\/aviso-legal\/cumple-con-pci-dss\/\">Cumple con PCI DSS<\/a><\/li>\n\t<li class=\"page_item page-item-8490\"><a href=\"https:\/\/frontdeskhelpers.com\/es\/aviso-legal\/politica-de-cookies\/\">Pol\u00edtica de cookies<\/a><\/li>\n<\/ul>\n<\/li>\n<li class=\"page_item page-item-8633 current_page_parent\"><a href=\"https:\/\/frontdeskhelpers.com\/es\/blog\/\">Blog<\/a><\/li>\n<li class=\"page_item page-item-8379\"><a href=\"https:\/\/frontdeskhelpers.com\/es\/cartera\/\">Cartera<\/a><\/li>\n<li class=\"page_item page-item-8612 page_item_has_children\"><a href=\"https:\/\/frontdeskhelpers.com\/es\/company\/\">Company<\/a>\n<ul class='children'>\n\t<li class=\"page_item page-item-8584\"><a href=\"https:\/\/frontdeskhelpers.com\/es\/company\/equipo-de-asistencia-remota-front-desk-helpers\/\">Equipo de asistencia remota Front Desk Helpers<\/a><\/li>\n\t<li class=\"page_item page-item-8587\"><a href=\"https:\/\/frontdeskhelpers.com\/es\/company\/opiniones-y-testimonios\/\">Opiniones y testimonios<\/a><\/li>\n\t<li class=\"page_item page-item-8610\"><a href=\"https:\/\/frontdeskhelpers.com\/es\/company\/preguntas-frecuentes\/\">PREGUNTAS FRECUENTES<\/a><\/li>\n\t<li class=\"page_item page-item-8585\"><a href=\"https:\/\/frontdeskhelpers.com\/es\/company\/profesiones-de-empleados-a-distancia\/\">Profesiones de empleados a distancia<\/a><\/li>\n\t<li class=\"page_item page-item-8590\"><a href=\"https:\/\/frontdeskhelpers.com\/es\/company\/programa-de-referencia-y-asociacion-de-ayudantes-de-recepcion\/\">Programa de Referencia y Asociaci\u00f3n de Ayudantes de Recepci\u00f3n<\/a><\/li>\n\t<li class=\"page_item page-item-8593 page_item_has_children\"><a href=\"https:\/\/frontdeskhelpers.com\/es\/company\/%d1%81areers\/\">\u0421areers<\/a>\n\t<ul class='children'>\n\t\t<li class=\"page_item page-item-8557 page_item_has_children\"><a href=\"https:\/\/frontdeskhelpers.com\/es\/company\/%d1%81areers\/agente-de-la-propiedad-inmobiliaria\/\">Agente de la propiedad inmobiliaria<\/a>\n\t\t<ul class='children'>\n\t\t\t<li class=\"page_item page-item-8424\"><a href=\"https:\/\/frontdeskhelpers.com\/es\/company\/%d1%81areers\/agente-de-la-propiedad-inmobiliaria\/agente-inmobiliario\/\">Agente inmobiliario<\/a><\/li>\n\t\t<\/ul>\n<\/li>\n\t\t<li class=\"page_item page-item-8520 page_item_has_children\"><a href=\"https:\/\/frontdeskhelpers.com\/es\/company\/%d1%81areers\/asistente\/\">Asistente<\/a>\n\t\t<ul class='children'>\n\t\t\t<li class=\"page_item page-item-8430\"><a href=\"https:\/\/frontdeskhelpers.com\/es\/company\/%d1%81areers\/asistente\/asistente-hha-pa\/\">Asistente HHA\/PA<\/a><\/li>\n\t\t\t<li class=\"page_item page-item-8395\"><a href=\"https:\/\/frontdeskhelpers.com\/es\/company\/%d1%81areers\/asistente\/especialista-en-soporte-informatico\/\">Especialista en soporte inform\u00e1tico<\/a><\/li>\n\t\t\t<li class=\"page_item page-item-8405\"><a href=\"https:\/\/frontdeskhelpers.com\/es\/company\/%d1%81areers\/asistente\/soporte-informatico\/\">Soporte inform\u00e1tico<\/a><\/li>\n\t\t<\/ul>\n<\/li>\n\t\t<li class=\"page_item page-item-8527 page_item_has_children\"><a href=\"https:\/\/frontdeskhelpers.com\/es\/company\/%d1%81areers\/centro-de-llamadas\/\">Centro de llamadas<\/a>\n\t\t<ul class='children'>\n\t\t\t<li class=\"page_item page-item-8464\"><a href=\"https:\/\/frontdeskhelpers.com\/es\/company\/%d1%81areers\/centro-de-llamadas\/agente-de-recepcion-call-center-eng-tiempo-parcial\/\">Agente de recepci\u00f3n (call center, ENG, tiempo parcial)<\/a><\/li>\n\t\t\t<li class=\"page_item page-item-8450\"><a href=\"https:\/\/frontdeskhelpers.com\/es\/company\/%d1%81areers\/centro-de-llamadas\/agente-de-recepcion-call-center-engesp\/\">Agente de recepci\u00f3n (call center, ENG+ESP)<\/a><\/li>\n\t\t\t<li class=\"page_item page-item-8500\"><a href=\"https:\/\/frontdeskhelpers.com\/es\/company\/%d1%81areers\/centro-de-llamadas\/coordinador-es-ru\/\">Coordinador ES\/RU<\/a><\/li>\n\t\t\t<li class=\"page_item page-item-8496\"><a href=\"https:\/\/frontdeskhelpers.com\/es\/company\/%d1%81areers\/centro-de-llamadas\/coordinadora-en-agencia-de-atencion-domiciliaria-con-ingles-ruso-y-espanol\/\">Coordinadora en agencia de atenci\u00f3n domiciliaria (con ingl\u00e9s, ruso y espa\u00f1ol)<\/a><\/li>\n\t\t\t<li class=\"page_item page-item-8374\"><a href=\"https:\/\/frontdeskhelpers.com\/es\/company\/%d1%81areers\/centro-de-llamadas\/dental-recepcionista-virtual-engrus\/\">Dental &#8211; Recepcionista Virtual ENG+RUS<\/a><\/li>\n\t\t<\/ul>\n<\/li>\n\t\t<li class=\"page_item page-item-8514 page_item_has_children\"><a href=\"https:\/\/frontdeskhelpers.com\/es\/company\/%d1%81areers\/contabilidad\/\">Contabilidad<\/a>\n\t\t<ul class='children'>\n\t\t\t<li class=\"page_item page-item-8506\"><a href=\"https:\/\/frontdeskhelpers.com\/es\/company\/%d1%81areers\/contabilidad\/asistente-contable\/\">Asistente contable<\/a><\/li>\n\t\t\t<li class=\"page_item page-item-8409\"><a href=\"https:\/\/frontdeskhelpers.com\/es\/company\/%d1%81areers\/contabilidad\/empleado-contable\/\">Empleado contable<\/a><\/li>\n\t\t\t<li class=\"page_item page-item-8546\"><a href=\"https:\/\/frontdeskhelpers.com\/es\/company\/%d1%81areers\/contabilidad\/oferta-de-empleo-de-especialista-en-facturacion-medica-y-cobros\/\">Oferta de empleo de Especialista en Facturaci\u00f3n M\u00e9dica y Cobros<\/a><\/li>\n\t\t<\/ul>\n<\/li>\n\t\t<li class=\"page_item page-item-8531 page_item_has_children\"><a href=\"https:\/\/frontdeskhelpers.com\/es\/company\/%d1%81areers\/desarrollo\/\">Desarrollo<\/a>\n\t\t<ul class='children'>\n\t\t\t<li class=\"page_item page-item-8470\"><a href=\"https:\/\/frontdeskhelpers.com\/es\/company\/%d1%81areers\/desarrollo\/administrador-del-sistema-ingles\/\">Administrador del sistema (ingl\u00e9s)<\/a><\/li>\n\t\t\t<li class=\"page_item page-item-8509\"><a href=\"https:\/\/frontdeskhelpers.com\/es\/company\/%d1%81areers\/desarrollo\/desarrollador-bitrix24-desarrollador-php-nivel-medio-a-senior\/\">Desarrollador Bitrix24 (Desarrollador PHP Nivel Medio a Senior)<\/a><\/li>\n\t\t\t<li class=\"page_item page-item-8436\"><a href=\"https:\/\/frontdeskhelpers.com\/es\/company\/%d1%81areers\/desarrollo\/desarrollador-con-experiencia-en-wix\/\">Desarrollador con experiencia en WIX<\/a><\/li>\n\t\t\t<li class=\"page_item page-item-8511\"><a href=\"https:\/\/frontdeskhelpers.com\/es\/company\/%d1%81areers\/desarrollo\/desarrollador-php-bitrix\/\">Desarrollador PHP (Bitrix)<\/a><\/li>\n\t\t\t<li class=\"page_item page-item-8444\"><a href=\"https:\/\/frontdeskhelpers.com\/es\/company\/%d1%81areers\/desarrollo\/gestor-de-proyectos-senior\/\">Gestor de Proyectos Senior<\/a><\/li>\n\t\t\t<li class=\"page_item page-item-8447\"><a href=\"https:\/\/frontdeskhelpers.com\/es\/company\/%d1%81areers\/desarrollo\/ingeniero-devops\/\">Ingeniero DevOps<\/a><\/li>\n\t\t<\/ul>\n<\/li>\n\t\t<li class=\"page_item page-item-8536 page_item_has_children\"><a href=\"https:\/\/frontdeskhelpers.com\/es\/company\/%d1%81areers\/despacho\/\">Despacho<\/a>\n\t\t<ul class='children'>\n\t\t\t<li class=\"page_item page-item-8469\"><a href=\"https:\/\/frontdeskhelpers.com\/es\/company\/%d1%81areers\/despacho\/despachador-de-habla-hispana-a-tiempo-parcial\/\">Despachador de habla hispana, a tiempo parcial<\/a><\/li>\n\t\t\t<li class=\"page_item page-item-8485\"><a href=\"https:\/\/frontdeskhelpers.com\/es\/company\/%d1%81areers\/despacho\/despachador-logistico-eng-jornada-completa\/\">Despachador Log\u00edstico [ENG, jornada completa]<\/a><\/li>\n\t\t\t<li class=\"page_item page-item-8463\"><a href=\"https:\/\/frontdeskhelpers.com\/es\/company\/%d1%81areers\/despacho\/representante-de-atencion-al-cliente-y-operadora-de-chat\/\">Representante de Atenci\u00f3n al Cliente y Operadora de Chat<\/a><\/li>\n\t\t<\/ul>\n<\/li>\n\t\t<li class=\"page_item page-item-8544 page_item_has_children\"><a href=\"https:\/\/frontdeskhelpers.com\/es\/company\/%d1%81areers\/gestion\/\">Gesti\u00f3n<\/a>\n\t\t<ul class='children'>\n\t\t\t<li class=\"page_item page-item-8552\"><a href=\"https:\/\/frontdeskhelpers.com\/es\/company\/%d1%81areers\/gestion\/agente-de-arrendamiento-de-coches\/\">Agente de arrendamiento de coches<\/a><\/li>\n\t\t\t<li class=\"page_item page-item-8570\"><a href=\"https:\/\/frontdeskhelpers.com\/es\/company\/%d1%81areers\/gestion\/agente-de-confirmacion-de-nombramientos\/\">Agente de Confirmaci\u00f3n de Nombramientos<\/a><\/li>\n\t\t\t<li class=\"page_item page-item-8575\"><a href=\"https:\/\/frontdeskhelpers.com\/es\/company\/%d1%81areers\/gestion\/asistente-personal-en-clinica-de-nueva-york\/\">Asistente personal en cl\u00ednica de Nueva York<\/a><\/li>\n\t\t\t<li class=\"page_item page-item-8563\"><a href=\"https:\/\/frontdeskhelpers.com\/es\/company\/%d1%81areers\/gestion\/especialista-en-admision\/\">Especialista en admisi\u00f3n<\/a><\/li>\n\t\t\t<li class=\"page_item page-item-8407\"><a href=\"https:\/\/frontdeskhelpers.com\/es\/company\/%d1%81areers\/gestion\/especialista-en-admision-inscripcion-en-agencia-de-asistencia-domiciliaria\/\">Especialista en admisi\u00f3n\/inscripci\u00f3n en agencia de asistencia domiciliaria<\/a><\/li>\n\t\t\t<li class=\"page_item page-item-8566\"><a href=\"https:\/\/frontdeskhelpers.com\/es\/company\/%d1%81areers\/gestion\/gestion-de-coordinadores-2\/\">Gesti\u00f3n de coordinadores<\/a><\/li>\n\t\t\t<li class=\"page_item page-item-8422\"><a href=\"https:\/\/frontdeskhelpers.com\/es\/company\/%d1%81areers\/gestion\/gestion-de-coordinadores\/\">Gesti\u00f3n de coordinadores<\/a><\/li>\n\t\t<\/ul>\n<\/li>\n\t\t<li class=\"page_item page-item-8553 page_item_has_children\"><a href=\"https:\/\/frontdeskhelpers.com\/es\/company\/%d1%81areers\/marketing\/\">Marketing<\/a>\n\t\t<ul class='children'>\n\t\t\t<li class=\"page_item page-item-8426\"><a href=\"https:\/\/frontdeskhelpers.com\/es\/company\/%d1%81areers\/marketing\/agente-de-recepcion-asistente-a-distancia\/\">Agente de recepci\u00f3n &#8211; Asistente a distancia<\/a><\/li>\n\t\t\t<li class=\"page_item page-item-8401\"><a href=\"https:\/\/frontdeskhelpers.com\/es\/company\/%d1%81areers\/marketing\/agente-de-recepcion-con-ingles-ruso-y-espanol\/\">Agente de recepci\u00f3n (con ingl\u00e9s, ruso y espa\u00f1ol)<\/a><\/li>\n\t\t\t<li class=\"page_item page-item-8567\"><a href=\"https:\/\/frontdeskhelpers.com\/es\/company\/%d1%81areers\/marketing\/agente-de-ventas\/\">Agente de ventas<\/a><\/li>\n\t\t\t<li class=\"page_item page-item-8495\"><a href=\"https:\/\/frontdeskhelpers.com\/es\/company\/%d1%81areers\/marketing\/agente-de-ventas-para-el-sector-sanitario\/\">Agente de ventas para el sector sanitario<\/a><\/li>\n\t\t\t<li class=\"page_item page-item-8443\"><a href=\"https:\/\/frontdeskhelpers.com\/es\/company\/%d1%81areers\/marketing\/analista-de-negocio-gestor-de-proyectos-ingles-fluido\/\">Analista de negocio \/ Gestor de proyectos (ingl\u00e9s fluido)<\/a><\/li>\n\t\t\t<li class=\"page_item page-item-8489\"><a href=\"https:\/\/frontdeskhelpers.com\/es\/company\/%d1%81areers\/marketing\/contable-con-conocimientos-del-sistema-fiscal-estadounidense\/\">Contable con conocimientos del sistema fiscal estadounidense<\/a><\/li>\n\t\t\t<li class=\"page_item page-item-8439\"><a href=\"https:\/\/frontdeskhelpers.com\/es\/company\/%d1%81areers\/marketing\/coordinador-con-ingles-ruso-y-espanol\/\">Coordinador con ingl\u00e9s, ruso y espa\u00f1ol<\/a><\/li>\n\t\t\t<li class=\"page_item page-item-8456\"><a href=\"https:\/\/frontdeskhelpers.com\/es\/company\/%d1%81areers\/marketing\/coordinador-con-lengua-espanola\/\">Coordinador con lengua espa\u00f1ola<\/a><\/li>\n\t\t\t<li class=\"page_item page-item-8413\"><a href=\"https:\/\/frontdeskhelpers.com\/es\/company\/%d1%81areers\/marketing\/coordinador-de-guardia-representante-de-atencion-al-cliente-con-ingles-espanol-ruso\/\">Coordinador de guardia (representante de atenci\u00f3n al cliente) con ingl\u00e9s, espa\u00f1ol, ruso<\/a><\/li>\n\t\t\t<li class=\"page_item page-item-8486\"><a href=\"https:\/\/frontdeskhelpers.com\/es\/company\/%d1%81areers\/marketing\/coordinadora-de-marketing\/\">Coordinadora de marketing<\/a><\/li>\n\t\t\t<li class=\"page_item page-item-8571\"><a href=\"https:\/\/frontdeskhelpers.com\/es\/company\/%d1%81areers\/marketing\/de-guardia\/\">De guardia<\/a><\/li>\n\t\t\t<li class=\"page_item page-item-8492\"><a href=\"https:\/\/frontdeskhelpers.com\/es\/company\/%d1%81areers\/marketing\/desarrollador-de-zoho-analytics-creator-full-time\/\">Desarrollador de Zoho Analytics &amp; Creator  [full-time]<\/a><\/li>\n\t\t\t<li class=\"page_item page-item-8458\"><a href=\"https:\/\/frontdeskhelpers.com\/es\/company\/%d1%81areers\/marketing\/descripcion-del-trabajo-de-redactor-creador-de-contenidos\/\">Descripci\u00f3n del trabajo de Redactor\/Creador de contenidos<\/a><\/li>\n\t\t\t<li class=\"page_item page-item-8429\"><a href=\"https:\/\/frontdeskhelpers.com\/es\/company\/%d1%81areers\/marketing\/disenador-de-paginas-web-y-contenidos\/\">Dise\u00f1ador de p\u00e1ginas web y contenidos<\/a><\/li>\n\t\t\t<li class=\"page_item page-item-8410\"><a href=\"https:\/\/frontdeskhelpers.com\/es\/company\/%d1%81areers\/marketing\/disenador-ui-ux\/\">Dise\u00f1ador UI\/UX<\/a><\/li>\n\t\t\t<li class=\"page_item page-item-8542\"><a href=\"https:\/\/frontdeskhelpers.com\/es\/company\/%d1%81areers\/marketing\/especialista-en-marketing-oferta-de-empleo\/\">Especialista en marketing Oferta de empleo<\/a><\/li>\n\t\t\t<li class=\"page_item page-item-8474\"><a href=\"https:\/\/frontdeskhelpers.com\/es\/company\/%d1%81areers\/marketing\/especialista-en-ppc-eng-a-tiempo-completo\/\">Especialista en PPC (ENG, a tiempo completo)<\/a><\/li>\n\t\t\t<li class=\"page_item page-item-8449\"><a href=\"https:\/\/frontdeskhelpers.com\/es\/company\/%d1%81areers\/marketing\/especialista-en-ppc-a-distancia-para-un-departamento-de-marketing\/\">Especialista en PPC a distancia para un departamento de Marketing<\/a><\/li>\n\t\t\t<li class=\"page_item page-item-8414\"><a href=\"https:\/\/frontdeskhelpers.com\/es\/company\/%d1%81areers\/marketing\/especialista-en-smm-pcc\/\">Especialista en SMM\/PCC<\/a><\/li>\n\t\t\t<li class=\"page_item page-item-8574\"><a href=\"https:\/\/frontdeskhelpers.com\/es\/company\/%d1%81areers\/marketing\/especialista-seo-a-distancia-para-un-departamento-de-marketing\/\">Especialista SEO a distancia para un departamento de Marketing<\/a><\/li>\n\t\t\t<li class=\"page_item page-item-8562\"><a href=\"https:\/\/frontdeskhelpers.com\/es\/company\/%d1%81areers\/marketing\/experto-en-seo\/\">Experto en SEO<\/a><\/li>\n\t\t\t<li class=\"page_item page-item-8477\"><a href=\"https:\/\/frontdeskhelpers.com\/es\/company\/%d1%81areers\/marketing\/informatico-remoto-web-crm-eng-proyecto-a-tiempo-completo\/\">Inform\u00e1tico Remoto Web + CRM (ENG, proyecto a tiempo completo)<\/a><\/li>\n\t\t\t<li class=\"page_item page-item-8473\"><a href=\"https:\/\/frontdeskhelpers.com\/es\/company\/%d1%81areers\/marketing\/redactor-publicitario-ingles-nativo-o-cercano\/\">Redactor publicitario (ingl\u00e9s nativo o cercano)<\/a><\/li>\n\t\t\t<li class=\"page_item page-item-8454\"><a href=\"https:\/\/frontdeskhelpers.com\/es\/company\/%d1%81areers\/marketing\/redactor-tecnico-formacion-informatica\/\">Redactor t\u00e9cnico (formaci\u00f3n inform\u00e1tica)<\/a><\/li>\n\t\t\t<li class=\"page_item page-item-8478\"><a href=\"https:\/\/frontdeskhelpers.com\/es\/company\/%d1%81areers\/marketing\/redactor-tecnico-con-experiencia-en-ti-ingles-nativo-o-cercano\/\">Redactor t\u00e9cnico con experiencia en TI (ingl\u00e9s nativo o cercano)<\/a><\/li>\n\t\t\t<li class=\"page_item page-item-8433\"><a href=\"https:\/\/frontdeskhelpers.com\/es\/company\/%d1%81areers\/marketing\/redactor-y-redactor\/\">Redactor y redactor<\/a><\/li>\n\t\t\t<li class=\"page_item page-item-8482\"><a href=\"https:\/\/frontdeskhelpers.com\/es\/company\/%d1%81areers\/marketing\/redactor-creador-de-contenidos-ingles-nativo-o-cercano\/\">Redactor\/Creador de contenidos (Ingl\u00e9s nativo o cercano)<\/a><\/li>\n\t\t\t<li class=\"page_item page-item-8499\"><a href=\"https:\/\/frontdeskhelpers.com\/es\/company\/%d1%81areers\/marketing\/responsable-de-ventas-multilingue-a-distancia-engesprus\/\">Responsable de ventas multiling\u00fce a distancia (ENG+ESP+RUS)<\/a><\/li>\n\t\t<\/ul>\n<\/li>\n\t\t<li class=\"page_item page-item-8560 page_item_has_children\"><a href=\"https:\/\/frontdeskhelpers.com\/es\/company\/%d1%81areers\/recepcionista\/\">Recepcionista<\/a>\n\t\t<ul class='children'>\n\t\t\t<li class=\"page_item page-item-8549\"><a href=\"https:\/\/frontdeskhelpers.com\/es\/company\/%d1%81areers\/recepcionista\/oferta-de-trabajo-de-recepcionista\/\">Oferta de Trabajo de Recepcionista<\/a><\/li>\n\t\t\t<li class=\"page_item page-item-8579\"><a href=\"https:\/\/frontdeskhelpers.com\/es\/company\/%d1%81areers\/recepcionista\/recepcionista\/\">Recepcionista<\/a><\/li>\n\t\t\t<li class=\"page_item page-item-8421\"><a href=\"https:\/\/frontdeskhelpers.com\/es\/company\/%d1%81areers\/recepcionista\/recepcionista-ingles-espanol-ruso\/\">Recepcionista (ingl\u00e9s, espa\u00f1ol, ruso)<\/a><\/li>\n\t\t\t<li class=\"page_item page-item-8504\"><a href=\"https:\/\/frontdeskhelpers.com\/es\/company\/%d1%81areers\/recepcionista\/recepcionista-en-clinica-medica\/\">Recepcionista en Cl\u00ednica M\u00e9dica<\/a><\/li>\n\t\t<\/ul>\n<\/li>\n\t\t<li class=\"page_item page-item-8540 page_item_has_children\"><a href=\"https:\/\/frontdeskhelpers.com\/es\/company\/%d1%81areers\/rrhh\/\">RRHH<\/a>\n\t\t<ul class='children'>\n\t\t\t<li class=\"page_item page-item-8417\"><a href=\"https:\/\/frontdeskhelpers.com\/es\/company\/%d1%81areers\/rrhh\/asistente-de-rrhh-con-ingles-y-ruso\/\">Asistente de RRHH con ingl\u00e9s y ruso<\/a><\/li>\n\t\t\t<li class=\"page_item page-item-8532\"><a href=\"https:\/\/frontdeskhelpers.com\/es\/company\/%d1%81areers\/rrhh\/coordinador\/\">Coordinador<\/a><\/li>\n\t\t\t<li class=\"page_item page-item-8399\"><a href=\"https:\/\/frontdeskhelpers.com\/es\/company\/%d1%81areers\/rrhh\/coordinadora-en-agencia-de-ayuda-a-domicilio-con-ingles-y-ruso\/\">Coordinadora en agencia de ayuda a domicilio (con ingl\u00e9s y ruso)<\/a><\/li>\n\t\t\t<li class=\"page_item page-item-8394\"><a href=\"https:\/\/frontdeskhelpers.com\/es\/company\/%d1%81areers\/rrhh\/coordinadora-en-agencia-de-ayuda-a-domicilio-con-ingles-ruso-y-espanol\/\">Coordinadora en agencia de ayuda a domicilio (con ingl\u00e9s, ruso y espa\u00f1ol)<\/a><\/li>\n\t\t\t<li class=\"page_item page-item-8418\"><a href=\"https:\/\/frontdeskhelpers.com\/es\/company\/%d1%81areers\/rrhh\/rrhh-ingles-espanol-ruso\/\">RRHH (ingl\u00e9s, espa\u00f1ol, ruso)<\/a><\/li>\n\t\t\t<li class=\"page_item page-item-8434\"><a href=\"https:\/\/frontdeskhelpers.com\/es\/company\/%d1%81areers\/rrhh\/rrhh-con-espanol-e-ingles-de-forma-inactiva\/\">RRHH con espa\u00f1ol e ingl\u00e9s (de forma inactiva)<\/a><\/li>\n\t\t\t<li class=\"page_item page-item-8453\"><a href=\"https:\/\/frontdeskhelpers.com\/es\/company\/%d1%81areers\/rrhh\/rrhh-con-lengua-espanola\/\">RRHH con lengua espa\u00f1ola<\/a><\/li>\n\t\t<\/ul>\n<\/li>\n\t\t<li class=\"page_item page-item-8539 page_item_has_children\"><a href=\"https:\/\/frontdeskhelpers.com\/es\/company\/%d1%81areers\/ventas\/\">Ventas<\/a>\n\t\t<ul class='children'>\n\t\t\t<li class=\"page_item page-item-8460\"><a href=\"https:\/\/frontdeskhelpers.com\/es\/company\/%d1%81areers\/ventas\/agente-de-admision-gestor-de-ventas-ingles-espanol\/\">Agente de admisi\u00f3n (gestor de ventas) ingl\u00e9s espa\u00f1ol<\/a><\/li>\n\t\t\t<li class=\"page_item page-item-8481\"><a href=\"https:\/\/frontdeskhelpers.com\/es\/company\/%d1%81areers\/ventas\/analista-de-negocio-con-experiencia-en-ti\/\">Analista de negocio con experiencia en TI<\/a><\/li>\n\t\t\t<li class=\"page_item page-item-8440\"><a href=\"https:\/\/frontdeskhelpers.com\/es\/company\/%d1%81areers\/ventas\/responsable-de-ventas-ingles-fluido\/\">Responsable de ventas (ingl\u00e9s fluido)<\/a><\/li>\n\t\t\t<li class=\"page_item page-item-8467\"><a href=\"https:\/\/frontdeskhelpers.com\/es\/company\/%d1%81areers\/ventas\/responsable-de-ventas-de-flash-movers-jornada-completa\/\">Responsable de ventas de Flash Movers, jornada completa<\/a><\/li>\n\t\t<\/ul>\n<\/li>\n\t<\/ul>\n<\/li>\n<\/ul>\n<\/li>\n<li class=\"page_item page-item-8503\"><a href=\"https:\/\/frontdeskhelpers.com\/es\/contactos\/\">Contactos<\/a><\/li>\n<li class=\"page_item page-item-8525\"><a href=\"https:\/\/frontdeskhelpers.com\/es\/contratar-personal\/\">Contratar personal<\/a><\/li>\n<li class=\"page_item page-item-286\"><a href=\"https:\/\/frontdeskhelpers.com\/es\/\">Empleados a distancia y soluciones BPO | Ayudantes de recepci\u00f3n<\/a><\/li>\n<li class=\"page_item page-item-8382\"><a href=\"https:\/\/frontdeskhelpers.com\/es\/formulario-de-consulta-para-empleados-a-distancia\/\">Formulario de consulta para empleados a distancia<\/a><\/li>\n<li class=\"page_item page-item-8380\"><a href=\"https:\/\/frontdeskhelpers.com\/es\/mapa-del-sitio\/\">Mapa del sitio<\/a><\/li>\n<li class=\"page_item page-item-8627\"><a href=\"https:\/\/frontdeskhelpers.com\/es\/servicios\/\">Servicios<\/a><\/li>\n<\/ul>\n<\/div>\n","protected":false},"excerpt":{"rendered":"","protected":false},"author":2,"featured_media":0,"parent":0,"menu_order":0,"comment_status":"closed","ping_status":"closed","template":"","meta":{"inline_featured_image":false,"footnotes":""},"class_list":["post-8380","page","type-page","status-publish"],"yoast_head":"<!-- This site is optimized with the Yoast SEO plugin v27.3 - https:\/\/yoast.com\/product\/yoast-seo-wordpress\/ -->\n<title>Mapa del sitio | Ayudantes de recepci\u00f3n | Externalizaci\u00f3n de servicios<\/title>\n<meta name=\"description\" content=\"Front Desk Helpers ofrece servicios de externalizaci\u00f3n y atenci\u00f3n a empleados a distancia, servicios de soporte inform\u00e1tico y BPO. Ayudamos a tu empresa a crecer.\" \/>\n<meta name=\"robots\" content=\"index, follow, max-snippet:-1, max-image-preview:large, max-video-preview:-1\" \/>\n<link rel=\"canonical\" href=\"https:\/\/frontdeskhelpers.com\/es\/mapa-del-sitio\/\" \/>\n<meta property=\"og:locale\" content=\"es_ES\" \/>\n<meta property=\"og:type\" content=\"article\" \/>\n<meta property=\"og:title\" content=\"Mapa del sitio | Ayudantes de recepci\u00f3n | Externalizaci\u00f3n de servicios\" \/>\n<meta property=\"og:description\" content=\"Front Desk Helpers ofrece servicios de externalizaci\u00f3n y atenci\u00f3n a empleados a distancia, servicios de soporte inform\u00e1tico y BPO. Ayudamos a tu empresa a crecer.\" \/>\n<meta property=\"og:url\" content=\"https:\/\/frontdeskhelpers.com\/es\/mapa-del-sitio\/\" \/>\n<meta property=\"og:site_name\" content=\"FDH\" \/>\n<meta property=\"article:modified_time\" content=\"2024-12-19T20:54:47+00:00\" \/>\n<meta name=\"twitter:card\" content=\"summary_large_image\" \/>\n<!-- \/ Yoast SEO plugin. -->","yoast_head_json":{"title":"Mapa del sitio | Ayudantes de recepci\u00f3n | Externalizaci\u00f3n de servicios","description":"Front Desk Helpers ofrece servicios de externalizaci\u00f3n y atenci\u00f3n a empleados a distancia, servicios de soporte inform\u00e1tico y BPO. Ayudamos a tu empresa a crecer.","robots":{"index":"index","follow":"follow","max-snippet":"max-snippet:-1","max-image-preview":"max-image-preview:large","max-video-preview":"max-video-preview:-1"},"canonical":"https:\/\/frontdeskhelpers.com\/es\/mapa-del-sitio\/","og_locale":"es_ES","og_type":"article","og_title":"Mapa del sitio | Ayudantes de recepci\u00f3n | Externalizaci\u00f3n de servicios","og_description":"Front Desk Helpers ofrece servicios de externalizaci\u00f3n y atenci\u00f3n a empleados a distancia, servicios de soporte inform\u00e1tico y BPO. Ayudamos a tu empresa a crecer.","og_url":"https:\/\/frontdeskhelpers.com\/es\/mapa-del-sitio\/","og_site_name":"FDH","article_modified_time":"2024-12-19T20:54:47+00:00","twitter_card":"summary_large_image","schema":{"@context":"https:\/\/schema.org","@graph":[{"@type":"WebPage","@id":"https:\/\/frontdeskhelpers.com\/es\/mapa-del-sitio\/","url":"https:\/\/frontdeskhelpers.com\/es\/mapa-del-sitio\/","name":"Mapa del sitio | Ayudantes de recepci\u00f3n | Externalizaci\u00f3n de servicios","isPartOf":{"@id":"https:\/\/frontdeskhelpers.com\/es\/#website"},"datePublished":"2024-07-10T19:01:49+00:00","dateModified":"2024-12-19T20:54:47+00:00","description":"Front Desk Helpers ofrece servicios de externalizaci\u00f3n y atenci\u00f3n a empleados a distancia, servicios de soporte inform\u00e1tico y BPO. Ayudamos a tu empresa a crecer.","breadcrumb":{"@id":"https:\/\/frontdeskhelpers.com\/es\/mapa-del-sitio\/#breadcrumb"},"inLanguage":"es","potentialAction":[{"@type":"ReadAction","target":["https:\/\/frontdeskhelpers.com\/es\/mapa-del-sitio\/"]}]},{"@type":"BreadcrumbList","@id":"https:\/\/frontdeskhelpers.com\/es\/mapa-del-sitio\/#breadcrumb","itemListElement":[{"@type":"ListItem","position":1,"name":"Home","item":"https:\/\/frontdeskhelpers.com\/es\/"},{"@type":"ListItem","position":2,"name":"Mapa del sitio"}]},{"@type":"WebSite","@id":"https:\/\/frontdeskhelpers.com\/es\/#website","url":"https:\/\/frontdeskhelpers.com\/es\/","name":"FDH","description":"","potentialAction":[{"@type":"SearchAction","target":{"@type":"EntryPoint","urlTemplate":"https:\/\/frontdeskhelpers.com\/es\/?s={search_term_string}"},"query-input":{"@type":"PropertyValueSpecification","valueRequired":true,"valueName":"search_term_string"}}],"inLanguage":"es"}]}},"_links":{"self":[{"href":"https:\/\/frontdeskhelpers.com\/es\/wp-json\/wp\/v2\/pages\/8380","targetHints":{"allow":["GET"]}}],"collection":[{"href":"https:\/\/frontdeskhelpers.com\/es\/wp-json\/wp\/v2\/pages"}],"about":[{"href":"https:\/\/frontdeskhelpers.com\/es\/wp-json\/wp\/v2\/types\/page"}],"author":[{"embeddable":true,"href":"https:\/\/frontdeskhelpers.com\/es\/wp-json\/wp\/v2\/users\/2"}],"replies":[{"embeddable":true,"href":"https:\/\/frontdeskhelpers.com\/es\/wp-json\/wp\/v2\/comments?post=8380"}],"version-history":[{"count":1,"href":"https:\/\/frontdeskhelpers.com\/es\/wp-json\/wp\/v2\/pages\/8380\/revisions"}],"predecessor-version":[{"id":8381,"href":"https:\/\/frontdeskhelpers.com\/es\/wp-json\/wp\/v2\/pages\/8380\/revisions\/8381"}],"wp:attachment":[{"href":"https:\/\/frontdeskhelpers.com\/es\/wp-json\/wp\/v2\/media?parent=8380"}],"curies":[{"name":"wp","href":"https:\/\/api.w.org\/{rel}","templated":true}]}}